{"id":9442,"date":"2024-01-23T10:32:52","date_gmt":"2024-01-23T09:32:52","guid":{"rendered":"https:\/\/domitec.ch\/?post_type=product&#038;p=9442"},"modified":"2025-05-27T09:32:07","modified_gmt":"2025-05-27T07:32:07","slug":"planche-de-bain-76-cm","status":"publish","type":"product","link":"https:\/\/domitec.ch\/?product=planche-de-bain-76-cm","title":{"rendered":"Planche de bain 76 cm"},"content":{"rendered":"<p>Planche de bain pour baignoire d&rsquo;une largueur de 74 \u00e0 77 cm<br \/>\nAvec poign\u00e9e de s\u00e9curit\u00e9<br \/>\nFixation et adaptation individuelle<br \/>\nFacilite consid\u00e9rablement l&rsquo;installation dans la baignoire et la sortie<br \/>\nAvec emplacement pour savon, shampoing etc.<br \/>\nCharge max.150 kg<\/p>\n","protected":false},"excerpt":{"rendered":"<p>Planche de bain<br \/>\nLongueur 76 cm<\/p>\n","protected":false},"featured_media":9449,"template":"","meta":{"_crdt_document":"","advanced_seo_description":"","jetpack_seo_html_title":"","jetpack_seo_noindex":false,"jetpack_post_was_ever_published":false,"jetpack_publicize_message":"","jetpack_publicize_feature_enabled":true,"jetpack_social_post_already_shared":true,"jetpack_social_options":{"image_generator_settings":{"template":"highway","default_image_id":0,"font":"","enabled":false},"version":2}},"product_brand":[],"product_cat":[6382],"product_tag":[],"class_list":{"0":"post-9442","1":"product","2":"type-product","3":"status-publish","4":"has-post-thumbnail","6":"product_cat-bc-salle-de-bain","7":"product_shipping_class-poste-petit-paquet","9":"first","10":"instock","11":"taxable","12":"shipping-taxable","13":"purchasable","14":"product-type-simple"},"jetpack_publicize_connections":[],"jetpack_likes_enabled":false,"jetpack_sharing_enabled":false,"jetpack-related-posts":[{"id":9444,"url":"https:\/\/domitec.ch\/?product=planche-de-bain-78-cm","url_meta":{"origin":9442,"position":0},"title":"Planche de bain 78 cm","author":"Cyril Hug","date":"23 janvier 2024","format":false,"excerpt":"Planche de bain Longueur 76 cm","rel":"","context":"Article similaire","block_context":{"text":"Article similaire","link":""},"img":{"alt_text":"","src":"https:\/\/i0.wp.com\/domitec.ch\/wp-content\/uploads\/2022\/09\/Planche-de-bain-70cm-150kg-1.jpg?fit=412%2C358&ssl=1&resize=350%2C200","width":350,"height":200},"classes":[]},{"id":4096,"url":"https:\/\/domitec.ch\/?product=planche-de-bain-70-cm","url_meta":{"origin":9442,"position":1},"title":"Planche de bain 70 cm","author":"Cyril Hug","date":"24 septembre 2022","format":false,"excerpt":"Planche de bain Longueur 70 cm (baignoire standard)","rel":"","context":"Article similaire","block_context":{"text":"Article similaire","link":""},"img":{"alt_text":"","src":"https:\/\/i0.wp.com\/domitec.ch\/wp-content\/uploads\/2022\/09\/Planche-de-bain-70cm-150kg-1.jpg?fit=412%2C358&ssl=1&resize=350%2C200","width":350,"height":200},"classes":[]},{"id":4102,"url":"https:\/\/domitec.ch\/?product=planche-de-bain-xl","url_meta":{"origin":9442,"position":2},"title":"Planche de bain XL 70cm","author":"Cyril Hug","date":"24 septembre 2022","format":false,"excerpt":"Planche de bain XL Pour baignoire standard de largueur 69-71 cm","rel":"","context":"Article similaire","block_context":{"text":"Article similaire","link":""},"img":{"alt_text":"","src":"https:\/\/i0.wp.com\/domitec.ch\/wp-content\/uploads\/2022\/09\/Planche-de-bain-70cm-190kg.jpg?fit=471%2C432&ssl=1&resize=350%2C200","width":350,"height":200},"classes":[]},{"id":826,"url":"https:\/\/domitec.ch\/?product=planche-de-bain-69-et-74-cm","url_meta":{"origin":9442,"position":3},"title":"Planche de bain 69 et 74 cm","author":"Cyril Hug","date":"31 mai 2022","format":false,"excerpt":"Planche de bain Longueur 69 ou 74 cm","rel":"","context":"Article similaire","block_context":{"text":"Article similaire","link":""},"img":{"alt_text":"","src":"https:\/\/i0.wp.com\/domitec.ch\/wp-content\/uploads\/2022\/05\/planchebainetac.jpg?fit=399%2C353&ssl=1&resize=350%2C200","width":350,"height":200},"classes":[]},{"id":4265,"url":"https:\/\/domitec.ch\/?product=elevateur-de-bain","url_meta":{"origin":9442,"position":4},"title":"El\u00e9vateur de bain","author":"Cyril Hug","date":"25 septembre 2022","format":false,"excerpt":"El\u00e9vateur pour baignoire l\u00e9ger et compact avec dossier","rel":"","context":"Article similaire","block_context":{"text":"Article similaire","link":""},"img":{"alt_text":"","src":"https:\/\/i0.wp.com\/domitec.ch\/wp-content\/uploads\/2022\/09\/elevateur-de-bain.jpg?fit=425%2C431&ssl=1&resize=350%2C200","width":350,"height":200},"classes":[]},{"id":4107,"url":"https:\/\/domitec.ch\/?product=siege-de-baignoire-pivotant","url_meta":{"origin":9442,"position":5},"title":"Si\u00e8ge\u00a0de baignoire pivotant\u00a0","author":"Cyril Hug","date":"24 septembre 2022","format":false,"excerpt":"Si\u00e8ge\u00a0de baignoire pivotant","rel":"","context":"Article similaire","block_context":{"text":"Article similaire","link":""},"img":{"alt_text":"","src":"https:\/\/i0.wp.com\/domitec.ch\/wp-content\/uploads\/2022\/09\/chaise-de-baignoire-.jpg?fit=395%2C362&ssl=1&resize=350%2C200","width":350,"height":200},"classes":[]}],"_links":{"self":[{"href":"https:\/\/domitec.ch\/index.php?rest_route=\/wp\/v2\/product\/9442","targetHints":{"allow":["GET"]}}],"collection":[{"href":"https:\/\/domitec.ch\/index.php?rest_route=\/wp\/v2\/product"}],"about":[{"href":"https:\/\/domitec.ch\/index.php?rest_route=\/wp\/v2\/types\/product"}],"wp:featuredmedia":[{"embeddable":true,"href":"https:\/\/domitec.ch\/index.php?rest_route=\/wp\/v2\/media\/9449"}],"wp:attachment":[{"href":"https:\/\/domitec.ch\/index.php?rest_route=%2Fwp%2Fv2%2Fmedia&parent=9442"}],"wp:term":[{"taxonomy":"product_brand","embeddable":true,"href":"https:\/\/domitec.ch\/index.php?rest_route=%2Fwp%2Fv2%2Fproduct_brand&post=9442"},{"taxonomy":"product_cat","embeddable":true,"href":"https:\/\/domitec.ch\/index.php?rest_route=%2Fwp%2Fv2%2Fproduct_cat&post=9442"},{"taxonomy":"product_tag","embeddable":true,"href":"https:\/\/domitec.ch\/index.php?rest_route=%2Fwp%2Fv2%2Fproduct_tag&post=9442"}],"curies":[{"name":"wp","href":"https:\/\/api.w.org\/{rel}","templated":true}]}}