{"id":8325,"date":"2023-12-12T09:30:49","date_gmt":"2023-12-12T08:30:49","guid":{"rendered":"https:\/\/domitec.ch\/?post_type=product&#038;p=8325"},"modified":"2025-05-27T09:36:43","modified_gmt":"2025-05-27T07:36:43","slug":"rollator-puma-air","status":"publish","type":"product","link":"https:\/\/domitec.ch\/?product=rollator-puma-air","title":{"rendered":"Rollator Puma Air"},"content":{"rendered":"<p>Le Puma Air est un rollator d&rsquo;ext\u00e9rieur de haute qualit\u00e9<br \/>\nParticuli\u00e8rement adapt\u00e9 \u00e0 une utilisation en ext\u00e9rieur, mais aussi \u00e0 une utilisation en int\u00e9rieur<br \/>\npuisqu&rsquo;il ne mesure que 65 cm de large<br \/>\nLivr\u00e9 avec :<br \/>\nune ceinture arri\u00e8re<br \/>\nun porte-gobelet<br \/>\nun porte-b\u00e9quille<br \/>\nun sac shopping moderne et ferm\u00e9<br \/>\nHauteur d&rsquo;assise 59 cm<br \/>\nDiam\u00e8tre pneus: 12\u00a0\u00bb (295 mm)<br \/>\nCouleurs: noir mat<br \/>\nPoids 9,80 kg<br \/>\nCharge max. 150 kg<\/p>\n","protected":false},"excerpt":{"rendered":"<p>Rollator Puma Air<br \/>\nParticuli\u00e8rement adapt\u00e9 \u00e0 une utilisation en ext\u00e9rieur, mais aussi \u00e0 une utilisation en int\u00e9rieur<br \/>\npuisqu&rsquo;il ne mesure que 65 cm de large<\/p>\n","protected":false},"featured_media":8330,"template":"","meta":{"_crdt_document":"","advanced_seo_description":"","jetpack_seo_html_title":"","jetpack_seo_noindex":false,"jetpack_post_was_ever_published":true,"jetpack_publicize_message":"","jetpack_publicize_feature_enabled":true,"jetpack_social_post_already_shared":true,"jetpack_social_options":{"image_generator_settings":{"template":"highway","default_image_id":0,"font":"","enabled":false},"version":2}},"product_brand":[],"product_cat":[6625,6371],"product_tag":[],"class_list":{"0":"post-8325","1":"product","2":"type-product","3":"status-publish","4":"has-post-thumbnail","6":"product_cat-sc-gamme-large","7":"product_cat-af-rollator","8":"product_shipping_class-poste-grand-paquet","10":"first","11":"instock","12":"taxable","13":"shipping-taxable","14":"purchasable","15":"product-type-simple"},"jetpack_publicize_connections":[],"jetpack_likes_enabled":false,"jetpack_sharing_enabled":false,"jetpack-related-posts":[{"id":4270,"url":"https:\/\/domitec.ch\/?product=rollator-kudu","url_meta":{"origin":8325,"position":0},"title":"Rollator Kudu","author":"Cyril Hug","date":"26 septembre 2022","format":false,"excerpt":"Rollator avec cadre en aluminium Equip\u00e9 d'une sangle dorsale et livr\u00e9 avec un sac amovible en nylon","rel":"","context":"Article similaire","block_context":{"text":"Article similaire","link":""},"img":{"alt_text":"","src":"https:\/\/i0.wp.com\/domitec.ch\/wp-content\/uploads\/2022\/09\/Rollator-Kudu-4092065961-e1680076352350.jpg?fit=531%2C618&ssl=1&resize=350%2C200","width":350,"height":200,"srcset":"https:\/\/i0.wp.com\/domitec.ch\/wp-content\/uploads\/2022\/09\/Rollator-Kudu-4092065961-e1680076352350.jpg?fit=531%2C618&ssl=1&resize=350%2C200 1x, https:\/\/i0.wp.com\/domitec.ch\/wp-content\/uploads\/2022\/09\/Rollator-Kudu-4092065961-e1680076352350.jpg?fit=531%2C618&ssl=1&resize=525%2C300 1.5x"},"classes":[]},{"id":4399,"url":"https:\/\/domitec.ch\/?product=rollator-panther","url_meta":{"origin":8325,"position":1},"title":"Rollator Panther","author":"Cyril Hug","date":"26 septembre 2022","format":false,"excerpt":"Rollator Panther 2 hauteurs d\u2019assise: 55 et 62 cm Convient \u00e0 l\u2019ext\u00e9rieur comme \u00e0 l\u2019int\u00e9rieur","rel":"","context":"Article similaire","block_context":{"text":"Article similaire","link":""},"img":{"alt_text":"","src":"https:\/\/i0.wp.com\/domitec.ch\/wp-content\/uploads\/2022\/09\/Rollator-Panther2.png?fit=806%2C807&ssl=1&resize=350%2C200","width":350,"height":200,"srcset":"https:\/\/i0.wp.com\/domitec.ch\/wp-content\/uploads\/2022\/09\/Rollator-Panther2.png?fit=806%2C807&ssl=1&resize=350%2C200 1x, https:\/\/i0.wp.com\/domitec.ch\/wp-content\/uploads\/2022\/09\/Rollator-Panther2.png?fit=806%2C807&ssl=1&resize=525%2C300 1.5x, https:\/\/i0.wp.com\/domitec.ch\/wp-content\/uploads\/2022\/09\/Rollator-Panther2.png?fit=806%2C807&ssl=1&resize=700%2C400 2x"},"classes":[]},{"id":4317,"url":"https:\/\/domitec.ch\/?product=rollator-leopard-2","url_meta":{"origin":8325,"position":2},"title":"Rollator Tiger Arthritis XL","author":"Cyril Hug","date":"26 septembre 2022","format":false,"excerpt":"Rollator Arthritis Tiger XL Avec appuis arthritiques, qui peuvent \u00eatre tourn\u00e9s vers l'int\u00e9rieur de 2 x 22,5 degr\u00e9s","rel":"","context":"Article similaire","block_context":{"text":"Article similaire","link":""},"img":{"alt_text":"","src":"https:\/\/i0.wp.com\/domitec.ch\/wp-content\/uploads\/2022\/09\/Tigre-arthri-gris-outdoor.jpg?fit=497%2C525&ssl=1&resize=350%2C200","width":350,"height":200},"classes":[]},{"id":4300,"url":"https:\/\/domitec.ch\/?product=rollator-tiger-arthritis","url_meta":{"origin":8325,"position":3},"title":"Rollator Tiger Arthritis","author":"Cyril Hug","date":"26 septembre 2022","format":false,"excerpt":"Rollator Arthritis Tiger Pliable et l\u00e9ger avec appuis arthritiques","rel":"","context":"Article similaire","block_context":{"text":"Article similaire","link":""},"img":{"alt_text":"","src":"https:\/\/i0.wp.com\/domitec.ch\/wp-content\/uploads\/2022\/09\/Tigre-arthri-gris-2147214763-1664184932443.jpg?fit=545%2C551&ssl=1&resize=350%2C200","width":350,"height":200,"srcset":"https:\/\/i0.wp.com\/domitec.ch\/wp-content\/uploads\/2022\/09\/Tigre-arthri-gris-2147214763-1664184932443.jpg?fit=545%2C551&ssl=1&resize=350%2C200 1x, https:\/\/i0.wp.com\/domitec.ch\/wp-content\/uploads\/2022\/09\/Tigre-arthri-gris-2147214763-1664184932443.jpg?fit=545%2C551&ssl=1&resize=525%2C300 1.5x"},"classes":[]},{"id":4369,"url":"https:\/\/domitec.ch\/?product=rollator-gepard-carbone","url_meta":{"origin":8325,"position":4},"title":"Rollator G\u00e9pard carbone","author":"Cyril Hug","date":"26 septembre 2022","format":false,"excerpt":"Rollator avec cadre en fibre de carbone Ultra l\u00e9ger, Existe en version XL (charge max 200kg)","rel":"","context":"Article similaire","block_context":{"text":"Article similaire","link":""},"img":{"alt_text":"","src":"https:\/\/i0.wp.com\/domitec.ch\/wp-content\/uploads\/2022\/09\/Gepard-carbon-HD-455867153-1664227110390.jpg?fit=524%2C572&ssl=1&resize=350%2C200","width":350,"height":200},"classes":[]},{"id":4344,"url":"https:\/\/domitec.ch\/?product=rollator-lion-xl","url_meta":{"origin":8325,"position":5},"title":"Rollator Lion XL","author":"Cyril Hug","date":"26 septembre 2022","format":false,"excerpt":"Rollator Lion XL Avec cadre en aluminium, \u00e9quip\u00e9 d\u2019une sangle dorsale, livr\u00e9 avec un sac en nylon et un porte canne","rel":"","context":"Article similaire","block_context":{"text":"Article similaire","link":""},"img":{"alt_text":"","src":"https:\/\/i0.wp.com\/domitec.ch\/wp-content\/uploads\/2022\/09\/Lion-gris-3958203730-1664181328424.jpg?fit=472%2C526&ssl=1&resize=350%2C200","width":350,"height":200},"classes":[]}],"_links":{"self":[{"href":"https:\/\/domitec.ch\/index.php?rest_route=\/wp\/v2\/product\/8325","targetHints":{"allow":["GET"]}}],"collection":[{"href":"https:\/\/domitec.ch\/index.php?rest_route=\/wp\/v2\/product"}],"about":[{"href":"https:\/\/domitec.ch\/index.php?rest_route=\/wp\/v2\/types\/product"}],"wp:featuredmedia":[{"embeddable":true,"href":"https:\/\/domitec.ch\/index.php?rest_route=\/wp\/v2\/media\/8330"}],"wp:attachment":[{"href":"https:\/\/domitec.ch\/index.php?rest_route=%2Fwp%2Fv2%2Fmedia&parent=8325"}],"wp:term":[{"taxonomy":"product_brand","embeddable":true,"href":"https:\/\/domitec.ch\/index.php?rest_route=%2Fwp%2Fv2%2Fproduct_brand&post=8325"},{"taxonomy":"product_cat","embeddable":true,"href":"https:\/\/domitec.ch\/index.php?rest_route=%2Fwp%2Fv2%2Fproduct_cat&post=8325"},{"taxonomy":"product_tag","embeddable":true,"href":"https:\/\/domitec.ch\/index.php?rest_route=%2Fwp%2Fv2%2Fproduct_tag&post=8325"}],"curies":[{"name":"wp","href":"https:\/\/api.w.org\/{rel}","templated":true}]}}