{"id":8022,"date":"2023-05-17T08:55:21","date_gmt":"2023-05-17T06:55:21","guid":{"rendered":"https:\/\/domitec.ch\/?post_type=product&#038;p=8022"},"modified":"2025-06-07T10:48:37","modified_gmt":"2025-06-07T08:48:37","slug":"occasion-fauteuil-roulant-breezy","status":"publish","type":"product","link":"https:\/\/domitec.ch\/?product=occasion-fauteuil-roulant-breezy","title":{"rendered":"Occasion <br> Dolomite Step Up"},"content":{"rendered":"<p>DOLOMITE STEP UP<\/p>\n<p>R\u00e9glage hauteur \u00e0 gaz, avec frein<br \/>\nD\u00e9ambulateur de r\u00e9\u00e9ducation permettant:<br \/>\nLa r\u00e9\u00e9ducation \u00e0 la marche<br \/>\nLe maintien en position verticale<br \/>\nLa r\u00e9alisation des transferts<br \/>\nGrande stabilit\u00e9 et adaptabilit\u00e9 gr\u00e2ce aux multiples r\u00e9glages:<br \/>\n-Hauteur des appui-bras largeur du guidon<br \/>\n-Inclinaison des poign\u00e9es et largeur de la base<br \/>\nCouleur: Brun<\/p>\n","protected":false},"excerpt":{"rendered":"<p>DOLOMITE STEP UP<br \/>\nR\u00e9glage hauteur \u00e0 gaz, avec frein<br \/>\nEn parfait \u00e9tat<\/p>\n","protected":false},"featured_media":8163,"template":"","meta":{"_crdt_document":"","advanced_seo_description":"","jetpack_seo_html_title":"","jetpack_seo_noindex":false,"jetpack_post_was_ever_published":false,"jetpack_publicize_message":"","jetpack_publicize_feature_enabled":true,"jetpack_social_post_already_shared":true,"jetpack_social_options":{"image_generator_settings":{"template":"highway","default_image_id":0,"font":"","enabled":false},"version":2}},"product_brand":[],"product_cat":[6418],"product_tag":[],"class_list":{"0":"post-8022","1":"product","2":"type-product","3":"status-publish","4":"has-post-thumbnail","6":"product_cat-z-marche-de-loccasion","7":"product_shipping_class-retrait-au-magasin","9":"first","10":"instock","11":"taxable","12":"shipping-taxable","13":"purchasable","14":"product-type-simple"},"jetpack_publicize_connections":[],"jetpack_likes_enabled":false,"jetpack_sharing_enabled":false,"jetpack-related-posts":[{"id":4691,"url":"https:\/\/domitec.ch\/?product=dolomite-step-up","url_meta":{"origin":8022,"position":0},"title":"Dolomite Step Up","author":"Cyril Hug","date":"28 septembre 2022","format":false,"excerpt":"DOLOMITE STEP UP D\u00e9ambulateur de r\u00e9\u00e9ducation","rel":"","context":"Article similaire","block_context":{"text":"Article similaire","link":""},"img":{"alt_text":"","src":"https:\/\/i0.wp.com\/domitec.ch\/wp-content\/uploads\/2022\/09\/Step-Up-2186491580-e1680076089809.jpg?fit=470%2C490&ssl=1&resize=350%2C200","width":350,"height":200},"classes":[]},{"id":7095,"url":"https:\/\/domitec.ch\/?product=fauteuil-roulant-electrique-terra","url_meta":{"origin":8022,"position":1},"title":"Fauteuil roulant \u00e9lectrique Terra","author":"Cyril Hug","date":"24 mars 2023","format":false,"excerpt":"Fauteuil roulant \u00e9lectrique Terra Le Terra est le fauteuil roulant \u00e9lectrique solide, \u00e9prouv\u00e9 dans la vie quotidienne Stable et maniable, il dispose d\u2019une vari\u00e9t\u00e9 d\u2019options de r\u00e9glage","rel":"","context":"Article similaire","block_context":{"text":"Article similaire","link":""},"img":{"alt_text":"","src":"https:\/\/i0.wp.com\/domitec.ch\/wp-content\/uploads\/2023\/03\/FRETerra-e1679663897125.jpg?fit=416%2C427&ssl=1&resize=350%2C200","width":350,"height":200},"classes":[]},{"id":7091,"url":"https:\/\/domitec.ch\/?product=fauteuil-roulant-electrique-eltego","url_meta":{"origin":8022,"position":2},"title":"Fauteuil roulant \u00e9lectrique Eltego","author":"Cyril Hug","date":"24 mars 2023","format":false,"excerpt":"Fauteuil roulant \u00e9lectrique Eltego Compact et maniable \u00e0 l\u2019int\u00e9rieur, adapt\u00e9 \u00e0 une utilisation dans l\u2019environnement de vie imm\u00e9diat Autonomie de 25 km","rel":"","context":"Article similaire","block_context":{"text":"Article similaire","link":""},"img":{"alt_text":"","src":"https:\/\/i0.wp.com\/domitec.ch\/wp-content\/uploads\/2023\/03\/FREEltego-e1679663204729.jpg?fit=426%2C437&ssl=1&resize=350%2C200","width":350,"height":200},"classes":[]},{"id":7098,"url":"https:\/\/domitec.ch\/?product=fauteuil-roulant-electrique-taiga","url_meta":{"origin":8022,"position":3},"title":"Fauteuil roulant \u00e9lectrique Taiga","author":"Cyril Hug","date":"24 mars 2023","format":false,"excerpt":"Fauteuil roulant \u00e9lectrique Terra Le Terra est le fauteuil roulant \u00e9lectrique solide, \u00e9prouv\u00e9 dans la vie quotidienne Stable et maniable, il dispose d\u2019une vari\u00e9t\u00e9 d\u2019options de r\u00e9glage","rel":"","context":"Article similaire","block_context":{"text":"Article similaire","link":""},"img":{"alt_text":"","src":"https:\/\/i0.wp.com\/domitec.ch\/wp-content\/uploads\/2023\/03\/FRETaiga-e1679668435432.jpg?fit=408%2C440&ssl=1&resize=350%2C200","width":350,"height":200},"classes":[]},{"id":7315,"url":"https:\/\/domitec.ch\/?product=lit-pivotant-et-stand-up-des-6890-00-francs","url_meta":{"origin":8022,"position":4},"title":"Lit pivotant et stand-Up  D\u00e8s 6890.00 Francs","author":"Cyril Hug","date":"10 avril 2023","format":false,"excerpt":"Je suis int\u00e9ress\u00e9-e par cet article Lit pivotant enti\u00e8rement \u00e9lectrique sur toutes les fonctions, de la position couch\u00e9e \u00e0 la position assise","rel":"","context":"Article similaire","block_context":{"text":"Article similaire","link":""},"img":{"alt_text":"","src":"https:\/\/i0.wp.com\/domitec.ch\/wp-content\/uploads\/2023\/04\/Lit-stand-up-e1681115003664.jpg?fit=560%2C500&ssl=1&resize=350%2C200","width":350,"height":200,"srcset":"https:\/\/i0.wp.com\/domitec.ch\/wp-content\/uploads\/2023\/04\/Lit-stand-up-e1681115003664.jpg?fit=560%2C500&ssl=1&resize=350%2C200 1x, https:\/\/i0.wp.com\/domitec.ch\/wp-content\/uploads\/2023\/04\/Lit-stand-up-e1681115003664.jpg?fit=560%2C500&ssl=1&resize=525%2C300 1.5x"},"classes":[]},{"id":3112,"url":"https:\/\/domitec.ch\/?product=canne-arthritique-avec-poignee-reglable","url_meta":{"origin":8022,"position":5},"title":"Canne arthritique avec poign\u00e9e r\u00e9glable","author":"Cyril Hug","date":"10 ao\u00fbt 2022","format":false,"excerpt":"Canne arthritique avec poign\u00e9e r\u00e9glable Longueur de l'avant-bras 18cm Largeur 9 cm Manche 3.5 x 10cm R\u00e9glage hauteur de 95 \u00e0 118 cm Diam\u00e8tre tube 20 mm Poids une canne 660 gr Capacit\u00e9 de charge 140 kg Prix et vente par pi\u00e8ce","rel":"","context":"Article similaire","block_context":{"text":"Article similaire","link":""},"img":{"alt_text":"","src":"https:\/\/i0.wp.com\/domitec.ch\/wp-content\/uploads\/2022\/08\/canne-arthri.jpg?fit=387%2C381&ssl=1&resize=350%2C200","width":350,"height":200},"classes":[]}],"_links":{"self":[{"href":"https:\/\/domitec.ch\/index.php?rest_route=\/wp\/v2\/product\/8022","targetHints":{"allow":["GET"]}}],"collection":[{"href":"https:\/\/domitec.ch\/index.php?rest_route=\/wp\/v2\/product"}],"about":[{"href":"https:\/\/domitec.ch\/index.php?rest_route=\/wp\/v2\/types\/product"}],"wp:featuredmedia":[{"embeddable":true,"href":"https:\/\/domitec.ch\/index.php?rest_route=\/wp\/v2\/media\/8163"}],"wp:attachment":[{"href":"https:\/\/domitec.ch\/index.php?rest_route=%2Fwp%2Fv2%2Fmedia&parent=8022"}],"wp:term":[{"taxonomy":"product_brand","embeddable":true,"href":"https:\/\/domitec.ch\/index.php?rest_route=%2Fwp%2Fv2%2Fproduct_brand&post=8022"},{"taxonomy":"product_cat","embeddable":true,"href":"https:\/\/domitec.ch\/index.php?rest_route=%2Fwp%2Fv2%2Fproduct_cat&post=8022"},{"taxonomy":"product_tag","embeddable":true,"href":"https:\/\/domitec.ch\/index.php?rest_route=%2Fwp%2Fv2%2Fproduct_tag&post=8022"}],"curies":[{"name":"wp","href":"https:\/\/api.w.org\/{rel}","templated":true}]}}