{"id":7315,"date":"2023-04-10T10:02:47","date_gmt":"2023-04-10T08:02:47","guid":{"rendered":"https:\/\/domitec.ch\/?post_type=product&#038;p=7315"},"modified":"2025-05-27T09:44:40","modified_gmt":"2025-05-27T07:44:40","slug":"lit-pivotant-et-stand-up-des-6890-00-francs","status":"publish","type":"product","link":"https:\/\/domitec.ch\/?product=lit-pivotant-et-stand-up-des-6890-00-francs","title":{"rendered":"Lit pivotant et stand-Up <br> D\u00e8s 6890.00 Francs"},"content":{"rendered":"<p>Lit pivotant<br \/>\nLit enti\u00e8rement \u00e9lectrique sur toutes les fonctions, de la position couch\u00e9e \u00e0 la position assise<br \/>\nGrandeur surface couch\u00e9e: 90 x 200 cm<br \/>\nDimensions ext\u00e9rieures: 103 x 220 cm<br \/>\nLivr\u00e9 avec potence et barri\u00e8res<br \/>\nR\u00e9glage \u00e9lectrique de la hauteur, de la rotation \u00ab\u00a0stand-up\u00a0\u00bb, du dos et des jambes<br \/>\nRotation de la surface couch\u00e9e \u00ab\u00a0stand-up\u00a0\u00bb: gauche, droite ou les 2 c\u00f4t\u00e9s<br \/>\nDiam\u00e8tre roues: 100 mm<br \/>\nAmplitude de hauteur du sommier variable de: 40\u201380 cm<br \/>\nCouleur d\u00e9cor en h\u00eatre naturel<br \/>\nPoids lit : 125 kg<br \/>\nPoids max admissible : 135 kg<br \/>\nPoids de la personne : 100 kg<\/p>\n","protected":false},"excerpt":{"rendered":"<h4><a href=\"https:\/\/domitec.ch\/?page_id=6960\" target=\"_blank\" rel=\"noopener\">Je suis int\u00e9ress\u00e9-e par cet article<\/a><\/h4>\n<p>Lit pivotant enti\u00e8rement \u00e9lectrique sur toutes les fonctions, de la position couch\u00e9e \u00e0 la position assise<\/p>\n","protected":false},"featured_media":7318,"template":"","meta":{"_crdt_document":"","advanced_seo_description":"","jetpack_seo_html_title":"","jetpack_seo_noindex":false,"jetpack_post_was_ever_published":false,"jetpack_publicize_message":"","jetpack_publicize_feature_enabled":true,"jetpack_social_post_already_shared":true,"jetpack_social_options":{"image_generator_settings":{"template":"highway","default_image_id":0,"font":"","enabled":false},"version":2}},"product_brand":[],"product_cat":[6383],"product_tag":[],"class_list":{"0":"post-7315","1":"product","2":"type-product","3":"status-publish","4":"has-post-thumbnail","6":"product_cat-da-lits","7":"product_shipping_class-lit","9":"first","10":"instock","11":"taxable","12":"shipping-taxable","13":"product-type-simple"},"jetpack_publicize_connections":[],"jetpack_likes_enabled":false,"jetpack_sharing_enabled":false,"jetpack-related-posts":[{"id":182,"url":"https:\/\/domitec.ch\/?product=lit-electrique-a-inserer","url_meta":{"origin":7315,"position":0},"title":"lit \u00e9lectrique \u00e0 ins\u00e9rer  D\u00e8s 2300.00 francs","author":"Cyril Hug","date":"18 avril 2019","format":false,"excerpt":"Je suis int\u00e9ress\u00e9-e par cet article Le syst\u00e8me \u00ab lit dans le lit \u00bb pour remplacer votre sommier","rel":"","context":"Article similaire","block_context":{"text":"Article similaire","link":""},"img":{"alt_text":"","src":"https:\/\/i0.wp.com\/domitec.ch\/wp-content\/uploads\/2019\/04\/lit-inserer-3156850185-e1673344137277.jpg?fit=763%2C585&ssl=1&resize=350%2C200","width":350,"height":200,"srcset":"https:\/\/i0.wp.com\/domitec.ch\/wp-content\/uploads\/2019\/04\/lit-inserer-3156850185-e1673344137277.jpg?fit=763%2C585&ssl=1&resize=350%2C200 1x, https:\/\/i0.wp.com\/domitec.ch\/wp-content\/uploads\/2019\/04\/lit-inserer-3156850185-e1673344137277.jpg?fit=763%2C585&ssl=1&resize=525%2C300 1.5x, https:\/\/i0.wp.com\/domitec.ch\/wp-content\/uploads\/2019\/04\/lit-inserer-3156850185-e1673344137277.jpg?fit=763%2C585&ssl=1&resize=700%2C400 2x"},"classes":[]},{"id":181,"url":"https:\/\/domitec.ch\/?product=lit-xpress-xxl","url_meta":{"origin":7315,"position":1},"title":"Lit x&rsquo;press Largeur 120cm  D\u00e8s 4450.00 francs","author":"Cyril Hug","date":"18 avril 2019","format":false,"excerpt":"Je suis int\u00e9ress\u00e9-e par cet article Lit m\u00e9dicalis\u00e9 pour des patients d\u2019un poids de plus de 135 kg ayant perdu leur autonomie motrice. Lit autoportant.","rel":"","context":"Article similaire","block_context":{"text":"Article similaire","link":""},"img":{"alt_text":"","src":"https:\/\/i0.wp.com\/domitec.ch\/wp-content\/uploads\/2019\/04\/Lit-XL-XPRESS-3697098304-e1673343726327.jpg?fit=655%2C495&ssl=1&resize=350%2C200","width":350,"height":200,"srcset":"https:\/\/i0.wp.com\/domitec.ch\/wp-content\/uploads\/2019\/04\/Lit-XL-XPRESS-3697098304-e1673343726327.jpg?fit=655%2C495&ssl=1&resize=350%2C200 1x, https:\/\/i0.wp.com\/domitec.ch\/wp-content\/uploads\/2019\/04\/Lit-XL-XPRESS-3697098304-e1673343726327.jpg?fit=655%2C495&ssl=1&resize=525%2C300 1.5x"},"classes":[]},{"id":183,"url":"https:\/\/domitec.ch\/?product=lit-aerys","url_meta":{"origin":7315,"position":2},"title":"Lit Aerys  D\u00e8s 3300.00 francs","author":"Cyril Hug","date":"18 avril 2019","format":false,"excerpt":"Je suis int\u00e9ress\u00e9-e par cet article Lit m\u00e9dical adapt\u00e9 \u00e0 la prise en charge des personnes en position allong\u00e9e ayant perdu leur autonomie motrice de mani\u00e8re transitoire ou d\u00e9finitive, pr\u00e9sentant un risque de chuter du lit. Pour patients n\u00e9cessitant des soins m\u00e9dicalis\u00e9s. Le lit m\u00e9dicalis\u00e9 AERYS est \u00e9quip\u00e9 de s\u00e9rie\u2026","rel":"","context":"Article similaire","block_context":{"text":"Article similaire","link":""},"img":{"alt_text":"","src":"https:\/\/i0.wp.com\/domitec.ch\/wp-content\/uploads\/2019\/04\/Lit-Aerys2-3535347224-e1673344130940.jpg?fit=719%2C597&ssl=1&resize=350%2C200","width":350,"height":200,"srcset":"https:\/\/i0.wp.com\/domitec.ch\/wp-content\/uploads\/2019\/04\/Lit-Aerys2-3535347224-e1673344130940.jpg?fit=719%2C597&ssl=1&resize=350%2C200 1x, https:\/\/i0.wp.com\/domitec.ch\/wp-content\/uploads\/2019\/04\/Lit-Aerys2-3535347224-e1673344130940.jpg?fit=719%2C597&ssl=1&resize=525%2C300 1.5x, https:\/\/i0.wp.com\/domitec.ch\/wp-content\/uploads\/2019\/04\/Lit-Aerys2-3535347224-e1673344130940.jpg?fit=719%2C597&ssl=1&resize=700%2C400 2x"},"classes":[]},{"id":7324,"url":"https:\/\/domitec.ch\/?product=lit-aks-989-00-francs","url_meta":{"origin":7315,"position":3},"title":"Lit Domiflex  949.00 francs","author":"Cyril Hug","date":"10 avril 2023","format":false,"excerpt":"Je suis int\u00e9ress\u00e9-e par cet article L\u00e9ger gr\u00e2ce \u00e0 sa conception sans structure basse et ses moteurs int\u00e9gr\u00e9s dans les panneaux avant et arri\u00e8re","rel":"","context":"Article similaire","block_context":{"text":"Article similaire","link":""},"img":{"alt_text":"","src":"https:\/\/i0.wp.com\/domitec.ch\/wp-content\/uploads\/2023\/04\/Lit-Domiflex.jpg?fit=480%2C483&ssl=1&resize=350%2C200","width":350,"height":200},"classes":[]},{"id":185,"url":"https:\/\/domitec.ch\/?product=lit-xpress-low","url_meta":{"origin":7315,"position":4},"title":"Lit x&rsquo;press low (alzheimer) D\u00e8s 2450.00 francs","author":"Cyril Hug","date":"18 avril 2019","format":false,"excerpt":"Je suis int\u00e9ress\u00e9-e par cet article Le lit\u00a0X'Press Low\u00a0a pour but de pr\u00e9server\u00a0l'autonomie r\u00e9siduelle\u00a0des personnes \u00e2g\u00e9es ayant une fragilit\u00e9 cognitive, en agissant sur la\u00a0diminution de la gravit\u00e9\u00a0des chutes du lit, et\u00a0la r\u00e9duction\u00a0de l'usage des contentions au lit (physiques, chimiques, psychologiques)","rel":"","context":"Article similaire","block_context":{"text":"Article similaire","link":""},"img":{"alt_text":"","src":"https:\/\/i0.wp.com\/domitec.ch\/wp-content\/uploads\/2022\/10\/Lit-xlow-1872661599-e1680081379928.jpg?fit=451%2C371&ssl=1&resize=350%2C200","width":350,"height":200},"classes":[]},{"id":6993,"url":"https:\/\/domitec.ch\/?product=lit-xpress-largeur-140cm-des-5200-00-francs","url_meta":{"origin":7315,"position":5},"title":"Lit X&rsquo;press Largeur 140cm  D\u00e8s 4950.00 francs","author":"Cyril Hug","date":"9 mars 2023","format":false,"excerpt":"Je suis int\u00e9ress\u00e9-e par cet article Lit m\u00e9dicalis\u00e9 adapt\u00e9 \u00e0 la prise en charge des personnes allong\u00e9es ayant perdu leur autonomie motrice Cette perte d\u2019autonomie peut \u00eatre transitoire ou d\u00e9finitive","rel":"","context":"Article similaire","block_context":{"text":"Article similaire","link":""},"img":{"alt_text":"","src":"https:\/\/i0.wp.com\/domitec.ch\/wp-content\/uploads\/2019\/04\/Lit-XL-XPRESS-3697098304-e1673343726327.jpg?fit=655%2C495&ssl=1&resize=350%2C200","width":350,"height":200,"srcset":"https:\/\/i0.wp.com\/domitec.ch\/wp-content\/uploads\/2019\/04\/Lit-XL-XPRESS-3697098304-e1673343726327.jpg?fit=655%2C495&ssl=1&resize=350%2C200 1x, https:\/\/i0.wp.com\/domitec.ch\/wp-content\/uploads\/2019\/04\/Lit-XL-XPRESS-3697098304-e1673343726327.jpg?fit=655%2C495&ssl=1&resize=525%2C300 1.5x"},"classes":[]}],"_links":{"self":[{"href":"https:\/\/domitec.ch\/index.php?rest_route=\/wp\/v2\/product\/7315","targetHints":{"allow":["GET"]}}],"collection":[{"href":"https:\/\/domitec.ch\/index.php?rest_route=\/wp\/v2\/product"}],"about":[{"href":"https:\/\/domitec.ch\/index.php?rest_route=\/wp\/v2\/types\/product"}],"wp:featuredmedia":[{"embeddable":true,"href":"https:\/\/domitec.ch\/index.php?rest_route=\/wp\/v2\/media\/7318"}],"wp:attachment":[{"href":"https:\/\/domitec.ch\/index.php?rest_route=%2Fwp%2Fv2%2Fmedia&parent=7315"}],"wp:term":[{"taxonomy":"product_brand","embeddable":true,"href":"https:\/\/domitec.ch\/index.php?rest_route=%2Fwp%2Fv2%2Fproduct_brand&post=7315"},{"taxonomy":"product_cat","embeddable":true,"href":"https:\/\/domitec.ch\/index.php?rest_route=%2Fwp%2Fv2%2Fproduct_cat&post=7315"},{"taxonomy":"product_tag","embeddable":true,"href":"https:\/\/domitec.ch\/index.php?rest_route=%2Fwp%2Fv2%2Fproduct_tag&post=7315"}],"curies":[{"name":"wp","href":"https:\/\/api.w.org\/{rel}","templated":true}]}}