{"id":7206,"date":"2023-04-01T11:53:29","date_gmt":"2023-04-01T09:53:29","guid":{"rendered":"https:\/\/domitec.ch\/?post_type=product&#038;p=7206"},"modified":"2025-05-27T14:34:30","modified_gmt":"2025-05-27T12:34:30","slug":"mariniere-mixte-tivio","status":"publish","type":"product","link":"https:\/\/domitec.ch\/?product=mariniere-mixte-tivio","title":{"rendered":"Marini\u00e8re mixte Tivio"},"content":{"rendered":"<p>Marini\u00e8re mixte Tivio<br \/>\nTaille 0 = XS 36\/38<br \/>\nTaille 1 = S 40\/42<br \/>\nTaille 2 = M 44\/46<br \/>\nTaille 3 = L 48\/50<br \/>\nTaille 4 = XL 52\/54<br \/>\nTaille 5 = XXL 56\/58<br \/>\nTaille 6 = XXXL 60\/62<br \/>\n65% Polyester 35% Coton<br \/>\nCouleur blanc<br \/>\nEncolure carr\u00e9e<br \/>\nManches courtes<br \/>\nBoutonnage lat\u00e9ral<br \/>\n3 poches, serg\u00e9<br \/>\nBouton pression<\/p>\n","protected":false},"excerpt":{"rendered":"<p>Marini\u00e8re mixte Tivio<\/p>\n","protected":false},"featured_media":7213,"template":"","meta":{"_crdt_document":"","advanced_seo_description":"","jetpack_seo_html_title":"","jetpack_seo_noindex":false,"jetpack_publicize_message":"","jetpack_publicize_feature_enabled":true,"jetpack_social_post_already_shared":true,"jetpack_social_options":{"image_generator_settings":{"template":"highway","default_image_id":0,"font":"","enabled":false},"version":2}},"product_brand":[],"product_cat":[6623],"product_tag":[],"class_list":{"0":"post-7206","1":"product","2":"type-product","3":"status-publish","4":"has-post-thumbnail","6":"product_cat-vetements-professionnelles","8":"first","9":"instock","10":"taxable","11":"shipping-taxable","12":"purchasable","13":"product-type-variable"},"jetpack_publicize_connections":[],"jetpack_likes_enabled":false,"jetpack_sharing_enabled":true,"jetpack-related-posts":[{"id":7198,"url":"https:\/\/domitec.ch\/?product=pantalon-mixte-pliki","url_meta":{"origin":7206,"position":0},"title":"Pantalon mixte Pliki","author":"Cyril Hug","date":"1 avril 2023","format":false,"excerpt":"Pantalon mixte Pliki","rel":"","context":"Article similaire","block_context":{"text":"Article similaire","link":""},"img":{"alt_text":"","src":"https:\/\/i0.wp.com\/domitec.ch\/wp-content\/uploads\/2023\/04\/pantalon-.jpg?fit=487%2C503&ssl=1&resize=350%2C200","width":350,"height":200},"classes":[]},{"id":10694,"url":"https:\/\/domitec.ch\/?product=pantalon-mixte-core","url_meta":{"origin":7206,"position":1},"title":"Pantalon mixte Core","author":"Cyril Hug","date":"28 avril 2024","format":false,"excerpt":"Pantalon taille \u00e9lastiqu\u00e9e est id\u00e9al pour habiller toute l'\u00e9quipe. En effet, ce mod\u00e8le sobre convient aussi bien aux femmes qu'aux hommes. La ligne fluide assure un confort plaisant dans votre quotidien professionnel. Marcher, se baisser, soulever ou s'agenouiller : tous ces mouvements sont facilit\u00e9s par le tissu qui ne tire\u2026","rel":"","context":"Article similaire","block_context":{"text":"Article similaire","link":""},"img":{"alt_text":"","src":"https:\/\/i0.wp.com\/domitec.ch\/wp-content\/uploads\/2024\/04\/Pantalon-Core.png?fit=652%2C881&ssl=1&resize=350%2C200","width":350,"height":200,"srcset":"https:\/\/i0.wp.com\/domitec.ch\/wp-content\/uploads\/2024\/04\/Pantalon-Core.png?fit=652%2C881&ssl=1&resize=350%2C200 1x, https:\/\/i0.wp.com\/domitec.ch\/wp-content\/uploads\/2024\/04\/Pantalon-Core.png?fit=652%2C881&ssl=1&resize=525%2C300 1.5x"},"classes":[]},{"id":10737,"url":"https:\/\/domitec.ch\/?product=tunique-mixte-core","url_meta":{"origin":7206,"position":2},"title":"Tunique mixte Core","author":"Cyril Hug","date":"28 avril 2024","format":false,"excerpt":"Cette Tunique sp\u00e9cialement con\u00e7ue pour le personnel soignant ou m\u00e9dical est particuli\u00e8rement appr\u00e9ci\u00e9e lors des visites \u00e0 domicile ou en cabinet. Et comme ce v\u00eatement professionnel est mixte, il peut convenir \u00e0 toute l'\u00e9quipe. Les manches raglan de la Tunique mixte offrent une grande libert\u00e9 de mouvements dans toutes les\u2026","rel":"","context":"Article similaire","block_context":{"text":"Article similaire","link":""},"img":{"alt_text":"","src":"https:\/\/i0.wp.com\/domitec.ch\/wp-content\/uploads\/2024\/04\/Tunique-Core.png?fit=596%2C688&ssl=1&resize=350%2C200","width":350,"height":200,"srcset":"https:\/\/i0.wp.com\/domitec.ch\/wp-content\/uploads\/2024\/04\/Tunique-Core.png?fit=596%2C688&ssl=1&resize=350%2C200 1x, https:\/\/i0.wp.com\/domitec.ch\/wp-content\/uploads\/2024\/04\/Tunique-Core.png?fit=596%2C688&ssl=1&resize=525%2C300 1.5x"},"classes":[]},{"id":7175,"url":"https:\/\/domitec.ch\/?product=tunique-tilda","url_meta":{"origin":7206,"position":3},"title":"Tunique Tilda","author":"Cyril Hug","date":"1 avril 2023","format":false,"excerpt":"Tunique femme Tilda","rel":"","context":"Article similaire","block_context":{"text":"Article similaire","link":""},"img":{"alt_text":"","src":"https:\/\/i0.wp.com\/domitec.ch\/wp-content\/uploads\/2023\/04\/Tunique-Tilda.jpg?fit=410%2C446&ssl=1&resize=350%2C200","width":350,"height":200},"classes":[]},{"id":7184,"url":"https:\/\/domitec.ch\/?product=tunique-taffa","url_meta":{"origin":7206,"position":4},"title":"Tunique Taffa","author":"Cyril Hug","date":"1 avril 2023","format":false,"excerpt":"Tunique femme Taffa","rel":"","context":"Article similaire","block_context":{"text":"Article similaire","link":""},"img":{"alt_text":"","src":"https:\/\/i0.wp.com\/domitec.ch\/wp-content\/uploads\/2023\/04\/Tunique-Taffa.jpg?fit=445%2C493&ssl=1&resize=350%2C200","width":350,"height":200},"classes":[]},{"id":7191,"url":"https:\/\/domitec.ch\/?product=tunique-timbi","url_meta":{"origin":7206,"position":5},"title":"Tunique Timbi","author":"Cyril Hug","date":"1 avril 2023","format":false,"excerpt":"Tunique femme Timbi","rel":"","context":"Article similaire","block_context":{"text":"Article similaire","link":""},"img":{"alt_text":"","src":"https:\/\/i0.wp.com\/domitec.ch\/wp-content\/uploads\/2023\/04\/tunique-Timbi.jpg?fit=367%2C383&ssl=1&resize=350%2C200","width":350,"height":200},"classes":[]}],"_links":{"self":[{"href":"https:\/\/domitec.ch\/index.php?rest_route=\/wp\/v2\/product\/7206","targetHints":{"allow":["GET"]}}],"collection":[{"href":"https:\/\/domitec.ch\/index.php?rest_route=\/wp\/v2\/product"}],"about":[{"href":"https:\/\/domitec.ch\/index.php?rest_route=\/wp\/v2\/types\/product"}],"wp:featuredmedia":[{"embeddable":true,"href":"https:\/\/domitec.ch\/index.php?rest_route=\/wp\/v2\/media\/7213"}],"wp:attachment":[{"href":"https:\/\/domitec.ch\/index.php?rest_route=%2Fwp%2Fv2%2Fmedia&parent=7206"}],"wp:term":[{"taxonomy":"product_brand","embeddable":true,"href":"https:\/\/domitec.ch\/index.php?rest_route=%2Fwp%2Fv2%2Fproduct_brand&post=7206"},{"taxonomy":"product_cat","embeddable":true,"href":"https:\/\/domitec.ch\/index.php?rest_route=%2Fwp%2Fv2%2Fproduct_cat&post=7206"},{"taxonomy":"product_tag","embeddable":true,"href":"https:\/\/domitec.ch\/index.php?rest_route=%2Fwp%2Fv2%2Fproduct_tag&post=7206"}],"curies":[{"name":"wp","href":"https:\/\/api.w.org\/{rel}","templated":true}]}}