{"id":7101,"date":"2023-03-24T15:47:31","date_gmt":"2023-03-24T14:47:31","guid":{"rendered":"https:\/\/domitec.ch\/?post_type=product&#038;p=7101"},"modified":"2025-05-27T09:45:59","modified_gmt":"2025-05-27T07:45:59","slug":"fauteuil-roulant-electrique-neo-xxl","status":"publish","type":"product","link":"https:\/\/domitec.ch\/?product=fauteuil-roulant-electrique-neo-xxl","title":{"rendered":"Fauteuil roulant \u00e9lectrique N\u00e9o XXL"},"content":{"rendered":"<p>Fauteuil roulant \u00e9lectrique N\u00e9o XXL<br \/>\nLe Neo offre beaucoup de confort en termes de comportement de conduite ainsi que d&rsquo;utilisation et d&rsquo;assise<br \/>\nSuspension des roues avant et arri\u00e8re en suspension \u00e0 roues ind\u00e9pendantes<br \/>\nPossibilit\u00e9 de mettre \u00e0 niveau les options de r\u00e9glage manuel \u00e9lectriquement<br \/>\nLargeur d&rsquo;assise : 400 \u2013 600 mm<br \/>\nProfondeur d&rsquo;assise : 420 \u2013 510 mm<br \/>\nHauteur d&rsquo;assise : 500mm<br \/>\nHauteur dossier : 460 mm<br \/>\nAngle d&rsquo;assise : -2\u00b0 \u00e0 +19\u00b0 (manuel) \/ -2\u00b0 \u00e0 +19\u00b0 (\u00e9lectrique)<br \/>\nAngle du dossier -10\u00b0 \u00e0 60\u00b0 (manuel) \/ -5\u00b0 \u00e0 75\u00b0 (\u00e9lectrique)<br \/>\nLargeur : 690mm<br \/>\nHauteur totale : 1010mm<br \/>\nLongueur totale : 1150mm<br \/>\nPoids : 131 kg<br \/>\nPoids max patient: 200 kg<br \/>\nVitesse : 6 &#8211; 10km\/h<br \/>\nPort\u00e9e environ 40 km<br \/>\nPente : 12\u00b0\/21,2 %<br \/>\nRayon de braquage : 1100 mm<br \/>\nHauteur d&rsquo;obstacle maxi : 100 mm<br \/>\nMoteur : 2x24V | 220W<br \/>\nBatterie : 2x12V | 60 Ah<br \/>\nChargeur : 24V | 8 Ah<br \/>\nRoue av\/ar : 10&Prime;\/14&Prime;<br \/>\nCouleur cadre : argent<\/p>\n","protected":false},"excerpt":{"rendered":"<p>Fauteuil roulant \u00e9lectrique N\u00e9o XXL<br \/>\nLe Neo offre beaucoup de confort en termes de comportement de conduite ainsi que d&rsquo;utilisation et d&rsquo;assise<\/p>\n","protected":false},"featured_media":7103,"template":"","meta":{"_crdt_document":"","advanced_seo_description":"","jetpack_seo_html_title":"","jetpack_seo_noindex":false,"jetpack_post_was_ever_published":false,"jetpack_publicize_message":"","jetpack_publicize_feature_enabled":true,"jetpack_social_post_already_shared":true,"jetpack_social_options":{"image_generator_settings":{"template":"highway","default_image_id":0,"font":"","enabled":false},"version":2}},"product_brand":[],"product_cat":[6377,6625],"product_tag":[],"class_list":{"0":"post-7101","1":"product","2":"type-product","3":"status-publish","4":"has-post-thumbnail","6":"product_cat-ac-fauteuils-roulants-electrique","7":"product_cat-sc-gamme-large","8":"product_shipping_class-transporteur","10":"first","11":"instock","12":"taxable","13":"shipping-taxable","14":"purchasable","15":"product-type-variable"},"jetpack_publicize_connections":[],"jetpack_likes_enabled":false,"jetpack_sharing_enabled":false,"jetpack-related-posts":[{"id":7098,"url":"https:\/\/domitec.ch\/?product=fauteuil-roulant-electrique-taiga","url_meta":{"origin":7101,"position":0},"title":"Fauteuil roulant \u00e9lectrique Taiga","author":"Cyril Hug","date":"24 mars 2023","format":false,"excerpt":"Fauteuil roulant \u00e9lectrique Terra Le Terra est le fauteuil roulant \u00e9lectrique solide, \u00e9prouv\u00e9 dans la vie quotidienne Stable et maniable, il dispose d\u2019une vari\u00e9t\u00e9 d\u2019options de r\u00e9glage","rel":"","context":"Article similaire","block_context":{"text":"Article similaire","link":""},"img":{"alt_text":"","src":"https:\/\/i0.wp.com\/domitec.ch\/wp-content\/uploads\/2023\/03\/FRETaiga-e1679668435432.jpg?fit=408%2C440&ssl=1&resize=350%2C200","width":350,"height":200},"classes":[]},{"id":7095,"url":"https:\/\/domitec.ch\/?product=fauteuil-roulant-electrique-terra","url_meta":{"origin":7101,"position":1},"title":"Fauteuil roulant \u00e9lectrique Terra","author":"Cyril Hug","date":"24 mars 2023","format":false,"excerpt":"Fauteuil roulant \u00e9lectrique Terra Le Terra est le fauteuil roulant \u00e9lectrique solide, \u00e9prouv\u00e9 dans la vie quotidienne Stable et maniable, il dispose d\u2019une vari\u00e9t\u00e9 d\u2019options de r\u00e9glage","rel":"","context":"Article similaire","block_context":{"text":"Article similaire","link":""},"img":{"alt_text":"","src":"https:\/\/i0.wp.com\/domitec.ch\/wp-content\/uploads\/2023\/03\/FRETerra-e1679663897125.jpg?fit=416%2C427&ssl=1&resize=350%2C200","width":350,"height":200},"classes":[]},{"id":7091,"url":"https:\/\/domitec.ch\/?product=fauteuil-roulant-electrique-eltego","url_meta":{"origin":7101,"position":2},"title":"Fauteuil roulant \u00e9lectrique Eltego","author":"Cyril Hug","date":"24 mars 2023","format":false,"excerpt":"Fauteuil roulant \u00e9lectrique Eltego Compact et maniable \u00e0 l\u2019int\u00e9rieur, adapt\u00e9 \u00e0 une utilisation dans l\u2019environnement de vie imm\u00e9diat Autonomie de 25 km","rel":"","context":"Article similaire","block_context":{"text":"Article similaire","link":""},"img":{"alt_text":"","src":"https:\/\/i0.wp.com\/domitec.ch\/wp-content\/uploads\/2023\/03\/FREEltego-e1679663204729.jpg?fit=426%2C437&ssl=1&resize=350%2C200","width":350,"height":200},"classes":[]},{"id":11139,"url":"https:\/\/domitec.ch\/?product=fauteuil-roulant-electrique-p327-mini-sl","url_meta":{"origin":7101,"position":3},"title":"Fauteuil roulant \u00e9lectrique P327 Mini-SL","author":"Cyril Hug","date":"24 ao\u00fbt 2024","format":false,"excerpt":"Un fauteuil roulant \u00e9lectrique compact avec motorisation centrale Avec ses roues suspendues ce fauteuil confortable passe facilement des petits seuils","rel":"","context":"Article similaire","block_context":{"text":"Article similaire","link":""},"img":{"alt_text":"","src":"https:\/\/i0.wp.com\/domitec.ch\/wp-content\/uploads\/2024\/08\/P327miniro.png?fit=725%2C702&ssl=1&resize=350%2C200","width":350,"height":200,"srcset":"https:\/\/i0.wp.com\/domitec.ch\/wp-content\/uploads\/2024\/08\/P327miniro.png?fit=725%2C702&ssl=1&resize=350%2C200 1x, https:\/\/i0.wp.com\/domitec.ch\/wp-content\/uploads\/2024\/08\/P327miniro.png?fit=725%2C702&ssl=1&resize=525%2C300 1.5x, https:\/\/i0.wp.com\/domitec.ch\/wp-content\/uploads\/2024\/08\/P327miniro.png?fit=725%2C702&ssl=1&resize=700%2C400 2x"},"classes":[]},{"id":11132,"url":"https:\/\/domitec.ch\/?product=fauteuil-roulant-electrique-p327-mini","url_meta":{"origin":7101,"position":4},"title":"Fauteuil roulant \u00e9lectrique P327 Mini","author":"Cyril Hug","date":"24 ao\u00fbt 2024","format":false,"excerpt":"Un fauteuil roulant \u00e9lectrique compact avec motorisation centrale Avec ses roues suspendues ce fauteuil confortable passe facilement des petits seuils","rel":"","context":"Article similaire","block_context":{"text":"Article similaire","link":""},"img":{"alt_text":"","src":"https:\/\/i0.wp.com\/domitec.ch\/wp-content\/uploads\/2024\/08\/P327minibl.png?fit=730%2C682&ssl=1&resize=350%2C200","width":350,"height":200,"srcset":"https:\/\/i0.wp.com\/domitec.ch\/wp-content\/uploads\/2024\/08\/P327minibl.png?fit=730%2C682&ssl=1&resize=350%2C200 1x, https:\/\/i0.wp.com\/domitec.ch\/wp-content\/uploads\/2024\/08\/P327minibl.png?fit=730%2C682&ssl=1&resize=525%2C300 1.5x, https:\/\/i0.wp.com\/domitec.ch\/wp-content\/uploads\/2024\/08\/P327minibl.png?fit=730%2C682&ssl=1&resize=700%2C400 2x"},"classes":[]},{"id":5436,"url":"https:\/\/domitec.ch\/?product=fauteuil-roulant-electrique-rascal-mobility-320-compact","url_meta":{"origin":7101,"position":5},"title":"Fauteuil roulant \u00e9lectrique RUEBA","author":"Cyril Hug","date":"22 novembre 2022","format":false,"excerpt":"Fauteuil roulant \u00e9lectrique RUEBA Le fauteuil \u00e9lectrique RUEBA CT offre une conduite toute en douceur Il est votre alli\u00e9 id\u00e9al pour une utilisation en int\u00e9rieur comme en ext\u00e9rieur","rel":"","context":"Article similaire","block_context":{"text":"Article similaire","link":""},"img":{"alt_text":"","src":"https:\/\/i0.wp.com\/domitec.ch\/wp-content\/uploads\/2022\/11\/FRE-Rueba1.jpg?fit=540%2C564&ssl=1&resize=350%2C200","width":350,"height":200,"srcset":"https:\/\/i0.wp.com\/domitec.ch\/wp-content\/uploads\/2022\/11\/FRE-Rueba1.jpg?fit=540%2C564&ssl=1&resize=350%2C200 1x, https:\/\/i0.wp.com\/domitec.ch\/wp-content\/uploads\/2022\/11\/FRE-Rueba1.jpg?fit=540%2C564&ssl=1&resize=525%2C300 1.5x"},"classes":[]}],"_links":{"self":[{"href":"https:\/\/domitec.ch\/index.php?rest_route=\/wp\/v2\/product\/7101","targetHints":{"allow":["GET"]}}],"collection":[{"href":"https:\/\/domitec.ch\/index.php?rest_route=\/wp\/v2\/product"}],"about":[{"href":"https:\/\/domitec.ch\/index.php?rest_route=\/wp\/v2\/types\/product"}],"wp:featuredmedia":[{"embeddable":true,"href":"https:\/\/domitec.ch\/index.php?rest_route=\/wp\/v2\/media\/7103"}],"wp:attachment":[{"href":"https:\/\/domitec.ch\/index.php?rest_route=%2Fwp%2Fv2%2Fmedia&parent=7101"}],"wp:term":[{"taxonomy":"product_brand","embeddable":true,"href":"https:\/\/domitec.ch\/index.php?rest_route=%2Fwp%2Fv2%2Fproduct_brand&post=7101"},{"taxonomy":"product_cat","embeddable":true,"href":"https:\/\/domitec.ch\/index.php?rest_route=%2Fwp%2Fv2%2Fproduct_cat&post=7101"},{"taxonomy":"product_tag","embeddable":true,"href":"https:\/\/domitec.ch\/index.php?rest_route=%2Fwp%2Fv2%2Fproduct_tag&post=7101"}],"curies":[{"name":"wp","href":"https:\/\/api.w.org\/{rel}","templated":true}]}}