{"id":7091,"date":"2023-03-24T13:52:44","date_gmt":"2023-03-24T12:52:44","guid":{"rendered":"https:\/\/domitec.ch\/?post_type=product&#038;p=7091"},"modified":"2025-05-27T09:46:21","modified_gmt":"2025-05-27T07:46:21","slug":"fauteuil-roulant-electrique-eltego","status":"publish","type":"product","link":"https:\/\/domitec.ch\/?product=fauteuil-roulant-electrique-eltego","title":{"rendered":"Fauteuil roulant \u00e9lectrique Eltego"},"content":{"rendered":"<p>Fauteuil roulant \u00e9lectrique Eltego<br \/>\nCompact et maniable \u00e0 l\u2019int\u00e9rieur, adapt\u00e9 \u00e0 une utilisation dans l\u2019environnement de vie imm\u00e9diat<br \/>\nAutonomie de 25 km,<br \/>\nPneus PU anti-crevaison<br \/>\nSuspension arri\u00e8re et roulettes anti-inclinaison<br \/>\nDiverses options de r\u00e9glage<br \/>\nLargeur d&rsquo;assise : 400-540mm<br \/>\nProfondeur d&rsquo;assise : 440mm<br \/>\nHauteur d&rsquo;assise : 475mm<br \/>\nHauteur du dossier :540mm<br \/>\nAngle d&rsquo;assise : 3\u00b0<br \/>\nAngle du dos : 90\u00b0 \u00e0 120\u00b0 (R\u00e9glage manuel)<br \/>\nLargeur hors tout : 590mm<br \/>\nHauteur : 1040mm<br \/>\nLongueur : 1050mm<br \/>\nPoids : 74,8 kg<br \/>\nPoids max patient : 120kg<br \/>\nVitesse : 6km\/h<br \/>\nAutonomie : env. 25 km<br \/>\nPente : 8\u00b0\/14,1 %<br \/>\nRayon de braquage :1200mm<br \/>\nHauteur d&rsquo;obstacle max :50mm<br \/>\nMoteur : 2 x 24V | 250W<br \/>\nBatteries:1 x 12V | 55 Ah \/ 1 x 12V | 56 Ah<br \/>\nChargeur : 24V | 4 Ah<br \/>\nRoue av\/ar : 8&Prime;\/12.5&Prime;<br \/>\nCouleur du cadre : Argent<\/p>\n","protected":false},"excerpt":{"rendered":"<p>Fauteuil roulant \u00e9lectrique Eltego<br \/>\nCompact et maniable \u00e0 l\u2019int\u00e9rieur, adapt\u00e9 \u00e0 une utilisation dans l\u2019environnement de vie imm\u00e9diat<br \/>\nAutonomie de 25 km<\/p>\n","protected":false},"featured_media":7092,"template":"","meta":{"_crdt_document":"","advanced_seo_description":"","jetpack_seo_html_title":"","jetpack_seo_noindex":false,"jetpack_post_was_ever_published":false,"jetpack_publicize_message":"","jetpack_publicize_feature_enabled":true,"jetpack_social_post_already_shared":true,"jetpack_social_options":{"image_generator_settings":{"template":"highway","default_image_id":0,"font":"","enabled":false},"version":2}},"product_brand":[],"product_cat":[6377],"product_tag":[],"class_list":{"0":"post-7091","1":"product","2":"type-product","3":"status-publish","4":"has-post-thumbnail","6":"product_cat-ac-fauteuils-roulants-electrique","7":"product_shipping_class-transporteur","9":"first","10":"instock","11":"taxable","12":"shipping-taxable","13":"purchasable","14":"product-type-simple"},"jetpack_publicize_connections":[],"jetpack_likes_enabled":false,"jetpack_sharing_enabled":false,"jetpack-related-posts":[{"id":7095,"url":"https:\/\/domitec.ch\/?product=fauteuil-roulant-electrique-terra","url_meta":{"origin":7091,"position":0},"title":"Fauteuil roulant \u00e9lectrique Terra","author":"Cyril Hug","date":"24 mars 2023","format":false,"excerpt":"Fauteuil roulant \u00e9lectrique Terra Le Terra est le fauteuil roulant \u00e9lectrique solide, \u00e9prouv\u00e9 dans la vie quotidienne Stable et maniable, il dispose d\u2019une vari\u00e9t\u00e9 d\u2019options de r\u00e9glage","rel":"","context":"Article similaire","block_context":{"text":"Article similaire","link":""},"img":{"alt_text":"","src":"https:\/\/i0.wp.com\/domitec.ch\/wp-content\/uploads\/2023\/03\/FRETerra-e1679663897125.jpg?fit=416%2C427&ssl=1&resize=350%2C200","width":350,"height":200},"classes":[]},{"id":7098,"url":"https:\/\/domitec.ch\/?product=fauteuil-roulant-electrique-taiga","url_meta":{"origin":7091,"position":1},"title":"Fauteuil roulant \u00e9lectrique Taiga","author":"Cyril Hug","date":"24 mars 2023","format":false,"excerpt":"Fauteuil roulant \u00e9lectrique Terra Le Terra est le fauteuil roulant \u00e9lectrique solide, \u00e9prouv\u00e9 dans la vie quotidienne Stable et maniable, il dispose d\u2019une vari\u00e9t\u00e9 d\u2019options de r\u00e9glage","rel":"","context":"Article similaire","block_context":{"text":"Article similaire","link":""},"img":{"alt_text":"","src":"https:\/\/i0.wp.com\/domitec.ch\/wp-content\/uploads\/2023\/03\/FRETaiga-e1679668435432.jpg?fit=408%2C440&ssl=1&resize=350%2C200","width":350,"height":200},"classes":[]},{"id":7083,"url":"https:\/\/domitec.ch\/?product=fauteuil-roulant-electrique-via","url_meta":{"origin":7091,"position":2},"title":"Fauteuil roulant \u00e9lectrique VIA","author":"Cyril Hug","date":"24 mars 2023","format":false,"excerpt":"Fauteuil roulant \u00e9lectrique VIA pliable Con\u00e7u pour votre maison, compact et tr\u00e8s maniable Emporter le Via partout o\u00f9 vous le souhaitez pour vous aider dans votre mobilit\u00e9","rel":"","context":"Article similaire","block_context":{"text":"Article similaire","link":""},"img":{"alt_text":"","src":"https:\/\/i0.wp.com\/domitec.ch\/wp-content\/uploads\/2023\/03\/FREVia-e1679650932240.jpg?fit=535%2C582&ssl=1&resize=350%2C200","width":350,"height":200,"srcset":"https:\/\/i0.wp.com\/domitec.ch\/wp-content\/uploads\/2023\/03\/FREVia-e1679650932240.jpg?fit=535%2C582&ssl=1&resize=350%2C200 1x, https:\/\/i0.wp.com\/domitec.ch\/wp-content\/uploads\/2023\/03\/FREVia-e1679650932240.jpg?fit=535%2C582&ssl=1&resize=525%2C300 1.5x"},"classes":[]},{"id":11139,"url":"https:\/\/domitec.ch\/?product=fauteuil-roulant-electrique-p327-mini-sl","url_meta":{"origin":7091,"position":3},"title":"Fauteuil roulant \u00e9lectrique P327 Mini-SL","author":"Cyril Hug","date":"24 ao\u00fbt 2024","format":false,"excerpt":"Un fauteuil roulant \u00e9lectrique compact avec motorisation centrale Avec ses roues suspendues ce fauteuil confortable passe facilement des petits seuils","rel":"","context":"Article similaire","block_context":{"text":"Article similaire","link":""},"img":{"alt_text":"","src":"https:\/\/i0.wp.com\/domitec.ch\/wp-content\/uploads\/2024\/08\/P327miniro.png?fit=725%2C702&ssl=1&resize=350%2C200","width":350,"height":200,"srcset":"https:\/\/i0.wp.com\/domitec.ch\/wp-content\/uploads\/2024\/08\/P327miniro.png?fit=725%2C702&ssl=1&resize=350%2C200 1x, https:\/\/i0.wp.com\/domitec.ch\/wp-content\/uploads\/2024\/08\/P327miniro.png?fit=725%2C702&ssl=1&resize=525%2C300 1.5x, https:\/\/i0.wp.com\/domitec.ch\/wp-content\/uploads\/2024\/08\/P327miniro.png?fit=725%2C702&ssl=1&resize=700%2C400 2x"},"classes":[]},{"id":7101,"url":"https:\/\/domitec.ch\/?product=fauteuil-roulant-electrique-neo-xxl","url_meta":{"origin":7091,"position":4},"title":"Fauteuil roulant \u00e9lectrique N\u00e9o XXL","author":"Cyril Hug","date":"24 mars 2023","format":false,"excerpt":"Fauteuil roulant \u00e9lectrique N\u00e9o XXL Le Neo offre beaucoup de confort en termes de comportement de conduite ainsi que d'utilisation et d'assise","rel":"","context":"Article similaire","block_context":{"text":"Article similaire","link":""},"img":{"alt_text":"","src":"https:\/\/i0.wp.com\/domitec.ch\/wp-content\/uploads\/2023\/03\/FRENeoXXL-1-e1679669572790.jpg?fit=388%2C447&ssl=1&resize=350%2C200","width":350,"height":200},"classes":[]},{"id":11132,"url":"https:\/\/domitec.ch\/?product=fauteuil-roulant-electrique-p327-mini","url_meta":{"origin":7091,"position":5},"title":"Fauteuil roulant \u00e9lectrique P327 Mini","author":"Cyril Hug","date":"24 ao\u00fbt 2024","format":false,"excerpt":"Un fauteuil roulant \u00e9lectrique compact avec motorisation centrale Avec ses roues suspendues ce fauteuil confortable passe facilement des petits seuils","rel":"","context":"Article similaire","block_context":{"text":"Article similaire","link":""},"img":{"alt_text":"","src":"https:\/\/i0.wp.com\/domitec.ch\/wp-content\/uploads\/2024\/08\/P327minibl.png?fit=730%2C682&ssl=1&resize=350%2C200","width":350,"height":200,"srcset":"https:\/\/i0.wp.com\/domitec.ch\/wp-content\/uploads\/2024\/08\/P327minibl.png?fit=730%2C682&ssl=1&resize=350%2C200 1x, https:\/\/i0.wp.com\/domitec.ch\/wp-content\/uploads\/2024\/08\/P327minibl.png?fit=730%2C682&ssl=1&resize=525%2C300 1.5x, https:\/\/i0.wp.com\/domitec.ch\/wp-content\/uploads\/2024\/08\/P327minibl.png?fit=730%2C682&ssl=1&resize=700%2C400 2x"},"classes":[]}],"_links":{"self":[{"href":"https:\/\/domitec.ch\/index.php?rest_route=\/wp\/v2\/product\/7091","targetHints":{"allow":["GET"]}}],"collection":[{"href":"https:\/\/domitec.ch\/index.php?rest_route=\/wp\/v2\/product"}],"about":[{"href":"https:\/\/domitec.ch\/index.php?rest_route=\/wp\/v2\/types\/product"}],"wp:featuredmedia":[{"embeddable":true,"href":"https:\/\/domitec.ch\/index.php?rest_route=\/wp\/v2\/media\/7092"}],"wp:attachment":[{"href":"https:\/\/domitec.ch\/index.php?rest_route=%2Fwp%2Fv2%2Fmedia&parent=7091"}],"wp:term":[{"taxonomy":"product_brand","embeddable":true,"href":"https:\/\/domitec.ch\/index.php?rest_route=%2Fwp%2Fv2%2Fproduct_brand&post=7091"},{"taxonomy":"product_cat","embeddable":true,"href":"https:\/\/domitec.ch\/index.php?rest_route=%2Fwp%2Fv2%2Fproduct_cat&post=7091"},{"taxonomy":"product_tag","embeddable":true,"href":"https:\/\/domitec.ch\/index.php?rest_route=%2Fwp%2Fv2%2Fproduct_tag&post=7091"}],"curies":[{"name":"wp","href":"https:\/\/api.w.org\/{rel}","templated":true}]}}