{"id":7083,"date":"2023-03-24T10:40:17","date_gmt":"2023-03-24T09:40:17","guid":{"rendered":"https:\/\/domitec.ch\/?post_type=product&#038;p=7083"},"modified":"2025-05-27T09:46:28","modified_gmt":"2025-05-27T07:46:28","slug":"fauteuil-roulant-electrique-via","status":"publish","type":"product","link":"https:\/\/domitec.ch\/?product=fauteuil-roulant-electrique-via","title":{"rendered":"Fauteuil roulant \u00e9lectrique VIA"},"content":{"rendered":"<p>Fauteuil roulant \u00e9lectrique VIA pliable<br \/>\nCon\u00e7u pour votre maison, compact et tr\u00e8s maniable<br \/>\nEmporter le Via partout o\u00f9 vous le souhaitez pour vous aider dans votre mobilit\u00e9<br \/>\nPeu encombrant et pratique \u00e0 pousser m\u00eame lorsqu&rsquo;il est pli\u00e9<br \/>\nLe Via est aliment\u00e9 par une batterie lithium-ion sans entretien<br \/>\nLargeur assise: 430mm<br \/>\nProfondeur assise: 430mm<br \/>\nHauteur assise: 500mm<br \/>\nHauteur du dossier: 560mm<br \/>\nVitesse: 6km\/h<br \/>\nAutonomie: env. 22 km<br \/>\nHauteur des obstacles: 40mm<br \/>\nRoues av\/ar: 8&Prime;\/12.5&Prime;<br \/>\nLargeur: 670mm<br \/>\nLongueur: 1090mm<br \/>\nHauteur: 980mm<br \/>\nPoids: 36 kg<br \/>\nPoids max patient: 120kg<br \/>\nPente max: 10\u00b0 \/ 17.6%<br \/>\nBatterie: 24V | 20 Ah<br \/>\nMoteur: 180 W, 4 200 tr\/min maximum<br \/>\nCouleur du cadre Blanc<\/p>\n","protected":false},"excerpt":{"rendered":"<p>Fauteuil roulant \u00e9lectrique VIA pliable<br \/>\nCon\u00e7u pour votre maison, compact et tr\u00e8s maniable<br \/>\nEmporter le Via partout o\u00f9 vous le souhaitez pour vous aider dans votre mobilit\u00e9<\/p>\n","protected":false},"featured_media":7085,"template":"","meta":{"_crdt_document":"","advanced_seo_description":"","jetpack_seo_html_title":"","jetpack_seo_noindex":false,"jetpack_post_was_ever_published":false,"jetpack_publicize_message":"","jetpack_publicize_feature_enabled":true,"jetpack_social_post_already_shared":true,"jetpack_social_options":{"image_generator_settings":{"template":"highway","default_image_id":0,"font":"","enabled":false},"version":2}},"product_brand":[],"product_cat":[6377],"product_tag":[],"class_list":{"0":"post-7083","1":"product","2":"type-product","3":"status-publish","4":"has-post-thumbnail","6":"product_cat-ac-fauteuils-roulants-electrique","7":"product_shipping_class-transporteur","9":"first","10":"instock","11":"taxable","12":"shipping-taxable","13":"purchasable","14":"product-type-simple"},"jetpack_publicize_connections":[],"jetpack_likes_enabled":false,"jetpack_sharing_enabled":false,"jetpack-related-posts":[{"id":7091,"url":"https:\/\/domitec.ch\/?product=fauteuil-roulant-electrique-eltego","url_meta":{"origin":7083,"position":0},"title":"Fauteuil roulant \u00e9lectrique Eltego","author":"Cyril Hug","date":"24 mars 2023","format":false,"excerpt":"Fauteuil roulant \u00e9lectrique Eltego Compact et maniable \u00e0 l\u2019int\u00e9rieur, adapt\u00e9 \u00e0 une utilisation dans l\u2019environnement de vie imm\u00e9diat Autonomie de 25 km","rel":"","context":"Article similaire","block_context":{"text":"Article similaire","link":""},"img":{"alt_text":"","src":"https:\/\/i0.wp.com\/domitec.ch\/wp-content\/uploads\/2023\/03\/FREEltego-e1679663204729.jpg?fit=426%2C437&ssl=1&resize=350%2C200","width":350,"height":200},"classes":[]},{"id":7095,"url":"https:\/\/domitec.ch\/?product=fauteuil-roulant-electrique-terra","url_meta":{"origin":7083,"position":1},"title":"Fauteuil roulant \u00e9lectrique Terra","author":"Cyril Hug","date":"24 mars 2023","format":false,"excerpt":"Fauteuil roulant \u00e9lectrique Terra Le Terra est le fauteuil roulant \u00e9lectrique solide, \u00e9prouv\u00e9 dans la vie quotidienne Stable et maniable, il dispose d\u2019une vari\u00e9t\u00e9 d\u2019options de r\u00e9glage","rel":"","context":"Article similaire","block_context":{"text":"Article similaire","link":""},"img":{"alt_text":"","src":"https:\/\/i0.wp.com\/domitec.ch\/wp-content\/uploads\/2023\/03\/FRETerra-e1679663897125.jpg?fit=416%2C427&ssl=1&resize=350%2C200","width":350,"height":200},"classes":[]},{"id":11139,"url":"https:\/\/domitec.ch\/?product=fauteuil-roulant-electrique-p327-mini-sl","url_meta":{"origin":7083,"position":2},"title":"Fauteuil roulant \u00e9lectrique P327 Mini-SL","author":"Cyril Hug","date":"24 ao\u00fbt 2024","format":false,"excerpt":"Un fauteuil roulant \u00e9lectrique compact avec motorisation centrale Avec ses roues suspendues ce fauteuil confortable passe facilement des petits seuils","rel":"","context":"Article similaire","block_context":{"text":"Article similaire","link":""},"img":{"alt_text":"","src":"https:\/\/i0.wp.com\/domitec.ch\/wp-content\/uploads\/2024\/08\/P327miniro.png?fit=725%2C702&ssl=1&resize=350%2C200","width":350,"height":200,"srcset":"https:\/\/i0.wp.com\/domitec.ch\/wp-content\/uploads\/2024\/08\/P327miniro.png?fit=725%2C702&ssl=1&resize=350%2C200 1x, https:\/\/i0.wp.com\/domitec.ch\/wp-content\/uploads\/2024\/08\/P327miniro.png?fit=725%2C702&ssl=1&resize=525%2C300 1.5x, https:\/\/i0.wp.com\/domitec.ch\/wp-content\/uploads\/2024\/08\/P327miniro.png?fit=725%2C702&ssl=1&resize=700%2C400 2x"},"classes":[]},{"id":7098,"url":"https:\/\/domitec.ch\/?product=fauteuil-roulant-electrique-taiga","url_meta":{"origin":7083,"position":3},"title":"Fauteuil roulant \u00e9lectrique Taiga","author":"Cyril Hug","date":"24 mars 2023","format":false,"excerpt":"Fauteuil roulant \u00e9lectrique Terra Le Terra est le fauteuil roulant \u00e9lectrique solide, \u00e9prouv\u00e9 dans la vie quotidienne Stable et maniable, il dispose d\u2019une vari\u00e9t\u00e9 d\u2019options de r\u00e9glage","rel":"","context":"Article similaire","block_context":{"text":"Article similaire","link":""},"img":{"alt_text":"","src":"https:\/\/i0.wp.com\/domitec.ch\/wp-content\/uploads\/2023\/03\/FRETaiga-e1679668435432.jpg?fit=408%2C440&ssl=1&resize=350%2C200","width":350,"height":200},"classes":[]},{"id":11132,"url":"https:\/\/domitec.ch\/?product=fauteuil-roulant-electrique-p327-mini","url_meta":{"origin":7083,"position":4},"title":"Fauteuil roulant \u00e9lectrique P327 Mini","author":"Cyril Hug","date":"24 ao\u00fbt 2024","format":false,"excerpt":"Un fauteuil roulant \u00e9lectrique compact avec motorisation centrale Avec ses roues suspendues ce fauteuil confortable passe facilement des petits seuils","rel":"","context":"Article similaire","block_context":{"text":"Article similaire","link":""},"img":{"alt_text":"","src":"https:\/\/i0.wp.com\/domitec.ch\/wp-content\/uploads\/2024\/08\/P327minibl.png?fit=730%2C682&ssl=1&resize=350%2C200","width":350,"height":200,"srcset":"https:\/\/i0.wp.com\/domitec.ch\/wp-content\/uploads\/2024\/08\/P327minibl.png?fit=730%2C682&ssl=1&resize=350%2C200 1x, https:\/\/i0.wp.com\/domitec.ch\/wp-content\/uploads\/2024\/08\/P327minibl.png?fit=730%2C682&ssl=1&resize=525%2C300 1.5x, https:\/\/i0.wp.com\/domitec.ch\/wp-content\/uploads\/2024\/08\/P327minibl.png?fit=730%2C682&ssl=1&resize=700%2C400 2x"},"classes":[]},{"id":5414,"url":"https:\/\/domitec.ch\/?product=fauteuil-roulant-pyro-light-xl","url_meta":{"origin":7083,"position":5},"title":"Fauteuil roulant \u00e9lectrique Razoo","author":"Cyril Hug","date":"21 novembre 2022","format":false,"excerpt":"Fauteuil \u00e9lectrique simple et compact Il est un excellent fauteuil d\u2019int\u00e9rieur Ses dimensions compactes et un petit diam\u00e8tre de braquage en font un v\u00e9hicule extr\u00eamement maniable Facilement d\u00e9montable, il se transporte sans probl\u00e8me","rel":"","context":"Article similaire","block_context":{"text":"Article similaire","link":""},"img":{"alt_text":"","src":"https:\/\/i0.wp.com\/domitec.ch\/wp-content\/uploads\/2022\/11\/Rascal-Razoo.jpg?fit=543%2C567&ssl=1&resize=350%2C200","width":350,"height":200,"srcset":"https:\/\/i0.wp.com\/domitec.ch\/wp-content\/uploads\/2022\/11\/Rascal-Razoo.jpg?fit=543%2C567&ssl=1&resize=350%2C200 1x, https:\/\/i0.wp.com\/domitec.ch\/wp-content\/uploads\/2022\/11\/Rascal-Razoo.jpg?fit=543%2C567&ssl=1&resize=525%2C300 1.5x"},"classes":[]}],"_links":{"self":[{"href":"https:\/\/domitec.ch\/index.php?rest_route=\/wp\/v2\/product\/7083","targetHints":{"allow":["GET"]}}],"collection":[{"href":"https:\/\/domitec.ch\/index.php?rest_route=\/wp\/v2\/product"}],"about":[{"href":"https:\/\/domitec.ch\/index.php?rest_route=\/wp\/v2\/types\/product"}],"wp:featuredmedia":[{"embeddable":true,"href":"https:\/\/domitec.ch\/index.php?rest_route=\/wp\/v2\/media\/7085"}],"wp:attachment":[{"href":"https:\/\/domitec.ch\/index.php?rest_route=%2Fwp%2Fv2%2Fmedia&parent=7083"}],"wp:term":[{"taxonomy":"product_brand","embeddable":true,"href":"https:\/\/domitec.ch\/index.php?rest_route=%2Fwp%2Fv2%2Fproduct_brand&post=7083"},{"taxonomy":"product_cat","embeddable":true,"href":"https:\/\/domitec.ch\/index.php?rest_route=%2Fwp%2Fv2%2Fproduct_cat&post=7083"},{"taxonomy":"product_tag","embeddable":true,"href":"https:\/\/domitec.ch\/index.php?rest_route=%2Fwp%2Fv2%2Fproduct_tag&post=7083"}],"curies":[{"name":"wp","href":"https:\/\/api.w.org\/{rel}","templated":true}]}}