{"id":6164,"date":"2023-01-13T13:53:41","date_gmt":"2023-01-13T12:53:41","guid":{"rendered":"https:\/\/domitec.ch\/?post_type=product&#038;p=6164"},"modified":"2025-05-27T09:48:19","modified_gmt":"2025-05-27T07:48:19","slug":"locationstatif-de-perfusio-20-00frs-mois","status":"publish","type":"product","link":"https:\/\/domitec.ch\/?product=locationstatif-de-perfusio-20-00frs-mois","title":{"rendered":"Location<br>statif de perfusion<br>20.00frs\/mois"},"content":{"rendered":"<p>INFORMATIONS:<\/p>\n<p>Frais suppl\u00e9mentaires uniques:<br \/>\n&#8211; Livraison et reprise du moyen auxiliaire \u00e0 domicile selon la zone de livraison<br \/>\n&#8211; Nettoyage, d\u00e9sinfection du produit lou\u00e9<\/p>\n<p>Zones de livraison:<br \/>\nCanton de Neuch\u00e2tel, Jura et Jura-Bernois<br \/>\nAutres zones sur demande<\/p>\n<p>(L&rsquo;image peut ne pas correspondre aux moyens auxiliaires livr\u00e9s)<\/p>\n","protected":false},"excerpt":{"rendered":"<h4><a href=\"https:\/\/domitec.ch\/?page_id=2\">Je suis int\u00e9ress\u00e9-e par la location de cet article<\/a><\/h4>\n<p>Sur roulettes<\/p>\n","protected":false},"featured_media":6129,"template":"","meta":{"_crdt_document":"","advanced_seo_description":"","jetpack_seo_html_title":"","jetpack_seo_noindex":false,"jetpack_post_was_ever_published":false,"jetpack_publicize_message":"","jetpack_publicize_feature_enabled":true,"jetpack_social_post_already_shared":true,"jetpack_social_options":{"image_generator_settings":{"template":"highway","default_image_id":0,"font":"","enabled":false},"version":2}},"product_brand":[],"product_cat":[6421],"product_tag":[],"class_list":{"0":"post-6164","1":"product","2":"type-product","3":"status-publish","4":"has-post-thumbnail","6":"product_cat-ya-pour-la-chambre","8":"first","9":"instock","10":"taxable","11":"shipping-taxable","12":"product-type-simple"},"jetpack_publicize_connections":[],"jetpack_likes_enabled":false,"jetpack_sharing_enabled":false,"jetpack-related-posts":[{"id":6102,"url":"https:\/\/domitec.ch\/?product=locationdeambulateur25-00-francs-mois","url_meta":{"origin":6164,"position":0},"title":"Locationd\u00e9ambulateur22.00 francs\/mois","author":"Cyril Hug","date":"9 janvier 2023","format":false,"excerpt":"Je suis int\u00e9ress\u00e9-e par la location de cet article","rel":"","context":"Article similaire","block_context":{"text":"Article similaire","link":""},"img":{"alt_text":"","src":"https:\/\/i0.wp.com\/domitec.ch\/wp-content\/uploads\/2022\/09\/Deambulateur-N1.jpg?fit=473%2C475&ssl=1&resize=350%2C200","width":350,"height":200},"classes":[]},{"id":6161,"url":"https:\/\/domitec.ch\/?product=location-moissiege-de-baignoire29-00","url_meta":{"origin":6164,"position":1},"title":"Location\/moissi\u00e8ge de baignoire29.00","author":"Cyril Hug","date":"13 janvier 2023","format":false,"excerpt":"Je suis int\u00e9ress\u00e9-e par la location de cet article","rel":"","context":"Article similaire","block_context":{"text":"Article similaire","link":""},"img":{"alt_text":"","src":"https:\/\/i0.wp.com\/domitec.ch\/wp-content\/uploads\/2022\/09\/Siege-de-baignoire-2584000488-e1680076522968.jpg?fit=531%2C407&ssl=1&resize=350%2C200","width":350,"height":200,"srcset":"https:\/\/i0.wp.com\/domitec.ch\/wp-content\/uploads\/2022\/09\/Siege-de-baignoire-2584000488-e1680076522968.jpg?fit=531%2C407&ssl=1&resize=350%2C200 1x, https:\/\/i0.wp.com\/domitec.ch\/wp-content\/uploads\/2022\/09\/Siege-de-baignoire-2584000488-e1680076522968.jpg?fit=531%2C407&ssl=1&resize=525%2C300 1.5x"},"classes":[]},{"id":6162,"url":"https:\/\/domitec.ch\/?product=location-moischaise-percee39-00","url_meta":{"origin":6164,"position":2},"title":"Location\/moischaise perc\u00e9e35.00","author":"Cyril Hug","date":"13 janvier 2023","format":false,"excerpt":"Je suis int\u00e9ress\u00e9-e par la location de cet article","rel":"","context":"Article similaire","block_context":{"text":"Article similaire","link":""},"img":{"alt_text":"","src":"https:\/\/i0.wp.com\/domitec.ch\/wp-content\/uploads\/2022\/09\/Chaise-de-douche-roulettes-3839275578-e1673341685623.jpg?fit=589%2C616&ssl=1&resize=350%2C200","width":350,"height":200,"srcset":"https:\/\/i0.wp.com\/domitec.ch\/wp-content\/uploads\/2022\/09\/Chaise-de-douche-roulettes-3839275578-e1673341685623.jpg?fit=589%2C616&ssl=1&resize=350%2C200 1x, https:\/\/i0.wp.com\/domitec.ch\/wp-content\/uploads\/2022\/09\/Chaise-de-douche-roulettes-3839275578-e1673341685623.jpg?fit=589%2C616&ssl=1&resize=525%2C300 1.5x"},"classes":[]},{"id":6165,"url":"https:\/\/domitec.ch\/?product=location-moischaise-de-douche32-00","url_meta":{"origin":6164,"position":3},"title":"Location\/moischaise de douche29.00","author":"Cyril Hug","date":"13 janvier 2023","format":false,"excerpt":"Je suis int\u00e9ress\u00e9-e par la location de cet article","rel":"","context":"Article similaire","block_context":{"text":"Article similaire","link":""},"img":{"alt_text":"","src":"https:\/\/i0.wp.com\/domitec.ch\/wp-content\/uploads\/2022\/09\/Chaise-de-couche-etac.jpg?fit=390%2C398&ssl=1&resize=350%2C200","width":350,"height":200},"classes":[]},{"id":6084,"url":"https:\/\/domitec.ch\/?product=locationtelealarmedes-31-00-francs-mois","url_meta":{"origin":6164,"position":4},"title":"Locationt\u00e9l\u00e9alarmed\u00e8s 33.00 francs\/mois","author":"Cyril Hug","date":"9 janvier 2023","format":false,"excerpt":"Je suis int\u00e9ress\u00e9-e par la location de cet article","rel":"","context":"Article similaire","block_context":{"text":"Article similaire","link":""},"img":{"alt_text":"","src":"https:\/\/i0.wp.com\/domitec.ch\/wp-content\/uploads\/2022\/09\/la-nouvelle-ta72-generation1-3841102853-e1680077082191.jpg?fit=957%2C747&ssl=1&resize=350%2C200","width":350,"height":200,"srcset":"https:\/\/i0.wp.com\/domitec.ch\/wp-content\/uploads\/2022\/09\/la-nouvelle-ta72-generation1-3841102853-e1680077082191.jpg?fit=957%2C747&ssl=1&resize=350%2C200 1x, https:\/\/i0.wp.com\/domitec.ch\/wp-content\/uploads\/2022\/09\/la-nouvelle-ta72-generation1-3841102853-e1680077082191.jpg?fit=957%2C747&ssl=1&resize=525%2C300 1.5x, https:\/\/i0.wp.com\/domitec.ch\/wp-content\/uploads\/2022\/09\/la-nouvelle-ta72-generation1-3841102853-e1680077082191.jpg?fit=957%2C747&ssl=1&resize=700%2C400 2x"},"classes":[]},{"id":6106,"url":"https:\/\/domitec.ch\/?product=locationfauteuil-roulantdes-55-00-francs-mois","url_meta":{"origin":6164,"position":5},"title":"Locationfauteuil roulant55.00 francs\/mois","author":"Cyril Hug","date":"9 janvier 2023","format":false,"excerpt":"Je suis int\u00e9ress\u00e9-e par la location de cet article","rel":"","context":"Article similaire","block_context":{"text":"Article similaire","link":""},"img":{"alt_text":"","src":"https:\/\/i0.wp.com\/domitec.ch\/wp-content\/uploads\/2023\/01\/Fauteuil-roulant-94169892-e1673339834912.jpg?fit=560%2C515&ssl=1&resize=350%2C200","width":350,"height":200,"srcset":"https:\/\/i0.wp.com\/domitec.ch\/wp-content\/uploads\/2023\/01\/Fauteuil-roulant-94169892-e1673339834912.jpg?fit=560%2C515&ssl=1&resize=350%2C200 1x, https:\/\/i0.wp.com\/domitec.ch\/wp-content\/uploads\/2023\/01\/Fauteuil-roulant-94169892-e1673339834912.jpg?fit=560%2C515&ssl=1&resize=525%2C300 1.5x"},"classes":[]}],"_links":{"self":[{"href":"https:\/\/domitec.ch\/index.php?rest_route=\/wp\/v2\/product\/6164","targetHints":{"allow":["GET"]}}],"collection":[{"href":"https:\/\/domitec.ch\/index.php?rest_route=\/wp\/v2\/product"}],"about":[{"href":"https:\/\/domitec.ch\/index.php?rest_route=\/wp\/v2\/types\/product"}],"wp:featuredmedia":[{"embeddable":true,"href":"https:\/\/domitec.ch\/index.php?rest_route=\/wp\/v2\/media\/6129"}],"wp:attachment":[{"href":"https:\/\/domitec.ch\/index.php?rest_route=%2Fwp%2Fv2%2Fmedia&parent=6164"}],"wp:term":[{"taxonomy":"product_brand","embeddable":true,"href":"https:\/\/domitec.ch\/index.php?rest_route=%2Fwp%2Fv2%2Fproduct_brand&post=6164"},{"taxonomy":"product_cat","embeddable":true,"href":"https:\/\/domitec.ch\/index.php?rest_route=%2Fwp%2Fv2%2Fproduct_cat&post=6164"},{"taxonomy":"product_tag","embeddable":true,"href":"https:\/\/domitec.ch\/index.php?rest_route=%2Fwp%2Fv2%2Fproduct_tag&post=6164"}],"curies":[{"name":"wp","href":"https:\/\/api.w.org\/{rel}","templated":true}]}}