{"id":6153,"date":"2023-01-12T18:49:57","date_gmt":"2023-01-12T17:49:57","guid":{"rendered":"https:\/\/domitec.ch\/?post_type=product&#038;p=6153"},"modified":"2025-05-27T09:49:20","modified_gmt":"2025-05-27T07:49:20","slug":"siege-de-douche-mural-2","status":"publish","type":"product","link":"https:\/\/domitec.ch\/?product=siege-de-douche-mural-2","title":{"rendered":"Si\u00e8ge\u00a0de douche mural"},"content":{"rendered":"<p>Si\u00e8ge de douche mural rabattable<br \/>\nPoids supportable 100 kg<br \/>\nHauteur assise de 43,5 \u00e0 51 cm<br \/>\nDimension 44 x 11 x 45 cm<\/p>\n","protected":false},"excerpt":{"rendered":"<p>Si\u00e8ge de douche mural rabattable<br \/>\nPoids supportable 100 kg<\/p>\n","protected":false},"featured_media":6158,"template":"","meta":{"_crdt_document":"","advanced_seo_description":"","jetpack_seo_html_title":"","jetpack_seo_noindex":false,"jetpack_post_was_ever_published":false,"jetpack_publicize_message":"","jetpack_publicize_feature_enabled":true,"jetpack_social_post_already_shared":true,"jetpack_social_options":{"image_generator_settings":{"template":"highway","default_image_id":0,"font":"","enabled":false},"version":2}},"product_brand":[],"product_cat":[6382],"product_tag":[],"class_list":{"0":"post-6153","1":"product","2":"type-product","3":"status-publish","4":"has-post-thumbnail","6":"product_cat-bc-salle-de-bain","7":"product_shipping_class-poste-normal","9":"first","10":"instock","11":"taxable","12":"shipping-taxable","13":"purchasable","14":"product-type-simple"},"jetpack_publicize_connections":[],"jetpack_likes_enabled":false,"jetpack_sharing_enabled":false,"jetpack-related-posts":[{"id":6134,"url":"https:\/\/domitec.ch\/?product=siege-de-douche-mural","url_meta":{"origin":6153,"position":0},"title":"Si\u00e8ge\u00a0de douche mural","author":"Cyril Hug","date":"12 janvier 2023","format":false,"excerpt":"Si\u00e8ge de douche mural rabattable Hauteur individuelle 45 - 55cm","rel":"","context":"Article similaire","block_context":{"text":"Article similaire","link":""},"img":{"alt_text":"","src":"https:\/\/i0.wp.com\/domitec.ch\/wp-content\/uploads\/2023\/01\/Siege-douche-mural.jpg?fit=466%2C363&ssl=1&resize=350%2C200","width":350,"height":200},"classes":[]},{"id":4134,"url":"https:\/\/domitec.ch\/?product=chaise-percee-douche-sur-roulettes","url_meta":{"origin":6153,"position":1},"title":"Chaise perc\u00e9e-douche sur roulettes","author":"Cyril Hug","date":"25 septembre 2022","format":false,"excerpt":"Chaise perc\u00e9e-douche sur roulettes Avec freins sur les 4 roues Nouveau d\u00e8s novembre 2025: assise de 61 cm","rel":"","context":"Article similaire","block_context":{"text":"Article similaire","link":""},"img":{"alt_text":"","src":"https:\/\/i0.wp.com\/domitec.ch\/wp-content\/uploads\/2022\/09\/Chaise-kakdu1-75821523-e1673341827664.jpg?fit=404%2C422&ssl=1&resize=350%2C200","width":350,"height":200},"classes":[]},{"id":4157,"url":"https:\/\/domitec.ch\/?product=chaise-percee-douche-sur-roulettes-basculante","url_meta":{"origin":6153,"position":2},"title":"Chaise perc\u00e9e-douche sur roulettes basculante","author":"Cyril Hug","date":"25 septembre 2022","format":false,"excerpt":"Chaise de douche \/ perc\u00e9e basculante Largueur assise 38, 45, 50 ou 55 cm","rel":"","context":"Article similaire","block_context":{"text":"Article similaire","link":""},"img":{"alt_text":"","src":"https:\/\/i0.wp.com\/domitec.ch\/wp-content\/uploads\/2022\/09\/Chaise-douche-incli-999339278-e1680076444325.jpg?fit=496%2C529&ssl=1&resize=350%2C200","width":350,"height":200},"classes":[]},{"id":4130,"url":"https:\/\/domitec.ch\/?product=chaise-percee-sur-roulettes","url_meta":{"origin":6153,"position":3},"title":"Chaise perc\u00e9e sur roulettes","author":"Cyril Hug","date":"25 septembre 2022","format":false,"excerpt":"Chaise perc\u00e9e \u00e0 roulettes","rel":"","context":"Article similaire","block_context":{"text":"Article similaire","link":""},"img":{"alt_text":"","src":"https:\/\/i0.wp.com\/domitec.ch\/wp-content\/uploads\/2022\/09\/Chaise-de-douche-roulettes-3839275578-e1673341685623.jpg?fit=589%2C616&ssl=1&resize=350%2C200","width":350,"height":200,"srcset":"https:\/\/i0.wp.com\/domitec.ch\/wp-content\/uploads\/2022\/09\/Chaise-de-douche-roulettes-3839275578-e1673341685623.jpg?fit=589%2C616&ssl=1&resize=350%2C200 1x, https:\/\/i0.wp.com\/domitec.ch\/wp-content\/uploads\/2022\/09\/Chaise-de-douche-roulettes-3839275578-e1673341685623.jpg?fit=589%2C616&ssl=1&resize=525%2C300 1.5x"},"classes":[]},{"id":11874,"url":"https:\/\/domitec.ch\/?product=fauteuil-de-toilette-douche-et-de-transfert-copie","url_meta":{"origin":6153,"position":4},"title":"Fauteuil de toilette douche et de transfert hauteur r\u00e9glable manuellement","author":"Cyril Hug","date":"10 mars 2026","format":false,"excerpt":"Fauteuil de toilette douche et de transfert Hauteur si\u00e8ge fixe r\u00e9glage manuellement Facilite le transfert du lit \u00e0 la douche ou au toilette (Selon la configuration du sol)","rel":"","context":"Article similaire","block_context":{"text":"Article similaire","link":""},"img":{"alt_text":"","src":"https:\/\/i0.wp.com\/domitec.ch\/wp-content\/uploads\/2026\/03\/Chaise-de-transfert-hauteur-reglable-manuellement-1-e1773158575144.png?fit=992%2C997&ssl=1&resize=350%2C200","width":350,"height":200,"srcset":"https:\/\/i0.wp.com\/domitec.ch\/wp-content\/uploads\/2026\/03\/Chaise-de-transfert-hauteur-reglable-manuellement-1-e1773158575144.png?fit=992%2C997&ssl=1&resize=350%2C200 1x, https:\/\/i0.wp.com\/domitec.ch\/wp-content\/uploads\/2026\/03\/Chaise-de-transfert-hauteur-reglable-manuellement-1-e1773158575144.png?fit=992%2C997&ssl=1&resize=525%2C300 1.5x, https:\/\/i0.wp.com\/domitec.ch\/wp-content\/uploads\/2026\/03\/Chaise-de-transfert-hauteur-reglable-manuellement-1-e1773158575144.png?fit=992%2C997&ssl=1&resize=700%2C400 2x"},"classes":[]},{"id":4195,"url":"https:\/\/domitec.ch\/?product=chaise-percee-etac","url_meta":{"origin":6153,"position":5},"title":"Chaise perc\u00e9e Etac","author":"Cyril Hug","date":"25 septembre 2022","format":false,"excerpt":"Chaise de toilette Utilisable directement sur les toilettes ou comme chaise perc\u00e9e","rel":"","context":"Article similaire","block_context":{"text":"Article similaire","link":""},"img":{"alt_text":"","src":"https:\/\/i0.wp.com\/domitec.ch\/wp-content\/uploads\/2023\/04\/Chaise-wc-et-percee.jpg?fit=547%2C532&ssl=1&resize=350%2C200","width":350,"height":200,"srcset":"https:\/\/i0.wp.com\/domitec.ch\/wp-content\/uploads\/2023\/04\/Chaise-wc-et-percee.jpg?fit=547%2C532&ssl=1&resize=350%2C200 1x, https:\/\/i0.wp.com\/domitec.ch\/wp-content\/uploads\/2023\/04\/Chaise-wc-et-percee.jpg?fit=547%2C532&ssl=1&resize=525%2C300 1.5x"},"classes":[]}],"_links":{"self":[{"href":"https:\/\/domitec.ch\/index.php?rest_route=\/wp\/v2\/product\/6153","targetHints":{"allow":["GET"]}}],"collection":[{"href":"https:\/\/domitec.ch\/index.php?rest_route=\/wp\/v2\/product"}],"about":[{"href":"https:\/\/domitec.ch\/index.php?rest_route=\/wp\/v2\/types\/product"}],"wp:featuredmedia":[{"embeddable":true,"href":"https:\/\/domitec.ch\/index.php?rest_route=\/wp\/v2\/media\/6158"}],"wp:attachment":[{"href":"https:\/\/domitec.ch\/index.php?rest_route=%2Fwp%2Fv2%2Fmedia&parent=6153"}],"wp:term":[{"taxonomy":"product_brand","embeddable":true,"href":"https:\/\/domitec.ch\/index.php?rest_route=%2Fwp%2Fv2%2Fproduct_brand&post=6153"},{"taxonomy":"product_cat","embeddable":true,"href":"https:\/\/domitec.ch\/index.php?rest_route=%2Fwp%2Fv2%2Fproduct_cat&post=6153"},{"taxonomy":"product_tag","embeddable":true,"href":"https:\/\/domitec.ch\/index.php?rest_route=%2Fwp%2Fv2%2Fproduct_tag&post=6153"}],"curies":[{"name":"wp","href":"https:\/\/api.w.org\/{rel}","templated":true}]}}