{"id":598,"date":"2022-05-29T23:49:18","date_gmt":"2022-05-29T21:49:18","guid":{"rendered":"https:\/\/domitec.ch\/?post_type=product&#038;p=598"},"modified":"2025-05-27T11:13:27","modified_gmt":"2025-05-27T09:13:27","slug":"lit-xpress","status":"publish","type":"product","link":"https:\/\/domitec.ch\/?product=lit-xpress","title":{"rendered":"Lit X&rsquo;press <br> D\u00e8s 2330.00 francs"},"content":{"rendered":"<p>Lit m\u00e9dicalis\u00e9 adapt\u00e9 \u00e0 la prise en charge des personnes allong\u00e9es ayant perdu leur autonomie motrice<br \/>\nCette perte d\u2019autonomie peut \u00eatre transitoire ou d\u00e9finitive<br \/>\nLivr\u00e9 avec potence et barri\u00e8res<br \/>\nR\u00e9glage \u00e9lectrique de la hauteur, du dos et des jambes<br \/>\nPlicature manuelle des genoux incluses<br \/>\nGrandeur surface couch\u00e9e: 90 x 200 cm<br \/>\nPoids max du patient\u00a0135kg<br \/>\nAmplitude de hauteur du sommier variable de: 34 \u00e0 84 cm<br \/>\nLit m\u00e9dicalis\u00e9 compatible avec S.A.M (Syst\u00e8me d&rsquo;Aide \u00e0 la Mobilit\u00e9)<br \/>\nDiverses couleurs et options possibles<\/p>\n","protected":false},"excerpt":{"rendered":"<h4><a href=\"https:\/\/domitec.ch\/?page_id=6960\" target=\"_blank\" rel=\"noopener\">Je suis int\u00e9ress\u00e9-e par cet article<\/a><\/h4>\n<p>Lit m\u00e9dicalis\u00e9 adapt\u00e9 \u00e0 la prise en charge des personnes allong\u00e9es ayant perdu leur autonomie motrice<br \/>\nCette perte d\u2019autonomie peut \u00eatre transitoire ou d\u00e9finitive<\/p>\n","protected":false},"featured_media":599,"template":"","meta":{"_crdt_document":"","advanced_seo_description":"","jetpack_seo_html_title":"","jetpack_seo_noindex":false,"jetpack_publicize_message":"","jetpack_publicize_feature_enabled":true,"jetpack_social_post_already_shared":true,"jetpack_social_options":{"image_generator_settings":{"template":"highway","default_image_id":0,"font":"","enabled":false},"version":2}},"product_brand":[],"product_cat":[6383],"product_tag":[],"class_list":{"0":"post-598","1":"product","2":"type-product","3":"status-publish","4":"has-post-thumbnail","6":"product_cat-da-lits","7":"product_shipping_class-lit","9":"first","10":"instock","11":"taxable","12":"shipping-taxable","13":"product-type-simple"},"jetpack_publicize_connections":[],"jetpack_likes_enabled":false,"jetpack_sharing_enabled":false,"jetpack-related-posts":[{"id":6993,"url":"https:\/\/domitec.ch\/?product=lit-xpress-largeur-140cm-des-5200-00-francs","url_meta":{"origin":598,"position":0},"title":"Lit X&rsquo;press Largeur 140cm  D\u00e8s 4950.00 francs","author":"Cyril Hug","date":"9 mars 2023","format":false,"excerpt":"Je suis int\u00e9ress\u00e9-e par cet article Lit m\u00e9dicalis\u00e9 adapt\u00e9 \u00e0 la prise en charge des personnes allong\u00e9es ayant perdu leur autonomie motrice Cette perte d\u2019autonomie peut \u00eatre transitoire ou d\u00e9finitive","rel":"","context":"Article similaire","block_context":{"text":"Article similaire","link":""},"img":{"alt_text":"","src":"https:\/\/i0.wp.com\/domitec.ch\/wp-content\/uploads\/2019\/04\/Lit-XL-XPRESS-3697098304-e1673343726327.jpg?fit=655%2C495&ssl=1&resize=350%2C200","width":350,"height":200,"srcset":"https:\/\/i0.wp.com\/domitec.ch\/wp-content\/uploads\/2019\/04\/Lit-XL-XPRESS-3697098304-e1673343726327.jpg?fit=655%2C495&ssl=1&resize=350%2C200 1x, https:\/\/i0.wp.com\/domitec.ch\/wp-content\/uploads\/2019\/04\/Lit-XL-XPRESS-3697098304-e1673343726327.jpg?fit=655%2C495&ssl=1&resize=525%2C300 1.5x"},"classes":[]},{"id":183,"url":"https:\/\/domitec.ch\/?product=lit-aerys","url_meta":{"origin":598,"position":1},"title":"Lit Aerys  D\u00e8s 3300.00 francs","author":"Cyril Hug","date":"18 avril 2019","format":false,"excerpt":"Je suis int\u00e9ress\u00e9-e par cet article Lit m\u00e9dical adapt\u00e9 \u00e0 la prise en charge des personnes en position allong\u00e9e ayant perdu leur autonomie motrice de mani\u00e8re transitoire ou d\u00e9finitive, pr\u00e9sentant un risque de chuter du lit. Pour patients n\u00e9cessitant des soins m\u00e9dicalis\u00e9s. Le lit m\u00e9dicalis\u00e9 AERYS est \u00e9quip\u00e9 de s\u00e9rie\u2026","rel":"","context":"Article similaire","block_context":{"text":"Article similaire","link":""},"img":{"alt_text":"","src":"https:\/\/i0.wp.com\/domitec.ch\/wp-content\/uploads\/2019\/04\/Lit-Aerys2-3535347224-e1673344130940.jpg?fit=719%2C597&ssl=1&resize=350%2C200","width":350,"height":200,"srcset":"https:\/\/i0.wp.com\/domitec.ch\/wp-content\/uploads\/2019\/04\/Lit-Aerys2-3535347224-e1673344130940.jpg?fit=719%2C597&ssl=1&resize=350%2C200 1x, https:\/\/i0.wp.com\/domitec.ch\/wp-content\/uploads\/2019\/04\/Lit-Aerys2-3535347224-e1673344130940.jpg?fit=719%2C597&ssl=1&resize=525%2C300 1.5x, https:\/\/i0.wp.com\/domitec.ch\/wp-content\/uploads\/2019\/04\/Lit-Aerys2-3535347224-e1673344130940.jpg?fit=719%2C597&ssl=1&resize=700%2C400 2x"},"classes":[]},{"id":8174,"url":"https:\/\/domitec.ch\/?product=occasion-lit-aerys","url_meta":{"origin":598,"position":2},"title":"Occasion Lit Aerys","author":"Cyril Hug","date":"3 ao\u00fbt 2023","format":false,"excerpt":"Lit Aerys, lit m\u00e9dical adapt\u00e9 \u00e0 la prise en charge des personnes en position allong\u00e9e ayant perdu leur autonomie motrice de mani\u00e8re transitoire ou d\u00e9finitive. Livraison possible sur demande.","rel":"","context":"Article similaire","block_context":{"text":"Article similaire","link":""},"img":{"alt_text":"","src":"https:\/\/i0.wp.com\/domitec.ch\/wp-content\/uploads\/2019\/04\/Lit-Aerys2-3535347224-e1673344130940.jpg?fit=719%2C597&ssl=1&resize=350%2C200","width":350,"height":200,"srcset":"https:\/\/i0.wp.com\/domitec.ch\/wp-content\/uploads\/2019\/04\/Lit-Aerys2-3535347224-e1673344130940.jpg?fit=719%2C597&ssl=1&resize=350%2C200 1x, https:\/\/i0.wp.com\/domitec.ch\/wp-content\/uploads\/2019\/04\/Lit-Aerys2-3535347224-e1673344130940.jpg?fit=719%2C597&ssl=1&resize=525%2C300 1.5x, https:\/\/i0.wp.com\/domitec.ch\/wp-content\/uploads\/2019\/04\/Lit-Aerys2-3535347224-e1673344130940.jpg?fit=719%2C597&ssl=1&resize=700%2C400 2x"},"classes":[]},{"id":181,"url":"https:\/\/domitec.ch\/?product=lit-xpress-xxl","url_meta":{"origin":598,"position":3},"title":"Lit x&rsquo;press Largeur 120cm  D\u00e8s 4450.00 francs","author":"Cyril Hug","date":"18 avril 2019","format":false,"excerpt":"Je suis int\u00e9ress\u00e9-e par cet article Lit m\u00e9dicalis\u00e9 pour des patients d\u2019un poids de plus de 135 kg ayant perdu leur autonomie motrice. Lit autoportant.","rel":"","context":"Article similaire","block_context":{"text":"Article similaire","link":""},"img":{"alt_text":"","src":"https:\/\/i0.wp.com\/domitec.ch\/wp-content\/uploads\/2019\/04\/Lit-XL-XPRESS-3697098304-e1673343726327.jpg?fit=655%2C495&ssl=1&resize=350%2C200","width":350,"height":200,"srcset":"https:\/\/i0.wp.com\/domitec.ch\/wp-content\/uploads\/2019\/04\/Lit-XL-XPRESS-3697098304-e1673343726327.jpg?fit=655%2C495&ssl=1&resize=350%2C200 1x, https:\/\/i0.wp.com\/domitec.ch\/wp-content\/uploads\/2019\/04\/Lit-XL-XPRESS-3697098304-e1673343726327.jpg?fit=655%2C495&ssl=1&resize=525%2C300 1.5x"},"classes":[]},{"id":185,"url":"https:\/\/domitec.ch\/?product=lit-xpress-low","url_meta":{"origin":598,"position":4},"title":"Lit x&rsquo;press low (alzheimer) D\u00e8s 2450.00 francs","author":"Cyril Hug","date":"18 avril 2019","format":false,"excerpt":"Je suis int\u00e9ress\u00e9-e par cet article Le lit\u00a0X'Press Low\u00a0a pour but de pr\u00e9server\u00a0l'autonomie r\u00e9siduelle\u00a0des personnes \u00e2g\u00e9es ayant une fragilit\u00e9 cognitive, en agissant sur la\u00a0diminution de la gravit\u00e9\u00a0des chutes du lit, et\u00a0la r\u00e9duction\u00a0de l'usage des contentions au lit (physiques, chimiques, psychologiques)","rel":"","context":"Article similaire","block_context":{"text":"Article similaire","link":""},"img":{"alt_text":"","src":"https:\/\/i0.wp.com\/domitec.ch\/wp-content\/uploads\/2022\/10\/Lit-xlow-1872661599-e1680081379928.jpg?fit=451%2C371&ssl=1&resize=350%2C200","width":350,"height":200},"classes":[]},{"id":23,"url":"https:\/\/domitec.ch\/?product=lit-pitchoune-kalin","url_meta":{"origin":598,"position":5},"title":"Lit Kalin  D\u00e8s 3500.00 francs","author":"Cyril Hug","date":"18 avril 2019","format":false,"excerpt":"Je suis int\u00e9ress\u00e9-e par cet article Lit m\u00e9dicalis\u00e9 adapt\u00e9 aux enfants ou adultes pr\u00e9sentant une anatomie atypique d'une taille admise de 125 cm \u00e0 145 cm","rel":"","context":"Article similaire","block_context":{"text":"Article similaire","link":""},"img":{"alt_text":"","src":"https:\/\/i0.wp.com\/domitec.ch\/wp-content\/uploads\/2019\/04\/Lit-Kalin-1096804918-e1673343733181.jpg?fit=695%2C495&ssl=1&resize=350%2C200","width":350,"height":200,"srcset":"https:\/\/i0.wp.com\/domitec.ch\/wp-content\/uploads\/2019\/04\/Lit-Kalin-1096804918-e1673343733181.jpg?fit=695%2C495&ssl=1&resize=350%2C200 1x, https:\/\/i0.wp.com\/domitec.ch\/wp-content\/uploads\/2019\/04\/Lit-Kalin-1096804918-e1673343733181.jpg?fit=695%2C495&ssl=1&resize=525%2C300 1.5x"},"classes":[]}],"_links":{"self":[{"href":"https:\/\/domitec.ch\/index.php?rest_route=\/wp\/v2\/product\/598","targetHints":{"allow":["GET"]}}],"collection":[{"href":"https:\/\/domitec.ch\/index.php?rest_route=\/wp\/v2\/product"}],"about":[{"href":"https:\/\/domitec.ch\/index.php?rest_route=\/wp\/v2\/types\/product"}],"wp:featuredmedia":[{"embeddable":true,"href":"https:\/\/domitec.ch\/index.php?rest_route=\/wp\/v2\/media\/599"}],"wp:attachment":[{"href":"https:\/\/domitec.ch\/index.php?rest_route=%2Fwp%2Fv2%2Fmedia&parent=598"}],"wp:term":[{"taxonomy":"product_brand","embeddable":true,"href":"https:\/\/domitec.ch\/index.php?rest_route=%2Fwp%2Fv2%2Fproduct_brand&post=598"},{"taxonomy":"product_cat","embeddable":true,"href":"https:\/\/domitec.ch\/index.php?rest_route=%2Fwp%2Fv2%2Fproduct_cat&post=598"},{"taxonomy":"product_tag","embeddable":true,"href":"https:\/\/domitec.ch\/index.php?rest_route=%2Fwp%2Fv2%2Fproduct_tag&post=598"}],"curies":[{"name":"wp","href":"https:\/\/api.w.org\/{rel}","templated":true}]}}