{"id":5815,"date":"2022-12-30T11:11:43","date_gmt":"2022-12-30T10:11:43","guid":{"rendered":"https:\/\/domitec.ch\/?post_type=product&#038;p=5815"},"modified":"2025-05-27T09:52:45","modified_gmt":"2025-05-27T07:52:45","slug":"fauteuil-roulant-econ-xxl","status":"publish","type":"product","link":"https:\/\/domitec.ch\/?product=fauteuil-roulant-econ-xxl","title":{"rendered":"Fauteuil roulant ECON XXL"},"content":{"rendered":"<p>Fauteuil roulant ECON XXL<br \/>\nAvec une assise g\u00e9n\u00e9reuse pour les personnes fortes ou \u00e0 hanches larges<br \/>\nAvec freins d&rsquo;accompagnements<br \/>\nDossier non inclinable<br \/>\nLargeur d&rsquo;assise : 60, 65 ou 70 cm<br \/>\nLargueur total : + 22cm<br \/>\nHauteur d&rsquo;assise : 50 cm<br \/>\nProfondeur d&rsquo;assise : 48 cm<br \/>\nPoids max supportable : 250 kg<br \/>\nPoids du fauteuil avec freins 35.2 kg<br \/>\nCouleur ch\u00e2ssis : gris<\/p>\n","protected":false},"excerpt":{"rendered":"<p>Fauteuil roulant ECON XXL<br \/>\nAvec une assise g\u00e9n\u00e9reuse pour les personnes fortes ou \u00e0 hanches larges<\/p>\n","protected":false},"featured_media":5832,"template":"","meta":{"_crdt_document":"","advanced_seo_description":"","jetpack_seo_html_title":"","jetpack_seo_noindex":false,"jetpack_post_was_ever_published":false,"jetpack_publicize_message":"","jetpack_publicize_feature_enabled":true,"jetpack_social_post_already_shared":true,"jetpack_social_options":{"image_generator_settings":{"template":"highway","default_image_id":0,"font":"","enabled":false},"version":2}},"product_brand":[],"product_cat":[6376,6625],"product_tag":[],"class_list":{"0":"post-5815","1":"product","2":"type-product","3":"status-publish","4":"has-post-thumbnail","6":"product_cat-ac-fauteuils-roulants-manuels","7":"product_cat-sc-gamme-large","8":"product_shipping_class-matelas-et-encombrant","10":"first","11":"instock","12":"taxable","13":"shipping-taxable","14":"purchasable","15":"product-type-variable"},"jetpack_publicize_connections":[],"jetpack_likes_enabled":false,"jetpack_sharing_enabled":false,"jetpack-related-posts":[{"id":178,"url":"https:\/\/domitec.ch\/?product=fauteuil-roulant-sf","url_meta":{"origin":5815,"position":0},"title":"Fauteuil roulant","author":"Cyril Hug","date":"18 avril 2019","format":false,"excerpt":"Fauteuil roulant \"dolphin\" Largeur total de la chaise: largueur d'assise + 20,3 cm","rel":"","context":"Article similaire","block_context":{"text":"Article similaire","link":""},"img":{"alt_text":"","src":"https:\/\/i0.wp.com\/domitec.ch\/wp-content\/uploads\/2019\/04\/Fauteuil-roulant.jpg?fit=500%2C500&ssl=1&resize=350%2C200","width":350,"height":200},"classes":[]},{"id":7101,"url":"https:\/\/domitec.ch\/?product=fauteuil-roulant-electrique-neo-xxl","url_meta":{"origin":5815,"position":1},"title":"Fauteuil roulant \u00e9lectrique N\u00e9o XXL","author":"Cyril Hug","date":"24 mars 2023","format":false,"excerpt":"Fauteuil roulant \u00e9lectrique N\u00e9o XXL Le Neo offre beaucoup de confort en termes de comportement de conduite ainsi que d'utilisation et d'assise","rel":"","context":"Article similaire","block_context":{"text":"Article similaire","link":""},"img":{"alt_text":"","src":"https:\/\/i0.wp.com\/domitec.ch\/wp-content\/uploads\/2023\/03\/FRENeoXXL-1-e1679669572790.jpg?fit=388%2C447&ssl=1&resize=350%2C200","width":350,"height":200},"classes":[]},{"id":1673,"url":"https:\/\/domitec.ch\/?product=fauteuil-roulant-dossier-inclinable","url_meta":{"origin":5815,"position":2},"title":"Fauteuil roulant dossier inclinable","author":"Cyril Hug","date":"8 juin 2022","format":false,"excerpt":"Fauteuil roulant \"dolphin\" Largeur total de la chaise: largueur d'assise + 20,3 cm","rel":"","context":"Article similaire","block_context":{"text":"Article similaire","link":""},"img":{"alt_text":"","src":"https:\/\/i0.wp.com\/domitec.ch\/wp-content\/uploads\/2019\/04\/Fauteuil-roulant-dossier-inclinable.jpg?fit=500%2C500&ssl=1&resize=350%2C200","width":350,"height":200},"classes":[]},{"id":8332,"url":"https:\/\/domitec.ch\/?product=fauteuil-roulant-action3ng","url_meta":{"origin":5815,"position":3},"title":"Fauteuil roulant Action\u00ae3NG","author":"Cyril Hug","date":"12 d\u00e9cembre 2023","format":false,"excerpt":"Fauteuil roulant Action\u00ae3NG Le fauteuil roulant en aluminium\u00a0Invacare\u00ae\u00a0Action\u00ae3NG\u00a0est destin\u00e9 \u00e0 un usage quotidien pour des utilisateurs ind\u00e9pendants","rel":"","context":"Article similaire","block_context":{"text":"Article similaire","link":""},"img":{"alt_text":"","src":"https:\/\/i0.wp.com\/domitec.ch\/wp-content\/uploads\/2023\/12\/Fauteuil-NG3.jpg?fit=578%2C547&ssl=1&resize=350%2C200","width":350,"height":200,"srcset":"https:\/\/i0.wp.com\/domitec.ch\/wp-content\/uploads\/2023\/12\/Fauteuil-NG3.jpg?fit=578%2C547&ssl=1&resize=350%2C200 1x, https:\/\/i0.wp.com\/domitec.ch\/wp-content\/uploads\/2023\/12\/Fauteuil-NG3.jpg?fit=578%2C547&ssl=1&resize=525%2C300 1.5x"},"classes":[]},{"id":5385,"url":"https:\/\/domitec.ch\/?product=fauteuil-roulant-confort-protego","url_meta":{"origin":5815,"position":4},"title":"Fauteuil roulant confort Protego","author":"Cyril Hug","date":"21 novembre 2022","format":false,"excerpt":"Fauteuil roulant \"dolphin\" Largeur total de la chaise: largueur d'assise + 20,3 cm","rel":"","context":"Article similaire","block_context":{"text":"Article similaire","link":""},"img":{"alt_text":"","src":"https:\/\/i0.wp.com\/domitec.ch\/wp-content\/uploads\/2022\/11\/Fauteuil-confort1-2010005760-e1673341295468.jpg?fit=393%2C410&ssl=1&resize=350%2C200","width":350,"height":200},"classes":[]},{"id":11938,"url":"https:\/\/domitec.ch\/?product=fauteuil-releveur-xxl-titan","url_meta":{"origin":5815,"position":5},"title":"Fauteuil releveur XXL Titan","author":"Cyril Hug","date":"31 mars 2026","format":false,"excerpt":"Fauteuil releveur XXL \u00e9lectrique, rev\u00eatement tissu","rel":"","context":"Article similaire","block_context":{"text":"Article similaire","link":""},"img":{"alt_text":"","src":"https:\/\/i0.wp.com\/domitec.ch\/wp-content\/uploads\/2026\/03\/Fauteuil-titan.png?fit=642%2C533&ssl=1&resize=350%2C200","width":350,"height":200,"srcset":"https:\/\/i0.wp.com\/domitec.ch\/wp-content\/uploads\/2026\/03\/Fauteuil-titan.png?fit=642%2C533&ssl=1&resize=350%2C200 1x, https:\/\/i0.wp.com\/domitec.ch\/wp-content\/uploads\/2026\/03\/Fauteuil-titan.png?fit=642%2C533&ssl=1&resize=525%2C300 1.5x"},"classes":[]}],"_links":{"self":[{"href":"https:\/\/domitec.ch\/index.php?rest_route=\/wp\/v2\/product\/5815","targetHints":{"allow":["GET"]}}],"collection":[{"href":"https:\/\/domitec.ch\/index.php?rest_route=\/wp\/v2\/product"}],"about":[{"href":"https:\/\/domitec.ch\/index.php?rest_route=\/wp\/v2\/types\/product"}],"wp:featuredmedia":[{"embeddable":true,"href":"https:\/\/domitec.ch\/index.php?rest_route=\/wp\/v2\/media\/5832"}],"wp:attachment":[{"href":"https:\/\/domitec.ch\/index.php?rest_route=%2Fwp%2Fv2%2Fmedia&parent=5815"}],"wp:term":[{"taxonomy":"product_brand","embeddable":true,"href":"https:\/\/domitec.ch\/index.php?rest_route=%2Fwp%2Fv2%2Fproduct_brand&post=5815"},{"taxonomy":"product_cat","embeddable":true,"href":"https:\/\/domitec.ch\/index.php?rest_route=%2Fwp%2Fv2%2Fproduct_cat&post=5815"},{"taxonomy":"product_tag","embeddable":true,"href":"https:\/\/domitec.ch\/index.php?rest_route=%2Fwp%2Fv2%2Fproduct_tag&post=5815"}],"curies":[{"name":"wp","href":"https:\/\/api.w.org\/{rel}","templated":true}]}}