{"id":4898,"date":"2022-09-30T09:11:30","date_gmt":"2022-09-30T07:11:30","guid":{"rendered":"https:\/\/domitec.ch\/?post_type=product&#038;p=4898"},"modified":"2025-05-27T10:22:34","modified_gmt":"2025-05-27T08:22:34","slug":"coussin-axtair-axensor","status":"publish","type":"product","link":"https:\/\/domitec.ch\/?product=coussin-axtair-axensor","title":{"rendered":"Coussin Axtair Axensor"},"content":{"rendered":"<p>Coussin \u00e0 air motoris\u00e9 pour compresseur Axtair Automorpho\u00ae Axensor\u00ae automatique et communiquant.<br \/>\nAide \u00e0 la pr\u00e9vention d&rsquo;escarre(s) pour patient \u00e0 risque\u00a0\u00e9lev\u00e9 \u00e0 tr\u00e8s \u00e9lev\u00e9\u00a0en position assise, sans trouble de la stabilit\u00e9 ou avec trouble mineur dans le plan sagittal.<br \/>\nPoids patient de\u00a030 \u00e0 150 Kg<\/p>\n<p>CARACT\u00c9RISTIQUES PRINCIPALES<\/p>\n<p>Coussin \u00e0 air motoris\u00e9 de 6 cellules de 10 cm de hauteur d&rsquo;air th\u00e9rapeutique<br \/>\nPremi\u00e8re cellule avant statique pour pr\u00e9venir le gliss\u00e9 avant et garantir le confort du patient<br \/>\nAlternance des pressions: 1 cellule sur 2 toutes les 4 minutes<br \/>\nHousse soud\u00e9e en Promust CIC s\u00e9rigraphi\u00e9e pour la pr\u00e9vention des contaminations crois\u00e9es<br \/>\nDot\u00e9 de la Technology Axensor\u00ae pour un contr\u00f4le en temps r\u00e9el des fonctionnalit\u00e9s du support<\/p>\n","protected":false},"excerpt":{"rendered":"<p>Coussin \u00e0 air motoris\u00e9 pour compresseur Axtair Automorpho\u00ae Axensor\u00ae automatique et communiquant. Aide \u00e0 la pr\u00e9vention d&rsquo;escarre(s) pour patient \u00e0&hellip;<\/p>\n","protected":false},"featured_media":4900,"template":"","meta":{"_crdt_document":"","advanced_seo_description":"","jetpack_seo_html_title":"","jetpack_seo_noindex":false,"jetpack_post_was_ever_published":true,"jetpack_publicize_message":"","jetpack_publicize_feature_enabled":true,"jetpack_social_post_already_shared":true,"jetpack_social_options":{"image_generator_settings":{"template":"highway","default_image_id":0,"font":"","enabled":false},"version":2}},"product_brand":[],"product_cat":[6597,6401],"product_tag":[],"class_list":{"0":"post-4898","1":"product","2":"type-product","3":"status-publish","4":"has-post-thumbnail","6":"product_cat-matelas-a-air","7":"product_cat-pb-coussins-pour-chaises","8":"product_shipping_class-poste-grand-paquet","10":"first","11":"instock","12":"taxable","13":"shipping-taxable","14":"purchasable","15":"product-type-simple"},"jetpack_publicize_connections":[],"jetpack_likes_enabled":false,"jetpack_sharing_enabled":false,"jetpack-related-posts":[{"id":4837,"url":"https:\/\/domitec.ch\/?product=matelas-axtair-automorpho-axensor","url_meta":{"origin":4898,"position":0},"title":"Matelas axtair automorpho Axensor","author":"Cyril Hug","date":"29 septembre 2022","format":false,"excerpt":"Gamme innovante et communicante de\u00a0 matelas \u00e0 air motoris\u00e9 pour patient \u00e0 risque d'escarre(s) \u00ab moyen \u00e0 \u00e9lev\u00e9\u00a0\u00bb ou porteur d'escarre(s) constitu\u00e9e(s) de\u00a0stade 1 \u00e0 4 en zone d'appui selon jugement clinique","rel":"","context":"Article similaire","block_context":{"text":"Article similaire","link":""},"img":{"alt_text":"","src":"https:\/\/i0.wp.com\/domitec.ch\/wp-content\/uploads\/2022\/09\/Matelas-air-one-2745370761-e1673343441918.jpg?fit=466%2C333&ssl=1&resize=350%2C200","width":350,"height":200},"classes":[]},{"id":4829,"url":"https:\/\/domitec.ch\/?product=matelas-axtair-one","url_meta":{"origin":4898,"position":1},"title":"Surmatelas Axtair One","author":"Cyril Hug","date":"29 septembre 2022","format":false,"excerpt":"Matelas \u00e0 air motoris\u00e9 pour patient \u00e0 risque d'escarre(s) \"Moyen \u00e0 \u00e9lev\u00e9\" Aide au traitement des escarres de stade 1 \u00e0 2 en zone d'appui selon le jugement clinique Dimensions 195 x 87 x 17 cm Poids patients de 30 \u00e0 110kg CARACT\u00c9RISTIQUES PRINCIPALES : Air altern\u00e9 avec 18 cellules\u2026","rel":"","context":"Article similaire","block_context":{"text":"Article similaire","link":""},"img":{"alt_text":"","src":"https:\/\/i0.wp.com\/domitec.ch\/wp-content\/uploads\/2022\/09\/Matelas-air-one-2745370761-e1673343441918.jpg?fit=466%2C333&ssl=1&resize=350%2C200","width":350,"height":200},"classes":[]},{"id":4846,"url":"https:\/\/domitec.ch\/?product=matelas-axtair-xxl","url_meta":{"origin":4898,"position":2},"title":"MATELAS AXTAIR XXL","author":"Cyril Hug","date":"29 septembre 2022","format":false,"excerpt":"Matelas \u00e0 air motoris\u00e9 pour patient \u00e0 risque d'escarre(s) \u00ab\u00a0moyen \u00e0 \u00e9lev\u00e9\u00a0\u00bb ou porteur d'escarre(s) constitu\u00e9e(s) de\u00a0stade 1 \u00e0 4\u00a0en zone d'appui selon jugement clinique. Pour des patients de\u00a0100 \u00e0 270 Kg Largueur 120 ou 140 cm","rel":"","context":"Article similaire","block_context":{"text":"Article similaire","link":""},"img":{"alt_text":"","src":"https:\/\/i0.wp.com\/domitec.ch\/wp-content\/uploads\/2022\/09\/Matelas-air-Axtair-XXL-4286996704-e1673344371672.jpg?fit=662%2C565&ssl=1&resize=350%2C200","width":350,"height":200,"srcset":"https:\/\/i0.wp.com\/domitec.ch\/wp-content\/uploads\/2022\/09\/Matelas-air-Axtair-XXL-4286996704-e1673344371672.jpg?fit=662%2C565&ssl=1&resize=350%2C200 1x, https:\/\/i0.wp.com\/domitec.ch\/wp-content\/uploads\/2022\/09\/Matelas-air-Axtair-XXL-4286996704-e1673344371672.jpg?fit=662%2C565&ssl=1&resize=525%2C300 1.5x"},"classes":[]},{"id":4834,"url":"https:\/\/domitec.ch\/?product=matelas-axtair-automorpho-plus","url_meta":{"origin":4898,"position":3},"title":"Matelas axtair automorpho Plus","author":"Cyril Hug","date":"29 septembre 2022","format":false,"excerpt":"Matelas \u00e0 air motoris\u00e9 pour patient \u00e0 risque d'escarre(s) \u00ab moyen \u00e0 \u00e9lev\u00e9 \u00bb ou porteur d'escarre(s) constitu\u00e9e(s) de stade 1 \u00e0 4 en zone d'appui selon jugement clinique Pour patient alit\u00e9 plus de 15 heures par jour Poids patient de\u00a030 \u00e0 165 Kg. Caract\u00e9ristiques: Matelas compos\u00e9 de 18 cellules\u2026","rel":"","context":"Article similaire","block_context":{"text":"Article similaire","link":""},"img":{"alt_text":"","src":"https:\/\/i0.wp.com\/domitec.ch\/wp-content\/uploads\/2022\/09\/Matelas-air-one-2745370761-e1673343441918.jpg?fit=466%2C333&ssl=1&resize=350%2C200","width":350,"height":200},"classes":[]},{"id":10502,"url":"https:\/\/domitec.ch\/?product=coussin-matrx-flo-tech-contour-loback","url_meta":{"origin":4898,"position":4},"title":"Coussin Matrx Flo-tech Contour LoBack","author":"Cyril Hug","date":"17 f\u00e9vrier 2024","format":false,"excerpt":"Coussin Matrx Flo-tech Contour LoBack Mousse visco\u00e9lastique \u00e0 m\u00e9moire de forme. Pr\u00e9vention des escarres jusqu\u2018\u00e0 classe II-III Coussin\u00a0 avec un angle d\u2019assise assure une meilleure r\u00e9partition de la pression, une position stable du bassin et une assise active En abaissant le coussin \u00e0 l\u2019arri\u00e8re, l\u2019utilisateur peut \u00e9galement \u00eatre positionn\u00e9 plus\u2026","rel":"","context":"Article similaire","block_context":{"text":"Article similaire","link":""},"img":{"alt_text":"","src":"https:\/\/i0.wp.com\/domitec.ch\/wp-content\/uploads\/2024\/02\/Coussin-Flotech-contour-LoBack1-e1708181491753.jpg?fit=699%2C538&ssl=1&resize=350%2C200","width":350,"height":200,"srcset":"https:\/\/i0.wp.com\/domitec.ch\/wp-content\/uploads\/2024\/02\/Coussin-Flotech-contour-LoBack1-e1708181491753.jpg?fit=699%2C538&ssl=1&resize=350%2C200 1x, https:\/\/i0.wp.com\/domitec.ch\/wp-content\/uploads\/2024\/02\/Coussin-Flotech-contour-LoBack1-e1708181491753.jpg?fit=699%2C538&ssl=1&resize=525%2C300 1.5x"},"classes":[]},{"id":6159,"url":"https:\/\/domitec.ch\/?product=locationmatelas-anti-escarres149-00frs-mois","url_meta":{"origin":4898,"position":5},"title":"Locationmatelas anti-escarres145.00frs\/mois","author":"Cyril Hug","date":"13 janvier 2023","format":false,"excerpt":"Je suis int\u00e9ress\u00e9-e par la location de cet article Matelas \u00e0 air motoris\u00e9 pour patient \u00e0 risque d\u2019escarre(s) \u00e9lev\u00e9 Aide au traitement des escarres de stade 1 \u00e0 4","rel":"","context":"Article similaire","block_context":{"text":"Article similaire","link":""},"img":{"alt_text":"","src":"https:\/\/i0.wp.com\/domitec.ch\/wp-content\/uploads\/2022\/09\/Matelas-air-one-2745370761-e1673343441918.jpg?fit=466%2C333&ssl=1&resize=350%2C200","width":350,"height":200},"classes":[]}],"_links":{"self":[{"href":"https:\/\/domitec.ch\/index.php?rest_route=\/wp\/v2\/product\/4898","targetHints":{"allow":["GET"]}}],"collection":[{"href":"https:\/\/domitec.ch\/index.php?rest_route=\/wp\/v2\/product"}],"about":[{"href":"https:\/\/domitec.ch\/index.php?rest_route=\/wp\/v2\/types\/product"}],"wp:featuredmedia":[{"embeddable":true,"href":"https:\/\/domitec.ch\/index.php?rest_route=\/wp\/v2\/media\/4900"}],"wp:attachment":[{"href":"https:\/\/domitec.ch\/index.php?rest_route=%2Fwp%2Fv2%2Fmedia&parent=4898"}],"wp:term":[{"taxonomy":"product_brand","embeddable":true,"href":"https:\/\/domitec.ch\/index.php?rest_route=%2Fwp%2Fv2%2Fproduct_brand&post=4898"},{"taxonomy":"product_cat","embeddable":true,"href":"https:\/\/domitec.ch\/index.php?rest_route=%2Fwp%2Fv2%2Fproduct_cat&post=4898"},{"taxonomy":"product_tag","embeddable":true,"href":"https:\/\/domitec.ch\/index.php?rest_route=%2Fwp%2Fv2%2Fproduct_tag&post=4898"}],"curies":[{"name":"wp","href":"https:\/\/api.w.org\/{rel}","templated":true}]}}