{"id":4896,"date":"2022-09-30T09:02:24","date_gmt":"2022-09-30T07:02:24","guid":{"rendered":"https:\/\/domitec.ch\/?post_type=product&#038;p=4896"},"modified":"2025-05-27T10:22:42","modified_gmt":"2025-05-27T08:22:42","slug":"matelas-alova-junior","status":"publish","type":"product","link":"https:\/\/domitec.ch\/?product=matelas-alova-junior","title":{"rendered":"Matelas Alova Junior"},"content":{"rendered":"<p>Matelas Alova\u00ae Junior<br \/>\nAide \u00e0 la pr\u00e9vention d\u2019escarre(s) pour patient \u00e0 risque moyen \u00e0 \u00e9lev\u00e9<br \/>\nPour enfants de 6 \u00e0 12 ans ou pour une taille jusqu\u2019\u00e0 145 cm<br \/>\nDimension: 170 x 82 x 14 cm<br \/>\nPoids patient: 15 \u00e0 70 kg<br \/>\nHousse int\u00e9grable amovible et lavable<br \/>\nMousse visco\u00e9lastique moul\u00e9e: 80 kg\/m3<\/p>\n","protected":false},"excerpt":{"rendered":"<p>Aide \u00e0 la pr\u00e9vention d\u2019escarre(s) pour patient \u00e0 risque moyen \u00e0 \u00e9lev\u00e9<\/p>\n","protected":false},"featured_media":4897,"template":"","meta":{"_crdt_document":"","advanced_seo_description":"","jetpack_seo_html_title":"","jetpack_seo_noindex":false,"jetpack_post_was_ever_published":true,"jetpack_publicize_message":"","jetpack_publicize_feature_enabled":true,"jetpack_social_post_already_shared":true,"jetpack_social_options":{"image_generator_settings":{"template":"highway","default_image_id":0,"font":"","enabled":false},"version":2}},"product_brand":[],"product_cat":[6596],"product_tag":[],"class_list":{"0":"post-4896","1":"product","2":"type-product","3":"status-publish","4":"has-post-thumbnail","6":"product_cat-matelas-statique","7":"product_shipping_class-matelas-et-encombrant","9":"first","10":"instock","11":"taxable","12":"shipping-taxable","13":"purchasable","14":"product-type-simple"},"jetpack_publicize_connections":[],"jetpack_likes_enabled":false,"jetpack_sharing_enabled":false,"jetpack-related-posts":[{"id":4877,"url":"https:\/\/domitec.ch\/?product=matelas-alova-xxl","url_meta":{"origin":4896,"position":0},"title":"Matelas Alova XXL","author":"Cyril Hug","date":"29 septembre 2022","format":false,"excerpt":"Aide \u00e0 la pr\u00e9vention d'escarre(s) pour patient \u00e0 risque moyen \u00e0 \u00e9lev\u00e9, alit\u00e9 plus de 15 heures par jour","rel":"","context":"Article similaire","block_context":{"text":"Article similaire","link":""},"img":{"alt_text":"","src":"https:\/\/i0.wp.com\/domitec.ch\/wp-content\/uploads\/2022\/09\/Matelas-XL-2905676883-e1680080769174.jpg?fit=773%2C566&ssl=1&resize=350%2C200","width":350,"height":200,"srcset":"https:\/\/i0.wp.com\/domitec.ch\/wp-content\/uploads\/2022\/09\/Matelas-XL-2905676883-e1680080769174.jpg?fit=773%2C566&ssl=1&resize=350%2C200 1x, https:\/\/i0.wp.com\/domitec.ch\/wp-content\/uploads\/2022\/09\/Matelas-XL-2905676883-e1680080769174.jpg?fit=773%2C566&ssl=1&resize=525%2C300 1.5x, https:\/\/i0.wp.com\/domitec.ch\/wp-content\/uploads\/2022\/09\/Matelas-XL-2905676883-e1680080769174.jpg?fit=773%2C566&ssl=1&resize=700%2C400 2x"},"classes":[]},{"id":4861,"url":"https:\/\/domitec.ch\/?product=matelas-alova","url_meta":{"origin":4896,"position":1},"title":"Matelas Alova","author":"Cyril Hug","date":"29 septembre 2022","format":false,"excerpt":"Aide \u00e0 la pr\u00e9vention d'escarre(s) pour patient \u00e0 risque\u00a0moyen \u00e0 \u00e9lev\u00e9, alit\u00e9 plus de 15 heures par jour.","rel":"","context":"Article similaire","block_context":{"text":"Article similaire","link":""},"img":{"alt_text":"","src":"https:\/\/i0.wp.com\/domitec.ch\/wp-content\/uploads\/2022\/09\/Matelas-Alova-3951775071-e1673343344907.jpg?fit=439%2C326&ssl=1&resize=350%2C200","width":350,"height":200},"classes":[]},{"id":4869,"url":"https:\/\/domitec.ch\/?product=matelas-alova-xl","url_meta":{"origin":4896,"position":2},"title":"Matelas Alova XL","author":"Cyril Hug","date":"29 septembre 2022","format":false,"excerpt":"Aide \u00e0 la pr\u00e9vention d'escarre(s) pour patient \u00e0 risque\u00a0moyen \u00e0 \u00e9lev\u00e9, alit\u00e9 plus de 15 heures par jour. Aide au traitement d'escarre(s) de\u00a0stade 1 \u00e0 2\u00a0associ\u00e9 \u00e0 un syst\u00e8me de d\u00e9charge localis\u00e9e ou de positionnement. Poids patient:\u00a030 \u00e0 150 kg Dimension : 120 ou 140 x 200 cm Caract\u00e9ristiques: Matelas\u2026","rel":"","context":"Article similaire","block_context":{"text":"Article similaire","link":""},"img":{"alt_text":"","src":"https:\/\/i0.wp.com\/domitec.ch\/wp-content\/uploads\/2022\/09\/Matelas-XL-2905676883-e1680080769174.jpg?fit=773%2C566&ssl=1&resize=350%2C200","width":350,"height":200,"srcset":"https:\/\/i0.wp.com\/domitec.ch\/wp-content\/uploads\/2022\/09\/Matelas-XL-2905676883-e1680080769174.jpg?fit=773%2C566&ssl=1&resize=350%2C200 1x, https:\/\/i0.wp.com\/domitec.ch\/wp-content\/uploads\/2022\/09\/Matelas-XL-2905676883-e1680080769174.jpg?fit=773%2C566&ssl=1&resize=525%2C300 1.5x, https:\/\/i0.wp.com\/domitec.ch\/wp-content\/uploads\/2022\/09\/Matelas-XL-2905676883-e1680080769174.jpg?fit=773%2C566&ssl=1&resize=700%2C400 2x"},"classes":[]},{"id":4856,"url":"https:\/\/domitec.ch\/?product=matelas-morfea","url_meta":{"origin":4896,"position":3},"title":"Matelas Morf\u00e9a","author":"Cyril Hug","date":"29 septembre 2022","format":false,"excerpt":"Aide \u00e0 la pr\u00e9ventions d'escarre(s) pour patient \u00e0 risque\u00a0nul \u00e0 faible","rel":"","context":"Article similaire","block_context":{"text":"Article similaire","link":""},"img":{"alt_text":"","src":"https:\/\/i0.wp.com\/domitec.ch\/wp-content\/uploads\/2022\/09\/Matelas-morfea-4269748160-e1673343372375.jpg?fit=462%2C368&ssl=1&resize=350%2C200","width":350,"height":200},"classes":[]},{"id":4837,"url":"https:\/\/domitec.ch\/?product=matelas-axtair-automorpho-axensor","url_meta":{"origin":4896,"position":4},"title":"Matelas axtair automorpho Axensor","author":"Cyril Hug","date":"29 septembre 2022","format":false,"excerpt":"Gamme innovante et communicante de\u00a0 matelas \u00e0 air motoris\u00e9 pour patient \u00e0 risque d'escarre(s) \u00ab moyen \u00e0 \u00e9lev\u00e9\u00a0\u00bb ou porteur d'escarre(s) constitu\u00e9e(s) de\u00a0stade 1 \u00e0 4 en zone d'appui selon jugement clinique","rel":"","context":"Article similaire","block_context":{"text":"Article similaire","link":""},"img":{"alt_text":"","src":"https:\/\/i0.wp.com\/domitec.ch\/wp-content\/uploads\/2022\/09\/Matelas-air-one-2745370761-e1673343441918.jpg?fit=466%2C333&ssl=1&resize=350%2C200","width":350,"height":200},"classes":[]},{"id":4893,"url":"https:\/\/domitec.ch\/?product=matelas-epsus","url_meta":{"origin":4896,"position":5},"title":"Matelas Epsus","author":"Cyril Hug","date":"30 septembre 2022","format":false,"excerpt":"Aide \u00e0 la pr\u00e9vention d'escarre(s) pour patient \u00e0 risque\u00a0moyen \u00e0 \u00e9lev\u00e9, alit\u00e9 plus de 15 heures par jour. Aide au traitement d'escarre(s) de\u00a0stade 1 \u00e0 2\u00a0associ\u00e9 \u00e0 un syst\u00e8me de d\u00e9charge localis\u00e9e ou de positionnement. Poids patient de\u00a030 \u00e0 120 Kg Caract\u00e9ristiques: Matelas monobloc en mousse Haute R\u00e9silience (HR) compos\u00e9\u2026","rel":"","context":"Article similaire","block_context":{"text":"Article similaire","link":""},"img":{"alt_text":"","src":"https:\/\/i0.wp.com\/domitec.ch\/wp-content\/uploads\/2022\/09\/Matelas-Epsus-3379329831-e1673343252855.jpg?fit=833%2C629&ssl=1&resize=350%2C200","width":350,"height":200,"srcset":"https:\/\/i0.wp.com\/domitec.ch\/wp-content\/uploads\/2022\/09\/Matelas-Epsus-3379329831-e1673343252855.jpg?fit=833%2C629&ssl=1&resize=350%2C200 1x, https:\/\/i0.wp.com\/domitec.ch\/wp-content\/uploads\/2022\/09\/Matelas-Epsus-3379329831-e1673343252855.jpg?fit=833%2C629&ssl=1&resize=525%2C300 1.5x, https:\/\/i0.wp.com\/domitec.ch\/wp-content\/uploads\/2022\/09\/Matelas-Epsus-3379329831-e1673343252855.jpg?fit=833%2C629&ssl=1&resize=700%2C400 2x"},"classes":[]}],"_links":{"self":[{"href":"https:\/\/domitec.ch\/index.php?rest_route=\/wp\/v2\/product\/4896","targetHints":{"allow":["GET"]}}],"collection":[{"href":"https:\/\/domitec.ch\/index.php?rest_route=\/wp\/v2\/product"}],"about":[{"href":"https:\/\/domitec.ch\/index.php?rest_route=\/wp\/v2\/types\/product"}],"wp:featuredmedia":[{"embeddable":true,"href":"https:\/\/domitec.ch\/index.php?rest_route=\/wp\/v2\/media\/4897"}],"wp:attachment":[{"href":"https:\/\/domitec.ch\/index.php?rest_route=%2Fwp%2Fv2%2Fmedia&parent=4896"}],"wp:term":[{"taxonomy":"product_brand","embeddable":true,"href":"https:\/\/domitec.ch\/index.php?rest_route=%2Fwp%2Fv2%2Fproduct_brand&post=4896"},{"taxonomy":"product_cat","embeddable":true,"href":"https:\/\/domitec.ch\/index.php?rest_route=%2Fwp%2Fv2%2Fproduct_cat&post=4896"},{"taxonomy":"product_tag","embeddable":true,"href":"https:\/\/domitec.ch\/index.php?rest_route=%2Fwp%2Fv2%2Fproduct_tag&post=4896"}],"curies":[{"name":"wp","href":"https:\/\/api.w.org\/{rel}","templated":true}]}}