{"id":4861,"date":"2022-09-29T20:39:55","date_gmt":"2022-09-29T18:39:55","guid":{"rendered":"https:\/\/domitec.ch\/?post_type=product&#038;p=4861"},"modified":"2025-05-27T15:29:41","modified_gmt":"2025-05-27T13:29:41","slug":"matelas-alova","status":"publish","type":"product","link":"https:\/\/domitec.ch\/?product=matelas-alova","title":{"rendered":"Matelas Alova"},"content":{"rendered":"<p>Aide \u00e0 la pr\u00e9vention d&rsquo;escarre(s) pour patient \u00e0 risque\u00a0moyen \u00e0 \u00e9lev\u00e9, alit\u00e9 plus de 15 heures par jour.<br \/>\nAide au traitement d&rsquo;escarre(s) de\u00a0stade 1 \u00e0 2\u00a0associ\u00e9 \u00e0 un syst\u00e8me de d\u00e9charge localis\u00e9e ou de positionnement.<br \/>\nDimension: 90 x 200 cm<br \/>\nPoids patient:<br \/>\n20 \u00e0 150 kg (VMA63)<br \/>\n20 \u00e0 180 kg (VMA64)<\/p>\n<p>Matelas monobloc moul\u00e9 multiportance compos\u00e9 d\u2019une partie sup\u00e9rieure en mousse visco\u00e9lastique de 6 cm sur une base en mousse de polyur\u00e9thane de 8 cm<br \/>\nCouche sup\u00e9rieure en mousse visco\u00e9lastique : \u2265 75 kg\/m3<br \/>\nTriportance avec 3 zones : En t\u00eate portance medium (1,7 kPa), Ferme au niveau de la zone sacr\u00e9e (1,9 kPa) et Souple pour la zone talonni\u00e8re (1,5 kPa).<br \/>\nHousse int\u00e9grale, amovible et lavable<\/p>\n","protected":false},"excerpt":{"rendered":"<p>Aide \u00e0 la pr\u00e9vention d&rsquo;escarre(s) pour patient \u00e0 risque\u00a0moyen \u00e0 \u00e9lev\u00e9, alit\u00e9 plus de 15 heures par jour.<\/p>\n","protected":false},"featured_media":4865,"template":"","meta":{"_crdt_document":"","advanced_seo_description":"","jetpack_seo_html_title":"","jetpack_seo_noindex":false,"jetpack_post_was_ever_published":false,"jetpack_publicize_message":"","jetpack_publicize_feature_enabled":true,"jetpack_social_post_already_shared":true,"jetpack_social_options":{"image_generator_settings":{"template":"highway","default_image_id":0,"font":"","enabled":false},"version":2}},"product_brand":[],"product_cat":[6625,6596],"product_tag":[],"class_list":{"0":"post-4861","1":"product","2":"type-product","3":"status-publish","4":"has-post-thumbnail","6":"product_cat-sc-gamme-large","7":"product_cat-matelas-statique","8":"product_shipping_class-matelas-et-encombrant","10":"first","11":"instock","12":"taxable","13":"shipping-taxable","14":"purchasable","15":"product-type-variable"},"jetpack_publicize_connections":[],"jetpack_likes_enabled":false,"jetpack_sharing_enabled":false,"jetpack-related-posts":[{"id":4877,"url":"https:\/\/domitec.ch\/?product=matelas-alova-xxl","url_meta":{"origin":4861,"position":0},"title":"Matelas Alova XXL","author":"Cyril Hug","date":"29 septembre 2022","format":false,"excerpt":"Aide \u00e0 la pr\u00e9vention d'escarre(s) pour patient \u00e0 risque moyen \u00e0 \u00e9lev\u00e9, alit\u00e9 plus de 15 heures par jour","rel":"","context":"Article similaire","block_context":{"text":"Article similaire","link":""},"img":{"alt_text":"","src":"https:\/\/i0.wp.com\/domitec.ch\/wp-content\/uploads\/2022\/09\/Matelas-XL-2905676883-e1680080769174.jpg?fit=773%2C566&ssl=1&resize=350%2C200","width":350,"height":200,"srcset":"https:\/\/i0.wp.com\/domitec.ch\/wp-content\/uploads\/2022\/09\/Matelas-XL-2905676883-e1680080769174.jpg?fit=773%2C566&ssl=1&resize=350%2C200 1x, https:\/\/i0.wp.com\/domitec.ch\/wp-content\/uploads\/2022\/09\/Matelas-XL-2905676883-e1680080769174.jpg?fit=773%2C566&ssl=1&resize=525%2C300 1.5x, https:\/\/i0.wp.com\/domitec.ch\/wp-content\/uploads\/2022\/09\/Matelas-XL-2905676883-e1680080769174.jpg?fit=773%2C566&ssl=1&resize=700%2C400 2x"},"classes":[]},{"id":4869,"url":"https:\/\/domitec.ch\/?product=matelas-alova-xl","url_meta":{"origin":4861,"position":1},"title":"Matelas Alova XL","author":"Cyril Hug","date":"29 septembre 2022","format":false,"excerpt":"Aide \u00e0 la pr\u00e9vention d'escarre(s) pour patient \u00e0 risque\u00a0moyen \u00e0 \u00e9lev\u00e9, alit\u00e9 plus de 15 heures par jour. Aide au traitement d'escarre(s) de\u00a0stade 1 \u00e0 2\u00a0associ\u00e9 \u00e0 un syst\u00e8me de d\u00e9charge localis\u00e9e ou de positionnement. Poids patient:\u00a030 \u00e0 150 kg Dimension : 120 ou 140 x 200 cm Caract\u00e9ristiques: Matelas\u2026","rel":"","context":"Article similaire","block_context":{"text":"Article similaire","link":""},"img":{"alt_text":"","src":"https:\/\/i0.wp.com\/domitec.ch\/wp-content\/uploads\/2022\/09\/Matelas-XL-2905676883-e1680080769174.jpg?fit=773%2C566&ssl=1&resize=350%2C200","width":350,"height":200,"srcset":"https:\/\/i0.wp.com\/domitec.ch\/wp-content\/uploads\/2022\/09\/Matelas-XL-2905676883-e1680080769174.jpg?fit=773%2C566&ssl=1&resize=350%2C200 1x, https:\/\/i0.wp.com\/domitec.ch\/wp-content\/uploads\/2022\/09\/Matelas-XL-2905676883-e1680080769174.jpg?fit=773%2C566&ssl=1&resize=525%2C300 1.5x, https:\/\/i0.wp.com\/domitec.ch\/wp-content\/uploads\/2022\/09\/Matelas-XL-2905676883-e1680080769174.jpg?fit=773%2C566&ssl=1&resize=700%2C400 2x"},"classes":[]},{"id":4896,"url":"https:\/\/domitec.ch\/?product=matelas-alova-junior","url_meta":{"origin":4861,"position":2},"title":"Matelas Alova Junior","author":"Cyril Hug","date":"30 septembre 2022","format":false,"excerpt":"Aide \u00e0 la pr\u00e9vention d\u2019escarre(s) pour patient \u00e0 risque moyen \u00e0 \u00e9lev\u00e9","rel":"","context":"Article similaire","block_context":{"text":"Article similaire","link":""},"img":{"alt_text":"","src":"https:\/\/i0.wp.com\/domitec.ch\/wp-content\/uploads\/2022\/09\/Matelas-Alova-Junior-3447001382-e1673343237404.jpg?fit=794%2C559&ssl=1&resize=350%2C200","width":350,"height":200,"srcset":"https:\/\/i0.wp.com\/domitec.ch\/wp-content\/uploads\/2022\/09\/Matelas-Alova-Junior-3447001382-e1673343237404.jpg?fit=794%2C559&ssl=1&resize=350%2C200 1x, https:\/\/i0.wp.com\/domitec.ch\/wp-content\/uploads\/2022\/09\/Matelas-Alova-Junior-3447001382-e1673343237404.jpg?fit=794%2C559&ssl=1&resize=525%2C300 1.5x, https:\/\/i0.wp.com\/domitec.ch\/wp-content\/uploads\/2022\/09\/Matelas-Alova-Junior-3447001382-e1673343237404.jpg?fit=794%2C559&ssl=1&resize=700%2C400 2x"},"classes":[]},{"id":4893,"url":"https:\/\/domitec.ch\/?product=matelas-epsus","url_meta":{"origin":4861,"position":3},"title":"Matelas Epsus","author":"Cyril Hug","date":"30 septembre 2022","format":false,"excerpt":"Aide \u00e0 la pr\u00e9vention d'escarre(s) pour patient \u00e0 risque\u00a0moyen \u00e0 \u00e9lev\u00e9, alit\u00e9 plus de 15 heures par jour. Aide au traitement d'escarre(s) de\u00a0stade 1 \u00e0 2\u00a0associ\u00e9 \u00e0 un syst\u00e8me de d\u00e9charge localis\u00e9e ou de positionnement. Poids patient de\u00a030 \u00e0 120 Kg Caract\u00e9ristiques: Matelas monobloc en mousse Haute R\u00e9silience (HR) compos\u00e9\u2026","rel":"","context":"Article similaire","block_context":{"text":"Article similaire","link":""},"img":{"alt_text":"","src":"https:\/\/i0.wp.com\/domitec.ch\/wp-content\/uploads\/2022\/09\/Matelas-Epsus-3379329831-e1673343252855.jpg?fit=833%2C629&ssl=1&resize=350%2C200","width":350,"height":200,"srcset":"https:\/\/i0.wp.com\/domitec.ch\/wp-content\/uploads\/2022\/09\/Matelas-Epsus-3379329831-e1673343252855.jpg?fit=833%2C629&ssl=1&resize=350%2C200 1x, https:\/\/i0.wp.com\/domitec.ch\/wp-content\/uploads\/2022\/09\/Matelas-Epsus-3379329831-e1673343252855.jpg?fit=833%2C629&ssl=1&resize=525%2C300 1.5x, https:\/\/i0.wp.com\/domitec.ch\/wp-content\/uploads\/2022\/09\/Matelas-Epsus-3379329831-e1673343252855.jpg?fit=833%2C629&ssl=1&resize=700%2C400 2x"},"classes":[]},{"id":4884,"url":"https:\/\/domitec.ch\/?product=matelas-aplot","url_meta":{"origin":4861,"position":4},"title":"Matelas Aplot","author":"Cyril Hug","date":"30 septembre 2022","format":false,"excerpt":"Aide \u00e0 la pr\u00e9vention d'escarre(s) pour patient \u00e0 risque\u00a0faible \u00e0 moyen, alit\u00e9 de 10 \u00e0 15 heures par jour. Aide au traitement d'escarre(s) de\u00a0stade 1 \u00e0 2\u00a0associ\u00e9 \u00e0 un syst\u00e8me de d\u00e9charge localis\u00e9e ou de positionnement. Poids patient de\u00a040 \u00e0 120 Kg Duret\u00e9 matelas: souple Caract\u00e9ristiques: Matelas en mousse de\u2026","rel":"","context":"Article similaire","block_context":{"text":"Article similaire","link":""},"img":{"alt_text":"","src":"https:\/\/i0.wp.com\/domitec.ch\/wp-content\/uploads\/2022\/09\/Matelas-aplot-3290331606-e1680075799811.jpg?fit=842%2C669&ssl=1&resize=350%2C200","width":350,"height":200,"srcset":"https:\/\/i0.wp.com\/domitec.ch\/wp-content\/uploads\/2022\/09\/Matelas-aplot-3290331606-e1680075799811.jpg?fit=842%2C669&ssl=1&resize=350%2C200 1x, https:\/\/i0.wp.com\/domitec.ch\/wp-content\/uploads\/2022\/09\/Matelas-aplot-3290331606-e1680075799811.jpg?fit=842%2C669&ssl=1&resize=525%2C300 1.5x, https:\/\/i0.wp.com\/domitec.ch\/wp-content\/uploads\/2022\/09\/Matelas-aplot-3290331606-e1680075799811.jpg?fit=842%2C669&ssl=1&resize=700%2C400 2x"},"classes":[]},{"id":4834,"url":"https:\/\/domitec.ch\/?product=matelas-axtair-automorpho-plus","url_meta":{"origin":4861,"position":5},"title":"Matelas axtair automorpho Plus","author":"Cyril Hug","date":"29 septembre 2022","format":false,"excerpt":"Matelas \u00e0 air motoris\u00e9 pour patient \u00e0 risque d'escarre(s) \u00ab moyen \u00e0 \u00e9lev\u00e9 \u00bb ou porteur d'escarre(s) constitu\u00e9e(s) de stade 1 \u00e0 4 en zone d'appui selon jugement clinique Pour patient alit\u00e9 plus de 15 heures par jour Poids patient de\u00a030 \u00e0 165 Kg. Caract\u00e9ristiques: Matelas compos\u00e9 de 18 cellules\u2026","rel":"","context":"Article similaire","block_context":{"text":"Article similaire","link":""},"img":{"alt_text":"","src":"https:\/\/i0.wp.com\/domitec.ch\/wp-content\/uploads\/2022\/09\/Matelas-air-one-2745370761-e1673343441918.jpg?fit=466%2C333&ssl=1&resize=350%2C200","width":350,"height":200},"classes":[]}],"_links":{"self":[{"href":"https:\/\/domitec.ch\/index.php?rest_route=\/wp\/v2\/product\/4861","targetHints":{"allow":["GET"]}}],"collection":[{"href":"https:\/\/domitec.ch\/index.php?rest_route=\/wp\/v2\/product"}],"about":[{"href":"https:\/\/domitec.ch\/index.php?rest_route=\/wp\/v2\/types\/product"}],"wp:featuredmedia":[{"embeddable":true,"href":"https:\/\/domitec.ch\/index.php?rest_route=\/wp\/v2\/media\/4865"}],"wp:attachment":[{"href":"https:\/\/domitec.ch\/index.php?rest_route=%2Fwp%2Fv2%2Fmedia&parent=4861"}],"wp:term":[{"taxonomy":"product_brand","embeddable":true,"href":"https:\/\/domitec.ch\/index.php?rest_route=%2Fwp%2Fv2%2Fproduct_brand&post=4861"},{"taxonomy":"product_cat","embeddable":true,"href":"https:\/\/domitec.ch\/index.php?rest_route=%2Fwp%2Fv2%2Fproduct_cat&post=4861"},{"taxonomy":"product_tag","embeddable":true,"href":"https:\/\/domitec.ch\/index.php?rest_route=%2Fwp%2Fv2%2Fproduct_tag&post=4861"}],"curies":[{"name":"wp","href":"https:\/\/api.w.org\/{rel}","templated":true}]}}