{"id":4837,"date":"2022-09-29T19:20:31","date_gmt":"2022-09-29T17:20:31","guid":{"rendered":"https:\/\/domitec.ch\/?post_type=product&#038;p=4837"},"modified":"2025-05-27T15:31:02","modified_gmt":"2025-05-27T13:31:02","slug":"matelas-axtair-automorpho-axensor","status":"publish","type":"product","link":"https:\/\/domitec.ch\/?product=matelas-axtair-automorpho-axensor","title":{"rendered":"Matelas axtair automorpho Axensor"},"content":{"rendered":"<p>Gamme innovante et communicante de\u00a0 matelas \u00e0 air motoris\u00e9 pour patient \u00e0 risque d&rsquo;escarre(s) \u00ab moyen \u00e0 \u00e9lev\u00e9\u00a0\u00bb ou porteur d&rsquo;escarre(s) constitu\u00e9e(s) de\u00a0stade 1 \u00e0 4 en zone d&rsquo;appui selon jugement clinique<br \/>\nSyst\u00e8me brevet\u00e9 de calcul automatique et continu de la pression de gonflage en fonction<br \/>\nde la morphologie du patient et de sa position au lit<br \/>\nD\u00e9charges talonni\u00e8res int\u00e9gr\u00e9es<br \/>\nAlarmes visuelle et sonore<\/p>\n<p>CARACT\u00c9RISTIQUES PRINCIPALES<br \/>\nTechnologie\u00a0Axensor\u00ae associant les fonctions de d\u00e9tection des inclinaisons de buste, de transmission vers le compresseur, d&rsquo;analyse des donn\u00e9es techniques et d&rsquo;usage du dispositif<br \/>\nTra\u00e7abilit\u00e9 des \u00e9v\u00e8nements techniques et li\u00e9s \u00e0 l&rsquo;usage du dispositif m\u00e9dical. Assistance \u00e0 la maintenance pr\u00e9ventive et curative<br \/>\nAide au traitement des escarres constitu\u00e9es par principe d&rsquo;alternance cliniquement \u00e9prouv\u00e9<br \/>\nPoids patients<br \/>\n165 kg (mod.12 cm &#8211; AT12)<br \/>\n180 kg (mod.15 cm &#8211; AT15)<br \/>\n200 Kg (mod.20 cm &#8211; AT20)<\/p>\n","protected":false},"excerpt":{"rendered":"<p>Gamme innovante et communicante de\u00a0 matelas \u00e0 air motoris\u00e9 pour patient \u00e0 risque d&rsquo;escarre(s) \u00ab moyen \u00e0 \u00e9lev\u00e9\u00a0\u00bb ou porteur d&rsquo;escarre(s) constitu\u00e9e(s) de\u00a0stade 1 \u00e0 4 en zone d&rsquo;appui selon jugement clinique<\/p>\n","protected":false},"featured_media":4831,"template":"","meta":{"_crdt_document":"","advanced_seo_description":"","jetpack_seo_html_title":"","jetpack_seo_noindex":false,"jetpack_publicize_message":"","jetpack_publicize_feature_enabled":true,"jetpack_social_post_already_shared":true,"jetpack_social_options":{"image_generator_settings":{"template":"highway","default_image_id":0,"font":"","enabled":false},"version":2}},"product_brand":[],"product_cat":[6597],"product_tag":[],"class_list":{"0":"post-4837","1":"product","2":"type-product","3":"status-publish","4":"has-post-thumbnail","6":"product_cat-matelas-a-air","7":"product_shipping_class-matelas-et-encombrant","9":"first","10":"instock","11":"taxable","12":"shipping-taxable","13":"purchasable","14":"product-type-variable"},"jetpack_publicize_connections":[],"jetpack_likes_enabled":false,"jetpack_sharing_enabled":false,"jetpack-related-posts":[{"id":4846,"url":"https:\/\/domitec.ch\/?product=matelas-axtair-xxl","url_meta":{"origin":4837,"position":0},"title":"MATELAS AXTAIR XXL","author":"Cyril Hug","date":"29 septembre 2022","format":false,"excerpt":"Matelas \u00e0 air motoris\u00e9 pour patient \u00e0 risque d'escarre(s) \u00ab\u00a0moyen \u00e0 \u00e9lev\u00e9\u00a0\u00bb ou porteur d'escarre(s) constitu\u00e9e(s) de\u00a0stade 1 \u00e0 4\u00a0en zone d'appui selon jugement clinique. Pour des patients de\u00a0100 \u00e0 270 Kg Largueur 120 ou 140 cm","rel":"","context":"Article similaire","block_context":{"text":"Article similaire","link":""},"img":{"alt_text":"","src":"https:\/\/i0.wp.com\/domitec.ch\/wp-content\/uploads\/2022\/09\/Matelas-air-Axtair-XXL-4286996704-e1673344371672.jpg?fit=662%2C565&ssl=1&resize=350%2C200","width":350,"height":200,"srcset":"https:\/\/i0.wp.com\/domitec.ch\/wp-content\/uploads\/2022\/09\/Matelas-air-Axtair-XXL-4286996704-e1673344371672.jpg?fit=662%2C565&ssl=1&resize=350%2C200 1x, https:\/\/i0.wp.com\/domitec.ch\/wp-content\/uploads\/2022\/09\/Matelas-air-Axtair-XXL-4286996704-e1673344371672.jpg?fit=662%2C565&ssl=1&resize=525%2C300 1.5x"},"classes":[]},{"id":4834,"url":"https:\/\/domitec.ch\/?product=matelas-axtair-automorpho-plus","url_meta":{"origin":4837,"position":1},"title":"Matelas axtair automorpho Plus","author":"Cyril Hug","date":"29 septembre 2022","format":false,"excerpt":"Matelas \u00e0 air motoris\u00e9 pour patient \u00e0 risque d'escarre(s) \u00ab moyen \u00e0 \u00e9lev\u00e9 \u00bb ou porteur d'escarre(s) constitu\u00e9e(s) de stade 1 \u00e0 4 en zone d'appui selon jugement clinique Pour patient alit\u00e9 plus de 15 heures par jour Poids patient de\u00a030 \u00e0 165 Kg. Caract\u00e9ristiques: Matelas compos\u00e9 de 18 cellules\u2026","rel":"","context":"Article similaire","block_context":{"text":"Article similaire","link":""},"img":{"alt_text":"","src":"https:\/\/i0.wp.com\/domitec.ch\/wp-content\/uploads\/2022\/09\/Matelas-air-one-2745370761-e1673343441918.jpg?fit=466%2C333&ssl=1&resize=350%2C200","width":350,"height":200},"classes":[]},{"id":4829,"url":"https:\/\/domitec.ch\/?product=matelas-axtair-one","url_meta":{"origin":4837,"position":2},"title":"Surmatelas Axtair One","author":"Cyril Hug","date":"29 septembre 2022","format":false,"excerpt":"Matelas \u00e0 air motoris\u00e9 pour patient \u00e0 risque d'escarre(s) \"Moyen \u00e0 \u00e9lev\u00e9\" Aide au traitement des escarres de stade 1 \u00e0 2 en zone d'appui selon le jugement clinique Dimensions 195 x 87 x 17 cm Poids patients de 30 \u00e0 110kg CARACT\u00c9RISTIQUES PRINCIPALES : Air altern\u00e9 avec 18 cellules\u2026","rel":"","context":"Article similaire","block_context":{"text":"Article similaire","link":""},"img":{"alt_text":"","src":"https:\/\/i0.wp.com\/domitec.ch\/wp-content\/uploads\/2022\/09\/Matelas-air-one-2745370761-e1673343441918.jpg?fit=466%2C333&ssl=1&resize=350%2C200","width":350,"height":200},"classes":[]},{"id":4898,"url":"https:\/\/domitec.ch\/?product=coussin-axtair-axensor","url_meta":{"origin":4837,"position":3},"title":"Coussin Axtair Axensor","author":"Cyril Hug","date":"30 septembre 2022","format":false,"excerpt":"Coussin \u00e0 air motoris\u00e9 pour compresseur Axtair Automorpho\u00ae Axensor\u00ae automatique et communiquant. Aide \u00e0 la pr\u00e9vention d'escarre(s) pour patient \u00e0 risque\u00a0\u00e9lev\u00e9 \u00e0 tr\u00e8s \u00e9lev\u00e9\u00a0en position assise, sans trouble de la stabilit\u00e9 ou avec trouble mineur dans le plan sagittal. Poids patient de\u00a030 \u00e0 150 Kg CARACT\u00c9RISTIQUES PRINCIPALES Coussin \u00e0 air\u2026","rel":"","context":"Article similaire","block_context":{"text":"Article similaire","link":""},"img":{"alt_text":"","src":"https:\/\/i0.wp.com\/domitec.ch\/wp-content\/uploads\/2022\/09\/Coussin-air-1495976468-e1680075862920.jpg?fit=668%2C491&ssl=1&resize=350%2C200","width":350,"height":200,"srcset":"https:\/\/i0.wp.com\/domitec.ch\/wp-content\/uploads\/2022\/09\/Coussin-air-1495976468-e1680075862920.jpg?fit=668%2C491&ssl=1&resize=350%2C200 1x, https:\/\/i0.wp.com\/domitec.ch\/wp-content\/uploads\/2022\/09\/Coussin-air-1495976468-e1680075862920.jpg?fit=668%2C491&ssl=1&resize=525%2C300 1.5x"},"classes":[]},{"id":4856,"url":"https:\/\/domitec.ch\/?product=matelas-morfea","url_meta":{"origin":4837,"position":4},"title":"Matelas Morf\u00e9a","author":"Cyril Hug","date":"29 septembre 2022","format":false,"excerpt":"Aide \u00e0 la pr\u00e9ventions d'escarre(s) pour patient \u00e0 risque\u00a0nul \u00e0 faible","rel":"","context":"Article similaire","block_context":{"text":"Article similaire","link":""},"img":{"alt_text":"","src":"https:\/\/i0.wp.com\/domitec.ch\/wp-content\/uploads\/2022\/09\/Matelas-morfea-4269748160-e1673343372375.jpg?fit=462%2C368&ssl=1&resize=350%2C200","width":350,"height":200},"classes":[]},{"id":4896,"url":"https:\/\/domitec.ch\/?product=matelas-alova-junior","url_meta":{"origin":4837,"position":5},"title":"Matelas Alova Junior","author":"Cyril Hug","date":"30 septembre 2022","format":false,"excerpt":"Aide \u00e0 la pr\u00e9vention d\u2019escarre(s) pour patient \u00e0 risque moyen \u00e0 \u00e9lev\u00e9","rel":"","context":"Article similaire","block_context":{"text":"Article similaire","link":""},"img":{"alt_text":"","src":"https:\/\/i0.wp.com\/domitec.ch\/wp-content\/uploads\/2022\/09\/Matelas-Alova-Junior-3447001382-e1673343237404.jpg?fit=794%2C559&ssl=1&resize=350%2C200","width":350,"height":200,"srcset":"https:\/\/i0.wp.com\/domitec.ch\/wp-content\/uploads\/2022\/09\/Matelas-Alova-Junior-3447001382-e1673343237404.jpg?fit=794%2C559&ssl=1&resize=350%2C200 1x, https:\/\/i0.wp.com\/domitec.ch\/wp-content\/uploads\/2022\/09\/Matelas-Alova-Junior-3447001382-e1673343237404.jpg?fit=794%2C559&ssl=1&resize=525%2C300 1.5x, https:\/\/i0.wp.com\/domitec.ch\/wp-content\/uploads\/2022\/09\/Matelas-Alova-Junior-3447001382-e1673343237404.jpg?fit=794%2C559&ssl=1&resize=700%2C400 2x"},"classes":[]}],"_links":{"self":[{"href":"https:\/\/domitec.ch\/index.php?rest_route=\/wp\/v2\/product\/4837","targetHints":{"allow":["GET"]}}],"collection":[{"href":"https:\/\/domitec.ch\/index.php?rest_route=\/wp\/v2\/product"}],"about":[{"href":"https:\/\/domitec.ch\/index.php?rest_route=\/wp\/v2\/types\/product"}],"wp:featuredmedia":[{"embeddable":true,"href":"https:\/\/domitec.ch\/index.php?rest_route=\/wp\/v2\/media\/4831"}],"wp:attachment":[{"href":"https:\/\/domitec.ch\/index.php?rest_route=%2Fwp%2Fv2%2Fmedia&parent=4837"}],"wp:term":[{"taxonomy":"product_brand","embeddable":true,"href":"https:\/\/domitec.ch\/index.php?rest_route=%2Fwp%2Fv2%2Fproduct_brand&post=4837"},{"taxonomy":"product_cat","embeddable":true,"href":"https:\/\/domitec.ch\/index.php?rest_route=%2Fwp%2Fv2%2Fproduct_cat&post=4837"},{"taxonomy":"product_tag","embeddable":true,"href":"https:\/\/domitec.ch\/index.php?rest_route=%2Fwp%2Fv2%2Fproduct_tag&post=4837"}],"curies":[{"name":"wp","href":"https:\/\/api.w.org\/{rel}","templated":true}]}}