{"id":4783,"date":"2022-09-29T17:28:54","date_gmt":"2022-09-29T15:28:54","guid":{"rendered":"https:\/\/domitec.ch\/?post_type=product&#038;p=4783"},"modified":"2025-05-27T10:24:11","modified_gmt":"2025-05-27T08:24:11","slug":"scooter-orion-metro-2","status":"publish","type":"product","link":"https:\/\/domitec.ch\/?product=scooter-orion-metro-2","title":{"rendered":"Scooter Orion METRO <br> D\u00e8s 5540.00 CHF"},"content":{"rendered":"<p>Le Scooter Orion METRO est un choix id\u00e9al pour les utilisateurs \u00e0 la recherche d\u2019ind\u00e9pendance<br \/>\nSon syst\u00e8me de quatre suspensions a \u00e9t\u00e9 con\u00e7u pour rouler sur une vari\u00e9t\u00e9 de surfaces et de terrains diff\u00e9rents. Son moteur combin\u00e9 aux roues de 11\u2019\u2019 vous emm\u00e8nera partout en douceur et en s\u00e9curit\u00e9<br \/>\nLa s\u00e9curit\u00e9 est l\u2019une des principales caract\u00e9ristiques du scooter Orion METRO<br \/>\nIl est \u00e9quip\u00e9 d\u2019un syst\u00e8me d\u2019\u00e9clairage et poss\u00e8de des feux stop qui s\u2019allument automatiquement lors de la d\u00e9c\u00e9l\u00e9ration et du freinage. Son frein \u00e0 main assure un freinage imm\u00e9diat. Le scooter Invacare\u00ae Orion METRO offre la possibilit\u00e9 de r\u00e9duire automatiquement la vitesse lors des virages pour plus de s\u00e9curit\u00e9.<br \/>\nCouleur: Bleu ciel, rouge \u00e9rable, argent<br \/>\nVitesse 10 km\/h<\/p>\n<p>Livr\u00e9 avec :<\/p>\n<p>Si\u00e8ge standard, pivotant, avec appuie-t\u00eate et sac d&rsquo;assise, angle du dossier r\u00e9glable<br \/>\nAccoudoirs, pivotant vers l&rsquo;arri\u00e8re, r\u00e9glables en hauteur et en largeur<br \/>\nRails de si\u00e8ge, permettent de r\u00e9gler la distance par rapport \u00e0 la colonne de direction<br \/>\nColonne de direction avec compartiment de rangement et angle r\u00e9glable en continu<br \/>\nPoign\u00e9e de direction ergonomique<br \/>\n\u00c9cran LED avec boutons en surbrillance et indicateur de charge<br \/>\nR\u00e9troviseur gauche<br \/>\nPorte canne \u00e0 droite<br \/>\nLevier de frein<br \/>\nFixation pour le transport (4 pi\u00e8ces) sur le cadre du ch\u00e2ssis<br \/>\nR\u00e9duction automatique de la vitesse dans les virages (d\u00e9sactivable)<br \/>\nChargeur OptiCharge, 8 A, externe<br \/>\nBatterie AGM 2 x 50 Ah pour une grande autonomie<br \/>\nSyst\u00e8me d&rsquo;\u00e9clairage puissant avec clignotants, r\u00e9flecteurs et feux de stop<br \/>\nRoues pneumatiques \u00e0 ressorts avec des roues extra larges de 11&Prime; pour franchir facilement les obstacles<br \/>\nRoues d&rsquo;appui pour un franchissement contr\u00f4l\u00e9 des bordures de trottoir<br \/>\nCh\u00e2ssis avec suspension \u00e0 roues ind\u00e9pendantes pour un grand confort de conduite<br \/>\nPanier, avant, amovible<\/p>\n<p>Options suppl\u00e9mentaires sur demande: Prix hors taxe<\/p>\n<p>Sangle de maintien avec fermeture \u00e0 ressort 113,00<br \/>\nSuspension d&rsquo;assise, kit de montage (capacit\u00e9 de charge jusqu&rsquo;\u00e0 100 kg, hauteur d&rsquo;assise 508, 533 ou 558 mm) 189,00<br \/>\nSuspension de si\u00e8ge, kit de montage (capacit\u00e9 de charge jusqu&rsquo;\u00e0 160 kg, hauteur d&rsquo;assise 508, 533 ou 558 mm) 189,00<br \/>\nSuspension de si\u00e8ge, kit de montage 189,00<br \/>\nSuspension d&rsquo;assise, kit de montage 189,00<br \/>\nAdaptateur USB 104,00<br \/>\nSupport pour t\u00e9l\u00e9phone portable 64,00<br \/>\nPorte canne \u00e0 monter \u00e0 gauche ou \u00e0 droite 102,00<br \/>\nSupport pour d\u00e9ambulateur, y compris porte canne 299,00<br \/>\nPorte boissons 105,00<br \/>\nArceau de protection avant, noir, kit de montage avec mat\u00e9riel de fixation 99,00<br \/>\nArceau de protection arri\u00e8re, noir, kit de montage avec mat\u00e9riel de fixation 99,00<br \/>\nCylindre avec deux cl\u00e9s personnalis\u00e9es 39,00<br \/>\nBo\u00eete \u00e0 objets de valeur, verrouillable, noire, \u00e0 monter \u00e0 l&rsquo;avant 269,00<br \/>\nPanier XL \u00e0 monter sur la colonne de direction 99,00<br \/>\nGrand panier \u00e0 provisions pour l&rsquo;arri\u00e8re 98,00<br \/>\nPare-brise 119,00<br \/>\nCouverture, prot\u00e8ge le scooter gar\u00e9 de la salet\u00e9 179,00<br \/>\nHousse de si\u00e8ge (noire), prot\u00e8ge le si\u00e8ge de la pluie et de la salet\u00e9 99,00<br \/>\nC\u00e2ble adaptateur de charge pour recharger les batteries retir\u00e9es 169,00<br \/>\nGilet de s\u00e9curit\u00e9 29,00<\/p>\n","protected":false},"excerpt":{"rendered":"<p>Le Scooter Orion METRO est un choix id\u00e9al pour les utilisateurs \u00e0 la recherche d\u2019ind\u00e9pendance<br \/>\nSon syst\u00e8me de quatre suspensions a \u00e9t\u00e9 con\u00e7u pour rouler sur une vari\u00e9t\u00e9 de surfaces et de terrains diff\u00e9rents. Son moteur combin\u00e9 aux roues de 11\u2019\u2019 vous emm\u00e8nera partout en douceur et en s\u00e9curit\u00e9<\/p>\n","protected":false},"featured_media":4760,"template":"","meta":{"_crdt_document":"","advanced_seo_description":"","jetpack_seo_html_title":"","jetpack_seo_noindex":false,"jetpack_publicize_message":"","jetpack_publicize_feature_enabled":true,"jetpack_social_post_already_shared":true,"jetpack_social_options":{"image_generator_settings":{"template":"highway","default_image_id":0,"font":"","enabled":false},"version":2}},"product_brand":[],"product_cat":[6370],"product_tag":[],"class_list":{"0":"post-4783","1":"product","2":"type-product","3":"status-publish","4":"has-post-thumbnail","6":"product_cat-aj-scooter","7":"product_shipping_class-transporteur","9":"first","10":"instock","11":"taxable","12":"shipping-taxable","13":"product-type-simple"},"jetpack_publicize_connections":[],"jetpack_likes_enabled":false,"jetpack_sharing_enabled":false,"jetpack-related-posts":[{"id":4796,"url":"https:\/\/domitec.ch\/?product=scooter-orion-pro","url_meta":{"origin":4783,"position":0},"title":"Scooter Orion Pro  D\u00e8s 6050.00 CHF","author":"Cyril Hug","date":"29 septembre 2022","format":false,"excerpt":"Le scooter\u00a0 Orion PRO est id\u00e9al pour les utilisateurs souhaitant se balader sur de longues distances Il est con\u00e7u sur le m\u00eame mod\u00e8le que le scooter Invacare Orion METRO mais poss\u00e8de des batteries plus importantes, de meilleures suspensions et des roues de 12\u2019\u2019 pour des utilisateurs \u00e0 la recherche davantage\u2026","rel":"","context":"Article similaire","block_context":{"text":"Article similaire","link":""},"img":{"alt_text":"","src":"https:\/\/i0.wp.com\/domitec.ch\/wp-content\/uploads\/2022\/09\/Scooter-Metro2.jpg?fit=415%2C421&ssl=1&resize=350%2C200","width":350,"height":200},"classes":[]},{"id":4767,"url":"https:\/\/domitec.ch\/?product=scooter-comet-pro","url_meta":{"origin":4783,"position":1},"title":"Scooter Comet Pro  D\u00e8s 7079.00 CHF","author":"Cyril Hug","date":"28 septembre 2022","format":false,"excerpt":"Le Scooter Senior Invacare\u00ae Comet PRO est con\u00e7u pour les utilisateurs \u00e0 la recherche de mobilit\u00e9, de puissance et de performance. Il est id\u00e9al pour une utilisation en ext\u00e9rieur et au-del\u00e0 de la ville","rel":"","context":"Article similaire","block_context":{"text":"Article similaire","link":""},"img":{"alt_text":"","src":"https:\/\/i0.wp.com\/domitec.ch\/wp-content\/uploads\/2022\/09\/Scooter-Metro1-3956048390-e1680075935821.jpg?fit=580%2C546&ssl=1&resize=350%2C200","width":350,"height":200,"srcset":"https:\/\/i0.wp.com\/domitec.ch\/wp-content\/uploads\/2022\/09\/Scooter-Metro1-3956048390-e1680075935821.jpg?fit=580%2C546&ssl=1&resize=350%2C200 1x, https:\/\/i0.wp.com\/domitec.ch\/wp-content\/uploads\/2022\/09\/Scooter-Metro1-3956048390-e1680075935821.jpg?fit=580%2C546&ssl=1&resize=525%2C300 1.5x"},"classes":[]},{"id":4742,"url":"https:\/\/domitec.ch\/?product=scooter-leo","url_meta":{"origin":4783,"position":2},"title":"Scooter L\u00e9o  D\u00e8s 3729.00 CHF","author":"Cyril Hug","date":"28 septembre 2022","format":false,"excerpt":"Le Scooter Senior Invacare\u00ae Leo\u00ae est con\u00e7u pour les utilisateurs \u00e0 la recherche d\u2019autonomie, de s\u00e9curit\u00e9 et d\u2019ind\u00e9pendance","rel":"","context":"Article similaire","block_context":{"text":"Article similaire","link":""},"img":{"alt_text":"","src":"https:\/\/i0.wp.com\/domitec.ch\/wp-content\/uploads\/2022\/09\/Scooter-leon-2744938034-e1680075908217.jpg?fit=567%2C552&ssl=1&resize=350%2C200","width":350,"height":200,"srcset":"https:\/\/i0.wp.com\/domitec.ch\/wp-content\/uploads\/2022\/09\/Scooter-leon-2744938034-e1680075908217.jpg?fit=567%2C552&ssl=1&resize=350%2C200 1x, https:\/\/i0.wp.com\/domitec.ch\/wp-content\/uploads\/2022\/09\/Scooter-leon-2744938034-e1680075908217.jpg?fit=567%2C552&ssl=1&resize=525%2C300 1.5x"},"classes":[]},{"id":4773,"url":"https:\/\/domitec.ch\/?product=scooter-comet-pro-xl","url_meta":{"origin":4783,"position":3},"title":"Scooter Comet Ultra XL  D\u00e8s 8800.00 CHF","author":"Cyril Hug","date":"29 septembre 2022","format":false,"excerpt":"Le scooter Comet Ultra est sp\u00e9cialement con\u00e7u pour les utilisateurs \u00e0 forte corpulence Il offre une exp\u00e9rience de conduite puissante, confortable, en toute s\u00e9curit\u00e9 sans compromis sur le style ou les fonctions","rel":"","context":"Article similaire","block_context":{"text":"Article similaire","link":""},"img":{"alt_text":"","src":"https:\/\/i0.wp.com\/domitec.ch\/wp-content\/uploads\/2022\/09\/Scooter-Comet-Pro.jpg?fit=607%2C542&ssl=1&resize=350%2C200","width":350,"height":200,"srcset":"https:\/\/i0.wp.com\/domitec.ch\/wp-content\/uploads\/2022\/09\/Scooter-Comet-Pro.jpg?fit=607%2C542&ssl=1&resize=350%2C200 1x, https:\/\/i0.wp.com\/domitec.ch\/wp-content\/uploads\/2022\/09\/Scooter-Comet-Pro.jpg?fit=607%2C542&ssl=1&resize=525%2C300 1.5x"},"classes":[]},{"id":4752,"url":"https:\/\/domitec.ch\/?product=scooter-colibri","url_meta":{"origin":4783,"position":4},"title":"Scooter Colibri  D\u00e8s 2290.00 CHF","author":"Cyril Hug","date":"28 septembre 2022","format":false,"excerpt":"Scooter Colibri 4 roues Couleur bleu \u00e9lectrique Assise pivotante, accoudoirs relevables et r\u00e9glables en hauteur","rel":"","context":"Article similaire","block_context":{"text":"Article similaire","link":""},"img":{"alt_text":"","src":"https:\/\/i0.wp.com\/domitec.ch\/wp-content\/uploads\/2022\/09\/Colibri-1-2131101496-1664379300320.jpg?fit=516%2C494&ssl=1&resize=350%2C200","width":350,"height":200},"classes":[]},{"id":4812,"url":"https:\/\/domitec.ch\/?product=scooter-berggais","url_meta":{"origin":4783,"position":5},"title":"Scooter Berggais","author":"Cyril Hug","date":"29 septembre 2022","format":false,"excerpt":"Scooter Berggais Le v\u00e9hicule \u00e9lectrique pour que vous puissiez passer pratiquement partout dans la ville que sur des routes pentues Avec un panneau de commande facile \u00e0 utilis\u00e9 gr\u00e2ce \u00e0 son affichage tr\u00e8s facile \u00e0 lire","rel":"","context":"Article similaire","block_context":{"text":"Article similaire","link":""},"img":{"alt_text":"","src":"https:\/\/i0.wp.com\/domitec.ch\/wp-content\/uploads\/2022\/09\/Scooter-Berggais-bleu-573379073-e1680075886686.jpg?fit=450%2C487&ssl=1&resize=350%2C200","width":350,"height":200},"classes":[]}],"_links":{"self":[{"href":"https:\/\/domitec.ch\/index.php?rest_route=\/wp\/v2\/product\/4783","targetHints":{"allow":["GET"]}}],"collection":[{"href":"https:\/\/domitec.ch\/index.php?rest_route=\/wp\/v2\/product"}],"about":[{"href":"https:\/\/domitec.ch\/index.php?rest_route=\/wp\/v2\/types\/product"}],"wp:featuredmedia":[{"embeddable":true,"href":"https:\/\/domitec.ch\/index.php?rest_route=\/wp\/v2\/media\/4760"}],"wp:attachment":[{"href":"https:\/\/domitec.ch\/index.php?rest_route=%2Fwp%2Fv2%2Fmedia&parent=4783"}],"wp:term":[{"taxonomy":"product_brand","embeddable":true,"href":"https:\/\/domitec.ch\/index.php?rest_route=%2Fwp%2Fv2%2Fproduct_brand&post=4783"},{"taxonomy":"product_cat","embeddable":true,"href":"https:\/\/domitec.ch\/index.php?rest_route=%2Fwp%2Fv2%2Fproduct_cat&post=4783"},{"taxonomy":"product_tag","embeddable":true,"href":"https:\/\/domitec.ch\/index.php?rest_route=%2Fwp%2Fv2%2Fproduct_tag&post=4783"}],"curies":[{"name":"wp","href":"https:\/\/api.w.org\/{rel}","templated":true}]}}