{"id":4752,"date":"2022-09-28T17:32:00","date_gmt":"2022-09-28T15:32:00","guid":{"rendered":"https:\/\/domitec.ch\/?post_type=product&#038;p=4752"},"modified":"2025-05-27T10:25:28","modified_gmt":"2025-05-27T08:25:28","slug":"scooter-colibri","status":"publish","type":"product","link":"https:\/\/domitec.ch\/?product=scooter-colibri","title":{"rendered":"Scooter Colibri <br> D\u00e8s 2290.00 CHF"},"content":{"rendered":"<p>Scooter Colibri 4 roues<br \/>\nVitesse 8 km\/h<br \/>\nCouleur bleu \u00e9lectrique<br \/>\nAssise pivotante, accoudoirs relevables et r\u00e9glables en hauteur<br \/>\nPanier \u00e0 l&rsquo;avant, escamotable<br \/>\nPneus 200 x 50 mm<br \/>\nBatterie 12 Ah<br \/>\nChargeur de batterie 2A<\/p>\n<p>Options: (francs et hors taxe)<br \/>\nCouleurs rouge, blanc, orange ou vert: 69.00<br \/>\nPneus 210&#215;65 mm: 109.00<br \/>\nBatterie 18 Ah avec chargeur 5A: 109.00<br \/>\nSuspensions d&rsquo;assise hauteur 425, 450 ou 475 mm: 199.00<br \/>\nPorte-cannes 89.00 (non compatible avec panier \u00e0 l&rsquo;arri\u00e8re)<br \/>\nPorte-bouteille d&rsquo;oxyg\u00e8ne 132.00 (non compatible avec panier \u00e0 l&rsquo;arri\u00e8re)<br \/>\nPanier \u00e0 l&rsquo;arri\u00e8re 159.00 (non compatible avec porte-cannes et porte-bouteille)<br \/>\nB\u00e2che de protection 179.00<\/p>\n","protected":false},"excerpt":{"rendered":"<p>Scooter Colibri 4 roues<br \/>\nCouleur bleu \u00e9lectrique<br \/>\nAssise pivotante, accoudoirs relevables et r\u00e9glables en hauteur<\/p>\n","protected":false},"featured_media":4754,"template":"","meta":{"_crdt_document":"","advanced_seo_description":"","jetpack_seo_html_title":"","jetpack_seo_noindex":false,"jetpack_publicize_message":"","jetpack_publicize_feature_enabled":true,"jetpack_social_post_already_shared":true,"jetpack_social_options":{"image_generator_settings":{"template":"highway","default_image_id":0,"font":"","enabled":false},"version":2}},"product_brand":[],"product_cat":[6370],"product_tag":[],"class_list":{"0":"post-4752","1":"product","2":"type-product","3":"status-publish","4":"has-post-thumbnail","6":"product_cat-aj-scooter","7":"product_shipping_class-transporteur","9":"first","10":"instock","11":"taxable","12":"shipping-taxable","13":"product-type-simple"},"jetpack_publicize_connections":[],"jetpack_likes_enabled":false,"jetpack_sharing_enabled":false,"jetpack-related-posts":[{"id":4742,"url":"https:\/\/domitec.ch\/?product=scooter-leo","url_meta":{"origin":4752,"position":0},"title":"Scooter L\u00e9o  D\u00e8s 3729.00 CHF","author":"Cyril Hug","date":"28 septembre 2022","format":false,"excerpt":"Le Scooter Senior Invacare\u00ae Leo\u00ae est con\u00e7u pour les utilisateurs \u00e0 la recherche d\u2019autonomie, de s\u00e9curit\u00e9 et d\u2019ind\u00e9pendance","rel":"","context":"Article similaire","block_context":{"text":"Article similaire","link":""},"img":{"alt_text":"","src":"https:\/\/i0.wp.com\/domitec.ch\/wp-content\/uploads\/2022\/09\/Scooter-leon-2744938034-e1680075908217.jpg?fit=567%2C552&ssl=1&resize=350%2C200","width":350,"height":200,"srcset":"https:\/\/i0.wp.com\/domitec.ch\/wp-content\/uploads\/2022\/09\/Scooter-leon-2744938034-e1680075908217.jpg?fit=567%2C552&ssl=1&resize=350%2C200 1x, https:\/\/i0.wp.com\/domitec.ch\/wp-content\/uploads\/2022\/09\/Scooter-leon-2744938034-e1680075908217.jpg?fit=567%2C552&ssl=1&resize=525%2C300 1.5x"},"classes":[]},{"id":4767,"url":"https:\/\/domitec.ch\/?product=scooter-comet-pro","url_meta":{"origin":4752,"position":1},"title":"Scooter Comet Pro  D\u00e8s 7079.00 CHF","author":"Cyril Hug","date":"28 septembre 2022","format":false,"excerpt":"Le Scooter Senior Invacare\u00ae Comet PRO est con\u00e7u pour les utilisateurs \u00e0 la recherche de mobilit\u00e9, de puissance et de performance. Il est id\u00e9al pour une utilisation en ext\u00e9rieur et au-del\u00e0 de la ville","rel":"","context":"Article similaire","block_context":{"text":"Article similaire","link":""},"img":{"alt_text":"","src":"https:\/\/i0.wp.com\/domitec.ch\/wp-content\/uploads\/2022\/09\/Scooter-Metro1-3956048390-e1680075935821.jpg?fit=580%2C546&ssl=1&resize=350%2C200","width":350,"height":200,"srcset":"https:\/\/i0.wp.com\/domitec.ch\/wp-content\/uploads\/2022\/09\/Scooter-Metro1-3956048390-e1680075935821.jpg?fit=580%2C546&ssl=1&resize=350%2C200 1x, https:\/\/i0.wp.com\/domitec.ch\/wp-content\/uploads\/2022\/09\/Scooter-Metro1-3956048390-e1680075935821.jpg?fit=580%2C546&ssl=1&resize=525%2C300 1.5x"},"classes":[]},{"id":4796,"url":"https:\/\/domitec.ch\/?product=scooter-orion-pro","url_meta":{"origin":4752,"position":2},"title":"Scooter Orion Pro  D\u00e8s 6050.00 CHF","author":"Cyril Hug","date":"29 septembre 2022","format":false,"excerpt":"Le scooter\u00a0 Orion PRO est id\u00e9al pour les utilisateurs souhaitant se balader sur de longues distances Il est con\u00e7u sur le m\u00eame mod\u00e8le que le scooter Invacare Orion METRO mais poss\u00e8de des batteries plus importantes, de meilleures suspensions et des roues de 12\u2019\u2019 pour des utilisateurs \u00e0 la recherche davantage\u2026","rel":"","context":"Article similaire","block_context":{"text":"Article similaire","link":""},"img":{"alt_text":"","src":"https:\/\/i0.wp.com\/domitec.ch\/wp-content\/uploads\/2022\/09\/Scooter-Metro2.jpg?fit=415%2C421&ssl=1&resize=350%2C200","width":350,"height":200},"classes":[]},{"id":4783,"url":"https:\/\/domitec.ch\/?product=scooter-orion-metro-2","url_meta":{"origin":4752,"position":3},"title":"Scooter Orion METRO  D\u00e8s 5540.00 CHF","author":"Cyril Hug","date":"29 septembre 2022","format":false,"excerpt":"Le Scooter Orion METRO est un choix id\u00e9al pour les utilisateurs \u00e0 la recherche d\u2019ind\u00e9pendance Son syst\u00e8me de quatre suspensions a \u00e9t\u00e9 con\u00e7u pour rouler sur une vari\u00e9t\u00e9 de surfaces et de terrains diff\u00e9rents. Son moteur combin\u00e9 aux roues de 11\u2019\u2019 vous emm\u00e8nera partout en douceur et en s\u00e9curit\u00e9","rel":"","context":"Article similaire","block_context":{"text":"Article similaire","link":""},"img":{"alt_text":"","src":"https:\/\/i0.wp.com\/domitec.ch\/wp-content\/uploads\/2022\/09\/Scooter-Metro1-3956048390-e1680075935821.jpg?fit=580%2C546&ssl=1&resize=350%2C200","width":350,"height":200,"srcset":"https:\/\/i0.wp.com\/domitec.ch\/wp-content\/uploads\/2022\/09\/Scooter-Metro1-3956048390-e1680075935821.jpg?fit=580%2C546&ssl=1&resize=350%2C200 1x, https:\/\/i0.wp.com\/domitec.ch\/wp-content\/uploads\/2022\/09\/Scooter-Metro1-3956048390-e1680075935821.jpg?fit=580%2C546&ssl=1&resize=525%2C300 1.5x"},"classes":[]},{"id":4773,"url":"https:\/\/domitec.ch\/?product=scooter-comet-pro-xl","url_meta":{"origin":4752,"position":4},"title":"Scooter Comet Ultra XL  D\u00e8s 8800.00 CHF","author":"Cyril Hug","date":"29 septembre 2022","format":false,"excerpt":"Le scooter Comet Ultra est sp\u00e9cialement con\u00e7u pour les utilisateurs \u00e0 forte corpulence Il offre une exp\u00e9rience de conduite puissante, confortable, en toute s\u00e9curit\u00e9 sans compromis sur le style ou les fonctions","rel":"","context":"Article similaire","block_context":{"text":"Article similaire","link":""},"img":{"alt_text":"","src":"https:\/\/i0.wp.com\/domitec.ch\/wp-content\/uploads\/2022\/09\/Scooter-Comet-Pro.jpg?fit=607%2C542&ssl=1&resize=350%2C200","width":350,"height":200,"srcset":"https:\/\/i0.wp.com\/domitec.ch\/wp-content\/uploads\/2022\/09\/Scooter-Comet-Pro.jpg?fit=607%2C542&ssl=1&resize=350%2C200 1x, https:\/\/i0.wp.com\/domitec.ch\/wp-content\/uploads\/2022\/09\/Scooter-Comet-Pro.jpg?fit=607%2C542&ssl=1&resize=525%2C300 1.5x"},"classes":[]},{"id":7101,"url":"https:\/\/domitec.ch\/?product=fauteuil-roulant-electrique-neo-xxl","url_meta":{"origin":4752,"position":5},"title":"Fauteuil roulant \u00e9lectrique N\u00e9o XXL","author":"Cyril Hug","date":"24 mars 2023","format":false,"excerpt":"Fauteuil roulant \u00e9lectrique N\u00e9o XXL Le Neo offre beaucoup de confort en termes de comportement de conduite ainsi que d'utilisation et d'assise","rel":"","context":"Article similaire","block_context":{"text":"Article similaire","link":""},"img":{"alt_text":"","src":"https:\/\/i0.wp.com\/domitec.ch\/wp-content\/uploads\/2023\/03\/FRENeoXXL-1-e1679669572790.jpg?fit=388%2C447&ssl=1&resize=350%2C200","width":350,"height":200},"classes":[]}],"_links":{"self":[{"href":"https:\/\/domitec.ch\/index.php?rest_route=\/wp\/v2\/product\/4752","targetHints":{"allow":["GET"]}}],"collection":[{"href":"https:\/\/domitec.ch\/index.php?rest_route=\/wp\/v2\/product"}],"about":[{"href":"https:\/\/domitec.ch\/index.php?rest_route=\/wp\/v2\/types\/product"}],"wp:featuredmedia":[{"embeddable":true,"href":"https:\/\/domitec.ch\/index.php?rest_route=\/wp\/v2\/media\/4754"}],"wp:attachment":[{"href":"https:\/\/domitec.ch\/index.php?rest_route=%2Fwp%2Fv2%2Fmedia&parent=4752"}],"wp:term":[{"taxonomy":"product_brand","embeddable":true,"href":"https:\/\/domitec.ch\/index.php?rest_route=%2Fwp%2Fv2%2Fproduct_brand&post=4752"},{"taxonomy":"product_cat","embeddable":true,"href":"https:\/\/domitec.ch\/index.php?rest_route=%2Fwp%2Fv2%2Fproduct_cat&post=4752"},{"taxonomy":"product_tag","embeddable":true,"href":"https:\/\/domitec.ch\/index.php?rest_route=%2Fwp%2Fv2%2Fproduct_tag&post=4752"}],"curies":[{"name":"wp","href":"https:\/\/api.w.org\/{rel}","templated":true}]}}