{"id":4742,"date":"2022-09-28T17:21:56","date_gmt":"2022-09-28T15:21:56","guid":{"rendered":"https:\/\/domitec.ch\/?post_type=product&#038;p=4742"},"modified":"2025-05-27T10:25:35","modified_gmt":"2025-05-27T08:25:35","slug":"scooter-leo","status":"publish","type":"product","link":"https:\/\/domitec.ch\/?product=scooter-leo","title":{"rendered":"Scooter L\u00e9o <br> D\u00e8s 3729.00 CHF"},"content":{"rendered":"<p>Le Scooter\u00a0 Leo\u00ae est con\u00e7u pour les utilisateurs \u00e0 la recherche d\u2019autonomie, de s\u00e9curit\u00e9 et d\u2019ind\u00e9pendance<br \/>\nIl offre une conduite souple en toute s\u00e9curit\u00e9 facilitant le contr\u00f4le et les man\u0153uvres<br \/>\nVitesse max: 8 km\/h<br \/>\nCouleur bleu ciel ou rouge \u00e9rable<\/p>\n<p>Livr\u00e9 avec:<br \/>\nsi\u00e8ge pivotant, avec dossier rabattable, y compris appuie-t\u00eate<br \/>\nAccoudoirs, pivotant vers l&rsquo;arri\u00e8re et r\u00e9glables en largeur<br \/>\nColonne de direction, r\u00e9glable en continu<br \/>\nPanneau de commande avec touches en surbrillance, bip de confirmation des<br \/>\ntouches, indicateur de charge<br \/>\nIndicateur de charge<br \/>\nGuidon ergonomique<br \/>\nSyst\u00e8me d&rsquo;\u00e9clairage lumineux avec clignotants, r\u00e9flecteurs et feux stop<br \/>\nEntra\u00eenement puissant avec d\u00e9brayage \u00e0 2 niveaux<br \/>\n2 batteries de 40 Ah<br \/>\nChargeur 5 A<br \/>\npneus pneumatiques avec roues de 10&Prime; pour franchir facilement les obstacles<br \/>\nRoues d&rsquo;appui pour un franchissement contr\u00f4l\u00e9 des bordures de trottoir<br \/>\nPanier avant, amovible, noir<br \/>\nR\u00e9troviseur gauche<br \/>\nsuspension de l&rsquo;assise (hauteur d&rsquo;assise 535 mm)<br \/>\nD\u00e9montable en 5 parties sans outils<\/p>\n<p>&nbsp;<\/p>\n<p>Options suppl\u00e9mentaires sur demande: Prix hors taxe<\/p>\n<p>Sangle de maintien avec fermeture \u00e0 ressort 113,00<br \/>\nR\u00e9troviseur droit 39,00<br \/>\nPorte cannes pour montage \u00e0 gauche ou \u00e0 droite 102,00<br \/>\nSupport pour d\u00e9ambulateur \/ cadre de marche 299,00<br \/>\nSupport pour bouteille d&rsquo;oxyg\u00e8ne 98,00<br \/>\nPorte boissons 105,00<br \/>\nCylindre avec deux cl\u00e9s personnalis\u00e9es 39,00<br \/>\nGrand panier \u00e0 provisions, \u00e0 l\u2018arri\u00e8re 98,00<br \/>\nPare-brise 92,00<br \/>\nCouverture, prot\u00e8ge le scooter gar\u00e9 de la salet\u00e9 108,00<br \/>\nC\u00e2ble d\u2018adaptateur de charge pour recharger les batteries retir\u00e9es 118,00<\/p>\n","protected":false},"excerpt":{"rendered":"<p>Le Scooter Senior Invacare\u00ae Leo\u00ae est con\u00e7u pour les utilisateurs \u00e0 la recherche d\u2019autonomie, de s\u00e9curit\u00e9 et d\u2019ind\u00e9pendance<\/p>\n","protected":false},"featured_media":4804,"template":"","meta":{"_crdt_document":"","advanced_seo_description":"","jetpack_seo_html_title":"","jetpack_seo_noindex":false,"jetpack_publicize_message":"","jetpack_publicize_feature_enabled":true,"jetpack_social_post_already_shared":true,"jetpack_social_options":{"image_generator_settings":{"template":"highway","default_image_id":0,"font":"","enabled":false},"version":2}},"product_brand":[],"product_cat":[6370],"product_tag":[],"class_list":{"0":"post-4742","1":"product","2":"type-product","3":"status-publish","4":"has-post-thumbnail","6":"product_cat-aj-scooter","7":"product_shipping_class-transporteur","9":"first","10":"instock","11":"taxable","12":"shipping-taxable","13":"product-type-simple"},"jetpack_publicize_connections":[],"jetpack_likes_enabled":false,"jetpack_sharing_enabled":false,"jetpack-related-posts":[{"id":4767,"url":"https:\/\/domitec.ch\/?product=scooter-comet-pro","url_meta":{"origin":4742,"position":0},"title":"Scooter Comet Pro  D\u00e8s 7079.00 CHF","author":"Cyril Hug","date":"28 septembre 2022","format":false,"excerpt":"Le Scooter Senior Invacare\u00ae Comet PRO est con\u00e7u pour les utilisateurs \u00e0 la recherche de mobilit\u00e9, de puissance et de performance. Il est id\u00e9al pour une utilisation en ext\u00e9rieur et au-del\u00e0 de la ville","rel":"","context":"Article similaire","block_context":{"text":"Article similaire","link":""},"img":{"alt_text":"","src":"https:\/\/i0.wp.com\/domitec.ch\/wp-content\/uploads\/2022\/09\/Scooter-Metro1-3956048390-e1680075935821.jpg?fit=580%2C546&ssl=1&resize=350%2C200","width":350,"height":200,"srcset":"https:\/\/i0.wp.com\/domitec.ch\/wp-content\/uploads\/2022\/09\/Scooter-Metro1-3956048390-e1680075935821.jpg?fit=580%2C546&ssl=1&resize=350%2C200 1x, https:\/\/i0.wp.com\/domitec.ch\/wp-content\/uploads\/2022\/09\/Scooter-Metro1-3956048390-e1680075935821.jpg?fit=580%2C546&ssl=1&resize=525%2C300 1.5x"},"classes":[]},{"id":4783,"url":"https:\/\/domitec.ch\/?product=scooter-orion-metro-2","url_meta":{"origin":4742,"position":1},"title":"Scooter Orion METRO  D\u00e8s 5540.00 CHF","author":"Cyril Hug","date":"29 septembre 2022","format":false,"excerpt":"Le Scooter Orion METRO est un choix id\u00e9al pour les utilisateurs \u00e0 la recherche d\u2019ind\u00e9pendance Son syst\u00e8me de quatre suspensions a \u00e9t\u00e9 con\u00e7u pour rouler sur une vari\u00e9t\u00e9 de surfaces et de terrains diff\u00e9rents. Son moteur combin\u00e9 aux roues de 11\u2019\u2019 vous emm\u00e8nera partout en douceur et en s\u00e9curit\u00e9","rel":"","context":"Article similaire","block_context":{"text":"Article similaire","link":""},"img":{"alt_text":"","src":"https:\/\/i0.wp.com\/domitec.ch\/wp-content\/uploads\/2022\/09\/Scooter-Metro1-3956048390-e1680075935821.jpg?fit=580%2C546&ssl=1&resize=350%2C200","width":350,"height":200,"srcset":"https:\/\/i0.wp.com\/domitec.ch\/wp-content\/uploads\/2022\/09\/Scooter-Metro1-3956048390-e1680075935821.jpg?fit=580%2C546&ssl=1&resize=350%2C200 1x, https:\/\/i0.wp.com\/domitec.ch\/wp-content\/uploads\/2022\/09\/Scooter-Metro1-3956048390-e1680075935821.jpg?fit=580%2C546&ssl=1&resize=525%2C300 1.5x"},"classes":[]},{"id":4773,"url":"https:\/\/domitec.ch\/?product=scooter-comet-pro-xl","url_meta":{"origin":4742,"position":2},"title":"Scooter Comet Ultra XL  D\u00e8s 8800.00 CHF","author":"Cyril Hug","date":"29 septembre 2022","format":false,"excerpt":"Le scooter Comet Ultra est sp\u00e9cialement con\u00e7u pour les utilisateurs \u00e0 forte corpulence Il offre une exp\u00e9rience de conduite puissante, confortable, en toute s\u00e9curit\u00e9 sans compromis sur le style ou les fonctions","rel":"","context":"Article similaire","block_context":{"text":"Article similaire","link":""},"img":{"alt_text":"","src":"https:\/\/i0.wp.com\/domitec.ch\/wp-content\/uploads\/2022\/09\/Scooter-Comet-Pro.jpg?fit=607%2C542&ssl=1&resize=350%2C200","width":350,"height":200,"srcset":"https:\/\/i0.wp.com\/domitec.ch\/wp-content\/uploads\/2022\/09\/Scooter-Comet-Pro.jpg?fit=607%2C542&ssl=1&resize=350%2C200 1x, https:\/\/i0.wp.com\/domitec.ch\/wp-content\/uploads\/2022\/09\/Scooter-Comet-Pro.jpg?fit=607%2C542&ssl=1&resize=525%2C300 1.5x"},"classes":[]},{"id":4796,"url":"https:\/\/domitec.ch\/?product=scooter-orion-pro","url_meta":{"origin":4742,"position":3},"title":"Scooter Orion Pro  D\u00e8s 6050.00 CHF","author":"Cyril Hug","date":"29 septembre 2022","format":false,"excerpt":"Le scooter\u00a0 Orion PRO est id\u00e9al pour les utilisateurs souhaitant se balader sur de longues distances Il est con\u00e7u sur le m\u00eame mod\u00e8le que le scooter Invacare Orion METRO mais poss\u00e8de des batteries plus importantes, de meilleures suspensions et des roues de 12\u2019\u2019 pour des utilisateurs \u00e0 la recherche davantage\u2026","rel":"","context":"Article similaire","block_context":{"text":"Article similaire","link":""},"img":{"alt_text":"","src":"https:\/\/i0.wp.com\/domitec.ch\/wp-content\/uploads\/2022\/09\/Scooter-Metro2.jpg?fit=415%2C421&ssl=1&resize=350%2C200","width":350,"height":200},"classes":[]},{"id":4752,"url":"https:\/\/domitec.ch\/?product=scooter-colibri","url_meta":{"origin":4742,"position":4},"title":"Scooter Colibri  D\u00e8s 2290.00 CHF","author":"Cyril Hug","date":"28 septembre 2022","format":false,"excerpt":"Scooter Colibri 4 roues Couleur bleu \u00e9lectrique Assise pivotante, accoudoirs relevables et r\u00e9glables en hauteur","rel":"","context":"Article similaire","block_context":{"text":"Article similaire","link":""},"img":{"alt_text":"","src":"https:\/\/i0.wp.com\/domitec.ch\/wp-content\/uploads\/2022\/09\/Colibri-1-2131101496-1664379300320.jpg?fit=516%2C494&ssl=1&resize=350%2C200","width":350,"height":200},"classes":[]},{"id":6173,"url":"https:\/\/domitec.ch\/?product=guidon-de-transfert-sur-roulette","url_meta":{"origin":4742,"position":5},"title":"Guidon de transfert sur roulette","author":"Cyril Hug","date":"13 janvier 2023","format":false,"excerpt":"Apporte une aide au patient pour se mettre debout Plateau sur roulettes Coussin pour les genoux r\u00e9glables en hauteur","rel":"","context":"Article similaire","block_context":{"text":"Article similaire","link":""},"img":{"alt_text":"","src":"https:\/\/i0.wp.com\/domitec.ch\/wp-content\/uploads\/2023\/01\/Guidon-de-transfert-e1673615041330.jpg?fit=400%2C493&ssl=1&resize=350%2C200","width":350,"height":200},"classes":[]}],"_links":{"self":[{"href":"https:\/\/domitec.ch\/index.php?rest_route=\/wp\/v2\/product\/4742","targetHints":{"allow":["GET"]}}],"collection":[{"href":"https:\/\/domitec.ch\/index.php?rest_route=\/wp\/v2\/product"}],"about":[{"href":"https:\/\/domitec.ch\/index.php?rest_route=\/wp\/v2\/types\/product"}],"wp:featuredmedia":[{"embeddable":true,"href":"https:\/\/domitec.ch\/index.php?rest_route=\/wp\/v2\/media\/4804"}],"wp:attachment":[{"href":"https:\/\/domitec.ch\/index.php?rest_route=%2Fwp%2Fv2%2Fmedia&parent=4742"}],"wp:term":[{"taxonomy":"product_brand","embeddable":true,"href":"https:\/\/domitec.ch\/index.php?rest_route=%2Fwp%2Fv2%2Fproduct_brand&post=4742"},{"taxonomy":"product_cat","embeddable":true,"href":"https:\/\/domitec.ch\/index.php?rest_route=%2Fwp%2Fv2%2Fproduct_cat&post=4742"},{"taxonomy":"product_tag","embeddable":true,"href":"https:\/\/domitec.ch\/index.php?rest_route=%2Fwp%2Fv2%2Fproduct_tag&post=4742"}],"curies":[{"name":"wp","href":"https:\/\/api.w.org\/{rel}","templated":true}]}}