{"id":4649,"date":"2022-09-28T10:58:16","date_gmt":"2022-09-28T08:58:16","guid":{"rendered":"https:\/\/domitec.ch\/?post_type=product&#038;p=4649"},"modified":"2025-05-27T10:27:28","modified_gmt":"2025-05-27T08:27:28","slug":"ouvre-flacon","status":"publish","type":"product","link":"https:\/\/domitec.ch\/?product=ouvre-flacon","title":{"rendered":"Ouvre flacon"},"content":{"rendered":"<p>Pratique pour ouvrir les verrous de s\u00e9curit\u00e9, tels que les flacons de d\u00e9tergent, flacon de pilules et bouteilles en PET<\/p>\n","protected":false},"excerpt":{"rendered":"<p>Pratique pour ouvrir les verrous de s\u00e9curit\u00e9<\/p>\n","protected":false},"featured_media":4651,"template":"","meta":{"_crdt_document":"","advanced_seo_description":"","jetpack_seo_html_title":"","jetpack_seo_noindex":false,"jetpack_post_was_ever_published":false,"jetpack_publicize_message":"","jetpack_publicize_feature_enabled":true,"jetpack_social_post_already_shared":true,"jetpack_social_options":{"image_generator_settings":{"template":"highway","default_image_id":0,"font":"","enabled":false},"version":2}},"product_brand":[],"product_cat":[6389],"product_tag":[],"class_list":{"0":"post-4649","1":"product","2":"type-product","3":"status-publish","4":"has-post-thumbnail","6":"product_cat-antiglisse","7":"product_shipping_class-poste-petit-paquet","9":"first","10":"instock","11":"taxable","12":"shipping-taxable","13":"purchasable","14":"product-type-simple"},"jetpack_publicize_connections":[],"jetpack_likes_enabled":false,"jetpack_sharing_enabled":false,"jetpack-related-posts":[{"id":4632,"url":"https:\/\/domitec.ch\/?product=ouvre-bouteille-antiderapand","url_meta":{"origin":4649,"position":0},"title":"Ouvre bouteille antid\u00e9rapant","author":"Cyril Hug","date":"28 septembre 2022","format":false,"excerpt":"Ouvre-bouteille Grip -it pratique en plastique souple antid\u00e9rapant s'adapte \u00e0 la taille du bouchon de la bouteille","rel":"","context":"Article similaire","block_context":{"text":"Article similaire","link":""},"img":{"alt_text":"","src":"https:\/\/i0.wp.com\/domitec.ch\/wp-content\/uploads\/2022\/09\/Ouvre-bouteille.jpg?fit=556%2C502&ssl=1&resize=350%2C200","width":350,"height":200,"srcset":"https:\/\/i0.wp.com\/domitec.ch\/wp-content\/uploads\/2022\/09\/Ouvre-bouteille.jpg?fit=556%2C502&ssl=1&resize=350%2C200 1x, https:\/\/i0.wp.com\/domitec.ch\/wp-content\/uploads\/2022\/09\/Ouvre-bouteille.jpg?fit=556%2C502&ssl=1&resize=525%2C300 1.5x"},"classes":[]},{"id":4652,"url":"https:\/\/domitec.ch\/?product=ouvre-couvercle-pour-bocaux","url_meta":{"origin":4649,"position":1},"title":"Ouvre couvercle pour bocaux","author":"Cyril Hug","date":"28 septembre 2022","format":false,"excerpt":"Ouvre couvercle pour bocaux","rel":"","context":"Article similaire","block_context":{"text":"Article similaire","link":""},"img":{"alt_text":"","src":"","width":0,"height":0},"classes":[]},{"id":4683,"url":"https:\/\/domitec.ch\/?product=ouvre-couvercle-pour-bocaux-2","url_meta":{"origin":4649,"position":2},"title":"Ouvre couvercle pour bocaux","author":"Cyril Hug","date":"28 septembre 2022","format":false,"excerpt":"Ouvre couvercle\u00a0Brix pour bocaux","rel":"","context":"Article similaire","block_context":{"text":"Article similaire","link":""},"img":{"alt_text":"","src":"","width":0,"height":0},"classes":[]},{"id":4681,"url":"https:\/\/domitec.ch\/?product=ouvre-bouchon-pour-brique-de-lait","url_meta":{"origin":4649,"position":3},"title":"Ouvre bouchon pour brique de lait","author":"Cyril Hug","date":"28 septembre 2022","format":false,"excerpt":"Ouvre bouchon pour brique de lait, jus de fruits...","rel":"","context":"Article similaire","block_context":{"text":"Article similaire","link":""},"img":{"alt_text":"","src":"","width":0,"height":0},"classes":[]},{"id":4645,"url":"https:\/\/domitec.ch\/?product=ouvre-courvercle-antiderapant","url_meta":{"origin":4649,"position":4},"title":"Ouvre courvercle antid\u00e9rapant","author":"Cyril Hug","date":"28 septembre 2022","format":false,"excerpt":"Ce capuchon souple s'adapte \u00e0 la taille de l'objet pour aider \u00e0 son ouverturee.","rel":"","context":"Article similaire","block_context":{"text":"Article similaire","link":""},"img":{"alt_text":"","src":"https:\/\/i0.wp.com\/domitec.ch\/wp-content\/uploads\/2022\/09\/Ouvre-bouteille-bleu-1940428633-e1680080874377.jpg?fit=408%2C345&ssl=1&resize=350%2C200","width":350,"height":200},"classes":[]},{"id":4462,"url":"https:\/\/domitec.ch\/?product=chariot-de-course-liquidation-3","url_meta":{"origin":4649,"position":5},"title":"Chariot de course Carlett","author":"Cyril Hug","date":"26 septembre 2022","format":false,"excerpt":"Chariot Lett-700 Pratique et confortable Con\u00e7ue pour r\u00e9pondre \u00e0 deux besoins : faire vos achats et vous reposer Id\u00e9al pour vos sorties shoppings Il s\u2019agit d\u2019un produit pens\u00e9 pour les personnes de tous les \u00e2ges ind\u00e9pendantes, qui profitent de leurs sorties quotidiennes et qui cherchent un accessoire pratique et confortable\u2026","rel":"","context":"Article similaire","block_context":{"text":"Article similaire","link":""},"img":{"alt_text":"","src":"https:\/\/i0.wp.com\/domitec.ch\/wp-content\/uploads\/2022\/09\/Carlett800a-4067542930-e1673342533235.jpg?fit=458%2C515&ssl=1&resize=350%2C200","width":350,"height":200},"classes":[]}],"_links":{"self":[{"href":"https:\/\/domitec.ch\/index.php?rest_route=\/wp\/v2\/product\/4649","targetHints":{"allow":["GET"]}}],"collection":[{"href":"https:\/\/domitec.ch\/index.php?rest_route=\/wp\/v2\/product"}],"about":[{"href":"https:\/\/domitec.ch\/index.php?rest_route=\/wp\/v2\/types\/product"}],"wp:featuredmedia":[{"embeddable":true,"href":"https:\/\/domitec.ch\/index.php?rest_route=\/wp\/v2\/media\/4651"}],"wp:attachment":[{"href":"https:\/\/domitec.ch\/index.php?rest_route=%2Fwp%2Fv2%2Fmedia&parent=4649"}],"wp:term":[{"taxonomy":"product_brand","embeddable":true,"href":"https:\/\/domitec.ch\/index.php?rest_route=%2Fwp%2Fv2%2Fproduct_brand&post=4649"},{"taxonomy":"product_cat","embeddable":true,"href":"https:\/\/domitec.ch\/index.php?rest_route=%2Fwp%2Fv2%2Fproduct_cat&post=4649"},{"taxonomy":"product_tag","embeddable":true,"href":"https:\/\/domitec.ch\/index.php?rest_route=%2Fwp%2Fv2%2Fproduct_tag&post=4649"}],"curies":[{"name":"wp","href":"https:\/\/api.w.org\/{rel}","templated":true}]}}