{"id":4408,"date":"2022-09-26T11:43:34","date_gmt":"2022-09-26T09:43:34","guid":{"rendered":"https:\/\/domitec.ch\/?post_type=product&#038;p=4408"},"modified":"2025-05-27T10:30:34","modified_gmt":"2025-05-27T08:30:34","slug":"rollator-leopard-rolloguard","status":"publish","type":"product","link":"https:\/\/domitec.ch\/?product=rollator-leopard-rolloguard","title":{"rendered":"Rollator brake system"},"content":{"rendered":"<p>Rollator RolloGuard brake system<br \/>\nAvec syst\u00e8me RolloGuard qui freine le rollator si un mouvement brusque est effectu\u00e9 en avant<br \/>\nRollator avec cadre en aluminium, \u00e9quip\u00e9 d\u2019une sangle dorsale, livr\u00e9 avec un sac en nylon et un porte canne<br \/>\nSi\u00e8ge en nylon r\u00e9sistant \u00e0 la d\u00e9chirure<br \/>\nSe plie sur le c\u00f4t\u00e9 (les poign\u00e9es se rejoignent) et r\u00e9duit l\u2019espace pour le rangement<br \/>\nConvient \u00e0 l&rsquo;ext\u00e9rieur et \u00e0 l&rsquo;int\u00e9rieur<br \/>\nLivr\u00e9 avec 4 x roues soft (molle)<br \/>\nAvec freins de route et de position assise \u00ab\u00a0parking\u00a0\u00bb<\/p>\n<p>Hauteurs d\u2019assise: 62 cm<br \/>\nPoign\u00e9es ajustables de 85 \u00e0 98 cm<br \/>\nLargeur d\u2019assise 45 cm<br \/>\nLargueur int\u00e9rieur entre poign\u00e9es 46cm<br \/>\nCouleur: Gris anthracite<br \/>\nCharge max sac\/panier: 5kg<br \/>\nPoids: 7,4kg<br \/>\nCharge max: 150 kg<\/p>\n<p>Le syst\u00e8me RolloGuard brake peut \u00eatre r\u00e9gl\u00e9 avec 3 protections diff\u00e9rentes pour actionner les freins:<br \/>\nRouge: Haut<br \/>\nJaune: Moyen<br \/>\nVert: Bas<\/p>\n","protected":false},"excerpt":{"rendered":"<p>Rollator avec syst\u00e8me RolloGuard qui freine, ralenti le rollator si un mouvement brusque est effectu\u00e9<\/p>\n","protected":false},"featured_media":4412,"template":"","meta":{"_crdt_document":"","advanced_seo_description":"","jetpack_seo_html_title":"","jetpack_seo_noindex":false,"jetpack_post_was_ever_published":false,"jetpack_publicize_message":"","jetpack_publicize_feature_enabled":true,"jetpack_social_post_already_shared":true,"jetpack_social_options":{"image_generator_settings":{"template":"highway","default_image_id":0,"font":"","enabled":false},"version":2}},"product_brand":[],"product_cat":[6371],"product_tag":[],"class_list":{"0":"post-4408","1":"product","2":"type-product","3":"status-publish","4":"has-post-thumbnail","6":"product_cat-af-rollator","7":"product_shipping_class-poste-grand-paquet","9":"first","10":"instock","11":"taxable","12":"shipping-taxable","13":"purchasable","14":"product-type-simple"},"jetpack_publicize_connections":[],"jetpack_likes_enabled":true,"jetpack_sharing_enabled":true,"jetpack-related-posts":[{"id":4300,"url":"https:\/\/domitec.ch\/?product=rollator-tiger-arthritis","url_meta":{"origin":4408,"position":0},"title":"Rollator Tiger Arthritis","author":"Cyril Hug","date":"26 septembre 2022","format":false,"excerpt":"Rollator Arthritis Tiger Pliable et l\u00e9ger avec appuis arthritiques","rel":"","context":"Article similaire","block_context":{"text":"Article similaire","link":""},"img":{"alt_text":"","src":"https:\/\/i0.wp.com\/domitec.ch\/wp-content\/uploads\/2022\/09\/Tigre-arthri-gris-2147214763-1664184932443.jpg?fit=545%2C551&ssl=1&resize=350%2C200","width":350,"height":200,"srcset":"https:\/\/i0.wp.com\/domitec.ch\/wp-content\/uploads\/2022\/09\/Tigre-arthri-gris-2147214763-1664184932443.jpg?fit=545%2C551&ssl=1&resize=350%2C200 1x, https:\/\/i0.wp.com\/domitec.ch\/wp-content\/uploads\/2022\/09\/Tigre-arthri-gris-2147214763-1664184932443.jpg?fit=545%2C551&ssl=1&resize=525%2C300 1.5x"},"classes":[]},{"id":4399,"url":"https:\/\/domitec.ch\/?product=rollator-panther","url_meta":{"origin":4408,"position":1},"title":"Rollator Panther","author":"Cyril Hug","date":"26 septembre 2022","format":false,"excerpt":"Rollator Panther 2 hauteurs d\u2019assise: 55 et 62 cm Convient \u00e0 l\u2019ext\u00e9rieur comme \u00e0 l\u2019int\u00e9rieur","rel":"","context":"Article similaire","block_context":{"text":"Article similaire","link":""},"img":{"alt_text":"","src":"https:\/\/i0.wp.com\/domitec.ch\/wp-content\/uploads\/2022\/09\/Rollator-Panther2.png?fit=806%2C807&ssl=1&resize=350%2C200","width":350,"height":200,"srcset":"https:\/\/i0.wp.com\/domitec.ch\/wp-content\/uploads\/2022\/09\/Rollator-Panther2.png?fit=806%2C807&ssl=1&resize=350%2C200 1x, https:\/\/i0.wp.com\/domitec.ch\/wp-content\/uploads\/2022\/09\/Rollator-Panther2.png?fit=806%2C807&ssl=1&resize=525%2C300 1.5x, https:\/\/i0.wp.com\/domitec.ch\/wp-content\/uploads\/2022\/09\/Rollator-Panther2.png?fit=806%2C807&ssl=1&resize=700%2C400 2x"},"classes":[]},{"id":4344,"url":"https:\/\/domitec.ch\/?product=rollator-lion-xl","url_meta":{"origin":4408,"position":2},"title":"Rollator Lion XL","author":"Cyril Hug","date":"26 septembre 2022","format":false,"excerpt":"Rollator Lion XL Avec cadre en aluminium, \u00e9quip\u00e9 d\u2019une sangle dorsale, livr\u00e9 avec un sac en nylon et un porte canne","rel":"","context":"Article similaire","block_context":{"text":"Article similaire","link":""},"img":{"alt_text":"","src":"https:\/\/i0.wp.com\/domitec.ch\/wp-content\/uploads\/2022\/09\/Lion-gris-3958203730-1664181328424.jpg?fit=472%2C526&ssl=1&resize=350%2C200","width":350,"height":200},"classes":[]},{"id":4321,"url":"https:\/\/domitec.ch\/?product=rollator-leopard","url_meta":{"origin":4408,"position":3},"title":"Rollator L\u00e9opard","author":"Cyril Hug","date":"26 septembre 2022","format":false,"excerpt":"!!! Mod\u00e8le recommand\u00e9 !!! Rollator avec cadre en aluminium Equip\u00e9 d'une sangle dorsale et livr\u00e9 avec un sac amovible en nylon","rel":"","context":"Article similaire","block_context":{"text":"Article similaire","link":""},"img":{"alt_text":"","src":"https:\/\/i0.wp.com\/domitec.ch\/wp-content\/uploads\/2022\/09\/Rollator-Leopard.png?fit=896%2C881&ssl=1&resize=350%2C200","width":350,"height":200,"srcset":"https:\/\/i0.wp.com\/domitec.ch\/wp-content\/uploads\/2022\/09\/Rollator-Leopard.png?fit=896%2C881&ssl=1&resize=350%2C200 1x, https:\/\/i0.wp.com\/domitec.ch\/wp-content\/uploads\/2022\/09\/Rollator-Leopard.png?fit=896%2C881&ssl=1&resize=525%2C300 1.5x, https:\/\/i0.wp.com\/domitec.ch\/wp-content\/uploads\/2022\/09\/Rollator-Leopard.png?fit=896%2C881&ssl=1&resize=700%2C400 2x"},"classes":[]},{"id":4369,"url":"https:\/\/domitec.ch\/?product=rollator-gepard-carbone","url_meta":{"origin":4408,"position":4},"title":"Rollator G\u00e9pard carbone","author":"Cyril Hug","date":"26 septembre 2022","format":false,"excerpt":"Rollator avec cadre en fibre de carbone Ultra l\u00e9ger, Existe en version XL (charge max 200kg)","rel":"","context":"Article similaire","block_context":{"text":"Article similaire","link":""},"img":{"alt_text":"","src":"https:\/\/i0.wp.com\/domitec.ch\/wp-content\/uploads\/2022\/09\/Gepard-carbon-HD-455867153-1664227110390.jpg?fit=524%2C572&ssl=1&resize=350%2C200","width":350,"height":200},"classes":[]},{"id":4317,"url":"https:\/\/domitec.ch\/?product=rollator-leopard-2","url_meta":{"origin":4408,"position":5},"title":"Rollator Tiger Arthritis XL","author":"Cyril Hug","date":"26 septembre 2022","format":false,"excerpt":"Rollator Arthritis Tiger XL Avec appuis arthritiques, qui peuvent \u00eatre tourn\u00e9s vers l'int\u00e9rieur de 2 x 22,5 degr\u00e9s","rel":"","context":"Article similaire","block_context":{"text":"Article similaire","link":""},"img":{"alt_text":"","src":"https:\/\/i0.wp.com\/domitec.ch\/wp-content\/uploads\/2022\/09\/Tigre-arthri-gris-outdoor.jpg?fit=497%2C525&ssl=1&resize=350%2C200","width":350,"height":200},"classes":[]}],"_links":{"self":[{"href":"https:\/\/domitec.ch\/index.php?rest_route=\/wp\/v2\/product\/4408","targetHints":{"allow":["GET"]}}],"collection":[{"href":"https:\/\/domitec.ch\/index.php?rest_route=\/wp\/v2\/product"}],"about":[{"href":"https:\/\/domitec.ch\/index.php?rest_route=\/wp\/v2\/types\/product"}],"wp:featuredmedia":[{"embeddable":true,"href":"https:\/\/domitec.ch\/index.php?rest_route=\/wp\/v2\/media\/4412"}],"wp:attachment":[{"href":"https:\/\/domitec.ch\/index.php?rest_route=%2Fwp%2Fv2%2Fmedia&parent=4408"}],"wp:term":[{"taxonomy":"product_brand","embeddable":true,"href":"https:\/\/domitec.ch\/index.php?rest_route=%2Fwp%2Fv2%2Fproduct_brand&post=4408"},{"taxonomy":"product_cat","embeddable":true,"href":"https:\/\/domitec.ch\/index.php?rest_route=%2Fwp%2Fv2%2Fproduct_cat&post=4408"},{"taxonomy":"product_tag","embeddable":true,"href":"https:\/\/domitec.ch\/index.php?rest_route=%2Fwp%2Fv2%2Fproduct_tag&post=4408"}],"curies":[{"name":"wp","href":"https:\/\/api.w.org\/{rel}","templated":true}]}}