{"id":4195,"date":"2022-09-25T13:39:12","date_gmt":"2022-09-25T11:39:12","guid":{"rendered":"https:\/\/domitec.ch\/?post_type=product&#038;p=4195"},"modified":"2025-05-27T10:32:22","modified_gmt":"2025-05-27T08:32:22","slug":"chaise-percee-etac","status":"publish","type":"product","link":"https:\/\/domitec.ch\/?product=chaise-percee-etac","title":{"rendered":"Chaise perc\u00e9e Etac"},"content":{"rendered":"<p>Chaise de toilette<br \/>\nLivr\u00e9e avec pot et couvercle, accoudoirs, coussin pour si\u00e8ge et dossier<br \/>\nPoids supportable 130 kg<br \/>\nR\u00e9glable en hauteur 42-57 cm de l&rsquo;assise<br \/>\nAvec anti\u00e9claboussures (trou: 21,5 x 30cm),<br \/>\nLargeur totale 56 cm<br \/>\nLargeur du si\u00e8ge 54 cm<br \/>\nLargeur entre accoudoirs 45 cm<br \/>\nCouleur gris<\/p>\n","protected":false},"excerpt":{"rendered":"<p>Chaise de toilette<br \/>\nUtilisable directement sur les toilettes ou comme chaise perc\u00e9e<\/p>\n","protected":false},"featured_media":7557,"template":"","meta":{"_crdt_document":"","advanced_seo_description":"","jetpack_seo_html_title":"","jetpack_seo_noindex":false,"jetpack_publicize_message":"","jetpack_publicize_feature_enabled":true,"jetpack_social_post_already_shared":true,"jetpack_social_options":{"image_generator_settings":{"template":"highway","default_image_id":0,"font":"","enabled":false},"version":2}},"product_brand":[],"product_cat":[6595],"product_tag":[],"class_list":{"0":"post-4195","1":"product","2":"type-product","3":"status-publish","4":"has-post-thumbnail","6":"product_cat-chaise-percee-et-chaise-de-douche","7":"product_shipping_class-poste-grand-paquet","9":"first","10":"instock","11":"taxable","12":"shipping-taxable","13":"purchasable","14":"product-type-simple"},"jetpack_publicize_connections":[],"jetpack_likes_enabled":false,"jetpack_sharing_enabled":false,"jetpack-related-posts":[{"id":4130,"url":"https:\/\/domitec.ch\/?product=chaise-percee-sur-roulettes","url_meta":{"origin":4195,"position":0},"title":"Chaise perc\u00e9e sur roulettes","author":"Cyril Hug","date":"25 septembre 2022","format":false,"excerpt":"Chaise perc\u00e9e \u00e0 roulettes","rel":"","context":"Article similaire","block_context":{"text":"Article similaire","link":""},"img":{"alt_text":"","src":"https:\/\/i0.wp.com\/domitec.ch\/wp-content\/uploads\/2022\/09\/Chaise-de-douche-roulettes-3839275578-e1673341685623.jpg?fit=589%2C616&ssl=1&resize=350%2C200","width":350,"height":200,"srcset":"https:\/\/i0.wp.com\/domitec.ch\/wp-content\/uploads\/2022\/09\/Chaise-de-douche-roulettes-3839275578-e1673341685623.jpg?fit=589%2C616&ssl=1&resize=350%2C200 1x, https:\/\/i0.wp.com\/domitec.ch\/wp-content\/uploads\/2022\/09\/Chaise-de-douche-roulettes-3839275578-e1673341685623.jpg?fit=589%2C616&ssl=1&resize=525%2C300 1.5x"},"classes":[]},{"id":11571,"url":"https:\/\/domitec.ch\/?product=chaise-de-douche-percee","url_meta":{"origin":4195,"position":1},"title":"Chaise de douche-perc\u00e9e","author":"Cyril Hug","date":"18 juin 2025","format":false,"excerpt":"Chaise de douche perc\u00e9e Avec pieds r\u00e9glables en hauteur et accoudoirs relevables Livr\u00e9e avec porte-savon et porte-papier toilette","rel":"","context":"Article similaire","block_context":{"text":"Article similaire","link":""},"img":{"alt_text":"","src":"https:\/\/i0.wp.com\/domitec.ch\/wp-content\/uploads\/2025\/06\/Chaise-mobi-e1750275884506.png?fit=661%2C657&ssl=1&resize=350%2C200","width":350,"height":200,"srcset":"https:\/\/i0.wp.com\/domitec.ch\/wp-content\/uploads\/2025\/06\/Chaise-mobi-e1750275884506.png?fit=661%2C657&ssl=1&resize=350%2C200 1x, https:\/\/i0.wp.com\/domitec.ch\/wp-content\/uploads\/2025\/06\/Chaise-mobi-e1750275884506.png?fit=661%2C657&ssl=1&resize=525%2C300 1.5x"},"classes":[]},{"id":4157,"url":"https:\/\/domitec.ch\/?product=chaise-percee-douche-sur-roulettes-basculante","url_meta":{"origin":4195,"position":2},"title":"Chaise perc\u00e9e-douche sur roulettes basculante","author":"Cyril Hug","date":"25 septembre 2022","format":false,"excerpt":"Chaise de douche \/ perc\u00e9e basculante Largueur assise 38, 45, 50 ou 55 cm","rel":"","context":"Article similaire","block_context":{"text":"Article similaire","link":""},"img":{"alt_text":"","src":"https:\/\/i0.wp.com\/domitec.ch\/wp-content\/uploads\/2022\/09\/Chaise-douche-incli-999339278-e1680076444325.jpg?fit=496%2C529&ssl=1&resize=350%2C200","width":350,"height":200},"classes":[]},{"id":4134,"url":"https:\/\/domitec.ch\/?product=chaise-percee-douche-sur-roulettes","url_meta":{"origin":4195,"position":3},"title":"Chaise perc\u00e9e-douche sur roulettes","author":"Cyril Hug","date":"25 septembre 2022","format":false,"excerpt":"Chaise perc\u00e9e-douche sur roulettes Avec freins sur les 4 roues Nouveau d\u00e8s novembre 2025: assise de 61 cm","rel":"","context":"Article similaire","block_context":{"text":"Article similaire","link":""},"img":{"alt_text":"","src":"https:\/\/i0.wp.com\/domitec.ch\/wp-content\/uploads\/2022\/09\/Chaise-kakdu1-75821523-e1673341827664.jpg?fit=404%2C422&ssl=1&resize=350%2C200","width":350,"height":200},"classes":[]},{"id":4060,"url":"https:\/\/domitec.ch\/?product=siege-de-toilette","url_meta":{"origin":4195,"position":4},"title":"Si\u00e8ge de toilette","author":"Cyril Hug","date":"23 septembre 2022","format":false,"excerpt":"R\u00e9glable en hauteur 42-57 cm Avec anti \u00e9claboussure (trou: 21,5 x 30cm) et accoudoirs","rel":"","context":"Article similaire","block_context":{"text":"Article similaire","link":""},"img":{"alt_text":"","src":"https:\/\/i0.wp.com\/domitec.ch\/wp-content\/uploads\/2022\/09\/Siege-de-toilette.jpg?fit=280%2C281&ssl=1&resize=350%2C200","width":350,"height":200},"classes":[]},{"id":4127,"url":"https:\/\/domitec.ch\/?product=chaise-percee-sur-pieds","url_meta":{"origin":4195,"position":5},"title":"Chaise perc\u00e9e sur pieds","author":"Cyril Hug","date":"25 septembre 2022","format":false,"excerpt":"Chaise perc\u00e9e sur pieds r\u00e9glables en hauteur","rel":"","context":"Article similaire","block_context":{"text":"Article similaire","link":""},"img":{"alt_text":"","src":"https:\/\/i0.wp.com\/domitec.ch\/wp-content\/uploads\/2022\/09\/chaise-percee-pieds-reglable1-3345520628-e1680076511272.jpg?fit=1184%2C907&ssl=1&resize=350%2C200","width":350,"height":200,"srcset":"https:\/\/i0.wp.com\/domitec.ch\/wp-content\/uploads\/2022\/09\/chaise-percee-pieds-reglable1-3345520628-e1680076511272.jpg?fit=1184%2C907&ssl=1&resize=350%2C200 1x, https:\/\/i0.wp.com\/domitec.ch\/wp-content\/uploads\/2022\/09\/chaise-percee-pieds-reglable1-3345520628-e1680076511272.jpg?fit=1184%2C907&ssl=1&resize=525%2C300 1.5x, https:\/\/i0.wp.com\/domitec.ch\/wp-content\/uploads\/2022\/09\/chaise-percee-pieds-reglable1-3345520628-e1680076511272.jpg?fit=1184%2C907&ssl=1&resize=700%2C400 2x, https:\/\/i0.wp.com\/domitec.ch\/wp-content\/uploads\/2022\/09\/chaise-percee-pieds-reglable1-3345520628-e1680076511272.jpg?fit=1184%2C907&ssl=1&resize=1050%2C600 3x"},"classes":[]}],"_links":{"self":[{"href":"https:\/\/domitec.ch\/index.php?rest_route=\/wp\/v2\/product\/4195","targetHints":{"allow":["GET"]}}],"collection":[{"href":"https:\/\/domitec.ch\/index.php?rest_route=\/wp\/v2\/product"}],"about":[{"href":"https:\/\/domitec.ch\/index.php?rest_route=\/wp\/v2\/types\/product"}],"wp:featuredmedia":[{"embeddable":true,"href":"https:\/\/domitec.ch\/index.php?rest_route=\/wp\/v2\/media\/7557"}],"wp:attachment":[{"href":"https:\/\/domitec.ch\/index.php?rest_route=%2Fwp%2Fv2%2Fmedia&parent=4195"}],"wp:term":[{"taxonomy":"product_brand","embeddable":true,"href":"https:\/\/domitec.ch\/index.php?rest_route=%2Fwp%2Fv2%2Fproduct_brand&post=4195"},{"taxonomy":"product_cat","embeddable":true,"href":"https:\/\/domitec.ch\/index.php?rest_route=%2Fwp%2Fv2%2Fproduct_cat&post=4195"},{"taxonomy":"product_tag","embeddable":true,"href":"https:\/\/domitec.ch\/index.php?rest_route=%2Fwp%2Fv2%2Fproduct_tag&post=4195"}],"curies":[{"name":"wp","href":"https:\/\/api.w.org\/{rel}","templated":true}]}}