{"id":4178,"date":"2022-09-25T10:26:01","date_gmt":"2022-09-25T08:26:01","guid":{"rendered":"https:\/\/domitec.ch\/?post_type=product&#038;p=4178"},"modified":"2025-05-27T10:32:38","modified_gmt":"2025-05-27T08:32:38","slug":"barre-dappui-pour-toilettes","status":"publish","type":"product","link":"https:\/\/domitec.ch\/?product=barre-dappui-pour-toilettes","title":{"rendered":"Barre d&rsquo;appui pour toilettes"},"content":{"rendered":"<p>Barre d&rsquo;appui autoportante<br \/>\nId\u00e9al pour se lever depuis les toilettes<br \/>\nr\u00e9glable en hauteur<\/p>\n","protected":false},"excerpt":{"rendered":"<p>Barre d&rsquo;appui autoportante<br \/>\nId\u00e9al pour se lever depuis les toilettes<\/p>\n","protected":false},"featured_media":4180,"template":"","meta":{"_crdt_document":"","advanced_seo_description":"","jetpack_seo_html_title":"","jetpack_seo_noindex":false,"jetpack_publicize_message":"","jetpack_publicize_feature_enabled":true,"jetpack_social_post_already_shared":true,"jetpack_social_options":{"image_generator_settings":{"template":"highway","default_image_id":0,"font":"","enabled":false},"version":2}},"product_brand":[],"product_cat":[6380],"product_tag":[],"class_list":{"0":"post-4178","1":"product","2":"type-product","3":"status-publish","4":"has-post-thumbnail","6":"product_cat-toilettes","7":"product_shipping_class-poste-normal","9":"first","10":"instock","11":"taxable","12":"shipping-taxable","13":"purchasable","14":"product-type-simple"},"jetpack_publicize_connections":[],"jetpack_likes_enabled":false,"jetpack_sharing_enabled":false,"jetpack-related-posts":[{"id":4243,"url":"https:\/\/domitec.ch\/?product=barre-dappui-a-ventouses","url_meta":{"origin":4178,"position":0},"title":"Barre d&rsquo;appui \u00e0 ventouses","author":"Cyril Hug","date":"25 septembre 2022","format":false,"excerpt":"Barre d\u2019appui \u00e0 ventouses Avec contr\u00f4le du verrouillage de s\u00e9curit\u00e9","rel":"","context":"Article similaire","block_context":{"text":"Article similaire","link":""},"img":{"alt_text":"","src":"https:\/\/i0.wp.com\/domitec.ch\/wp-content\/uploads\/2022\/09\/Barre-ventouse-233715365-1664140070224.jpg?fit=375%2C275&ssl=1&resize=350%2C200","width":350,"height":200},"classes":[]},{"id":11171,"url":"https:\/\/domitec.ch\/?product=barre-dappui-murale","url_meta":{"origin":4178,"position":1},"title":"Barre d&rsquo;appui murale","author":"Cyril Hug","date":"6 septembre 2024","format":false,"excerpt":"Barre d'appui fixation mural Longueur 55 ou 76 cm Poids barre 2.5 kg Charge max environ 80kg (selon syst\u00e8me de fixation et du mur porteur) Couleur blanche","rel":"","context":"Article similaire","block_context":{"text":"Article similaire","link":""},"img":{"alt_text":"","src":"https:\/\/i0.wp.com\/domitec.ch\/wp-content\/uploads\/2024\/09\/Barre-maintien-.png?fit=582%2C549&ssl=1&resize=350%2C200","width":350,"height":200,"srcset":"https:\/\/i0.wp.com\/domitec.ch\/wp-content\/uploads\/2024\/09\/Barre-maintien-.png?fit=582%2C549&ssl=1&resize=350%2C200 1x, https:\/\/i0.wp.com\/domitec.ch\/wp-content\/uploads\/2024\/09\/Barre-maintien-.png?fit=582%2C549&ssl=1&resize=525%2C300 1.5x"},"classes":[]},{"id":4256,"url":"https:\/\/domitec.ch\/?product=barre-dappui-a-ventouses-telescopique","url_meta":{"origin":4178,"position":2},"title":"Barre d&rsquo;appui \u00e0 ventouses t\u00e9lescopique","author":"Cyril Hug","date":"25 septembre 2022","format":false,"excerpt":"Barre d\u2019appui \u00e0 ventouses Avec contr\u00f4le du verrouillage de s\u00e9curit\u00e9","rel":"","context":"Article similaire","block_context":{"text":"Article similaire","link":""},"img":{"alt_text":"","src":"https:\/\/i0.wp.com\/domitec.ch\/wp-content\/uploads\/2022\/09\/Barre-ventouse-telescopique-2.jpg?fit=342%2C227&ssl=1&resize=350%2C200","width":350,"height":200},"classes":[]},{"id":4199,"url":"https:\/\/domitec.ch\/?product=barre-dappui","url_meta":{"origin":4178,"position":3},"title":"Barre d&rsquo;appui","author":"Cyril Hug","date":"25 septembre 2022","format":false,"excerpt":"Barre d'appui blanche Convient pour les salles de bain, couloirs, passages de portes...","rel":"","context":"Article similaire","block_context":{"text":"Article similaire","link":""},"img":{"alt_text":"","src":"https:\/\/i0.wp.com\/domitec.ch\/wp-content\/uploads\/2022\/09\/barre-appui.jpg?fit=488%2C412&ssl=1&resize=350%2C200","width":350,"height":200},"classes":[]},{"id":11870,"url":"https:\/\/domitec.ch\/?product=fauteuil-de-toilette-douche-et-de-transfert","url_meta":{"origin":4178,"position":4},"title":"Fauteuil de toilette douche et de transfert","author":"Cyril Hug","date":"10 mars 2026","format":false,"excerpt":"Fauteuil de toilette douche et de transfert R\u00e9glage de la hauteur manuel Facilite le transfert du lit \u00e0 la douche ou au toilette (Selon la configuration du sol)","rel":"","context":"Article similaire","block_context":{"text":"Article similaire","link":""},"img":{"alt_text":"","src":"https:\/\/i0.wp.com\/domitec.ch\/wp-content\/uploads\/2026\/03\/Chaise-de-transfert-hauteur-fixe-reglable-manuellement-.png?fit=986%2C908&ssl=1&resize=350%2C200","width":350,"height":200,"srcset":"https:\/\/i0.wp.com\/domitec.ch\/wp-content\/uploads\/2026\/03\/Chaise-de-transfert-hauteur-fixe-reglable-manuellement-.png?fit=986%2C908&ssl=1&resize=350%2C200 1x, https:\/\/i0.wp.com\/domitec.ch\/wp-content\/uploads\/2026\/03\/Chaise-de-transfert-hauteur-fixe-reglable-manuellement-.png?fit=986%2C908&ssl=1&resize=525%2C300 1.5x, https:\/\/i0.wp.com\/domitec.ch\/wp-content\/uploads\/2026\/03\/Chaise-de-transfert-hauteur-fixe-reglable-manuellement-.png?fit=986%2C908&ssl=1&resize=700%2C400 2x"},"classes":[]},{"id":4230,"url":"https:\/\/domitec.ch\/?product=barre-dappui-2","url_meta":{"origin":4178,"position":5},"title":"Barre d&rsquo;appui","author":"Cyril Hug","date":"25 septembre 2022","format":false,"excerpt":"Barres de maintien en acier Disponibles en longueurs de 16, 25, 30, 40, 50, 60, 75 ou 90 cm","rel":"","context":"Article similaire","block_context":{"text":"Article similaire","link":""},"img":{"alt_text":"","src":"https:\/\/i0.wp.com\/domitec.ch\/wp-content\/uploads\/2022\/09\/Barre-simple.jpg?fit=413%2C372&ssl=1&resize=350%2C200","width":350,"height":200},"classes":[]}],"_links":{"self":[{"href":"https:\/\/domitec.ch\/index.php?rest_route=\/wp\/v2\/product\/4178","targetHints":{"allow":["GET"]}}],"collection":[{"href":"https:\/\/domitec.ch\/index.php?rest_route=\/wp\/v2\/product"}],"about":[{"href":"https:\/\/domitec.ch\/index.php?rest_route=\/wp\/v2\/types\/product"}],"wp:featuredmedia":[{"embeddable":true,"href":"https:\/\/domitec.ch\/index.php?rest_route=\/wp\/v2\/media\/4180"}],"wp:attachment":[{"href":"https:\/\/domitec.ch\/index.php?rest_route=%2Fwp%2Fv2%2Fmedia&parent=4178"}],"wp:term":[{"taxonomy":"product_brand","embeddable":true,"href":"https:\/\/domitec.ch\/index.php?rest_route=%2Fwp%2Fv2%2Fproduct_brand&post=4178"},{"taxonomy":"product_cat","embeddable":true,"href":"https:\/\/domitec.ch\/index.php?rest_route=%2Fwp%2Fv2%2Fproduct_cat&post=4178"},{"taxonomy":"product_tag","embeddable":true,"href":"https:\/\/domitec.ch\/index.php?rest_route=%2Fwp%2Fv2%2Fproduct_tag&post=4178"}],"curies":[{"name":"wp","href":"https:\/\/api.w.org\/{rel}","templated":true}]}}