{"id":4134,"date":"2022-09-25T09:25:25","date_gmt":"2022-09-25T07:25:25","guid":{"rendered":"https:\/\/domitec.ch\/?post_type=product&#038;p=4134"},"modified":"2025-09-26T14:47:21","modified_gmt":"2025-09-26T12:47:21","slug":"chaise-percee-douche-sur-roulettes","status":"publish","type":"product","link":"https:\/\/domitec.ch\/?product=chaise-percee-douche-sur-roulettes","title":{"rendered":"Chaise perc\u00e9e-douche sur roulettes"},"content":{"rendered":"<p>Chaise de douche \/ perc\u00e9e<br \/>\nLargueur assise 38, 45, 50, 55 ou 61 cm<br \/>\nDiam\u00e8tre roues 4 x 5 pouces<br \/>\nFreins sur les 4 roues<br \/>\nAccoudoirs et palettes r\u00e9glables en hauteur<br \/>\nAccoudoirs rabattables pour largueur assise de 61 cm<br \/>\nSi\u00e8ge en mousse polyur\u00e9thane<br \/>\nPoids supportable d\u00e8s 130 kg<br \/>\nAvec bac WC et couvercle<\/p>\n<p>Option roues 24&Prime; \u00e0 l&rsquo;arri\u00e8re<\/p>\n","protected":false},"excerpt":{"rendered":"<p>Chaise perc\u00e9e-douche sur roulettes<br \/>\nAvec freins sur les 4 roues<\/p>\n<p>Nouveau d\u00e8s novembre 2025: assise de 61 cm<\/p>\n","protected":false},"featured_media":4143,"template":"","meta":{"_crdt_document":"","advanced_seo_description":"","jetpack_seo_html_title":"","jetpack_seo_noindex":false,"jetpack_publicize_message":"","jetpack_publicize_feature_enabled":true,"jetpack_social_post_already_shared":true,"jetpack_social_options":{"image_generator_settings":{"template":"highway","default_image_id":0,"font":"","enabled":false},"version":2}},"product_brand":[],"product_cat":[6595],"product_tag":[],"class_list":{"0":"post-4134","1":"product","2":"type-product","3":"status-publish","4":"has-post-thumbnail","6":"product_cat-chaise-percee-et-chaise-de-douche","7":"product_shipping_class-matelas-et-encombrant","9":"first","10":"instock","11":"taxable","12":"shipping-taxable","13":"purchasable","14":"product-type-variable"},"jetpack_publicize_connections":[],"jetpack_likes_enabled":false,"jetpack_sharing_enabled":false,"jetpack-related-posts":[{"id":4157,"url":"https:\/\/domitec.ch\/?product=chaise-percee-douche-sur-roulettes-basculante","url_meta":{"origin":4134,"position":0},"title":"Chaise perc\u00e9e-douche sur roulettes basculante","author":"Cyril Hug","date":"25 septembre 2022","format":false,"excerpt":"Chaise de douche \/ perc\u00e9e basculante Largueur assise 38, 45, 50 ou 55 cm","rel":"","context":"Article similaire","block_context":{"text":"Article similaire","link":""},"img":{"alt_text":"","src":"https:\/\/i0.wp.com\/domitec.ch\/wp-content\/uploads\/2022\/09\/Chaise-douche-incli-999339278-e1680076444325.jpg?fit=496%2C529&ssl=1&resize=350%2C200","width":350,"height":200},"classes":[]},{"id":11571,"url":"https:\/\/domitec.ch\/?product=chaise-de-douche-percee","url_meta":{"origin":4134,"position":1},"title":"Chaise de douche-perc\u00e9e","author":"Cyril Hug","date":"18 juin 2025","format":false,"excerpt":"Chaise de douche perc\u00e9e Avec pieds r\u00e9glables en hauteur et accoudoirs relevables Livr\u00e9e avec porte-savon et porte-papier toilette","rel":"","context":"Article similaire","block_context":{"text":"Article similaire","link":""},"img":{"alt_text":"","src":"https:\/\/i0.wp.com\/domitec.ch\/wp-content\/uploads\/2025\/06\/Chaise-mobi-e1750275884506.png?fit=661%2C657&ssl=1&resize=350%2C200","width":350,"height":200,"srcset":"https:\/\/i0.wp.com\/domitec.ch\/wp-content\/uploads\/2025\/06\/Chaise-mobi-e1750275884506.png?fit=661%2C657&ssl=1&resize=350%2C200 1x, https:\/\/i0.wp.com\/domitec.ch\/wp-content\/uploads\/2025\/06\/Chaise-mobi-e1750275884506.png?fit=661%2C657&ssl=1&resize=525%2C300 1.5x"},"classes":[]},{"id":4158,"url":"https:\/\/domitec.ch\/?product=chaise-percee-douche-sur-roulettes-copie","url_meta":{"origin":4134,"position":2},"title":"Chaise de douche \u00e9troite","author":"Cyril Hug","date":"25 septembre 2022","format":false,"excerpt":"Chaise pour petite douche Largueur 50 cm","rel":"","context":"Article similaire","block_context":{"text":"Article similaire","link":""},"img":{"alt_text":"","src":"https:\/\/i0.wp.com\/domitec.ch\/wp-content\/uploads\/2022\/09\/Chaise-etroite-3521316374-e1680076418663.jpg?fit=402%2C418&ssl=1&resize=350%2C200","width":350,"height":200},"classes":[]},{"id":4130,"url":"https:\/\/domitec.ch\/?product=chaise-percee-sur-roulettes","url_meta":{"origin":4134,"position":3},"title":"Chaise perc\u00e9e sur roulettes","author":"Cyril Hug","date":"25 septembre 2022","format":false,"excerpt":"Chaise perc\u00e9e \u00e0 roulettes","rel":"","context":"Article similaire","block_context":{"text":"Article similaire","link":""},"img":{"alt_text":"","src":"https:\/\/i0.wp.com\/domitec.ch\/wp-content\/uploads\/2022\/09\/Chaise-de-douche-roulettes-3839275578-e1673341685623.jpg?fit=589%2C616&ssl=1&resize=350%2C200","width":350,"height":200,"srcset":"https:\/\/i0.wp.com\/domitec.ch\/wp-content\/uploads\/2022\/09\/Chaise-de-douche-roulettes-3839275578-e1673341685623.jpg?fit=589%2C616&ssl=1&resize=350%2C200 1x, https:\/\/i0.wp.com\/domitec.ch\/wp-content\/uploads\/2022\/09\/Chaise-de-douche-roulettes-3839275578-e1673341685623.jpg?fit=589%2C616&ssl=1&resize=525%2C300 1.5x"},"classes":[]},{"id":4182,"url":"https:\/\/domitec.ch\/?product=chaise-de-douche-etac","url_meta":{"origin":4134,"position":4},"title":"Chaise de douche Etac","author":"Cyril Hug","date":"25 septembre 2022","format":false,"excerpt":"Chaise de douche avec pieds r\u00e9glables en hauteur Hauteur assise basse\u00a0 34 \u00e0 42 cm Hauteur assise standard 42 \u00e0 57 cm","rel":"","context":"Article similaire","block_context":{"text":"Article similaire","link":""},"img":{"alt_text":"","src":"https:\/\/i0.wp.com\/domitec.ch\/wp-content\/uploads\/2022\/09\/Chaise-de-couche-etac.jpg?fit=390%2C398&ssl=1&resize=350%2C200","width":350,"height":200},"classes":[]},{"id":4127,"url":"https:\/\/domitec.ch\/?product=chaise-percee-sur-pieds","url_meta":{"origin":4134,"position":5},"title":"Chaise perc\u00e9e sur pieds","author":"Cyril Hug","date":"25 septembre 2022","format":false,"excerpt":"Chaise perc\u00e9e sur pieds r\u00e9glables en hauteur","rel":"","context":"Article similaire","block_context":{"text":"Article similaire","link":""},"img":{"alt_text":"","src":"https:\/\/i0.wp.com\/domitec.ch\/wp-content\/uploads\/2022\/09\/chaise-percee-pieds-reglable1-3345520628-e1680076511272.jpg?fit=1184%2C907&ssl=1&resize=350%2C200","width":350,"height":200,"srcset":"https:\/\/i0.wp.com\/domitec.ch\/wp-content\/uploads\/2022\/09\/chaise-percee-pieds-reglable1-3345520628-e1680076511272.jpg?fit=1184%2C907&ssl=1&resize=350%2C200 1x, https:\/\/i0.wp.com\/domitec.ch\/wp-content\/uploads\/2022\/09\/chaise-percee-pieds-reglable1-3345520628-e1680076511272.jpg?fit=1184%2C907&ssl=1&resize=525%2C300 1.5x, https:\/\/i0.wp.com\/domitec.ch\/wp-content\/uploads\/2022\/09\/chaise-percee-pieds-reglable1-3345520628-e1680076511272.jpg?fit=1184%2C907&ssl=1&resize=700%2C400 2x, https:\/\/i0.wp.com\/domitec.ch\/wp-content\/uploads\/2022\/09\/chaise-percee-pieds-reglable1-3345520628-e1680076511272.jpg?fit=1184%2C907&ssl=1&resize=1050%2C600 3x"},"classes":[]}],"_links":{"self":[{"href":"https:\/\/domitec.ch\/index.php?rest_route=\/wp\/v2\/product\/4134","targetHints":{"allow":["GET"]}}],"collection":[{"href":"https:\/\/domitec.ch\/index.php?rest_route=\/wp\/v2\/product"}],"about":[{"href":"https:\/\/domitec.ch\/index.php?rest_route=\/wp\/v2\/types\/product"}],"wp:featuredmedia":[{"embeddable":true,"href":"https:\/\/domitec.ch\/index.php?rest_route=\/wp\/v2\/media\/4143"}],"wp:attachment":[{"href":"https:\/\/domitec.ch\/index.php?rest_route=%2Fwp%2Fv2%2Fmedia&parent=4134"}],"wp:term":[{"taxonomy":"product_brand","embeddable":true,"href":"https:\/\/domitec.ch\/index.php?rest_route=%2Fwp%2Fv2%2Fproduct_brand&post=4134"},{"taxonomy":"product_cat","embeddable":true,"href":"https:\/\/domitec.ch\/index.php?rest_route=%2Fwp%2Fv2%2Fproduct_cat&post=4134"},{"taxonomy":"product_tag","embeddable":true,"href":"https:\/\/domitec.ch\/index.php?rest_route=%2Fwp%2Fv2%2Fproduct_tag&post=4134"}],"curies":[{"name":"wp","href":"https:\/\/api.w.org\/{rel}","templated":true}]}}