{"id":4119,"date":"2022-09-24T19:23:40","date_gmt":"2022-09-24T17:23:40","guid":{"rendered":"https:\/\/domitec.ch\/?post_type=product&#038;p=4119"},"modified":"2025-05-27T17:14:23","modified_gmt":"2025-05-27T15:14:23","slug":"tabouret-de-douche-largueur-s-m-l-et-xl","status":"publish","type":"product","link":"https:\/\/domitec.ch\/?product=tabouret-de-douche-largueur-s-m-l-et-xl","title":{"rendered":"Tabouret de douche largueur S, M, L et XL"},"content":{"rendered":"<p>Tabouret de douche en aluminium<br \/>\nAvec assise souple en PU gris<br \/>\nR\u00e9glable en hauteur<br \/>\nLargeur assise 42, 47, 52 et 57 cm<br \/>\nProfondeur assise a demander pas trouver cm<br \/>\nHauteur assise a demander pas trouve de 42 \u00e0 59 cm<br \/>\nPoids supportable 150 kg<br \/>\nPrix 42 cm 145.00 , 47 cm 155.00 , 52 cm 189.00, 57 cm 209.00<\/p>\n","protected":false},"excerpt":{"rendered":"<p>Tabouret de douche en aluminium<br \/>\nAvec assise souple en PU gris<\/p>\n","protected":false},"featured_media":4122,"template":"","meta":{"_crdt_document":"","advanced_seo_description":"","jetpack_seo_html_title":"","jetpack_seo_noindex":false,"jetpack_post_was_ever_published":false,"jetpack_publicize_message":"","jetpack_publicize_feature_enabled":true,"jetpack_social_post_already_shared":true,"jetpack_social_options":{"image_generator_settings":{"template":"highway","default_image_id":0,"font":"","enabled":false},"version":2}},"product_brand":[],"product_cat":[6625,6382],"product_tag":[],"class_list":{"0":"post-4119","1":"product","2":"type-product","3":"status-publish","4":"has-post-thumbnail","6":"product_cat-sc-gamme-large","7":"product_cat-bc-salle-de-bain","8":"product_shipping_class-poste-normal","10":"first","11":"instock","12":"taxable","13":"shipping-taxable","14":"purchasable","15":"product-type-variable"},"jetpack_publicize_connections":[],"jetpack_likes_enabled":false,"jetpack_sharing_enabled":false,"jetpack-related-posts":[{"id":4091,"url":"https:\/\/domitec.ch\/?product=tabouret-de-douche-triangulaire","url_meta":{"origin":4119,"position":0},"title":"Tabouret de douche triangulaire","author":"Cyril Hug","date":"24 septembre 2022","format":false,"excerpt":"Tabouret de douche triangulaire Assise 41 x 36 cm","rel":"","context":"Article similaire","block_context":{"text":"Article similaire","link":""},"img":{"alt_text":"","src":"https:\/\/i0.wp.com\/domitec.ch\/wp-content\/uploads\/2022\/09\/Tabouret-grand-3699885638-1664032555675.jpg?fit=284%2C283&ssl=1&resize=350%2C200","width":350,"height":200},"classes":[]},{"id":4093,"url":"https:\/\/domitec.ch\/?product=tabouret-de-douche-triangulaire-2","url_meta":{"origin":4119,"position":1},"title":"Tabouret de douche triangulaire","author":"Cyril Hug","date":"24 septembre 2022","format":false,"excerpt":"Tabouret de douche triangulaire Assise 33 x 35 cm","rel":"","context":"Article similaire","block_context":{"text":"Article similaire","link":""},"img":{"alt_text":"","src":"https:\/\/i0.wp.com\/domitec.ch\/wp-content\/uploads\/2022\/09\/Tabouret-petit.jpg?fit=408%2C462&ssl=1&resize=350%2C200","width":350,"height":200},"classes":[]},{"id":4085,"url":"https:\/\/domitec.ch\/?product=tabouret-de-douche-tournant","url_meta":{"origin":4119,"position":2},"title":"Tabouret de douche tournant","author":"Cyril Hug","date":"24 septembre 2022","format":false,"excerpt":"Tabouret de douche rond avec assise tournante Pieds en aluminium avec gommes anti glisse Diam\u00e8tre assise 33 cm Hauteur r\u00e9glable de 40 \u00e0 50 cm Poids 1,9 kg Charge max 130 kg","rel":"","context":"Article similaire","block_context":{"text":"Article similaire","link":""},"img":{"alt_text":"","src":"https:\/\/i0.wp.com\/domitec.ch\/wp-content\/uploads\/2022\/09\/Tabouret-douche-tournant-1505955290-1664014061768.jpg?fit=446%2C482&ssl=1&resize=350%2C200","width":350,"height":200},"classes":[]},{"id":4081,"url":"https:\/\/domitec.ch\/?product=tabouret-de-douche","url_meta":{"origin":4119,"position":3},"title":"Tabouret de douche","author":"Cyril Hug","date":"24 septembre 2022","format":false,"excerpt":"Tabouret de douche rond Pieds en aluminium avec gommes anti glisse Diam\u00e8tre assise 33 cm Hauteur r\u00e9glable de 40 \u00e0 50 cm Poids 1,7 kg Poids supportable 130 kg","rel":"","context":"Article similaire","block_context":{"text":"Article similaire","link":""},"img":{"alt_text":"","src":"https:\/\/i0.wp.com\/domitec.ch\/wp-content\/uploads\/2022\/09\/Tabouret-douche-357246003-1664014185745.jpg?fit=401%2C488&ssl=1&resize=350%2C200","width":350,"height":200},"classes":[]},{"id":4182,"url":"https:\/\/domitec.ch\/?product=chaise-de-douche-etac","url_meta":{"origin":4119,"position":4},"title":"Chaise de douche Etac","author":"Cyril Hug","date":"25 septembre 2022","format":false,"excerpt":"Chaise de douche avec pieds r\u00e9glables en hauteur Hauteur assise basse\u00a0 34 \u00e0 42 cm Hauteur assise standard 42 \u00e0 57 cm","rel":"","context":"Article similaire","block_context":{"text":"Article similaire","link":""},"img":{"alt_text":"","src":"https:\/\/i0.wp.com\/domitec.ch\/wp-content\/uploads\/2022\/09\/Chaise-de-couche-etac.jpg?fit=390%2C398&ssl=1&resize=350%2C200","width":350,"height":200},"classes":[]},{"id":11870,"url":"https:\/\/domitec.ch\/?product=fauteuil-de-toilette-douche-et-de-transfert","url_meta":{"origin":4119,"position":5},"title":"Fauteuil de toilette douche et de transfert","author":"Cyril Hug","date":"10 mars 2026","format":false,"excerpt":"Fauteuil de toilette douche et de transfert R\u00e9glage de la hauteur manuel Facilite le transfert du lit \u00e0 la douche ou au toilette (Selon la configuration du sol)","rel":"","context":"Article similaire","block_context":{"text":"Article similaire","link":""},"img":{"alt_text":"","src":"https:\/\/i0.wp.com\/domitec.ch\/wp-content\/uploads\/2026\/03\/Chaise-de-transfert-hauteur-fixe-reglable-manuellement-.png?fit=986%2C908&ssl=1&resize=350%2C200","width":350,"height":200,"srcset":"https:\/\/i0.wp.com\/domitec.ch\/wp-content\/uploads\/2026\/03\/Chaise-de-transfert-hauteur-fixe-reglable-manuellement-.png?fit=986%2C908&ssl=1&resize=350%2C200 1x, https:\/\/i0.wp.com\/domitec.ch\/wp-content\/uploads\/2026\/03\/Chaise-de-transfert-hauteur-fixe-reglable-manuellement-.png?fit=986%2C908&ssl=1&resize=525%2C300 1.5x, https:\/\/i0.wp.com\/domitec.ch\/wp-content\/uploads\/2026\/03\/Chaise-de-transfert-hauteur-fixe-reglable-manuellement-.png?fit=986%2C908&ssl=1&resize=700%2C400 2x"},"classes":[]}],"_links":{"self":[{"href":"https:\/\/domitec.ch\/index.php?rest_route=\/wp\/v2\/product\/4119","targetHints":{"allow":["GET"]}}],"collection":[{"href":"https:\/\/domitec.ch\/index.php?rest_route=\/wp\/v2\/product"}],"about":[{"href":"https:\/\/domitec.ch\/index.php?rest_route=\/wp\/v2\/types\/product"}],"wp:featuredmedia":[{"embeddable":true,"href":"https:\/\/domitec.ch\/index.php?rest_route=\/wp\/v2\/media\/4122"}],"wp:attachment":[{"href":"https:\/\/domitec.ch\/index.php?rest_route=%2Fwp%2Fv2%2Fmedia&parent=4119"}],"wp:term":[{"taxonomy":"product_brand","embeddable":true,"href":"https:\/\/domitec.ch\/index.php?rest_route=%2Fwp%2Fv2%2Fproduct_brand&post=4119"},{"taxonomy":"product_cat","embeddable":true,"href":"https:\/\/domitec.ch\/index.php?rest_route=%2Fwp%2Fv2%2Fproduct_cat&post=4119"},{"taxonomy":"product_tag","embeddable":true,"href":"https:\/\/domitec.ch\/index.php?rest_route=%2Fwp%2Fv2%2Fproduct_tag&post=4119"}],"curies":[{"name":"wp","href":"https:\/\/api.w.org\/{rel}","templated":true}]}}