{"id":4060,"date":"2022-09-23T15:19:18","date_gmt":"2022-09-23T13:19:18","guid":{"rendered":"https:\/\/domitec.ch\/?post_type=product&#038;p=4060"},"modified":"2025-05-27T10:37:40","modified_gmt":"2025-05-27T08:37:40","slug":"siege-de-toilette","status":"publish","type":"product","link":"https:\/\/domitec.ch\/?product=siege-de-toilette","title":{"rendered":"Si\u00e8ge de toilette"},"content":{"rendered":"<p>R\u00e9glable en hauteur 42-57 cm<br \/>\nAvec anti \u00e9claboussure (trou: 21,5 x 30cm) et accoudoirs<br \/>\nCharge max. 130 kg<br \/>\nLargeur totale 56 cm<br \/>\nLargeur D&rsquo;assise 45 cm<br \/>\nPoids 3,9 kg<br \/>\nCouleur gris<br \/>\nVersion possible avec dossier,\u00a0 pot, couvercle de pot (no 33190000)<\/p>\n","protected":false},"excerpt":{"rendered":"<p>R\u00e9glable en hauteur 42-57 cm<br \/>\nAvec anti \u00e9claboussure (trou: 21,5 x 30cm) et accoudoirs<\/p>\n","protected":false},"featured_media":4061,"template":"","meta":{"_crdt_document":"","advanced_seo_description":"","jetpack_seo_html_title":"","jetpack_seo_noindex":false,"jetpack_publicize_message":"","jetpack_publicize_feature_enabled":true,"jetpack_social_post_already_shared":true,"jetpack_social_options":{"image_generator_settings":{"template":"highway","default_image_id":0,"font":"","enabled":false},"version":2}},"product_brand":[],"product_cat":[6380],"product_tag":[],"class_list":{"0":"post-4060","1":"product","2":"type-product","3":"status-publish","4":"has-post-thumbnail","6":"product_cat-toilettes","7":"product_shipping_class-poste-normal","9":"first","10":"instock","11":"taxable","12":"shipping-taxable","13":"purchasable","14":"product-type-simple"},"jetpack_publicize_connections":[],"jetpack_likes_enabled":false,"jetpack_sharing_enabled":false,"jetpack-related-posts":[{"id":4195,"url":"https:\/\/domitec.ch\/?product=chaise-percee-etac","url_meta":{"origin":4060,"position":0},"title":"Chaise perc\u00e9e Etac","author":"Cyril Hug","date":"25 septembre 2022","format":false,"excerpt":"Chaise de toilette Utilisable directement sur les toilettes ou comme chaise perc\u00e9e","rel":"","context":"Article similaire","block_context":{"text":"Article similaire","link":""},"img":{"alt_text":"","src":"https:\/\/i0.wp.com\/domitec.ch\/wp-content\/uploads\/2023\/04\/Chaise-wc-et-percee.jpg?fit=547%2C532&ssl=1&resize=350%2C200","width":350,"height":200,"srcset":"https:\/\/i0.wp.com\/domitec.ch\/wp-content\/uploads\/2023\/04\/Chaise-wc-et-percee.jpg?fit=547%2C532&ssl=1&resize=350%2C200 1x, https:\/\/i0.wp.com\/domitec.ch\/wp-content\/uploads\/2023\/04\/Chaise-wc-et-percee.jpg?fit=547%2C532&ssl=1&resize=525%2C300 1.5x"},"classes":[]},{"id":4182,"url":"https:\/\/domitec.ch\/?product=chaise-de-douche-etac","url_meta":{"origin":4060,"position":1},"title":"Chaise de douche Etac","author":"Cyril Hug","date":"25 septembre 2022","format":false,"excerpt":"Chaise de douche avec pieds r\u00e9glables en hauteur Hauteur assise basse\u00a0 34 \u00e0 42 cm Hauteur assise standard 42 \u00e0 57 cm","rel":"","context":"Article similaire","block_context":{"text":"Article similaire","link":""},"img":{"alt_text":"","src":"https:\/\/i0.wp.com\/domitec.ch\/wp-content\/uploads\/2022\/09\/Chaise-de-couche-etac.jpg?fit=390%2C398&ssl=1&resize=350%2C200","width":350,"height":200},"classes":[]},{"id":11874,"url":"https:\/\/domitec.ch\/?product=fauteuil-de-toilette-douche-et-de-transfert-copie","url_meta":{"origin":4060,"position":2},"title":"Fauteuil de toilette douche et de transfert hauteur r\u00e9glable manuellement","author":"Cyril Hug","date":"10 mars 2026","format":false,"excerpt":"Fauteuil de toilette douche et de transfert Hauteur si\u00e8ge fixe r\u00e9glage manuellement Facilite le transfert du lit \u00e0 la douche ou au toilette (Selon la configuration du sol)","rel":"","context":"Article similaire","block_context":{"text":"Article similaire","link":""},"img":{"alt_text":"","src":"https:\/\/i0.wp.com\/domitec.ch\/wp-content\/uploads\/2026\/03\/Chaise-de-transfert-hauteur-reglable-manuellement-1-e1773158575144.png?fit=992%2C997&ssl=1&resize=350%2C200","width":350,"height":200,"srcset":"https:\/\/i0.wp.com\/domitec.ch\/wp-content\/uploads\/2026\/03\/Chaise-de-transfert-hauteur-reglable-manuellement-1-e1773158575144.png?fit=992%2C997&ssl=1&resize=350%2C200 1x, https:\/\/i0.wp.com\/domitec.ch\/wp-content\/uploads\/2026\/03\/Chaise-de-transfert-hauteur-reglable-manuellement-1-e1773158575144.png?fit=992%2C997&ssl=1&resize=525%2C300 1.5x, https:\/\/i0.wp.com\/domitec.ch\/wp-content\/uploads\/2026\/03\/Chaise-de-transfert-hauteur-reglable-manuellement-1-e1773158575144.png?fit=992%2C997&ssl=1&resize=700%2C400 2x"},"classes":[]},{"id":4127,"url":"https:\/\/domitec.ch\/?product=chaise-percee-sur-pieds","url_meta":{"origin":4060,"position":3},"title":"Chaise perc\u00e9e sur pieds","author":"Cyril Hug","date":"25 septembre 2022","format":false,"excerpt":"Chaise perc\u00e9e sur pieds r\u00e9glables en hauteur","rel":"","context":"Article similaire","block_context":{"text":"Article similaire","link":""},"img":{"alt_text":"","src":"https:\/\/i0.wp.com\/domitec.ch\/wp-content\/uploads\/2022\/09\/chaise-percee-pieds-reglable1-3345520628-e1680076511272.jpg?fit=1184%2C907&ssl=1&resize=350%2C200","width":350,"height":200,"srcset":"https:\/\/i0.wp.com\/domitec.ch\/wp-content\/uploads\/2022\/09\/chaise-percee-pieds-reglable1-3345520628-e1680076511272.jpg?fit=1184%2C907&ssl=1&resize=350%2C200 1x, https:\/\/i0.wp.com\/domitec.ch\/wp-content\/uploads\/2022\/09\/chaise-percee-pieds-reglable1-3345520628-e1680076511272.jpg?fit=1184%2C907&ssl=1&resize=525%2C300 1.5x, https:\/\/i0.wp.com\/domitec.ch\/wp-content\/uploads\/2022\/09\/chaise-percee-pieds-reglable1-3345520628-e1680076511272.jpg?fit=1184%2C907&ssl=1&resize=700%2C400 2x, https:\/\/i0.wp.com\/domitec.ch\/wp-content\/uploads\/2022\/09\/chaise-percee-pieds-reglable1-3345520628-e1680076511272.jpg?fit=1184%2C907&ssl=1&resize=1050%2C600 3x"},"classes":[]},{"id":178,"url":"https:\/\/domitec.ch\/?product=fauteuil-roulant-sf","url_meta":{"origin":4060,"position":4},"title":"Fauteuil roulant","author":"Cyril Hug","date":"18 avril 2019","format":false,"excerpt":"Fauteuil roulant \"dolphin\" Largeur total de la chaise: largueur d'assise + 20,3 cm","rel":"","context":"Article similaire","block_context":{"text":"Article similaire","link":""},"img":{"alt_text":"","src":"https:\/\/i0.wp.com\/domitec.ch\/wp-content\/uploads\/2019\/04\/Fauteuil-roulant.jpg?fit=500%2C500&ssl=1&resize=350%2C200","width":350,"height":200},"classes":[]},{"id":4119,"url":"https:\/\/domitec.ch\/?product=tabouret-de-douche-largueur-s-m-l-et-xl","url_meta":{"origin":4060,"position":5},"title":"Tabouret de douche largueur S, M, L et XL","author":"Cyril Hug","date":"24 septembre 2022","format":false,"excerpt":"Tabouret de douche en aluminium Avec assise souple en PU gris","rel":"","context":"Article similaire","block_context":{"text":"Article similaire","link":""},"img":{"alt_text":"","src":"https:\/\/i0.wp.com\/domitec.ch\/wp-content\/uploads\/2022\/09\/Tabouret-de-douche-PU-2859920944-e1673341707774.jpg?fit=356%2C426&ssl=1&resize=350%2C200","width":350,"height":200},"classes":[]}],"_links":{"self":[{"href":"https:\/\/domitec.ch\/index.php?rest_route=\/wp\/v2\/product\/4060","targetHints":{"allow":["GET"]}}],"collection":[{"href":"https:\/\/domitec.ch\/index.php?rest_route=\/wp\/v2\/product"}],"about":[{"href":"https:\/\/domitec.ch\/index.php?rest_route=\/wp\/v2\/types\/product"}],"wp:featuredmedia":[{"embeddable":true,"href":"https:\/\/domitec.ch\/index.php?rest_route=\/wp\/v2\/media\/4061"}],"wp:attachment":[{"href":"https:\/\/domitec.ch\/index.php?rest_route=%2Fwp%2Fv2%2Fmedia&parent=4060"}],"wp:term":[{"taxonomy":"product_brand","embeddable":true,"href":"https:\/\/domitec.ch\/index.php?rest_route=%2Fwp%2Fv2%2Fproduct_brand&post=4060"},{"taxonomy":"product_cat","embeddable":true,"href":"https:\/\/domitec.ch\/index.php?rest_route=%2Fwp%2Fv2%2Fproduct_cat&post=4060"},{"taxonomy":"product_tag","embeddable":true,"href":"https:\/\/domitec.ch\/index.php?rest_route=%2Fwp%2Fv2%2Fproduct_tag&post=4060"}],"curies":[{"name":"wp","href":"https:\/\/api.w.org\/{rel}","templated":true}]}}