{"id":4058,"date":"2022-09-23T15:11:08","date_gmt":"2022-09-23T13:11:08","guid":{"rendered":"https:\/\/domitec.ch\/?post_type=product&#038;p=4058"},"modified":"2025-05-27T10:37:46","modified_gmt":"2025-05-27T08:37:46","slug":"rehausseur-de-toilette","status":"publish","type":"product","link":"https:\/\/domitec.ch\/?product=rehausseur-de-toilette","title":{"rendered":"R\u00e9hausseur de toilette avec accoudoirs"},"content":{"rendered":"<p>R\u00e9hausse toilette avec accoudoirs et couvercle<br \/>\nHauteur 10 cm<br \/>\ncharge max 120kg<\/p>\n","protected":false},"excerpt":{"rendered":"<p>R\u00e9hausse toilette avec accoudoirs et couvercle<br \/>\nHauteur 10 cm<\/p>\n","protected":false},"featured_media":4059,"template":"","meta":{"_crdt_document":"","advanced_seo_description":"","jetpack_seo_html_title":"","jetpack_seo_noindex":false,"jetpack_publicize_message":"","jetpack_publicize_feature_enabled":true,"jetpack_social_post_already_shared":true,"jetpack_social_options":{"image_generator_settings":{"template":"highway","default_image_id":0,"font":"","enabled":false},"version":2}},"product_brand":[],"product_cat":[6380],"product_tag":[],"class_list":{"0":"post-4058","1":"product","2":"type-product","3":"status-publish","4":"has-post-thumbnail","6":"product_cat-toilettes","7":"product_shipping_class-poste-normal","9":"first","10":"instock","11":"taxable","12":"shipping-taxable","13":"purchasable","14":"product-type-simple"},"jetpack_publicize_connections":[],"jetpack_likes_enabled":false,"jetpack_sharing_enabled":false,"jetpack-related-posts":[{"id":8778,"url":"https:\/\/domitec.ch\/?product=rehausseur-de-toilette-avec-accoudoirs","url_meta":{"origin":4058,"position":0},"title":"R\u00e9hausseur de toilette avec accoudoirs","author":"Cyril Hug","date":"9 janvier 2024","format":false,"excerpt":"Peut \u00eatre install\u00e9 sur toutes les toilettes standards et dispose d'accoudoirs relevables et amovibles qui peuvent \u00eatre retir\u00e9s des deux c\u00f4t\u00e9s Hauteur r\u00e9glable \u00e0: 6 cm, 10 cm ou 15cm","rel":"","context":"Article similaire","block_context":{"text":"Article similaire","link":""},"img":{"alt_text":"","src":"https:\/\/i0.wp.com\/domitec.ch\/wp-content\/uploads\/2024\/01\/Rehausse-toilette.jpg?fit=632%2C587&ssl=1&resize=350%2C200","width":350,"height":200,"srcset":"https:\/\/i0.wp.com\/domitec.ch\/wp-content\/uploads\/2024\/01\/Rehausse-toilette.jpg?fit=632%2C587&ssl=1&resize=350%2C200 1x, https:\/\/i0.wp.com\/domitec.ch\/wp-content\/uploads\/2024\/01\/Rehausse-toilette.jpg?fit=632%2C587&ssl=1&resize=525%2C300 1.5x"},"classes":[]},{"id":4037,"url":"https:\/\/domitec.ch\/?product=rehausseur-de-toilette-hi-loo-avec-ou-sans-accoudoirs-copie","url_meta":{"origin":4058,"position":1},"title":"R\u00e9hausseur de toilette Mi-Loo avec ou sans accoudoirs","author":"Cyril Hug","date":"23 septembre 2022","format":false,"excerpt":"Sur\u00e9l\u00e9vation de toilettes HI-LOO FIX II avec ou sans\u00a0 accoudoirs Avec couvercle et set de fixation","rel":"","context":"Article similaire","block_context":{"text":"Article similaire","link":""},"img":{"alt_text":"","src":"https:\/\/i0.wp.com\/domitec.ch\/wp-content\/uploads\/2022\/09\/rehausseur-My-low-AC.jpg?fit=447%2C452&ssl=1&resize=350%2C200","width":350,"height":200},"classes":[]},{"id":4023,"url":"https:\/\/domitec.ch\/?product=rehausseur-de-toilette-hi-loo-avec-ou-sans-accoudoirs","url_meta":{"origin":4058,"position":2},"title":"R\u00e9hausseur de toilette Hi-Loo avec ou sans accoudoirs","author":"Cyril Hug","date":"23 septembre 2022","format":false,"excerpt":"Sur\u00e9l\u00e9vation de toilettes HI-LOO FIX II avec ou sans\u00a0 accoudoirs Avec couvercle et set de fixation","rel":"","context":"Article similaire","block_context":{"text":"Article similaire","link":""},"img":{"alt_text":"","src":"https:\/\/i0.wp.com\/domitec.ch\/wp-content\/uploads\/2022\/09\/reh-Hi-Loo-avec-accoudoir-4073615487-1663935980899.jpg?fit=446%2C388&ssl=1&resize=350%2C200","width":350,"height":200},"classes":[]},{"id":4060,"url":"https:\/\/domitec.ch\/?product=siege-de-toilette","url_meta":{"origin":4058,"position":3},"title":"Si\u00e8ge de toilette","author":"Cyril Hug","date":"23 septembre 2022","format":false,"excerpt":"R\u00e9glable en hauteur 42-57 cm Avec anti \u00e9claboussure (trou: 21,5 x 30cm) et accoudoirs","rel":"","context":"Article similaire","block_context":{"text":"Article similaire","link":""},"img":{"alt_text":"","src":"https:\/\/i0.wp.com\/domitec.ch\/wp-content\/uploads\/2022\/09\/Siege-de-toilette.jpg?fit=280%2C281&ssl=1&resize=350%2C200","width":350,"height":200},"classes":[]},{"id":4195,"url":"https:\/\/domitec.ch\/?product=chaise-percee-etac","url_meta":{"origin":4058,"position":4},"title":"Chaise perc\u00e9e Etac","author":"Cyril Hug","date":"25 septembre 2022","format":false,"excerpt":"Chaise de toilette Utilisable directement sur les toilettes ou comme chaise perc\u00e9e","rel":"","context":"Article similaire","block_context":{"text":"Article similaire","link":""},"img":{"alt_text":"","src":"https:\/\/i0.wp.com\/domitec.ch\/wp-content\/uploads\/2023\/04\/Chaise-wc-et-percee.jpg?fit=547%2C532&ssl=1&resize=350%2C200","width":350,"height":200,"srcset":"https:\/\/i0.wp.com\/domitec.ch\/wp-content\/uploads\/2023\/04\/Chaise-wc-et-percee.jpg?fit=547%2C532&ssl=1&resize=350%2C200 1x, https:\/\/i0.wp.com\/domitec.ch\/wp-content\/uploads\/2023\/04\/Chaise-wc-et-percee.jpg?fit=547%2C532&ssl=1&resize=525%2C300 1.5x"},"classes":[]},{"id":4050,"url":"https:\/\/domitec.ch\/?product=rehausseur-de-toilette-hi-loo-incline","url_meta":{"origin":4058,"position":5},"title":"R\u00e9hausseur de toilette Hi-Loo Inclin\u00e9","author":"Cyril Hug","date":"23 septembre 2022","format":false,"excerpt":"Rehausseur de toilette avec accoudoirs Hauteur: 10 cm \u00e0 l'arri\u00e8re, 6 cm \u00e0 l'avant","rel":"","context":"Article similaire","block_context":{"text":"Article similaire","link":""},"img":{"alt_text":"","src":"https:\/\/i0.wp.com\/domitec.ch\/wp-content\/uploads\/2022\/09\/reh-Hi-Loo-incline-1885919861-e1680076652369.jpg?fit=521%2C414&ssl=1&resize=350%2C200","width":350,"height":200},"classes":[]}],"_links":{"self":[{"href":"https:\/\/domitec.ch\/index.php?rest_route=\/wp\/v2\/product\/4058","targetHints":{"allow":["GET"]}}],"collection":[{"href":"https:\/\/domitec.ch\/index.php?rest_route=\/wp\/v2\/product"}],"about":[{"href":"https:\/\/domitec.ch\/index.php?rest_route=\/wp\/v2\/types\/product"}],"wp:featuredmedia":[{"embeddable":true,"href":"https:\/\/domitec.ch\/index.php?rest_route=\/wp\/v2\/media\/4059"}],"wp:attachment":[{"href":"https:\/\/domitec.ch\/index.php?rest_route=%2Fwp%2Fv2%2Fmedia&parent=4058"}],"wp:term":[{"taxonomy":"product_brand","embeddable":true,"href":"https:\/\/domitec.ch\/index.php?rest_route=%2Fwp%2Fv2%2Fproduct_brand&post=4058"},{"taxonomy":"product_cat","embeddable":true,"href":"https:\/\/domitec.ch\/index.php?rest_route=%2Fwp%2Fv2%2Fproduct_cat&post=4058"},{"taxonomy":"product_tag","embeddable":true,"href":"https:\/\/domitec.ch\/index.php?rest_route=%2Fwp%2Fv2%2Fproduct_tag&post=4058"}],"curies":[{"name":"wp","href":"https:\/\/api.w.org\/{rel}","templated":true}]}}