{"id":3677,"date":"2022-09-19T17:21:25","date_gmt":"2022-09-19T15:21:25","guid":{"rendered":"https:\/\/domitec.ch\/?post_type=product&#038;p=3677"},"modified":"2025-05-27T10:41:33","modified_gmt":"2025-05-27T08:41:33","slug":"batterie","status":"publish","type":"product","link":"https:\/\/domitec.ch\/?product=batterie","title":{"rendered":"Option G: Batterie"},"content":{"rendered":"<p>Batterie au lithium rechargeable<br \/>\nUniquement fauteuil K55, K56,K59 et K91<br \/>\nPermet l&rsquo;utilisation du fauteuil dans n&rsquo;importe quel endroit, m\u00eame \u00e9loign\u00e9 des prises de courant<br \/>\nLa batterie permet en moyenne 50 cycles complets.<\/p>\n<p>&nbsp;<\/p>\n<p>&nbsp;<\/p>\n<p>&nbsp;<\/p>\n","protected":false},"excerpt":{"rendered":"<p>Batterie au lithium rechargeable (uniquement fauteuil K59)<\/p>\n","protected":false},"featured_media":3679,"template":"","meta":{"_crdt_document":"","advanced_seo_description":"","jetpack_seo_html_title":"","jetpack_seo_noindex":false,"jetpack_publicize_message":"","jetpack_publicize_feature_enabled":true,"jetpack_social_post_already_shared":true,"jetpack_social_options":{"image_generator_settings":{"template":"highway","default_image_id":0,"font":"","enabled":false},"version":2}},"product_brand":[],"product_cat":[6438],"product_tag":[],"class_list":{"0":"post-3677","1":"product","2":"type-product","3":"status-publish","4":"has-post-thumbnail","6":"product_cat-tissus-et-options-fauteuil-relax","7":"product_shipping_class-poste-normal","9":"first","10":"instock","11":"taxable","12":"shipping-taxable","13":"purchasable","14":"product-type-simple"},"jetpack_publicize_connections":[],"jetpack_likes_enabled":false,"jetpack_sharing_enabled":false,"jetpack-related-posts":[{"id":7119,"url":"https:\/\/domitec.ch\/?product=propulseur-aide-a-la-poussee","url_meta":{"origin":3677,"position":0},"title":"Propulseur aide \u00e0 la pouss\u00e9e Togo","author":"Cyril Hug","date":"24 mars 2023","format":false,"excerpt":"Aide \u00e0 la pouss\u00e9e, propulseur TOGO L'aide \u00e0 la pouss\u00e9e convient \u00e0 tous les mod\u00e8les de fauteuils roulants courants","rel":"","context":"Article similaire","block_context":{"text":"Article similaire","link":""},"img":{"alt_text":"","src":"https:\/\/i0.wp.com\/domitec.ch\/wp-content\/uploads\/2023\/03\/Togo-aide-a-la-poussee-3866903009-e1680075454335.jpg?fit=514%2C482&ssl=1&resize=350%2C200","width":350,"height":200},"classes":[]},{"id":7083,"url":"https:\/\/domitec.ch\/?product=fauteuil-roulant-electrique-via","url_meta":{"origin":3677,"position":1},"title":"Fauteuil roulant \u00e9lectrique VIA","author":"Cyril Hug","date":"24 mars 2023","format":false,"excerpt":"Fauteuil roulant \u00e9lectrique VIA pliable Con\u00e7u pour votre maison, compact et tr\u00e8s maniable Emporter le Via partout o\u00f9 vous le souhaitez pour vous aider dans votre mobilit\u00e9","rel":"","context":"Article similaire","block_context":{"text":"Article similaire","link":""},"img":{"alt_text":"","src":"https:\/\/i0.wp.com\/domitec.ch\/wp-content\/uploads\/2023\/03\/FREVia-e1679650932240.jpg?fit=535%2C582&ssl=1&resize=350%2C200","width":350,"height":200,"srcset":"https:\/\/i0.wp.com\/domitec.ch\/wp-content\/uploads\/2023\/03\/FREVia-e1679650932240.jpg?fit=535%2C582&ssl=1&resize=350%2C200 1x, https:\/\/i0.wp.com\/domitec.ch\/wp-content\/uploads\/2023\/03\/FREVia-e1679650932240.jpg?fit=535%2C582&ssl=1&resize=525%2C300 1.5x"},"classes":[]},{"id":8762,"url":"https:\/\/domitec.ch\/?product=propulseur-aide-a-la-poussee-via-go-v24-des-2920-00-chf","url_meta":{"origin":3677,"position":2},"title":"Alber Via GO V24  D\u00e8s 2920.00 CHF","author":"Cyril Hug","date":"5 janvier 2024","format":false,"excerpt":"Le via GO, est une motorisation puissante et facile \u00e0 utiliser\u00a0pour les fauteuils roulants manuels. Cette aide \u00e0 la pouss\u00e9e de haute qualit\u00e9 inclut la fiabilit\u00e9 que\u00a0vous attendez d'Alber gr\u00e2ce \u00e0 une fixation simple, universelle\u00a0et rapide","rel":"","context":"Article similaire","block_context":{"text":"Article similaire","link":""},"img":{"alt_text":"","src":"https:\/\/i0.wp.com\/domitec.ch\/wp-content\/uploads\/2024\/01\/Via-mobile-GO.jpg?fit=538%2C600&ssl=1&resize=350%2C200","width":350,"height":200,"srcset":"https:\/\/i0.wp.com\/domitec.ch\/wp-content\/uploads\/2024\/01\/Via-mobile-GO.jpg?fit=538%2C600&ssl=1&resize=350%2C200 1x, https:\/\/i0.wp.com\/domitec.ch\/wp-content\/uploads\/2024\/01\/Via-mobile-GO.jpg?fit=538%2C600&ssl=1&resize=525%2C300 1.5x"},"classes":[]},{"id":8770,"url":"https:\/\/domitec.ch\/?product=alber-e-pilot-des-800000-chf","url_meta":{"origin":3677,"position":3},"title":"Alber E-Pilot  D\u00e8s 8&rsquo;000,00 CHF","author":"Cyril Hug","date":"5 janvier 2024","format":false,"excerpt":"La nouvelle motorisation e-pilot transforme votre fauteuil roulant manuel en un v\u00e9hicule sportif en quelques secondes Le ch\u00e2ssis robuste, bloc batterie int\u00e9gr\u00e9","rel":"","context":"Article similaire","block_context":{"text":"Article similaire","link":""},"img":{"alt_text":"","src":"https:\/\/i0.wp.com\/domitec.ch\/wp-content\/uploads\/2024\/01\/Alber-E-Pilot.jpg?fit=530%2C472&ssl=1&resize=350%2C200","width":350,"height":200,"srcset":"https:\/\/i0.wp.com\/domitec.ch\/wp-content\/uploads\/2024\/01\/Alber-E-Pilot.jpg?fit=530%2C472&ssl=1&resize=350%2C200 1x, https:\/\/i0.wp.com\/domitec.ch\/wp-content\/uploads\/2024\/01\/Alber-E-Pilot.jpg?fit=530%2C472&ssl=1&resize=525%2C300 1.5x"},"classes":[]},{"id":5414,"url":"https:\/\/domitec.ch\/?product=fauteuil-roulant-pyro-light-xl","url_meta":{"origin":3677,"position":4},"title":"Fauteuil roulant \u00e9lectrique Razoo","author":"Cyril Hug","date":"21 novembre 2022","format":false,"excerpt":"Fauteuil \u00e9lectrique simple et compact Il est un excellent fauteuil d\u2019int\u00e9rieur Ses dimensions compactes et un petit diam\u00e8tre de braquage en font un v\u00e9hicule extr\u00eamement maniable Facilement d\u00e9montable, il se transporte sans probl\u00e8me","rel":"","context":"Article similaire","block_context":{"text":"Article similaire","link":""},"img":{"alt_text":"","src":"https:\/\/i0.wp.com\/domitec.ch\/wp-content\/uploads\/2022\/11\/Rascal-Razoo.jpg?fit=543%2C567&ssl=1&resize=350%2C200","width":350,"height":200,"srcset":"https:\/\/i0.wp.com\/domitec.ch\/wp-content\/uploads\/2022\/11\/Rascal-Razoo.jpg?fit=543%2C567&ssl=1&resize=350%2C200 1x, https:\/\/i0.wp.com\/domitec.ch\/wp-content\/uploads\/2022\/11\/Rascal-Razoo.jpg?fit=543%2C567&ssl=1&resize=525%2C300 1.5x"},"classes":[]},{"id":7098,"url":"https:\/\/domitec.ch\/?product=fauteuil-roulant-electrique-taiga","url_meta":{"origin":3677,"position":5},"title":"Fauteuil roulant \u00e9lectrique Taiga","author":"Cyril Hug","date":"24 mars 2023","format":false,"excerpt":"Fauteuil roulant \u00e9lectrique Terra Le Terra est le fauteuil roulant \u00e9lectrique solide, \u00e9prouv\u00e9 dans la vie quotidienne Stable et maniable, il dispose d\u2019une vari\u00e9t\u00e9 d\u2019options de r\u00e9glage","rel":"","context":"Article similaire","block_context":{"text":"Article similaire","link":""},"img":{"alt_text":"","src":"https:\/\/i0.wp.com\/domitec.ch\/wp-content\/uploads\/2023\/03\/FRETaiga-e1679668435432.jpg?fit=408%2C440&ssl=1&resize=350%2C200","width":350,"height":200},"classes":[]}],"_links":{"self":[{"href":"https:\/\/domitec.ch\/index.php?rest_route=\/wp\/v2\/product\/3677","targetHints":{"allow":["GET"]}}],"collection":[{"href":"https:\/\/domitec.ch\/index.php?rest_route=\/wp\/v2\/product"}],"about":[{"href":"https:\/\/domitec.ch\/index.php?rest_route=\/wp\/v2\/types\/product"}],"wp:featuredmedia":[{"embeddable":true,"href":"https:\/\/domitec.ch\/index.php?rest_route=\/wp\/v2\/media\/3679"}],"wp:attachment":[{"href":"https:\/\/domitec.ch\/index.php?rest_route=%2Fwp%2Fv2%2Fmedia&parent=3677"}],"wp:term":[{"taxonomy":"product_brand","embeddable":true,"href":"https:\/\/domitec.ch\/index.php?rest_route=%2Fwp%2Fv2%2Fproduct_brand&post=3677"},{"taxonomy":"product_cat","embeddable":true,"href":"https:\/\/domitec.ch\/index.php?rest_route=%2Fwp%2Fv2%2Fproduct_cat&post=3677"},{"taxonomy":"product_tag","embeddable":true,"href":"https:\/\/domitec.ch\/index.php?rest_route=%2Fwp%2Fv2%2Fproduct_tag&post=3677"}],"curies":[{"name":"wp","href":"https:\/\/api.w.org\/{rel}","templated":true}]}}