{"id":3640,"date":"2022-09-19T08:17:48","date_gmt":"2022-09-19T06:17:48","guid":{"rendered":"https:\/\/domitec.ch\/?post_type=product&#038;p=3640"},"modified":"2025-05-27T17:28:57","modified_gmt":"2025-05-27T15:28:57","slug":"categorie-b-tissus-no-23","status":"publish","type":"product","link":"https:\/\/domitec.ch\/?product=categorie-b-tissus-no-23","title":{"rendered":"Cat\u00e9gorie B Tissus no 23"},"content":{"rendered":"<p>Tissus de cat\u00e9gorie B<br \/>\nImitation tissage lin 83% Polyester 17% coton<br \/>\nCouleurs jaune, noir, gris clair, bleu, sable, marron clair et fonc\u00e9<br \/>\nD\u00e9perlant<\/p>\n<p>Couleurs \u00e0 choix :<\/p>\n<p>23 jaune<br \/>\n23 noir<br \/>\n23 gris clair<br \/>\n23 bleu<br \/>\n23 rouge<br \/>\n23 sable<br \/>\n23 marron fonc\u00e9<br \/>\n23 marron clair<\/p>\n<p>Abr\u00e9viation tissus<br \/>\nCO\/Coton<br \/>\nPA\/Polyamide<br \/>\nPL\/Polyester<br \/>\nPU\/Polyur\u00e9thane<br \/>\nPP\/Polypropyl\u00e8ne<br \/>\nPVC\/Chlorure de polyvinyle (imitation cuir)<br \/>\nVI\/Viscose<\/p>\n","protected":false},"excerpt":{"rendered":"<p>Cat\u00e9gorie B<\/p>\n<p>Imitation tissage lin 83% Polyester 17% coton<\/p>\n<p>Couleurs jaune, noir, gris clair, bleu, sable, marron clair et fonc\u00e9<\/p>\n<p>&nbsp;<\/p>\n","protected":false},"featured_media":3641,"template":"","meta":{"_crdt_document":"","advanced_seo_description":"","jetpack_seo_html_title":"","jetpack_seo_noindex":false,"jetpack_publicize_message":"","jetpack_publicize_feature_enabled":true,"jetpack_social_post_already_shared":true,"jetpack_social_options":{"image_generator_settings":{"template":"highway","default_image_id":0,"font":"","enabled":false},"version":2}},"product_brand":[],"product_cat":[6438],"product_tag":[],"class_list":{"0":"post-3640","1":"product","2":"type-product","3":"status-publish","4":"has-post-thumbnail","6":"product_cat-tissus-et-options-fauteuil-relax","8":"first","9":"instock","10":"virtual","11":"taxable","12":"product-type-simple"},"jetpack_publicize_connections":[],"jetpack_likes_enabled":false,"jetpack_sharing_enabled":false,"jetpack-related-posts":[{"id":3644,"url":"https:\/\/domitec.ch\/?product=categorie-c-tissus-no-13","url_meta":{"origin":3640,"position":0},"title":"Cat\u00e9gorie C Tissus no 13","author":"Cyril Hug","date":"19 septembre 2022","format":false,"excerpt":"Tissus de cat\u00e9gorie C Imitation lin 94% polyester 6% coton Couleurs beige, bleu, gris clair, bleu azur, rouge, marron clair, \u00e9cru et blanc D\u00e9perlant et anti t\u00e2ches","rel":"","context":"Article similaire","block_context":{"text":"Article similaire","link":""},"img":{"alt_text":"","src":"https:\/\/i0.wp.com\/domitec.ch\/wp-content\/uploads\/2022\/09\/Tissus-C-13-1.jpg?fit=467%2C682&ssl=1&resize=350%2C200","width":350,"height":200},"classes":[]},{"id":3660,"url":"https:\/\/domitec.ch\/?product=categorie-c-tissus-no-24","url_meta":{"origin":3640,"position":1},"title":"Cat\u00e9gorie C Tissus no 24","author":"Cyril Hug","date":"19 septembre 2022","format":false,"excerpt":"Tissus de cat\u00e9gorie C Imitation cuir 50% PL 50% PU Couleurs noir, blanc, gris fonc\u00e9, bleu, bordeaux, marron fonc\u00e9, marron clair et beige D\u00e9perlant","rel":"","context":"Article similaire","block_context":{"text":"Article similaire","link":""},"img":{"alt_text":"","src":"https:\/\/i0.wp.com\/domitec.ch\/wp-content\/uploads\/2022\/09\/Tissus-C-24.jpg?fit=477%2C685&ssl=1&resize=350%2C200","width":350,"height":200},"classes":[]},{"id":3662,"url":"https:\/\/domitec.ch\/?product=categorie-c-tissus-no-25","url_meta":{"origin":3640,"position":2},"title":"Cat\u00e9gorie C Tissus no 25","author":"Cyril Hug","date":"19 septembre 2022","format":false,"excerpt":"Tissus de cat\u00e9gorie C Simili cuir 90% PVC 10% PA Couleurs vert, blanc,\u00a0 gris clair, bleu, beige, bordeaux, gris fonc\u00e9 ,marron fonc\u00e9 et clair","rel":"","context":"Article similaire","block_context":{"text":"Article similaire","link":""},"img":{"alt_text":"","src":"https:\/\/i0.wp.com\/domitec.ch\/wp-content\/uploads\/2022\/09\/Tissus-C-25.jpg?fit=462%2C682&ssl=1&resize=350%2C200","width":350,"height":200},"classes":[]},{"id":3629,"url":"https:\/\/domitec.ch\/?product=categorie-a-tissus-no-00","url_meta":{"origin":3640,"position":3},"title":"Cat\u00e9gorie A Tissus no 00","author":"Cyril Hug","date":"18 septembre 2022","format":false,"excerpt":"Tissu de cat\u00e9gorie A Imitation tissage lin 100% PL Couleurs Beige, Marron clair, rouge bordeaux, bleu azur","rel":"","context":"Article similaire","block_context":{"text":"Article similaire","link":""},"img":{"alt_text":"","src":"https:\/\/i0.wp.com\/domitec.ch\/wp-content\/uploads\/2022\/09\/Tissus-A-00.jpg?fit=476%2C681&ssl=1&resize=350%2C200","width":350,"height":200},"classes":[]},{"id":3631,"url":"https:\/\/domitec.ch\/?product=categorie-a-tissus-no-01","url_meta":{"origin":3640,"position":4},"title":"Cat\u00e9gorie A Tissus no 01","author":"Cyril Hug","date":"18 septembre 2022","format":false,"excerpt":"Tissu de cat\u00e9gorie A Imitations velours 80% PL - 20% CO Couleurs Marron clair, rouge, bleu","rel":"","context":"Article similaire","block_context":{"text":"Article similaire","link":""},"img":{"alt_text":"","src":"https:\/\/i0.wp.com\/domitec.ch\/wp-content\/uploads\/2022\/09\/Tissus-A-01.jpg?fit=473%2C683&ssl=1&resize=350%2C200","width":350,"height":200},"classes":[]},{"id":3633,"url":"https:\/\/domitec.ch\/?product=categorie-a-tissus-no-20","url_meta":{"origin":3640,"position":5},"title":"Cat\u00e9gorie A Tissus no 20","author":"Cyril Hug","date":"18 septembre 2022","format":false,"excerpt":"Tissu de cat\u00e9gorie A Imitations velours 100% PL Couleurs rouge, bleu, \u00e9cru, marron clair D\u00e9perlant","rel":"","context":"Article similaire","block_context":{"text":"Article similaire","link":""},"img":{"alt_text":"","src":"https:\/\/i0.wp.com\/domitec.ch\/wp-content\/uploads\/2022\/09\/Tissus-B-20.jpg?fit=472%2C685&ssl=1&resize=350%2C200","width":350,"height":200},"classes":[]}],"_links":{"self":[{"href":"https:\/\/domitec.ch\/index.php?rest_route=\/wp\/v2\/product\/3640","targetHints":{"allow":["GET"]}}],"collection":[{"href":"https:\/\/domitec.ch\/index.php?rest_route=\/wp\/v2\/product"}],"about":[{"href":"https:\/\/domitec.ch\/index.php?rest_route=\/wp\/v2\/types\/product"}],"wp:featuredmedia":[{"embeddable":true,"href":"https:\/\/domitec.ch\/index.php?rest_route=\/wp\/v2\/media\/3641"}],"wp:attachment":[{"href":"https:\/\/domitec.ch\/index.php?rest_route=%2Fwp%2Fv2%2Fmedia&parent=3640"}],"wp:term":[{"taxonomy":"product_brand","embeddable":true,"href":"https:\/\/domitec.ch\/index.php?rest_route=%2Fwp%2Fv2%2Fproduct_brand&post=3640"},{"taxonomy":"product_cat","embeddable":true,"href":"https:\/\/domitec.ch\/index.php?rest_route=%2Fwp%2Fv2%2Fproduct_cat&post=3640"},{"taxonomy":"product_tag","embeddable":true,"href":"https:\/\/domitec.ch\/index.php?rest_route=%2Fwp%2Fv2%2Fproduct_tag&post=3640"}],"curies":[{"name":"wp","href":"https:\/\/api.w.org\/{rel}","templated":true}]}}