{"id":3289,"date":"2022-08-30T08:39:41","date_gmt":"2022-08-30T06:39:41","guid":{"rendered":"https:\/\/domitec.ch\/?post_type=product&#038;p=3289"},"modified":"2025-05-27T10:51:41","modified_gmt":"2025-05-27T08:51:41","slug":"disque-de-transfert-pivotant","status":"publish","type":"product","link":"https:\/\/domitec.ch\/?product=disque-de-transfert-pivotant","title":{"rendered":"Disque de transfert pivotant"},"content":{"rendered":"<p>Disque de transfert pivotant<br \/>\nPeut se mettre sur une planche de bain, si\u00e8ge, banc &#8230;<br \/>\nAssise extra large<br \/>\nLe mouvement de pivotement et de translation s\u2019effectue avec le poids de l\u2019utilisateur<br \/>\nRev\u00eatement souple et douce pour la peau, facile \u00e0 entretenir<br \/>\nDiam\u00e8tre 36,5 cm<br \/>\nCharge maximale 140 kg<\/p>\n<p>&nbsp;<\/p>\n","protected":false},"excerpt":{"rendered":"<p>Disque de transfert pivotant Peut se mettre sur une planche de bain, si\u00e8ge, banc &#8230; Assise extra large Le mouvement&hellip;<\/p>\n","protected":false},"featured_media":3290,"template":"","meta":{"_crdt_document":"","advanced_seo_description":"","jetpack_seo_html_title":"","jetpack_seo_noindex":false,"jetpack_post_was_ever_published":false,"jetpack_publicize_message":"","jetpack_publicize_feature_enabled":true,"jetpack_social_post_already_shared":true,"jetpack_social_options":{"image_generator_settings":{"template":"highway","default_image_id":0,"font":"","enabled":false},"version":2}},"product_brand":[],"product_cat":[6397,6632],"product_tag":[],"class_list":{"0":"post-3289","1":"product","2":"type-product","3":"status-publish","4":"has-post-thumbnail","6":"product_cat-gc-aide-au-transfert","7":"product_cat-divers-b-salle-de-bain-et-toilettes","8":"product_shipping_class-poste-normal","10":"first","11":"instock","12":"taxable","13":"shipping-taxable","14":"purchasable","15":"product-type-simple"},"jetpack_publicize_connections":[],"jetpack_likes_enabled":false,"jetpack_sharing_enabled":false,"jetpack-related-posts":[{"id":3279,"url":"https:\/\/domitec.ch\/?product=coussin-de-siege-pivotant","url_meta":{"origin":3289,"position":0},"title":"Coussin de si\u00e8ge pivotant","author":"Cyril Hug","date":"29 ao\u00fbt 2022","format":false,"excerpt":"Coussin de si\u00e8ge pivotant Diam\u00e8tre 37 ou 44 cm Le coussin de si\u00e8ge pivotant \"Magic Turn\" est compos\u00e9 de deux parties textiles assembl\u00e9es Le mod\u00e8le \"Magic Turn\" offre un plus grand confort gr\u00e2ce au rembourrage plus \u00e9pais Les int\u00e9rieurs sont enduits de glissement pour d'excellentes propri\u00e9t\u00e9s de rotation La partie\u2026","rel":"","context":"Article similaire","block_context":{"text":"Article similaire","link":""},"img":{"alt_text":"","src":"https:\/\/i0.wp.com\/domitec.ch\/wp-content\/uploads\/2022\/08\/Coussin-pivotant.jpg?fit=418%2C320&ssl=1&resize=350%2C200","width":350,"height":200},"classes":[]},{"id":3272,"url":"https:\/\/domitec.ch\/?product=coussin-dassise-pivotant","url_meta":{"origin":3289,"position":1},"title":"Coussin d&rsquo;assise pivotant","author":"Cyril Hug","date":"29 ao\u00fbt 2022","format":false,"excerpt":"Utilisable dans les zones humides Le coussin d'assise pivotant \"Magic-Turn\" se compose de deux parties textiles reli\u00e9es l'une \u00e0 l'autre L'int\u00e9rieur est recouvert d'un rev\u00eatement glissant pour faciliter le retournement La partie sup\u00e9rieure a une surface douce, la partie inf\u00e9rieure est \u00e9quip\u00e9e d'un dessous antid\u00e9rapant. Le plateau tournant est con\u00e7u\u2026","rel":"","context":"Article similaire","block_context":{"text":"Article similaire","link":""},"img":{"alt_text":"","src":"https:\/\/i0.wp.com\/domitec.ch\/wp-content\/uploads\/2022\/08\/Coussin-pivotant1.jpg?fit=406%2C315&ssl=1&resize=350%2C200","width":350,"height":200},"classes":[]},{"id":11610,"url":"https:\/\/domitec.ch\/?product=verticalisateur-avec-assise-mover","url_meta":{"origin":3289,"position":2},"title":"Verticalisateur avec assise Mover","author":"Cyril Hug","date":"1 ao\u00fbt 2025","format":false,"excerpt":"Verticalisateur simple avec assise Mover Avec assise pivotante s\u00e9curisante, confortable et pratique Conception ergonomique avec assise et appui-jambes rembourr\u00e9s","rel":"","context":"Article similaire","block_context":{"text":"Article similaire","link":""},"img":{"alt_text":"","src":"https:\/\/i0.wp.com\/domitec.ch\/wp-content\/uploads\/2025\/08\/Verticalisateur-Mover.png?fit=960%2C953&ssl=1&resize=350%2C200","width":350,"height":200,"srcset":"https:\/\/i0.wp.com\/domitec.ch\/wp-content\/uploads\/2025\/08\/Verticalisateur-Mover.png?fit=960%2C953&ssl=1&resize=350%2C200 1x, https:\/\/i0.wp.com\/domitec.ch\/wp-content\/uploads\/2025\/08\/Verticalisateur-Mover.png?fit=960%2C953&ssl=1&resize=525%2C300 1.5x, https:\/\/i0.wp.com\/domitec.ch\/wp-content\/uploads\/2025\/08\/Verticalisateur-Mover.png?fit=960%2C953&ssl=1&resize=700%2C400 2x"},"classes":[]},{"id":3265,"url":"https:\/\/domitec.ch\/?product=disque-de-transfert-tournant","url_meta":{"origin":3289,"position":3},"title":"Disque de transfert tournant\u00a0","author":"Cyril Hug","date":"29 ao\u00fbt 2022","format":false,"excerpt":"Disque de transfert tournant S'applique autant sur une chaise ou dans une voiture Poids supportable 100 kg Diam\u00e8tre 45 ou 50 cm \u00a0","rel":"","context":"Article similaire","block_context":{"text":"Article similaire","link":""},"img":{"alt_text":"","src":"https:\/\/i0.wp.com\/domitec.ch\/wp-content\/uploads\/2022\/08\/Disque-de-transfert.jpg?fit=536%2C440&ssl=1&resize=350%2C200","width":350,"height":200,"srcset":"https:\/\/i0.wp.com\/domitec.ch\/wp-content\/uploads\/2022\/08\/Disque-de-transfert.jpg?fit=536%2C440&ssl=1&resize=350%2C200 1x, https:\/\/i0.wp.com\/domitec.ch\/wp-content\/uploads\/2022\/08\/Disque-de-transfert.jpg?fit=536%2C440&ssl=1&resize=525%2C300 1.5x"},"classes":[]},{"id":4107,"url":"https:\/\/domitec.ch\/?product=siege-de-baignoire-pivotant","url_meta":{"origin":3289,"position":4},"title":"Si\u00e8ge\u00a0de baignoire pivotant\u00a0","author":"Cyril Hug","date":"24 septembre 2022","format":false,"excerpt":"Si\u00e8ge\u00a0de baignoire pivotant","rel":"","context":"Article similaire","block_context":{"text":"Article similaire","link":""},"img":{"alt_text":"","src":"https:\/\/i0.wp.com\/domitec.ch\/wp-content\/uploads\/2022\/09\/chaise-de-baignoire-.jpg?fit=395%2C362&ssl=1&resize=350%2C200","width":350,"height":200},"classes":[]},{"id":3286,"url":"https:\/\/domitec.ch\/?product=disque-tournant","url_meta":{"origin":3289,"position":5},"title":"Disque tournant","author":"Cyril Hug","date":"30 ao\u00fbt 2022","format":false,"excerpt":"Disque de transfert ou assise tournant diam\u00e8tre32 cm S'applique autant sur une chaise ou au sol Poids supportable 100 kg \u00a0","rel":"","context":"Article similaire","block_context":{"text":"Article similaire","link":""},"img":{"alt_text":"","src":"https:\/\/i0.wp.com\/domitec.ch\/wp-content\/uploads\/2022\/08\/Disque-tournant-1978186400-e1680077271198.jpg?fit=482%2C360&ssl=1&resize=350%2C200","width":350,"height":200},"classes":[]}],"_links":{"self":[{"href":"https:\/\/domitec.ch\/index.php?rest_route=\/wp\/v2\/product\/3289","targetHints":{"allow":["GET"]}}],"collection":[{"href":"https:\/\/domitec.ch\/index.php?rest_route=\/wp\/v2\/product"}],"about":[{"href":"https:\/\/domitec.ch\/index.php?rest_route=\/wp\/v2\/types\/product"}],"wp:featuredmedia":[{"embeddable":true,"href":"https:\/\/domitec.ch\/index.php?rest_route=\/wp\/v2\/media\/3290"}],"wp:attachment":[{"href":"https:\/\/domitec.ch\/index.php?rest_route=%2Fwp%2Fv2%2Fmedia&parent=3289"}],"wp:term":[{"taxonomy":"product_brand","embeddable":true,"href":"https:\/\/domitec.ch\/index.php?rest_route=%2Fwp%2Fv2%2Fproduct_brand&post=3289"},{"taxonomy":"product_cat","embeddable":true,"href":"https:\/\/domitec.ch\/index.php?rest_route=%2Fwp%2Fv2%2Fproduct_cat&post=3289"},{"taxonomy":"product_tag","embeddable":true,"href":"https:\/\/domitec.ch\/index.php?rest_route=%2Fwp%2Fv2%2Fproduct_tag&post=3289"}],"curies":[{"name":"wp","href":"https:\/\/api.w.org\/{rel}","templated":true}]}}