{"id":3241,"date":"2022-08-29T10:58:06","date_gmt":"2022-08-29T08:58:06","guid":{"rendered":"https:\/\/domitec.ch\/?post_type=product&#038;p=3241"},"modified":"2025-05-27T17:45:59","modified_gmt":"2025-05-27T15:45:59","slug":"ceinture-de-soutien-avec-poignees","status":"publish","type":"product","link":"https:\/\/domitec.ch\/?product=ceinture-de-soutien-avec-poignees","title":{"rendered":"Ceinture de soutien avec poign\u00e9es"},"content":{"rendered":"<p>La ceinture de soutien<br \/>\nPour aider les soignants \u00e0 sortir les patients du lit, de la chaise ou du fauteuil roulant et \u00e0 parcourir de courtes distances avec eux.<br \/>\nLa ceinture de soutien peut \u00eatre utilis\u00e9e pour soutenir le patient pendant l\u2019entra\u00eenement \u00e0 la marche<br \/>\nExiste en deux tailles:<br \/>\nM 117 x 14 cm \/ L 140 x 14 cm<\/p>\n<p>&nbsp;<\/p>\n","protected":false},"excerpt":{"rendered":"<p>La ceinture de soutien Pour aider les soignants \u00e0 sortir les patients du lit, de la chaise ou du fauteuil&hellip;<\/p>\n","protected":false},"featured_media":3242,"template":"","meta":{"_crdt_document":"","advanced_seo_description":"","jetpack_seo_html_title":"","jetpack_seo_noindex":false,"jetpack_post_was_ever_published":false,"jetpack_publicize_message":"","jetpack_publicize_feature_enabled":true,"jetpack_social_post_already_shared":true,"jetpack_social_options":{"image_generator_settings":{"template":"highway","default_image_id":0,"font":"","enabled":false},"version":2}},"product_brand":[],"product_cat":[6397],"product_tag":[],"class_list":{"0":"post-3241","1":"product","2":"type-product","3":"status-publish","4":"has-post-thumbnail","6":"product_cat-gc-aide-au-transfert","7":"product_shipping_class-poste-petit-paquet","9":"first","10":"instock","11":"taxable","12":"shipping-taxable","13":"purchasable","14":"product-type-variable"},"jetpack_publicize_connections":[],"jetpack_likes_enabled":false,"jetpack_sharing_enabled":false,"jetpack-related-posts":[{"id":7633,"url":"https:\/\/domitec.ch\/?product=ceinture-de-soutien-pour-femme-enceinte","url_meta":{"origin":3241,"position":0},"title":"Ceinture de soutien pour femme enceinte","author":"Cyril Hug","date":"5 mai 2023","format":false,"excerpt":"Attelle d\u2019immobilisation avec ouverture rotulienne Taille \/ Tour de hanche 0 \/ 75 - 91 cm 1 \/ 91 -105 cm 2 \/ 105-119 cm 3 \/ 119-140 cm LiMA: 05.14.05.00.1","rel":"","context":"Article similaire","block_context":{"text":"Article similaire","link":""},"img":{"alt_text":"","src":"https:\/\/i0.wp.com\/domitec.ch\/wp-content\/uploads\/2023\/05\/Ceinture-.jpg?fit=529%2C467&ssl=1&resize=350%2C200","width":350,"height":200,"srcset":"https:\/\/i0.wp.com\/domitec.ch\/wp-content\/uploads\/2023\/05\/Ceinture-.jpg?fit=529%2C467&ssl=1&resize=350%2C200 1x, https:\/\/i0.wp.com\/domitec.ch\/wp-content\/uploads\/2023\/05\/Ceinture-.jpg?fit=529%2C467&ssl=1&resize=525%2C300 1.5x"},"classes":[]},{"id":7733,"url":"https:\/\/domitec.ch\/?product=ceinture-protege-hanche","url_meta":{"origin":3241,"position":1},"title":"Ceinture prot\u00e8ge hanche","author":"Cyril Hug","date":"8 mai 2023","format":false,"excerpt":"Attelle d\u2019immobilisation avec ouverture rotulienne Taille \/ Tour de hanche S \/ 80-90 cm M \/ 90-100 cm L \/ 100-110 cm XL \/ 110-120 cm XXL \/ 120-130 cm XXXL \/ 130-140 cm","rel":"","context":"Article similaire","block_context":{"text":"Article similaire","link":""},"img":{"alt_text":"","src":"https:\/\/i0.wp.com\/domitec.ch\/wp-content\/uploads\/2023\/05\/Ceinture-protege-hanche.jpg?fit=420%2C367&ssl=1&resize=350%2C200","width":350,"height":200},"classes":[]},{"id":4896,"url":"https:\/\/domitec.ch\/?product=matelas-alova-junior","url_meta":{"origin":3241,"position":2},"title":"Matelas Alova Junior","author":"Cyril Hug","date":"30 septembre 2022","format":false,"excerpt":"Aide \u00e0 la pr\u00e9vention d\u2019escarre(s) pour patient \u00e0 risque moyen \u00e0 \u00e9lev\u00e9","rel":"","context":"Article similaire","block_context":{"text":"Article similaire","link":""},"img":{"alt_text":"","src":"https:\/\/i0.wp.com\/domitec.ch\/wp-content\/uploads\/2022\/09\/Matelas-Alova-Junior-3447001382-e1673343237404.jpg?fit=794%2C559&ssl=1&resize=350%2C200","width":350,"height":200,"srcset":"https:\/\/i0.wp.com\/domitec.ch\/wp-content\/uploads\/2022\/09\/Matelas-Alova-Junior-3447001382-e1673343237404.jpg?fit=794%2C559&ssl=1&resize=350%2C200 1x, https:\/\/i0.wp.com\/domitec.ch\/wp-content\/uploads\/2022\/09\/Matelas-Alova-Junior-3447001382-e1673343237404.jpg?fit=794%2C559&ssl=1&resize=525%2C300 1.5x, https:\/\/i0.wp.com\/domitec.ch\/wp-content\/uploads\/2022\/09\/Matelas-Alova-Junior-3447001382-e1673343237404.jpg?fit=794%2C559&ssl=1&resize=700%2C400 2x"},"classes":[]},{"id":4395,"url":"https:\/\/domitec.ch\/?product=rollator-elephant-air","url_meta":{"origin":3241,"position":3},"title":"Rollator Panda Comfort","author":"Cyril Hug","date":"26 septembre 2022","format":false,"excerpt":"Nouveau rollator l\u00e9ger Panda Comfort Cadre en aluminium bleu fonc\u00e9 avec ceinture dorsale Se plie facilement sur le c\u00f4t\u00e9 et facile \u00e0 transporter Le si\u00e8ge en nylon robuste et durable Sac de courses ferm\u00e9 est mont\u00e9 sur le devant, avec deux poign\u00e9es","rel":"","context":"Article similaire","block_context":{"text":"Article similaire","link":""},"img":{"alt_text":"","src":"https:\/\/i0.wp.com\/domitec.ch\/wp-content\/uploads\/2022\/09\/panda-comfort-e1708451069885.png?fit=608%2C581&ssl=1&resize=350%2C200","width":350,"height":200,"srcset":"https:\/\/i0.wp.com\/domitec.ch\/wp-content\/uploads\/2022\/09\/panda-comfort-e1708451069885.png?fit=608%2C581&ssl=1&resize=350%2C200 1x, https:\/\/i0.wp.com\/domitec.ch\/wp-content\/uploads\/2022\/09\/panda-comfort-e1708451069885.png?fit=608%2C581&ssl=1&resize=525%2C300 1.5x"},"classes":[]},{"id":3397,"url":"https:\/\/domitec.ch\/?product=tire-ceinture-de-securite","url_meta":{"origin":3241,"position":4},"title":"Tire-Ceinture de s\u00e9curit\u00e9","author":"Cyril Hug","date":"31 ao\u00fbt 2022","format":false,"excerpt":"Tire-Ceinture de s\u00e9curit\u00e9 Permet de mettre la ceinture de s\u00e9curit\u00e9 sans tourner le dos, d'un seul geste et de mani\u00e8re simple Id\u00e9ale pour les personnes souffrant de maux de dos, d'arthrite, d'arthrose ou pour celles qui ont du mal \u00e0 se retourner Couleur gris","rel":"","context":"Article similaire","block_context":{"text":"Article similaire","link":""},"img":{"alt_text":"","src":"https:\/\/i0.wp.com\/domitec.ch\/wp-content\/uploads\/2022\/08\/tire-ceinture-de-securite-lot-de-3-4212200563-e1680077094917.jpg?fit=800%2C800&ssl=1&resize=350%2C200","width":350,"height":200,"srcset":"https:\/\/i0.wp.com\/domitec.ch\/wp-content\/uploads\/2022\/08\/tire-ceinture-de-securite-lot-de-3-4212200563-e1680077094917.jpg?fit=800%2C800&ssl=1&resize=350%2C200 1x, https:\/\/i0.wp.com\/domitec.ch\/wp-content\/uploads\/2022\/08\/tire-ceinture-de-securite-lot-de-3-4212200563-e1680077094917.jpg?fit=800%2C800&ssl=1&resize=525%2C300 1.5x, https:\/\/i0.wp.com\/domitec.ch\/wp-content\/uploads\/2022\/08\/tire-ceinture-de-securite-lot-de-3-4212200563-e1680077094917.jpg?fit=800%2C800&ssl=1&resize=700%2C400 2x"},"classes":[]},{"id":7362,"url":"https:\/\/domitec.ch\/?product=matelas-simple-junior","url_meta":{"origin":3241,"position":5},"title":"Matelas simple Junior","author":"Cyril Hug","date":"10 avril 2023","format":false,"excerpt":"Matelas Junior simple en mousse en polyur\u00e9thane","rel":"","context":"Article similaire","block_context":{"text":"Article similaire","link":""},"img":{"alt_text":"","src":"https:\/\/i0.wp.com\/domitec.ch\/wp-content\/uploads\/2023\/04\/Matelas-simple-junior-e1681125319207.jpg?fit=621%2C485&ssl=1&resize=350%2C200","width":350,"height":200,"srcset":"https:\/\/i0.wp.com\/domitec.ch\/wp-content\/uploads\/2023\/04\/Matelas-simple-junior-e1681125319207.jpg?fit=621%2C485&ssl=1&resize=350%2C200 1x, https:\/\/i0.wp.com\/domitec.ch\/wp-content\/uploads\/2023\/04\/Matelas-simple-junior-e1681125319207.jpg?fit=621%2C485&ssl=1&resize=525%2C300 1.5x"},"classes":[]}],"_links":{"self":[{"href":"https:\/\/domitec.ch\/index.php?rest_route=\/wp\/v2\/product\/3241","targetHints":{"allow":["GET"]}}],"collection":[{"href":"https:\/\/domitec.ch\/index.php?rest_route=\/wp\/v2\/product"}],"about":[{"href":"https:\/\/domitec.ch\/index.php?rest_route=\/wp\/v2\/types\/product"}],"wp:featuredmedia":[{"embeddable":true,"href":"https:\/\/domitec.ch\/index.php?rest_route=\/wp\/v2\/media\/3242"}],"wp:attachment":[{"href":"https:\/\/domitec.ch\/index.php?rest_route=%2Fwp%2Fv2%2Fmedia&parent=3241"}],"wp:term":[{"taxonomy":"product_brand","embeddable":true,"href":"https:\/\/domitec.ch\/index.php?rest_route=%2Fwp%2Fv2%2Fproduct_brand&post=3241"},{"taxonomy":"product_cat","embeddable":true,"href":"https:\/\/domitec.ch\/index.php?rest_route=%2Fwp%2Fv2%2Fproduct_cat&post=3241"},{"taxonomy":"product_tag","embeddable":true,"href":"https:\/\/domitec.ch\/index.php?rest_route=%2Fwp%2Fv2%2Fproduct_tag&post=3241"}],"curies":[{"name":"wp","href":"https:\/\/api.w.org\/{rel}","templated":true}]}}