{"id":3085,"date":"2022-08-10T10:47:36","date_gmt":"2022-08-10T08:47:36","guid":{"rendered":"https:\/\/domitec.ch\/?post_type=product&#038;p=3085"},"modified":"2025-05-27T17:57:46","modified_gmt":"2025-05-27T15:57:46","slug":"cannes-anglaises-poignees-simple","status":"publish","type":"product","link":"https:\/\/domitec.ch\/?product=cannes-anglaises-poignees-simple","title":{"rendered":"Canne anglaise poign\u00e9e simple"},"content":{"rendered":"<p>Canne anglaise classique avec poign\u00e9e simple<br \/>\nHauteur r\u00e9glable 76 \u00e0 96 cm<br \/>\nPoids max 140 kg<br \/>\nPoids 1 b\u00e9quille 1200 g<br \/>\nAutre couleur sur demande<\/p>\n<p>Prix vente par paire<\/p>\n","protected":false},"excerpt":{"rendered":"<p>Canne anglaise classique avec poign\u00e9e simple Hauteur r\u00e9glable 76 \u00e0 96 cm Poids max 140 kg Poids 1 b\u00e9quille 1200&hellip;<\/p>\n","protected":false},"featured_media":8110,"template":"","meta":{"advanced_seo_description":"","jetpack_seo_html_title":"","jetpack_seo_noindex":false,"jetpack_post_was_ever_published":false,"jetpack_publicize_message":"","jetpack_publicize_feature_enabled":true,"jetpack_social_post_already_shared":true,"jetpack_social_options":{"image_generator_settings":{"template":"highway","default_image_id":0,"font":"","enabled":false},"version":2}},"product_brand":[],"product_cat":[6435],"product_tag":[],"class_list":{"0":"post-3085","1":"product","2":"type-product","3":"status-publish","4":"has-post-thumbnail","6":"product_cat-ah-cannes","7":"product_shipping_class-poste-normal","9":"first","10":"instock","11":"taxable","12":"shipping-taxable","13":"purchasable","14":"product-type-variable"},"jetpack_publicize_connections":[],"jetpack_likes_enabled":false,"jetpack_sharing_enabled":false,"jetpack-related-posts":[{"id":3074,"url":"https:\/\/domitec.ch\/?product=canne-anglaise-en-carbone","url_meta":{"origin":3085,"position":0},"title":"Canne anglaise en carbone","author":"Cyril Hug","date":"10 ao\u00fbt 2022","format":false,"excerpt":"Canne anglaise en carbone de \"voyage\" Pliable en deux pour une longueur de 50 cm Hauteur poign\u00e9es de 74 \u00e0 97 cm Longueur poign\u00e9es 23 cm Poids max admissible 140 kg Poids une canne 0.545 kg Prix et vente par pi\u00e8ce","rel":"","context":"Article similaire","block_context":{"text":"Article similaire","link":""},"img":{"alt_text":"","src":"https:\/\/i0.wp.com\/domitec.ch\/wp-content\/uploads\/2022\/08\/canne-carbone1.jpg?fit=338%2C502&ssl=1&resize=350%2C200","width":350,"height":200},"classes":[]},{"id":3076,"url":"https:\/\/domitec.ch\/?product=cannes-anglaises-poignees-ergonomiques","url_meta":{"origin":3085,"position":1},"title":"Canne anglaise poign\u00e9e ergonomique","author":"Cyril Hug","date":"10 ao\u00fbt 2022","format":false,"excerpt":"Canne anglaise classique avec poign\u00e9e ergonomique Hauteur r\u00e9glable 76 \u00e0 96 cm Poids max 130 kg Poids 1 b\u00e9quille 1200 g Couleur \u00e0 choix Prix et vente par paire","rel":"","context":"Article similaire","block_context":{"text":"Article similaire","link":""},"img":{"alt_text":"","src":"https:\/\/i0.wp.com\/domitec.ch\/wp-content\/uploads\/2022\/08\/canneergo1.jpg?fit=400%2C360&ssl=1&resize=350%2C200","width":350,"height":200},"classes":[]},{"id":8103,"url":"https:\/\/domitec.ch\/?product=canne-anglaise-poignee-ergonomique","url_meta":{"origin":3085,"position":2},"title":"Canne anglaise poign\u00e9e ergonomique","author":"Cyril Hug","date":"16 juin 2023","format":false,"excerpt":"Canne anglaise classique avec poign\u00e9e ergonomique Hauteur r\u00e9glable 76 \u00e0 96 cm Poids max 130 kg Poids 1 b\u00e9quille 1200 g Couleur \u00e0 choix Prix par paire","rel":"","context":"Article similaire","block_context":{"text":"Article similaire","link":""},"img":{"alt_text":"","src":"https:\/\/i0.wp.com\/domitec.ch\/wp-content\/uploads\/2023\/06\/Canne-noir.jpg?fit=402%2C370&ssl=1&resize=350%2C200","width":350,"height":200},"classes":[]},{"id":3101,"url":"https:\/\/domitec.ch\/?product=canne-anglaise-junior","url_meta":{"origin":3085,"position":3},"title":"Canne anglaise junior","author":"Cyril Hug","date":"10 ao\u00fbt 2022","format":false,"excerpt":"Canne anglaise classique junior Avec poign\u00e9es simple Hauteur main 57-75 cm Hauteur appui bras 19,5-24,5 cm Poids par paire: 0,9 kg Poids max 100 kg Prix et vente par paire","rel":"","context":"Article similaire","block_context":{"text":"Article similaire","link":""},"img":{"alt_text":"","src":"https:\/\/i0.wp.com\/domitec.ch\/wp-content\/uploads\/2022\/08\/enfant-noir.jpg?fit=355%2C431&ssl=1&resize=350%2C200","width":350,"height":200},"classes":[]},{"id":3138,"url":"https:\/\/domitec.ch\/?product=canne-anglaise-avant-bras-ferme","url_meta":{"origin":3085,"position":4},"title":"Canne anglaise avant bras ferm\u00e9","author":"Cyril Hug","date":"11 ao\u00fbt 2022","format":false,"excerpt":"Cannes anglaises poign\u00e9e ergonomique et brassard ferm\u00e9 Cintre \u00e0 poign\u00e9e diam\u00e8tre 23 cm Poign\u00e9e au sol 73 cm - 94 cm Charge max130 kg Poids par canne 1.2kg Prix et vente par paire","rel":"","context":"Article similaire","block_context":{"text":"Article similaire","link":""},"img":{"alt_text":"","src":"https:\/\/i0.wp.com\/domitec.ch\/wp-content\/uploads\/2022\/08\/canne-autoporsoft-e1686909553547.jpg?fit=277%2C345&ssl=1&resize=350%2C200","width":350,"height":200},"classes":[]},{"id":3094,"url":"https:\/\/domitec.ch\/?product=canne-anglaise-enfant","url_meta":{"origin":3085,"position":5},"title":"Canne anglaise enfant","author":"Cyril Hug","date":"10 ao\u00fbt 2022","format":false,"excerpt":"Canne anglaise classique Kiddy Avec poign\u00e9es ergonomiques Couleur bleu ou lilas Hauteur main 57-75 cm Hauteur appui bras 19,5-24,5 cm Poids par paire: 0,9 kg Poids max 100 kg Prix et vente par paire","rel":"","context":"Article similaire","block_context":{"text":"Article similaire","link":""},"img":{"alt_text":"","src":"https:\/\/i0.wp.com\/domitec.ch\/wp-content\/uploads\/2022\/08\/cannejunior1.jpg?fit=402%2C457&ssl=1&resize=350%2C200","width":350,"height":200},"classes":[]}],"_links":{"self":[{"href":"https:\/\/domitec.ch\/index.php?rest_route=\/wp\/v2\/product\/3085","targetHints":{"allow":["GET"]}}],"collection":[{"href":"https:\/\/domitec.ch\/index.php?rest_route=\/wp\/v2\/product"}],"about":[{"href":"https:\/\/domitec.ch\/index.php?rest_route=\/wp\/v2\/types\/product"}],"wp:featuredmedia":[{"embeddable":true,"href":"https:\/\/domitec.ch\/index.php?rest_route=\/wp\/v2\/media\/8110"}],"wp:attachment":[{"href":"https:\/\/domitec.ch\/index.php?rest_route=%2Fwp%2Fv2%2Fmedia&parent=3085"}],"wp:term":[{"taxonomy":"product_brand","embeddable":true,"href":"https:\/\/domitec.ch\/index.php?rest_route=%2Fwp%2Fv2%2Fproduct_brand&post=3085"},{"taxonomy":"product_cat","embeddable":true,"href":"https:\/\/domitec.ch\/index.php?rest_route=%2Fwp%2Fv2%2Fproduct_cat&post=3085"},{"taxonomy":"product_tag","embeddable":true,"href":"https:\/\/domitec.ch\/index.php?rest_route=%2Fwp%2Fv2%2Fproduct_tag&post=3085"}],"curies":[{"name":"wp","href":"https:\/\/api.w.org\/{rel}","templated":true}]}}