{"id":3071,"date":"2022-08-10T10:04:58","date_gmt":"2022-08-10T08:04:58","guid":{"rendered":"https:\/\/domitec.ch\/?post_type=product&#038;p=3071"},"modified":"2025-05-27T11:18:20","modified_gmt":"2025-05-27T09:18:20","slug":"canne-de-marche-en-carbone","status":"publish","type":"product","link":"https:\/\/domitec.ch\/?product=canne-de-marche-en-carbone","title":{"rendered":"Canne de marche en carbone"},"content":{"rendered":"<p>Canne de marche carbone avec poign\u00e9e simple<br \/>\nHauteur r\u00e9glable 68,5 \u2013 94 cm<br \/>\nPoids max 120 kg<br \/>\nPoids 280 g<br \/>\nDiam\u00e8tre tube 19 mm<\/p>\n","protected":false},"excerpt":{"rendered":"<p>Canne de marche carbone avec poign\u00e9e simple Hauteur r\u00e9glable 68,5 \u2013 94 cm Poids max 120 kg Poids 280 g&hellip;<\/p>\n","protected":false},"featured_media":3073,"template":"","meta":{"_crdt_document":"","advanced_seo_description":"","jetpack_seo_html_title":"","jetpack_seo_noindex":false,"jetpack_post_was_ever_published":false,"jetpack_publicize_message":"","jetpack_publicize_feature_enabled":true,"jetpack_social_post_already_shared":true,"jetpack_social_options":{"image_generator_settings":{"template":"highway","default_image_id":0,"font":"","enabled":false},"version":2}},"product_brand":[],"product_cat":[6434,6625],"product_tag":[],"class_list":{"0":"post-3071","1":"product","2":"type-product","3":"status-publish","4":"has-post-thumbnail","6":"product_cat-ah-cannes-de-marche","7":"product_cat-sc-gamme-large","8":"product_shipping_class-poste-normal","10":"first","11":"instock","12":"taxable","13":"shipping-taxable","14":"purchasable","15":"product-type-simple"},"jetpack_publicize_connections":[],"jetpack_likes_enabled":false,"jetpack_sharing_enabled":false,"jetpack-related-posts":[{"id":3074,"url":"https:\/\/domitec.ch\/?product=canne-anglaise-en-carbone","url_meta":{"origin":3071,"position":0},"title":"Canne anglaise en carbone","author":"Cyril Hug","date":"10 ao\u00fbt 2022","format":false,"excerpt":"Canne anglaise en carbone de \"voyage\" Pliable en deux pour une longueur de 50 cm Hauteur poign\u00e9es de 74 \u00e0 97 cm Longueur poign\u00e9es 23 cm Poids max admissible 140 kg Poids une canne 0.545 kg Prix et vente par pi\u00e8ce","rel":"","context":"Article similaire","block_context":{"text":"Article similaire","link":""},"img":{"alt_text":"","src":"https:\/\/i0.wp.com\/domitec.ch\/wp-content\/uploads\/2022\/08\/canne-carbone1.jpg?fit=338%2C502&ssl=1&resize=350%2C200","width":350,"height":200},"classes":[]},{"id":2716,"url":"https:\/\/domitec.ch\/?product=rampes-mobiles-en-fibre-de-carbone","url_meta":{"origin":3071,"position":1},"title":"Rampe en fibre de carbone","author":"Cyril Hug","date":"30 juillet 2022","format":false,"excerpt":"Rampes mobiles en fibre de carbone Fournie avec un sac de transport pour le fauteuil roulant","rel":"","context":"Article similaire","block_context":{"text":"Article similaire","link":""},"img":{"alt_text":"","src":"https:\/\/i0.wp.com\/domitec.ch\/wp-content\/uploads\/2022\/07\/Rampe-CB.jpg?fit=757%2C641&ssl=1&resize=350%2C200","width":350,"height":200,"srcset":"https:\/\/i0.wp.com\/domitec.ch\/wp-content\/uploads\/2022\/07\/Rampe-CB.jpg?fit=757%2C641&ssl=1&resize=350%2C200 1x, https:\/\/i0.wp.com\/domitec.ch\/wp-content\/uploads\/2022\/07\/Rampe-CB.jpg?fit=757%2C641&ssl=1&resize=525%2C300 1.5x, https:\/\/i0.wp.com\/domitec.ch\/wp-content\/uploads\/2022\/07\/Rampe-CB.jpg?fit=757%2C641&ssl=1&resize=700%2C400 2x"},"classes":[]},{"id":4369,"url":"https:\/\/domitec.ch\/?product=rollator-gepard-carbone","url_meta":{"origin":3071,"position":2},"title":"Rollator G\u00e9pard carbone","author":"Cyril Hug","date":"26 septembre 2022","format":false,"excerpt":"Rollator avec cadre en fibre de carbone Ultra l\u00e9ger, Existe en version XL (charge max 200kg)","rel":"","context":"Article similaire","block_context":{"text":"Article similaire","link":""},"img":{"alt_text":"","src":"https:\/\/i0.wp.com\/domitec.ch\/wp-content\/uploads\/2022\/09\/Gepard-carbon-HD-455867153-1664227110390.jpg?fit=524%2C572&ssl=1&resize=350%2C200","width":350,"height":200},"classes":[]},{"id":3032,"url":"https:\/\/domitec.ch\/?product=canne-de-marche-poignee-derby","url_meta":{"origin":3071,"position":3},"title":"Canne de marche poign\u00e9e \u00ab\u00a0Derby\u00a0\u00bb","author":"Cyril Hug","date":"10 ao\u00fbt 2022","format":false,"excerpt":"Canne de marche avec poign\u00e9e SOFTTOUCH Hauteur r\u00e9glable 75-96 cm Poids max utilisateur 100 kg Poids canne 440 gr Couleur \u00e0 choix","rel":"","context":"Article similaire","block_context":{"text":"Article similaire","link":""},"img":{"alt_text":"","src":"https:\/\/i0.wp.com\/domitec.ch\/wp-content\/uploads\/2022\/08\/cannem-701064887-e1680077409661.jpg?fit=351%2C307&ssl=1&resize=350%2C200","width":350,"height":200},"classes":[]},{"id":3063,"url":"https:\/\/domitec.ch\/?product=canne-de-marche-telescopique","url_meta":{"origin":3071,"position":4},"title":"Canne de marche t\u00e9lescopique","author":"Cyril Hug","date":"10 ao\u00fbt 2022","format":false,"excerpt":"Canne de marche simple t\u00e9lescopique Hauteur r\u00e9glable 85-95 cm Poids canne 360 g Poids max utilisateur 100 kg Longueur pli\u00e9e: environ 30 cm (4 parties)","rel":"","context":"Article similaire","block_context":{"text":"Article similaire","link":""},"img":{"alt_text":"","src":"https:\/\/i0.wp.com\/domitec.ch\/wp-content\/uploads\/2022\/08\/canne-telesc.jpg?fit=280%2C328&ssl=1&resize=350%2C200","width":350,"height":200},"classes":[]},{"id":3012,"url":"https:\/\/domitec.ch\/?product=canne-de-marche-main-droite","url_meta":{"origin":3071,"position":5},"title":"Canne de marche poign\u00e9e ergonomique","author":"Cyril Hug","date":"10 ao\u00fbt 2022","format":false,"excerpt":"Canne de marche avec poign\u00e9e ergonomique pour main droite ou gauche R\u00e9glable en hauteur de 77 \u00e0 94 cm poids 0,3 kg poids supportable 100 kg","rel":"","context":"Article similaire","block_context":{"text":"Article similaire","link":""},"img":{"alt_text":"","src":"https:\/\/i0.wp.com\/domitec.ch\/wp-content\/uploads\/2022\/08\/canne-main-droite.jpg?fit=389%2C338&ssl=1&resize=350%2C200","width":350,"height":200},"classes":[]}],"_links":{"self":[{"href":"https:\/\/domitec.ch\/index.php?rest_route=\/wp\/v2\/product\/3071","targetHints":{"allow":["GET"]}}],"collection":[{"href":"https:\/\/domitec.ch\/index.php?rest_route=\/wp\/v2\/product"}],"about":[{"href":"https:\/\/domitec.ch\/index.php?rest_route=\/wp\/v2\/types\/product"}],"wp:featuredmedia":[{"embeddable":true,"href":"https:\/\/domitec.ch\/index.php?rest_route=\/wp\/v2\/media\/3073"}],"wp:attachment":[{"href":"https:\/\/domitec.ch\/index.php?rest_route=%2Fwp%2Fv2%2Fmedia&parent=3071"}],"wp:term":[{"taxonomy":"product_brand","embeddable":true,"href":"https:\/\/domitec.ch\/index.php?rest_route=%2Fwp%2Fv2%2Fproduct_brand&post=3071"},{"taxonomy":"product_cat","embeddable":true,"href":"https:\/\/domitec.ch\/index.php?rest_route=%2Fwp%2Fv2%2Fproduct_cat&post=3071"},{"taxonomy":"product_tag","embeddable":true,"href":"https:\/\/domitec.ch\/index.php?rest_route=%2Fwp%2Fv2%2Fproduct_tag&post=3071"}],"curies":[{"name":"wp","href":"https:\/\/api.w.org\/{rel}","templated":true}]}}