{"id":3032,"date":"2022-08-10T09:23:25","date_gmt":"2022-08-10T07:23:25","guid":{"rendered":"https:\/\/domitec.ch\/?post_type=product&#038;p=3032"},"modified":"2025-05-27T10:55:13","modified_gmt":"2025-05-27T08:55:13","slug":"canne-de-marche-poignee-derby","status":"publish","type":"product","link":"https:\/\/domitec.ch\/?product=canne-de-marche-poignee-derby","title":{"rendered":"Canne de marche poign\u00e9e \u00ab\u00a0Derby\u00a0\u00bb"},"content":{"rendered":"<p>Canne de marche avec poign\u00e9e SOFTTOUCH<br \/>\nHauteur r\u00e9glable 75-96 cm<br \/>\nPoids max utilisateur 100 kg<br \/>\nPoids canne 440 gr<br \/>\nCouleur \u00e0 choix<\/p>\n","protected":false},"excerpt":{"rendered":"<p>Canne de marche avec poign\u00e9e SOFTTOUCH Hauteur r\u00e9glable 75-96 cm Poids max utilisateur 100 kg Poids canne 440 gr Couleur&hellip;<\/p>\n","protected":false},"featured_media":3122,"template":"","meta":{"_crdt_document":"","advanced_seo_description":"","jetpack_seo_html_title":"","jetpack_seo_noindex":false,"jetpack_post_was_ever_published":false,"jetpack_publicize_message":"","jetpack_publicize_feature_enabled":true,"jetpack_social_post_already_shared":true,"jetpack_social_options":{"image_generator_settings":{"template":"highway","default_image_id":0,"font":"","enabled":false},"version":2}},"product_brand":[],"product_cat":[6434],"product_tag":[],"class_list":{"0":"post-3032","1":"product","2":"type-product","3":"status-publish","4":"has-post-thumbnail","6":"product_cat-ah-cannes-de-marche","7":"product_shipping_class-poste-normal","9":"first","10":"instock","11":"taxable","12":"shipping-taxable","13":"purchasable","14":"product-type-variable"},"jetpack_publicize_connections":[],"jetpack_likes_enabled":false,"jetpack_sharing_enabled":false,"jetpack-related-posts":[{"id":3012,"url":"https:\/\/domitec.ch\/?product=canne-de-marche-main-droite","url_meta":{"origin":3032,"position":0},"title":"Canne de marche poign\u00e9e ergonomique","author":"Cyril Hug","date":"10 ao\u00fbt 2022","format":false,"excerpt":"Canne de marche avec poign\u00e9e ergonomique pour main droite ou gauche R\u00e9glable en hauteur de 77 \u00e0 94 cm poids 0,3 kg poids supportable 100 kg","rel":"","context":"Article similaire","block_context":{"text":"Article similaire","link":""},"img":{"alt_text":"","src":"https:\/\/i0.wp.com\/domitec.ch\/wp-content\/uploads\/2022\/08\/canne-main-droite.jpg?fit=389%2C338&ssl=1&resize=350%2C200","width":350,"height":200},"classes":[]},{"id":3071,"url":"https:\/\/domitec.ch\/?product=canne-de-marche-en-carbone","url_meta":{"origin":3032,"position":1},"title":"Canne de marche en carbone","author":"Cyril Hug","date":"10 ao\u00fbt 2022","format":false,"excerpt":"Canne de marche carbone avec poign\u00e9e simple Hauteur r\u00e9glable 68,5 \u2013 94 cm Poids max 120 kg Poids 280 g Diam\u00e8tre tube 19 mm","rel":"","context":"Article similaire","block_context":{"text":"Article similaire","link":""},"img":{"alt_text":"","src":"https:\/\/i0.wp.com\/domitec.ch\/wp-content\/uploads\/2022\/08\/canne-carbone.jpg?fit=387%2C371&ssl=1&resize=350%2C200","width":350,"height":200},"classes":[]},{"id":3003,"url":"https:\/\/domitec.ch\/?product=canne-de-marche-simple","url_meta":{"origin":3032,"position":2},"title":"Canne de marche simple noir","author":"Cyril Hug","date":"8 ao\u00fbt 2022","format":false,"excerpt":"Canne de marche simple main gauche ou droite R\u00e9glage en hauteur de 73,5 \u00e0 96,5 cm Poids supportable 100 kg Couleur noir POIGNEE NOIR","rel":"","context":"Article similaire","block_context":{"text":"Article similaire","link":""},"img":{"alt_text":"","src":"https:\/\/i0.wp.com\/domitec.ch\/wp-content\/uploads\/2022\/08\/Canne-simple-1.png?fit=657%2C643&ssl=1&resize=350%2C200","width":350,"height":200,"srcset":"https:\/\/i0.wp.com\/domitec.ch\/wp-content\/uploads\/2022\/08\/Canne-simple-1.png?fit=657%2C643&ssl=1&resize=350%2C200 1x, https:\/\/i0.wp.com\/domitec.ch\/wp-content\/uploads\/2022\/08\/Canne-simple-1.png?fit=657%2C643&ssl=1&resize=525%2C300 1.5x"},"classes":[]},{"id":3076,"url":"https:\/\/domitec.ch\/?product=cannes-anglaises-poignees-ergonomiques","url_meta":{"origin":3032,"position":3},"title":"Canne anglaise poign\u00e9e ergonomique","author":"Cyril Hug","date":"10 ao\u00fbt 2022","format":false,"excerpt":"Canne anglaise classique avec poign\u00e9e ergonomique Hauteur r\u00e9glable 76 \u00e0 96 cm Poids max 130 kg Poids 1 b\u00e9quille 1200 g Couleur \u00e0 choix Prix et vente par paire","rel":"","context":"Article similaire","block_context":{"text":"Article similaire","link":""},"img":{"alt_text":"","src":"https:\/\/i0.wp.com\/domitec.ch\/wp-content\/uploads\/2022\/08\/canneergo1.jpg?fit=400%2C360&ssl=1&resize=350%2C200","width":350,"height":200},"classes":[]},{"id":3085,"url":"https:\/\/domitec.ch\/?product=cannes-anglaises-poignees-simple","url_meta":{"origin":3032,"position":4},"title":"Canne anglaise poign\u00e9e simple","author":"Cyril Hug","date":"10 ao\u00fbt 2022","format":false,"excerpt":"Canne anglaise classique avec poign\u00e9e simple Hauteur r\u00e9glable 76 \u00e0 96 cm Poids max 140 kg Poids 1 b\u00e9quille 1200 g Autre couleur sur demande Prix vente par paire","rel":"","context":"Article similaire","block_context":{"text":"Article similaire","link":""},"img":{"alt_text":"","src":"https:\/\/i0.wp.com\/domitec.ch\/wp-content\/uploads\/2022\/08\/Canne-noir-dur.jpg?fit=365%2C374&ssl=1&resize=350%2C200","width":350,"height":200},"classes":[]},{"id":8103,"url":"https:\/\/domitec.ch\/?product=canne-anglaise-poignee-ergonomique","url_meta":{"origin":3032,"position":5},"title":"Canne anglaise poign\u00e9e ergonomique","author":"Cyril Hug","date":"16 juin 2023","format":false,"excerpt":"Canne anglaise classique avec poign\u00e9e ergonomique Hauteur r\u00e9glable 76 \u00e0 96 cm Poids max 130 kg Poids 1 b\u00e9quille 1200 g Couleur \u00e0 choix Prix par paire","rel":"","context":"Article similaire","block_context":{"text":"Article similaire","link":""},"img":{"alt_text":"","src":"https:\/\/i0.wp.com\/domitec.ch\/wp-content\/uploads\/2023\/06\/Canne-noir.jpg?fit=402%2C370&ssl=1&resize=350%2C200","width":350,"height":200},"classes":[]}],"_links":{"self":[{"href":"https:\/\/domitec.ch\/index.php?rest_route=\/wp\/v2\/product\/3032","targetHints":{"allow":["GET"]}}],"collection":[{"href":"https:\/\/domitec.ch\/index.php?rest_route=\/wp\/v2\/product"}],"about":[{"href":"https:\/\/domitec.ch\/index.php?rest_route=\/wp\/v2\/types\/product"}],"wp:featuredmedia":[{"embeddable":true,"href":"https:\/\/domitec.ch\/index.php?rest_route=\/wp\/v2\/media\/3122"}],"wp:attachment":[{"href":"https:\/\/domitec.ch\/index.php?rest_route=%2Fwp%2Fv2%2Fmedia&parent=3032"}],"wp:term":[{"taxonomy":"product_brand","embeddable":true,"href":"https:\/\/domitec.ch\/index.php?rest_route=%2Fwp%2Fv2%2Fproduct_brand&post=3032"},{"taxonomy":"product_cat","embeddable":true,"href":"https:\/\/domitec.ch\/index.php?rest_route=%2Fwp%2Fv2%2Fproduct_cat&post=3032"},{"taxonomy":"product_tag","embeddable":true,"href":"https:\/\/domitec.ch\/index.php?rest_route=%2Fwp%2Fv2%2Fproduct_tag&post=3032"}],"curies":[{"name":"wp","href":"https:\/\/api.w.org\/{rel}","templated":true}]}}