{"id":3003,"date":"2022-08-08T14:46:05","date_gmt":"2022-08-08T12:46:05","guid":{"rendered":"https:\/\/domitec.ch\/?post_type=product&#038;p=3003"},"modified":"2025-05-27T10:55:29","modified_gmt":"2025-05-27T08:55:29","slug":"canne-de-marche-simple","status":"publish","type":"product","link":"https:\/\/domitec.ch\/?product=canne-de-marche-simple","title":{"rendered":"Canne de marche simple noir"},"content":{"rendered":"<p>Canne de marche simple main gauche ou droite<br \/>\nR\u00e9glage en hauteur de 73,5 \u00e0 96,5 cm<br \/>\nPoids supportable 100 kg<br \/>\nCouleur noir<br \/>\nPOIGNEE NOIR<\/p>\n","protected":false},"excerpt":{"rendered":"<p>Canne de marche simple main gauche ou droite R\u00e9glage en hauteur de 73,5 \u00e0 96,5 cm Poids supportable 100 kg&hellip;<\/p>\n","protected":false},"featured_media":10886,"template":"","meta":{"_crdt_document":"","advanced_seo_description":"","jetpack_seo_html_title":"","jetpack_seo_noindex":false,"jetpack_publicize_message":"","jetpack_publicize_feature_enabled":true,"jetpack_social_post_already_shared":true,"jetpack_social_options":{"image_generator_settings":{"template":"highway","default_image_id":0,"font":"","enabled":false},"version":2}},"product_brand":[],"product_cat":[6434],"product_tag":[],"class_list":{"0":"post-3003","1":"product","2":"type-product","3":"status-publish","4":"has-post-thumbnail","6":"product_cat-ah-cannes-de-marche","7":"product_shipping_class-poste-normal","9":"first","10":"instock","11":"taxable","12":"shipping-taxable","13":"purchasable","14":"product-type-simple"},"jetpack_publicize_connections":[],"jetpack_likes_enabled":false,"jetpack_sharing_enabled":false,"jetpack-related-posts":[{"id":2946,"url":"https:\/\/domitec.ch\/?product=gomme-canne-de-marche","url_meta":{"origin":3003,"position":0},"title":"Gomme canne de marche","author":"Cyril Hug","date":"8 ao\u00fbt 2022","format":false,"excerpt":"Gomme\u00a0 pour canne de marche Couleur noir Caoutchouc naturel Poids gr NC","rel":"","context":"Article similaire","block_context":{"text":"Article similaire","link":""},"img":{"alt_text":"","src":"https:\/\/i0.wp.com\/domitec.ch\/wp-content\/uploads\/2022\/08\/Gomme-canne.jpg?fit=316%2C328&ssl=1&resize=350%2C200","width":350,"height":200},"classes":[]},{"id":3063,"url":"https:\/\/domitec.ch\/?product=canne-de-marche-telescopique","url_meta":{"origin":3003,"position":1},"title":"Canne de marche t\u00e9lescopique","author":"Cyril Hug","date":"10 ao\u00fbt 2022","format":false,"excerpt":"Canne de marche simple t\u00e9lescopique Hauteur r\u00e9glable 85-95 cm Poids canne 360 g Poids max utilisateur 100 kg Longueur pli\u00e9e: environ 30 cm (4 parties)","rel":"","context":"Article similaire","block_context":{"text":"Article similaire","link":""},"img":{"alt_text":"","src":"https:\/\/i0.wp.com\/domitec.ch\/wp-content\/uploads\/2022\/08\/canne-telesc.jpg?fit=280%2C328&ssl=1&resize=350%2C200","width":350,"height":200},"classes":[]},{"id":3071,"url":"https:\/\/domitec.ch\/?product=canne-de-marche-en-carbone","url_meta":{"origin":3003,"position":2},"title":"Canne de marche en carbone","author":"Cyril Hug","date":"10 ao\u00fbt 2022","format":false,"excerpt":"Canne de marche carbone avec poign\u00e9e simple Hauteur r\u00e9glable 68,5 \u2013 94 cm Poids max 120 kg Poids 280 g Diam\u00e8tre tube 19 mm","rel":"","context":"Article similaire","block_context":{"text":"Article similaire","link":""},"img":{"alt_text":"","src":"https:\/\/i0.wp.com\/domitec.ch\/wp-content\/uploads\/2022\/08\/canne-carbone.jpg?fit=387%2C371&ssl=1&resize=350%2C200","width":350,"height":200},"classes":[]},{"id":10877,"url":"https:\/\/domitec.ch\/?product=canne-blanche","url_meta":{"origin":3003,"position":3},"title":"Canne blanche","author":"Cyril Hug","date":"3 juillet 2024","format":false,"excerpt":"Canne blanche de marche Pour main gauche ou droite","rel":"","context":"Article similaire","block_context":{"text":"Article similaire","link":""},"img":{"alt_text":"","src":"","width":0,"height":0},"classes":[]},{"id":3032,"url":"https:\/\/domitec.ch\/?product=canne-de-marche-poignee-derby","url_meta":{"origin":3003,"position":4},"title":"Canne de marche poign\u00e9e \u00ab\u00a0Derby\u00a0\u00bb","author":"Cyril Hug","date":"10 ao\u00fbt 2022","format":false,"excerpt":"Canne de marche avec poign\u00e9e SOFTTOUCH Hauteur r\u00e9glable 75-96 cm Poids max utilisateur 100 kg Poids canne 440 gr Couleur \u00e0 choix","rel":"","context":"Article similaire","block_context":{"text":"Article similaire","link":""},"img":{"alt_text":"","src":"https:\/\/i0.wp.com\/domitec.ch\/wp-content\/uploads\/2022\/08\/cannem-701064887-e1680077409661.jpg?fit=351%2C307&ssl=1&resize=350%2C200","width":350,"height":200},"classes":[]},{"id":10385,"url":"https:\/\/domitec.ch\/?product=dragonne-pour-canne","url_meta":{"origin":3003,"position":5},"title":"Dragonne pour canne","author":"Cyril Hug","date":"13 f\u00e9vrier 2024","format":false,"excerpt":"Dragonne pour canne Couleur: noir, brun","rel":"","context":"Article similaire","block_context":{"text":"Article similaire","link":""},"img":{"alt_text":"","src":"https:\/\/i0.wp.com\/domitec.ch\/wp-content\/uploads\/2024\/02\/Dragonne-pour-canne-1.jpg?fit=530%2C572&ssl=1&resize=350%2C200","width":350,"height":200,"srcset":"https:\/\/i0.wp.com\/domitec.ch\/wp-content\/uploads\/2024\/02\/Dragonne-pour-canne-1.jpg?fit=530%2C572&ssl=1&resize=350%2C200 1x, https:\/\/i0.wp.com\/domitec.ch\/wp-content\/uploads\/2024\/02\/Dragonne-pour-canne-1.jpg?fit=530%2C572&ssl=1&resize=525%2C300 1.5x"},"classes":[]}],"_links":{"self":[{"href":"https:\/\/domitec.ch\/index.php?rest_route=\/wp\/v2\/product\/3003","targetHints":{"allow":["GET"]}}],"collection":[{"href":"https:\/\/domitec.ch\/index.php?rest_route=\/wp\/v2\/product"}],"about":[{"href":"https:\/\/domitec.ch\/index.php?rest_route=\/wp\/v2\/types\/product"}],"wp:featuredmedia":[{"embeddable":true,"href":"https:\/\/domitec.ch\/index.php?rest_route=\/wp\/v2\/media\/10886"}],"wp:attachment":[{"href":"https:\/\/domitec.ch\/index.php?rest_route=%2Fwp%2Fv2%2Fmedia&parent=3003"}],"wp:term":[{"taxonomy":"product_brand","embeddable":true,"href":"https:\/\/domitec.ch\/index.php?rest_route=%2Fwp%2Fv2%2Fproduct_brand&post=3003"},{"taxonomy":"product_cat","embeddable":true,"href":"https:\/\/domitec.ch\/index.php?rest_route=%2Fwp%2Fv2%2Fproduct_cat&post=3003"},{"taxonomy":"product_tag","embeddable":true,"href":"https:\/\/domitec.ch\/index.php?rest_route=%2Fwp%2Fv2%2Fproduct_tag&post=3003"}],"curies":[{"name":"wp","href":"https:\/\/api.w.org\/{rel}","templated":true}]}}