{"id":2987,"date":"2022-08-08T14:13:36","date_gmt":"2022-08-08T12:13:36","guid":{"rendered":"https:\/\/domitec.ch\/?post_type=product&#038;p=2987"},"modified":"2025-05-27T11:03:29","modified_gmt":"2025-05-27T09:03:29","slug":"griffe-pic-a-neige","status":"publish","type":"product","link":"https:\/\/domitec.ch\/?product=griffe-pic-a-neige","title":{"rendered":"Griffe (pic) \u00e0 neige"},"content":{"rendered":"<p>Griffe (pic) \u00e0 neige pour b\u00e9quilles ou cannes<\/p>\n","protected":false},"excerpt":{"rendered":"<p>Griffe (pic) \u00e0 neige pour b\u00e9quilles ou cannes<\/p>\n","protected":false},"featured_media":2990,"template":"","meta":{"_crdt_document":"","advanced_seo_description":"","jetpack_seo_html_title":"","jetpack_seo_noindex":false,"jetpack_publicize_message":"","jetpack_publicize_feature_enabled":true,"jetpack_social_post_already_shared":true,"jetpack_social_options":{"image_generator_settings":{"template":"highway","default_image_id":0,"font":"","enabled":false},"version":2}},"product_brand":[],"product_cat":[6433],"product_tag":[],"class_list":{"0":"post-2987","1":"product","2":"type-product","3":"status-publish","4":"has-post-thumbnail","6":"product_cat-ah-accessoires-et-rechange","7":"product_shipping_class-poste-normal","9":"first","10":"instock","11":"taxable","12":"shipping-taxable","13":"purchasable","14":"product-type-simple"},"jetpack_publicize_connections":[],"jetpack_likes_enabled":false,"jetpack_sharing_enabled":false,"jetpack-related-posts":[{"id":2983,"url":"https:\/\/domitec.ch\/?product=griffe-a-neige","url_meta":{"origin":2987,"position":0},"title":"Griffe \u00e0 neige","author":"Cyril Hug","date":"8 ao\u00fbt 2022","format":false,"excerpt":"Griffe \u00e0 neige pour b\u00e9quilles ou cannes","rel":"","context":"Article similaire","block_context":{"text":"Article similaire","link":""},"img":{"alt_text":"","src":"https:\/\/i0.wp.com\/domitec.ch\/wp-content\/uploads\/2022\/08\/Griffe-a-neige.jpg?fit=413%2C357&ssl=1&resize=350%2C200","width":350,"height":200},"classes":[]},{"id":2972,"url":"https:\/\/domitec.ch\/?product=gomme-bequille-avec-clous","url_meta":{"origin":2987,"position":1},"title":"Gomme avec clous","author":"Cyril Hug","date":"8 ao\u00fbt 2022","format":false,"excerpt":"Gomme avec clous incorpor\u00e9s pour la neige et la glace Diam\u00e8tre de canne de 15 \u00e0 23 mm","rel":"","context":"Article similaire","block_context":{"text":"Article similaire","link":""},"img":{"alt_text":"","src":"https:\/\/i0.wp.com\/domitec.ch\/wp-content\/uploads\/2022\/08\/gommes-avec-clous.jpg?fit=471%2C457&ssl=1&resize=350%2C200","width":350,"height":200},"classes":[]},{"id":3076,"url":"https:\/\/domitec.ch\/?product=cannes-anglaises-poignees-ergonomiques","url_meta":{"origin":2987,"position":2},"title":"Canne anglaise poign\u00e9e ergonomique","author":"Cyril Hug","date":"10 ao\u00fbt 2022","format":false,"excerpt":"Canne anglaise classique avec poign\u00e9e ergonomique Hauteur r\u00e9glable 76 \u00e0 96 cm Poids max 130 kg Poids 1 b\u00e9quille 1200 g Couleur \u00e0 choix Prix et vente par paire","rel":"","context":"Article similaire","block_context":{"text":"Article similaire","link":""},"img":{"alt_text":"","src":"https:\/\/i0.wp.com\/domitec.ch\/wp-content\/uploads\/2022\/08\/canneergo1.jpg?fit=400%2C360&ssl=1&resize=350%2C200","width":350,"height":200},"classes":[]},{"id":8103,"url":"https:\/\/domitec.ch\/?product=canne-anglaise-poignee-ergonomique","url_meta":{"origin":2987,"position":3},"title":"Canne anglaise poign\u00e9e ergonomique","author":"Cyril Hug","date":"16 juin 2023","format":false,"excerpt":"Canne anglaise classique avec poign\u00e9e ergonomique Hauteur r\u00e9glable 76 \u00e0 96 cm Poids max 130 kg Poids 1 b\u00e9quille 1200 g Couleur \u00e0 choix Prix par paire","rel":"","context":"Article similaire","block_context":{"text":"Article similaire","link":""},"img":{"alt_text":"","src":"https:\/\/i0.wp.com\/domitec.ch\/wp-content\/uploads\/2023\/06\/Canne-noir.jpg?fit=402%2C370&ssl=1&resize=350%2C200","width":350,"height":200},"classes":[]},{"id":3085,"url":"https:\/\/domitec.ch\/?product=cannes-anglaises-poignees-simple","url_meta":{"origin":2987,"position":4},"title":"Canne anglaise poign\u00e9e simple","author":"Cyril Hug","date":"10 ao\u00fbt 2022","format":false,"excerpt":"Canne anglaise classique avec poign\u00e9e simple Hauteur r\u00e9glable 76 \u00e0 96 cm Poids max 140 kg Poids 1 b\u00e9quille 1200 g Autre couleur sur demande Prix vente par paire","rel":"","context":"Article similaire","block_context":{"text":"Article similaire","link":""},"img":{"alt_text":"","src":"https:\/\/i0.wp.com\/domitec.ch\/wp-content\/uploads\/2022\/08\/Canne-noir-dur.jpg?fit=365%2C374&ssl=1&resize=350%2C200","width":350,"height":200},"classes":[]},{"id":2958,"url":"https:\/\/domitec.ch\/?product=gomme-bequille","url_meta":{"origin":2987,"position":5},"title":"Gomme b\u00e9quille","author":"Cyril Hug","date":"8 ao\u00fbt 2022","format":false,"excerpt":"Gomme\u00a0 pour b\u00e9quille ou canne de marche Diam\u00e8tre: 16, 19, 22, 25 mm Poids gr NC","rel":"","context":"Article similaire","block_context":{"text":"Article similaire","link":""},"img":{"alt_text":"","src":"https:\/\/i0.wp.com\/domitec.ch\/wp-content\/uploads\/2022\/08\/Gomme-bequille.jpg?fit=480%2C390&ssl=1&resize=350%2C200","width":350,"height":200},"classes":[]}],"_links":{"self":[{"href":"https:\/\/domitec.ch\/index.php?rest_route=\/wp\/v2\/product\/2987","targetHints":{"allow":["GET"]}}],"collection":[{"href":"https:\/\/domitec.ch\/index.php?rest_route=\/wp\/v2\/product"}],"about":[{"href":"https:\/\/domitec.ch\/index.php?rest_route=\/wp\/v2\/types\/product"}],"wp:featuredmedia":[{"embeddable":true,"href":"https:\/\/domitec.ch\/index.php?rest_route=\/wp\/v2\/media\/2990"}],"wp:attachment":[{"href":"https:\/\/domitec.ch\/index.php?rest_route=%2Fwp%2Fv2%2Fmedia&parent=2987"}],"wp:term":[{"taxonomy":"product_brand","embeddable":true,"href":"https:\/\/domitec.ch\/index.php?rest_route=%2Fwp%2Fv2%2Fproduct_brand&post=2987"},{"taxonomy":"product_cat","embeddable":true,"href":"https:\/\/domitec.ch\/index.php?rest_route=%2Fwp%2Fv2%2Fproduct_cat&post=2987"},{"taxonomy":"product_tag","embeddable":true,"href":"https:\/\/domitec.ch\/index.php?rest_route=%2Fwp%2Fv2%2Fproduct_tag&post=2987"}],"curies":[{"name":"wp","href":"https:\/\/api.w.org\/{rel}","templated":true}]}}