{"id":2752,"date":"2022-08-01T17:04:51","date_gmt":"2022-08-01T15:04:51","guid":{"rendered":"https:\/\/domitec.ch\/?post_type=product&#038;p=2752"},"modified":"2025-05-27T11:11:54","modified_gmt":"2025-05-27T09:11:54","slug":"coussin-sit-sissel-special-2-en-1","status":"publish","type":"product","link":"https:\/\/domitec.ch\/?product=coussin-sit-sissel-special-2-en-1","title":{"rendered":"Coussin sp\u00e9cial 2 en 1"},"content":{"rendered":"<p>SISSEL\u00ae Sit Special 2 en 1<br \/>\nBien assis \u2013 aussi avec des probl\u00e8mes de coccyx et sacrum !<br \/>\nSoulagement de la colonne vert\u00e9brale<br \/>\nId\u00e9al apr\u00e8s des blessures ou des op\u00e9rations<br \/>\nEmp\u00eache le bassin de glisser<br \/>\nD\u00e9coupe anatomique am\u00e9liore le confort d&rsquo;assise<br \/>\nLa fente ainsi que la mousse visco\u00e9lastique du coussin permettent d\u2019\u00e9viter les fortes pressions sur la zone fessier<br \/>\nMat\u00e9riel: la mousse Polyur\u00e9thane de haute qualit\u00e9, combin\u00e9e avec une mousse sp\u00e9ciale visco\u00e9lastique, contribue \u00e0 une r\u00e9partition optimale de la pression<br \/>\nHousse velours, lavable, en gris, en beige ou en bleu<br \/>\nRev\u00eatement sp\u00e9cial anti-d\u00e9rapant de la surface inf\u00e9rieure<br \/>\nDimensions: 43 x 40 x 9 cm<\/p>\n","protected":false},"excerpt":{"rendered":"<p>SISSEL\u00ae Sit Special 2 en 1 Bien assis \u2013 aussi avec des probl\u00e8mes de coccyx et sacrum ! Soulagement de&hellip;<\/p>\n","protected":false},"featured_media":2753,"template":"","meta":{"_crdt_document":"","advanced_seo_description":"","jetpack_seo_html_title":"","jetpack_seo_noindex":false,"jetpack_publicize_message":"","jetpack_publicize_feature_enabled":true,"jetpack_social_post_already_shared":true,"jetpack_social_options":{"image_generator_settings":{"template":"highway","default_image_id":0,"font":"","enabled":false},"version":2}},"product_brand":[],"product_cat":[6401],"product_tag":[],"class_list":{"0":"post-2752","1":"product","2":"type-product","3":"status-publish","4":"has-post-thumbnail","6":"product_cat-pb-coussins-pour-chaises","7":"product_shipping_class-poste-normal","9":"first","10":"instock","11":"taxable","12":"shipping-taxable","13":"purchasable","14":"product-type-simple"},"jetpack_publicize_connections":[],"jetpack_likes_enabled":false,"jetpack_sharing_enabled":false,"jetpack-related-posts":[{"id":10502,"url":"https:\/\/domitec.ch\/?product=coussin-matrx-flo-tech-contour-loback","url_meta":{"origin":2752,"position":0},"title":"Coussin Matrx Flo-tech Contour LoBack","author":"Cyril Hug","date":"17 f\u00e9vrier 2024","format":false,"excerpt":"Coussin Matrx Flo-tech Contour LoBack Mousse visco\u00e9lastique \u00e0 m\u00e9moire de forme. Pr\u00e9vention des escarres jusqu\u2018\u00e0 classe II-III Coussin\u00a0 avec un angle d\u2019assise assure une meilleure r\u00e9partition de la pression, une position stable du bassin et une assise active En abaissant le coussin \u00e0 l\u2019arri\u00e8re, l\u2019utilisateur peut \u00e9galement \u00eatre positionn\u00e9 plus\u2026","rel":"","context":"Article similaire","block_context":{"text":"Article similaire","link":""},"img":{"alt_text":"","src":"https:\/\/i0.wp.com\/domitec.ch\/wp-content\/uploads\/2024\/02\/Coussin-Flotech-contour-LoBack1-e1708181491753.jpg?fit=699%2C538&ssl=1&resize=350%2C200","width":350,"height":200,"srcset":"https:\/\/i0.wp.com\/domitec.ch\/wp-content\/uploads\/2024\/02\/Coussin-Flotech-contour-LoBack1-e1708181491753.jpg?fit=699%2C538&ssl=1&resize=350%2C200 1x, https:\/\/i0.wp.com\/domitec.ch\/wp-content\/uploads\/2024\/02\/Coussin-Flotech-contour-LoBack1-e1708181491753.jpg?fit=699%2C538&ssl=1&resize=525%2C300 1.5x"},"classes":[]},{"id":2749,"url":"https:\/\/domitec.ch\/?product=coussin-sit-sissel-standard","url_meta":{"origin":2752,"position":1},"title":"Coussin Sit Sissel Standard","author":"Cyril Hug","date":"1 ao\u00fbt 2022","format":false,"excerpt":"Coussin triangulaire SISSEL\u00ae Sit Standard Pour une meilleure position assise! Apporte un soulagement ind\u00e9niable de la colonne vert\u00e9brale ainsi qu\u2019une assise ergonomique parfaite Grande stabilit\u00e9 du coussin, coup\u00e9 d\u2019une seule pi\u00e8ce, compos\u00e9 \u00e0 100 % de mousse recycl\u00e9e Dimensions: 35 x 35 x 6,5 cm L'assise sans rev\u00eatement Rev\u00eatement suppl\u00e9mentaire\u2026","rel":"","context":"Article similaire","block_context":{"text":"Article similaire","link":""},"img":{"alt_text":"","src":"https:\/\/i0.wp.com\/domitec.ch\/wp-content\/uploads\/2022\/08\/Coussi-sissel_sit_standard.jpg?fit=720%2C314&ssl=1&resize=350%2C200","width":350,"height":200,"srcset":"https:\/\/i0.wp.com\/domitec.ch\/wp-content\/uploads\/2022\/08\/Coussi-sissel_sit_standard.jpg?fit=720%2C314&ssl=1&resize=350%2C200 1x, https:\/\/i0.wp.com\/domitec.ch\/wp-content\/uploads\/2022\/08\/Coussi-sissel_sit_standard.jpg?fit=720%2C314&ssl=1&resize=525%2C300 1.5x, https:\/\/i0.wp.com\/domitec.ch\/wp-content\/uploads\/2022\/08\/Coussi-sissel_sit_standard.jpg?fit=720%2C314&ssl=1&resize=700%2C400 2x"},"classes":[]},{"id":4861,"url":"https:\/\/domitec.ch\/?product=matelas-alova","url_meta":{"origin":2752,"position":2},"title":"Matelas Alova","author":"Cyril Hug","date":"29 septembre 2022","format":false,"excerpt":"Aide \u00e0 la pr\u00e9vention d'escarre(s) pour patient \u00e0 risque\u00a0moyen \u00e0 \u00e9lev\u00e9, alit\u00e9 plus de 15 heures par jour.","rel":"","context":"Article similaire","block_context":{"text":"Article similaire","link":""},"img":{"alt_text":"","src":"https:\/\/i0.wp.com\/domitec.ch\/wp-content\/uploads\/2022\/09\/Matelas-Alova-3951775071-e1673343344907.jpg?fit=439%2C326&ssl=1&resize=350%2C200","width":350,"height":200},"classes":[]},{"id":10403,"url":"https:\/\/domitec.ch\/?product=coussin-matrx-flo-tech-contour","url_meta":{"origin":2752,"position":3},"title":"Coussin Matrx Flo-tech Contour","author":"Cyril Hug","date":"17 f\u00e9vrier 2024","format":false,"excerpt":"Coussin Matrx Flo-tech Contour Mousse visco\u00e9lastique \u00e0 m\u00e9moire de forme. Pr\u00e9vention des escarres jusqu\u2018\u00e0 classe II-III Poids max patient 190 kg Dimensions : Largueur\/profondeur:\u00a0 36\/36cm, 36\/41cm, 38\/41cm, 38\/43cm, 41\/41cm, 41\/43cm, 41\/46cm, 43\/41cm, 43\/43cm, 43\/46cm, 46\/41cm, 46\/43cm, 46\/46cm,\u00a0 48\/43cm, 48\/46cm, 48\/48cm, 51\/41cm, 51\/43cm, 51\/46cm Hauteur: 10.3 cm Autres dimensions sur demande\u2026","rel":"","context":"Article similaire","block_context":{"text":"Article similaire","link":""},"img":{"alt_text":"","src":"https:\/\/i0.wp.com\/domitec.ch\/wp-content\/uploads\/2024\/02\/Coussin-Flotech-contour.jpg?fit=540%2C466&ssl=1&resize=350%2C200","width":350,"height":200,"srcset":"https:\/\/i0.wp.com\/domitec.ch\/wp-content\/uploads\/2024\/02\/Coussin-Flotech-contour.jpg?fit=540%2C466&ssl=1&resize=350%2C200 1x, https:\/\/i0.wp.com\/domitec.ch\/wp-content\/uploads\/2024\/02\/Coussin-Flotech-contour.jpg?fit=540%2C466&ssl=1&resize=525%2C300 1.5x"},"classes":[]},{"id":4869,"url":"https:\/\/domitec.ch\/?product=matelas-alova-xl","url_meta":{"origin":2752,"position":4},"title":"Matelas Alova XL","author":"Cyril Hug","date":"29 septembre 2022","format":false,"excerpt":"Aide \u00e0 la pr\u00e9vention d'escarre(s) pour patient \u00e0 risque\u00a0moyen \u00e0 \u00e9lev\u00e9, alit\u00e9 plus de 15 heures par jour. Aide au traitement d'escarre(s) de\u00a0stade 1 \u00e0 2\u00a0associ\u00e9 \u00e0 un syst\u00e8me de d\u00e9charge localis\u00e9e ou de positionnement. Poids patient:\u00a030 \u00e0 150 kg Dimension : 120 ou 140 x 200 cm Caract\u00e9ristiques: Matelas\u2026","rel":"","context":"Article similaire","block_context":{"text":"Article similaire","link":""},"img":{"alt_text":"","src":"https:\/\/i0.wp.com\/domitec.ch\/wp-content\/uploads\/2022\/09\/Matelas-XL-2905676883-e1680080769174.jpg?fit=773%2C566&ssl=1&resize=350%2C200","width":350,"height":200,"srcset":"https:\/\/i0.wp.com\/domitec.ch\/wp-content\/uploads\/2022\/09\/Matelas-XL-2905676883-e1680080769174.jpg?fit=773%2C566&ssl=1&resize=350%2C200 1x, https:\/\/i0.wp.com\/domitec.ch\/wp-content\/uploads\/2022\/09\/Matelas-XL-2905676883-e1680080769174.jpg?fit=773%2C566&ssl=1&resize=525%2C300 1.5x, https:\/\/i0.wp.com\/domitec.ch\/wp-content\/uploads\/2022\/09\/Matelas-XL-2905676883-e1680080769174.jpg?fit=773%2C566&ssl=1&resize=700%2C400 2x"},"classes":[]},{"id":5438,"url":"https:\/\/domitec.ch\/?product=coussin-alova-galbe","url_meta":{"origin":2752,"position":5},"title":"Coussin Alova Galb\u00e9","author":"Cyril Hug","date":"23 novembre 2022","format":false,"excerpt":"Coussin Alova Galb\u00e9, moul\u00e9 en mati\u00e8re visco\u00e9lastique Con\u00e7u pour la pr\u00e9vention des escarres ischiatiques et sacro-coccygienne La mati\u00e8re visco\u00e9lastique Alova favorise l\u2019immersion des parties du corps en contact avec le support pour r\u00e9duire les valeurs de pression maximales Poids max\u00a0 patient: 38\/41,40\/41,40\/43,43\/40cm: 90kg 43\/43cm: 100kg 43\/47,45\/40,45\/44cm : 120kg 50\/44cm: 135kg\u2026","rel":"","context":"Article similaire","block_context":{"text":"Article similaire","link":""},"img":{"alt_text":"","src":"https:\/\/i0.wp.com\/domitec.ch\/wp-content\/uploads\/2022\/11\/Coussinwin-2701903845-e1680075735398.jpg?fit=673%2C530&ssl=1&resize=350%2C200","width":350,"height":200,"srcset":"https:\/\/i0.wp.com\/domitec.ch\/wp-content\/uploads\/2022\/11\/Coussinwin-2701903845-e1680075735398.jpg?fit=673%2C530&ssl=1&resize=350%2C200 1x, https:\/\/i0.wp.com\/domitec.ch\/wp-content\/uploads\/2022\/11\/Coussinwin-2701903845-e1680075735398.jpg?fit=673%2C530&ssl=1&resize=525%2C300 1.5x"},"classes":[]}],"_links":{"self":[{"href":"https:\/\/domitec.ch\/index.php?rest_route=\/wp\/v2\/product\/2752","targetHints":{"allow":["GET"]}}],"collection":[{"href":"https:\/\/domitec.ch\/index.php?rest_route=\/wp\/v2\/product"}],"about":[{"href":"https:\/\/domitec.ch\/index.php?rest_route=\/wp\/v2\/types\/product"}],"wp:featuredmedia":[{"embeddable":true,"href":"https:\/\/domitec.ch\/index.php?rest_route=\/wp\/v2\/media\/2753"}],"wp:attachment":[{"href":"https:\/\/domitec.ch\/index.php?rest_route=%2Fwp%2Fv2%2Fmedia&parent=2752"}],"wp:term":[{"taxonomy":"product_brand","embeddable":true,"href":"https:\/\/domitec.ch\/index.php?rest_route=%2Fwp%2Fv2%2Fproduct_brand&post=2752"},{"taxonomy":"product_cat","embeddable":true,"href":"https:\/\/domitec.ch\/index.php?rest_route=%2Fwp%2Fv2%2Fproduct_cat&post=2752"},{"taxonomy":"product_tag","embeddable":true,"href":"https:\/\/domitec.ch\/index.php?rest_route=%2Fwp%2Fv2%2Fproduct_tag&post=2752"}],"curies":[{"name":"wp","href":"https:\/\/api.w.org\/{rel}","templated":true}]}}