{"id":2749,"date":"2022-08-01T17:04:01","date_gmt":"2022-08-01T15:04:01","guid":{"rendered":"https:\/\/domitec.ch\/?post_type=product&#038;p=2749"},"modified":"2025-05-27T11:12:12","modified_gmt":"2025-05-27T09:12:12","slug":"coussin-sit-sissel-standard","status":"publish","type":"product","link":"https:\/\/domitec.ch\/?product=coussin-sit-sissel-standard","title":{"rendered":"Coussin Sit Sissel Standard"},"content":{"rendered":"<p>Coussin triangulaire SISSEL\u00ae Sit Standard<br \/>\nPour une meilleure position assise!<br \/>\nApporte un soulagement ind\u00e9niable de la colonne vert\u00e9brale ainsi qu\u2019une assise ergonomique parfaite<br \/>\nGrande stabilit\u00e9 du coussin, coup\u00e9 d\u2019une seule pi\u00e8ce, compos\u00e9 \u00e0 100 % de mousse recycl\u00e9e<br \/>\nDimensions: 35 x 35 x 6,5 cm<br \/>\nL&rsquo;assise sans rev\u00eatement<br \/>\nRev\u00eatement suppl\u00e9mentaire est disponible en anthracite\/gris ou en bleu<br \/>\nConseil: pr\u00e9vu pour une courte dur\u00e9e d\u2019assise. Pour une dur\u00e9e plus longue, nous vous recommandons le SISSEL\u00ae Sit Special, qui emp\u00eache le bassin de glisser<\/p>\n","protected":false},"excerpt":{"rendered":"<p>Coussin triangulaire SISSEL\u00ae Sit Standard Pour une meilleure position assise! Apporte un soulagement ind\u00e9niable de la colonne vert\u00e9brale ainsi qu\u2019une&hellip;<\/p>\n","protected":false},"featured_media":2751,"template":"","meta":{"_crdt_document":"","advanced_seo_description":"","jetpack_seo_html_title":"","jetpack_seo_noindex":false,"jetpack_publicize_message":"","jetpack_publicize_feature_enabled":true,"jetpack_social_post_already_shared":true,"jetpack_social_options":{"image_generator_settings":{"template":"highway","default_image_id":0,"font":"","enabled":false},"version":2}},"product_brand":[],"product_cat":[6401],"product_tag":[],"class_list":{"0":"post-2749","1":"product","2":"type-product","3":"status-publish","4":"has-post-thumbnail","6":"product_cat-pb-coussins-pour-chaises","7":"product_shipping_class-poste-normal","9":"first","10":"instock","11":"taxable","12":"shipping-taxable","13":"purchasable","14":"product-type-variable"},"jetpack_publicize_connections":[],"jetpack_likes_enabled":false,"jetpack_sharing_enabled":false,"jetpack-related-posts":[{"id":2752,"url":"https:\/\/domitec.ch\/?product=coussin-sit-sissel-special-2-en-1","url_meta":{"origin":2749,"position":0},"title":"Coussin sp\u00e9cial 2 en 1","author":"Cyril Hug","date":"1 ao\u00fbt 2022","format":false,"excerpt":"SISSEL\u00ae Sit Special 2 en 1 Bien assis \u2013 aussi avec des probl\u00e8mes de coccyx et sacrum ! Soulagement de la colonne vert\u00e9brale Id\u00e9al apr\u00e8s des blessures ou des op\u00e9rations Emp\u00eache le bassin de glisser D\u00e9coupe anatomique am\u00e9liore le confort d'assise La fente ainsi que la mousse visco\u00e9lastique du coussin\u2026","rel":"","context":"Article similaire","block_context":{"text":"Article similaire","link":""},"img":{"alt_text":"","src":"https:\/\/i0.wp.com\/domitec.ch\/wp-content\/uploads\/2022\/08\/Coussin-sissel-2en1.jpg?fit=720%2C478&ssl=1&resize=350%2C200","width":350,"height":200,"srcset":"https:\/\/i0.wp.com\/domitec.ch\/wp-content\/uploads\/2022\/08\/Coussin-sissel-2en1.jpg?fit=720%2C478&ssl=1&resize=350%2C200 1x, https:\/\/i0.wp.com\/domitec.ch\/wp-content\/uploads\/2022\/08\/Coussin-sissel-2en1.jpg?fit=720%2C478&ssl=1&resize=525%2C300 1.5x, https:\/\/i0.wp.com\/domitec.ch\/wp-content\/uploads\/2022\/08\/Coussin-sissel-2en1.jpg?fit=720%2C478&ssl=1&resize=700%2C400 2x"},"classes":[]},{"id":2761,"url":"https:\/\/domitec.ch\/?product=sissel-balancefit-pad","url_meta":{"origin":2749,"position":1},"title":"Sissel balancefit pad","author":"Cyril Hug","date":"1 ao\u00fbt 2022","format":false,"excerpt":"Sissel balancefit pad Aussi utilisable comme coussin d'assise Id\u00e9al pour le d\u00e9veloppement du sens de l\u2019\u00e9quilibre Entra\u00eenement de la coordination et des r\u00e9actions Entra\u00eenement \u00e0 la stabilit\u00e9 en \u00e9quilibre Exercices moteurs pour l\u2019entretien du sens de l\u2019\u00e9quilibre Convient pour l\u2019int\u00e9rieur, l\u2019ext\u00e9rieur et en milieu aquatique Avec rev\u00eatement antid\u00e9rapant Mat\u00e9riau: TPE\u2026","rel":"","context":"Article similaire","block_context":{"text":"Article similaire","link":""},"img":{"alt_text":"","src":"https:\/\/i0.wp.com\/domitec.ch\/wp-content\/uploads\/2022\/08\/Balancefitpad.jpg?fit=400%2C400&ssl=1&resize=350%2C200","width":350,"height":200},"classes":[]},{"id":2746,"url":"https:\/\/domitec.ch\/?product=coussin-torche-sit-ring","url_meta":{"origin":2749,"position":2},"title":"Coussin Torche Sit Ring","author":"Cyril Hug","date":"1 ao\u00fbt 2022","format":false,"excerpt":"SISSEL\u00ae Sit Ring rond ou oval Une assise agr\u00e9able sur tous les si\u00e8ges","rel":"","context":"Article similaire","block_context":{"text":"Article similaire","link":""},"img":{"alt_text":"","src":"https:\/\/i0.wp.com\/domitec.ch\/wp-content\/uploads\/2022\/08\/coussin-sissel-1-e1681305883330.jpg?fit=542%2C482&ssl=1&resize=350%2C200","width":350,"height":200,"srcset":"https:\/\/i0.wp.com\/domitec.ch\/wp-content\/uploads\/2022\/08\/coussin-sissel-1-e1681305883330.jpg?fit=542%2C482&ssl=1&resize=350%2C200 1x, https:\/\/i0.wp.com\/domitec.ch\/wp-content\/uploads\/2022\/08\/coussin-sissel-1-e1681305883330.jpg?fit=542%2C482&ssl=1&resize=525%2C300 1.5x"},"classes":[]},{"id":2757,"url":"https:\/\/domitec.ch\/?product=coussin-sissel-balancefit-pad","url_meta":{"origin":2749,"position":3},"title":"Coussin balancefit pad","author":"Cyril Hug","date":"1 ao\u00fbt 2022","format":false,"excerpt":"Coussin sissel balancefit pad Id\u00e9al pour le d\u00e9veloppement du sens de l\u2019\u00e9quilibre ! \u2022entra\u00eenement de la coordination et des r\u00e9actions \u2022entra\u00eenement \u00e0 la stabilit\u00e9 en \u00e9quilibre \u2022exercices moteurs pour l\u2019entretien du sens de l\u2019\u00e9quilibre \u2022convient pour l\u2019int\u00e9rieur, l\u2019ext\u00e9rieur et en milieu aquatique \u2022avec rev\u00eatement antid\u00e9rapant \u2022mat\u00e9riau: TPE (\u00e9lastom\u00e8res thermoplastiques) petit:\u2026","rel":"","context":"Article similaire","block_context":{"text":"Article similaire","link":""},"img":{"alt_text":"","src":"https:\/\/i0.wp.com\/domitec.ch\/wp-content\/uploads\/2022\/08\/Sissel-rouge.jpg?fit=870%2C601&ssl=1&resize=350%2C200","width":350,"height":200,"srcset":"https:\/\/i0.wp.com\/domitec.ch\/wp-content\/uploads\/2022\/08\/Sissel-rouge.jpg?fit=870%2C601&ssl=1&resize=350%2C200 1x, https:\/\/i0.wp.com\/domitec.ch\/wp-content\/uploads\/2022\/08\/Sissel-rouge.jpg?fit=870%2C601&ssl=1&resize=525%2C300 1.5x, https:\/\/i0.wp.com\/domitec.ch\/wp-content\/uploads\/2022\/08\/Sissel-rouge.jpg?fit=870%2C601&ssl=1&resize=700%2C400 2x"},"classes":[]},{"id":2754,"url":"https:\/\/domitec.ch\/?product=sissel-back-change","url_meta":{"origin":2749,"position":4},"title":"Sissel back change","author":"Cyril Hug","date":"1 ao\u00fbt 2022","format":false,"excerpt":"Sissel back change Soutien du dos et assise active Pompe pour r\u00e9gler la pression incluse Mati\u00e8re PVC \/ couverture : 100% polyester \/ mesh Couleur: noir \/ couverture: noir-marron-gris \u00d8 env. 40 cm Charge limite: 100 kg Lavable \u00e0 40 degr\u00e9s","rel":"","context":"Article similaire","block_context":{"text":"Article similaire","link":""},"img":{"alt_text":"","src":"https:\/\/i0.wp.com\/domitec.ch\/wp-content\/uploads\/2022\/08\/Sissel-back-change.jpg?fit=745%2C608&ssl=1&resize=350%2C200","width":350,"height":200,"srcset":"https:\/\/i0.wp.com\/domitec.ch\/wp-content\/uploads\/2022\/08\/Sissel-back-change.jpg?fit=745%2C608&ssl=1&resize=350%2C200 1x, https:\/\/i0.wp.com\/domitec.ch\/wp-content\/uploads\/2022\/08\/Sissel-back-change.jpg?fit=745%2C608&ssl=1&resize=525%2C300 1.5x, https:\/\/i0.wp.com\/domitec.ch\/wp-content\/uploads\/2022\/08\/Sissel-back-change.jpg?fit=745%2C608&ssl=1&resize=700%2C400 2x"},"classes":[]},{"id":7391,"url":"https:\/\/domitec.ch\/?product=coussin-pour-jambes-venosoft","url_meta":{"origin":2749,"position":5},"title":"Coussin pour jambes Venosoft","author":"Cyril Hug","date":"12 avril 2023","format":false,"excerpt":"SISSEL\u00ae Venosoft \"petit\" et \"grand\" Soulagement id\u00e9al pour les veines Dimension \"petit\": 65 x 50 x 22 cm, pour une personne mesurant jusqu\u2018\u00e0 165 cm Dimension \"grand\": 78 x 50 x 22 cm Pour une personne d\u2018au moins 165 cm","rel":"","context":"Article similaire","block_context":{"text":"Article similaire","link":""},"img":{"alt_text":"","src":"https:\/\/i0.wp.com\/domitec.ch\/wp-content\/uploads\/2023\/04\/Coussin-venosoft-grand.jpg?fit=570%2C480&ssl=1&resize=350%2C200","width":350,"height":200,"srcset":"https:\/\/i0.wp.com\/domitec.ch\/wp-content\/uploads\/2023\/04\/Coussin-venosoft-grand.jpg?fit=570%2C480&ssl=1&resize=350%2C200 1x, https:\/\/i0.wp.com\/domitec.ch\/wp-content\/uploads\/2023\/04\/Coussin-venosoft-grand.jpg?fit=570%2C480&ssl=1&resize=525%2C300 1.5x"},"classes":[]}],"_links":{"self":[{"href":"https:\/\/domitec.ch\/index.php?rest_route=\/wp\/v2\/product\/2749","targetHints":{"allow":["GET"]}}],"collection":[{"href":"https:\/\/domitec.ch\/index.php?rest_route=\/wp\/v2\/product"}],"about":[{"href":"https:\/\/domitec.ch\/index.php?rest_route=\/wp\/v2\/types\/product"}],"wp:featuredmedia":[{"embeddable":true,"href":"https:\/\/domitec.ch\/index.php?rest_route=\/wp\/v2\/media\/2751"}],"wp:attachment":[{"href":"https:\/\/domitec.ch\/index.php?rest_route=%2Fwp%2Fv2%2Fmedia&parent=2749"}],"wp:term":[{"taxonomy":"product_brand","embeddable":true,"href":"https:\/\/domitec.ch\/index.php?rest_route=%2Fwp%2Fv2%2Fproduct_brand&post=2749"},{"taxonomy":"product_cat","embeddable":true,"href":"https:\/\/domitec.ch\/index.php?rest_route=%2Fwp%2Fv2%2Fproduct_cat&post=2749"},{"taxonomy":"product_tag","embeddable":true,"href":"https:\/\/domitec.ch\/index.php?rest_route=%2Fwp%2Fv2%2Fproduct_tag&post=2749"}],"curies":[{"name":"wp","href":"https:\/\/api.w.org\/{rel}","templated":true}]}}