{"id":1673,"date":"2022-06-08T15:59:29","date_gmt":"2022-06-08T13:59:29","guid":{"rendered":"https:\/\/domitec.ch\/?post_type=product&#038;p=1673"},"modified":"2025-05-27T18:39:01","modified_gmt":"2025-05-27T16:39:01","slug":"fauteuil-roulant-dossier-inclinable","status":"publish","type":"product","link":"https:\/\/domitec.ch\/?product=fauteuil-roulant-dossier-inclinable","title":{"rendered":"Fauteuil roulant dossier inclinable"},"content":{"rendered":"<p><span class=\"title\">Description du produit<\/span><\/p>\n<p>Fauteuil roulant \u00ab\u00a0Barracuda\u00a0\u00bb<br \/>\nSans freins d&rsquo;accompagnements<br \/>\nDossier inclinable jusqu&rsquo;\u00e0 30 degr\u00e9s<br \/>\nLargeur d&rsquo;assise : 40, 44, 48, 51 cm<br \/>\nHauteur d&rsquo;assise : 45 \u00e0 52.5 cm (livr\u00e9 \u00e0 50 cm)<br \/>\nHauteur poign\u00e9e: 95 \u00e0 105 cm<br \/>\nProfondeur d&rsquo;assise : 42, 44, 46 ou 48 cm (livr\u00e9 \u00e0 42 cm)<br \/>\nPoids max supportable : 120 kg<br \/>\nPoids du fauteuil : 20.2, 20.5, 20.8, 21.35 kg<br \/>\nLargeur total de la chaise sans freins = largueur d&rsquo;assise + 20.3 cm<\/p>\n<p>Accessoires :<br \/>\n-Aide l\u00e8ve roue DOM-5950 : CHF 19.00<br \/>\n-Roulette anti-bascule DOM-5951 : CHF 59.00<br \/>\n-Dossier rembourr\u00e9 DOM-5952 : CHF 89.00<br \/>\n-Dossier r\u00e9glable avec sangle velcro DOM-5953 : CHF 99.00<br \/>\n-rel\u00e8ve-jambe gauche ou droite DOM-5900\/5901 : CHF 240.00<br \/>\n-Maintien t\u00eate DOM-5954: CHF 249.00<\/p>\n","protected":false},"excerpt":{"rendered":"<p>Fauteuil roulant \u00ab\u00a0dolphin\u00a0\u00bb<br \/>\nLargeur total de la chaise: largueur d&rsquo;assise + 20,3 cm<\/p>\n","protected":false},"featured_media":1662,"template":"","meta":{"_crdt_document":"","advanced_seo_description":"","jetpack_seo_html_title":"","jetpack_seo_noindex":false,"jetpack_publicize_message":"","jetpack_publicize_feature_enabled":true,"jetpack_social_post_already_shared":true,"jetpack_social_options":{"image_generator_settings":{"template":"highway","default_image_id":0,"font":"","enabled":false},"version":2}},"product_brand":[],"product_cat":[6376],"product_tag":[],"class_list":{"0":"post-1673","1":"product","2":"type-product","3":"status-publish","4":"has-post-thumbnail","6":"product_cat-ac-fauteuils-roulants-manuels","7":"product_shipping_class-poste-grand-paquet","9":"first","10":"instock","11":"taxable","12":"shipping-taxable","13":"purchasable","14":"product-type-variable"},"jetpack_publicize_connections":[],"jetpack_likes_enabled":false,"jetpack_sharing_enabled":false,"jetpack-related-posts":[{"id":178,"url":"https:\/\/domitec.ch\/?product=fauteuil-roulant-sf","url_meta":{"origin":1673,"position":0},"title":"Fauteuil roulant","author":"Cyril Hug","date":"18 avril 2019","format":false,"excerpt":"Fauteuil roulant \"dolphin\" Largeur total de la chaise: largueur d'assise + 20,3 cm","rel":"","context":"Article similaire","block_context":{"text":"Article similaire","link":""},"img":{"alt_text":"","src":"https:\/\/i0.wp.com\/domitec.ch\/wp-content\/uploads\/2019\/04\/Fauteuil-roulant.jpg?fit=500%2C500&ssl=1&resize=350%2C200","width":350,"height":200},"classes":[]},{"id":5385,"url":"https:\/\/domitec.ch\/?product=fauteuil-roulant-confort-protego","url_meta":{"origin":1673,"position":1},"title":"Fauteuil roulant confort Protego","author":"Cyril Hug","date":"21 novembre 2022","format":false,"excerpt":"Fauteuil roulant \"dolphin\" Largeur total de la chaise: largueur d'assise + 20,3 cm","rel":"","context":"Article similaire","block_context":{"text":"Article similaire","link":""},"img":{"alt_text":"","src":"https:\/\/i0.wp.com\/domitec.ch\/wp-content\/uploads\/2022\/11\/Fauteuil-confort1-2010005760-e1673341295468.jpg?fit=393%2C410&ssl=1&resize=350%2C200","width":350,"height":200},"classes":[]},{"id":5404,"url":"https:\/\/domitec.ch\/?product=fauteuil-roulant-confort-triton","url_meta":{"origin":1673,"position":2},"title":"Fauteuil roulant confort Triton","author":"Cyril Hug","date":"21 novembre 2022","format":false,"excerpt":"Fauteuil roulant \"dolphin\" Largeur total de la chaise: largueur d'assise + 20,3 cm","rel":"","context":"Article similaire","block_context":{"text":"Article similaire","link":""},"img":{"alt_text":"","src":"https:\/\/i0.wp.com\/domitec.ch\/wp-content\/uploads\/2023\/01\/Fauteuil-confort-Try-794162225-e1673341157152.jpg?fit=430%2C425&ssl=1&resize=350%2C200","width":350,"height":200},"classes":[]},{"id":5815,"url":"https:\/\/domitec.ch\/?product=fauteuil-roulant-econ-xxl","url_meta":{"origin":1673,"position":3},"title":"Fauteuil roulant ECON XXL","author":"Cyril Hug","date":"30 d\u00e9cembre 2022","format":false,"excerpt":"Fauteuil roulant ECON XXL Avec une assise g\u00e9n\u00e9reuse pour les personnes fortes ou \u00e0 hanches larges","rel":"","context":"Article similaire","block_context":{"text":"Article similaire","link":""},"img":{"alt_text":"","src":"https:\/\/i0.wp.com\/domitec.ch\/wp-content\/uploads\/2022\/12\/ECON-XXL-1435431065-e1673341545663.jpg?fit=524%2C523&ssl=1&resize=350%2C200","width":350,"height":200},"classes":[]},{"id":8332,"url":"https:\/\/domitec.ch\/?product=fauteuil-roulant-action3ng","url_meta":{"origin":1673,"position":4},"title":"Fauteuil roulant Action\u00ae3NG","author":"Cyril Hug","date":"12 d\u00e9cembre 2023","format":false,"excerpt":"Fauteuil roulant Action\u00ae3NG Le fauteuil roulant en aluminium\u00a0Invacare\u00ae\u00a0Action\u00ae3NG\u00a0est destin\u00e9 \u00e0 un usage quotidien pour des utilisateurs ind\u00e9pendants","rel":"","context":"Article similaire","block_context":{"text":"Article similaire","link":""},"img":{"alt_text":"","src":"https:\/\/i0.wp.com\/domitec.ch\/wp-content\/uploads\/2023\/12\/Fauteuil-NG3.jpg?fit=578%2C547&ssl=1&resize=350%2C200","width":350,"height":200,"srcset":"https:\/\/i0.wp.com\/domitec.ch\/wp-content\/uploads\/2023\/12\/Fauteuil-NG3.jpg?fit=578%2C547&ssl=1&resize=350%2C200 1x, https:\/\/i0.wp.com\/domitec.ch\/wp-content\/uploads\/2023\/12\/Fauteuil-NG3.jpg?fit=578%2C547&ssl=1&resize=525%2C300 1.5x"},"classes":[]},{"id":7005,"url":"https:\/\/domitec.ch\/?product=fauteuil-roulant-confort-rea-clematis","url_meta":{"origin":1673,"position":5},"title":"Fauteuil roulant confort Rea Clematis","author":"Cyril Hug","date":"13 mars 2023","format":false,"excerpt":"Le Rea Clematis Pro combine une position assise confortable avec une bonne stabilit\u00e9 et une s\u00e9curit\u00e9 maximale Le dossier peut \u00eatre inclin\u00e9 vers l'arri\u00e8re jusqu'\u00e0 30\u00b0 et ajust\u00e9 rapidement et facilement aux besoins de l'utilisateur","rel":"","context":"Article similaire","block_context":{"text":"Article similaire","link":""},"img":{"alt_text":"","src":"https:\/\/i0.wp.com\/domitec.ch\/wp-content\/uploads\/2023\/03\/Fauteuil-confort-Rea-Clematite.jpg?fit=566%2C580&ssl=1&resize=350%2C200","width":350,"height":200,"srcset":"https:\/\/i0.wp.com\/domitec.ch\/wp-content\/uploads\/2023\/03\/Fauteuil-confort-Rea-Clematite.jpg?fit=566%2C580&ssl=1&resize=350%2C200 1x, https:\/\/i0.wp.com\/domitec.ch\/wp-content\/uploads\/2023\/03\/Fauteuil-confort-Rea-Clematite.jpg?fit=566%2C580&ssl=1&resize=525%2C300 1.5x"},"classes":[]}],"_links":{"self":[{"href":"https:\/\/domitec.ch\/index.php?rest_route=\/wp\/v2\/product\/1673","targetHints":{"allow":["GET"]}}],"collection":[{"href":"https:\/\/domitec.ch\/index.php?rest_route=\/wp\/v2\/product"}],"about":[{"href":"https:\/\/domitec.ch\/index.php?rest_route=\/wp\/v2\/types\/product"}],"wp:featuredmedia":[{"embeddable":true,"href":"https:\/\/domitec.ch\/index.php?rest_route=\/wp\/v2\/media\/1662"}],"wp:attachment":[{"href":"https:\/\/domitec.ch\/index.php?rest_route=%2Fwp%2Fv2%2Fmedia&parent=1673"}],"wp:term":[{"taxonomy":"product_brand","embeddable":true,"href":"https:\/\/domitec.ch\/index.php?rest_route=%2Fwp%2Fv2%2Fproduct_brand&post=1673"},{"taxonomy":"product_cat","embeddable":true,"href":"https:\/\/domitec.ch\/index.php?rest_route=%2Fwp%2Fv2%2Fproduct_cat&post=1673"},{"taxonomy":"product_tag","embeddable":true,"href":"https:\/\/domitec.ch\/index.php?rest_route=%2Fwp%2Fv2%2Fproduct_tag&post=1673"}],"curies":[{"name":"wp","href":"https:\/\/api.w.org\/{rel}","templated":true}]}}