{"id":11360,"date":"2025-02-14T12:00:21","date_gmt":"2025-02-14T11:00:21","guid":{"rendered":"https:\/\/domitec.ch\/?post_type=product&#038;p=11360"},"modified":"2025-05-27T09:18:43","modified_gmt":"2025-05-27T07:18:43","slug":"fauteuil-roulant-de-transport","status":"publish","type":"product","link":"https:\/\/domitec.ch\/?product=fauteuil-roulant-de-transport","title":{"rendered":"Fauteuil roulant de transport"},"content":{"rendered":"<p>Fauteuil roulant de transport avec roues arri\u00e8res de 14 pouces<br \/>\nCadre pliable en aluminium argent\u00e9<br \/>\nLargeur d&rsquo;assise 45 cm<br \/>\nFreins de stationnement et d&rsquo;assistance<br \/>\nRepose-pieds amovibles<br \/>\nHousse de si\u00e8ge amovible et lavable<br \/>\nRoulette anti bascule<br \/>\nRoues avant diam\u00e8tre 6 pouces<br \/>\nPoids max utilisateur 150 kg<\/p>\n","protected":false},"excerpt":{"rendered":"<p>Fauteuil roulant de transport avec roues arri\u00e8res de 14 pouces<br \/>\nCadre pliable en aluminium argent\u00e9<br \/>\nPoids max utilisateur 150 kg<\/p>\n","protected":false},"featured_media":11366,"template":"","meta":{"_crdt_document":"","advanced_seo_description":"","jetpack_seo_html_title":"","jetpack_seo_noindex":false,"jetpack_post_was_ever_published":false,"jetpack_publicize_message":"","jetpack_publicize_feature_enabled":true,"jetpack_social_post_already_shared":true,"jetpack_social_options":{"image_generator_settings":{"template":"highway","default_image_id":0,"font":"","enabled":false},"version":2}},"product_brand":[],"product_cat":[6376],"product_tag":[],"class_list":{"0":"post-11360","1":"product","2":"type-product","3":"status-publish","4":"has-post-thumbnail","6":"product_cat-ac-fauteuils-roulants-manuels","7":"product_shipping_class-poste-grand-paquet","9":"first","10":"instock","11":"taxable","12":"shipping-taxable","13":"purchasable","14":"product-type-simple"},"jetpack_publicize_connections":[],"jetpack_likes_enabled":false,"jetpack_sharing_enabled":false,"jetpack-related-posts":[{"id":11369,"url":"https:\/\/domitec.ch\/?product=fauteuil-roulant-de-transport-1","url_meta":{"origin":11360,"position":0},"title":"Fauteuil roulant de transport","author":"Cyril Hug","date":"14 f\u00e9vrier 2025","format":false,"excerpt":"Fauteuil roulant de transport avec roues arri\u00e8res de 22 pouces Cadre pliable en aluminium argent\u00e9 Poids max utilisateur 150 kg","rel":"","context":"Article similaire","block_context":{"text":"Article similaire","link":""},"img":{"alt_text":"","src":"https:\/\/i0.wp.com\/domitec.ch\/wp-content\/uploads\/2025\/02\/Fauteuil-de-transfert-grandes-roues.png?fit=863%2C756&ssl=1&resize=350%2C200","width":350,"height":200,"srcset":"https:\/\/i0.wp.com\/domitec.ch\/wp-content\/uploads\/2025\/02\/Fauteuil-de-transfert-grandes-roues.png?fit=863%2C756&ssl=1&resize=350%2C200 1x, https:\/\/i0.wp.com\/domitec.ch\/wp-content\/uploads\/2025\/02\/Fauteuil-de-transfert-grandes-roues.png?fit=863%2C756&ssl=1&resize=525%2C300 1.5x, https:\/\/i0.wp.com\/domitec.ch\/wp-content\/uploads\/2025\/02\/Fauteuil-de-transfert-grandes-roues.png?fit=863%2C756&ssl=1&resize=700%2C400 2x"},"classes":[]},{"id":6312,"url":"https:\/\/domitec.ch\/?product=fauteuil-roulant-ergo-lite-2","url_meta":{"origin":11360,"position":1},"title":"Fauteuil roulant Ultral\u00e9ger","author":"Cyril Hug","date":"17 f\u00e9vrier 2023","format":false,"excerpt":"Ergo Lite 2, le meilleur compagnon de voyage Fauteuil roulant ultral\u00e9ger en aluminium ultral\u00e9ger avec des caract\u00e9ristiques ergonomiques Gr\u00e2ce \u00e0 ses repose-pieds amovibles et pivotants, \u00e0 son dossier rabattable et \u00e0 ses roues arri\u00e8re amovibles (uniquement pour les roues de 20\"), il trouve sa place dans n'importe quel coffre de\u2026","rel":"","context":"Article similaire","block_context":{"text":"Article similaire","link":""},"img":{"alt_text":"","src":"https:\/\/i0.wp.com\/domitec.ch\/wp-content\/uploads\/2023\/02\/Fauteuil-karma-1-2363813133-e1676641956742.jpg?fit=595%2C512&ssl=1&resize=350%2C200","width":350,"height":200,"srcset":"https:\/\/i0.wp.com\/domitec.ch\/wp-content\/uploads\/2023\/02\/Fauteuil-karma-1-2363813133-e1676641956742.jpg?fit=595%2C512&ssl=1&resize=350%2C200 1x, https:\/\/i0.wp.com\/domitec.ch\/wp-content\/uploads\/2023\/02\/Fauteuil-karma-1-2363813133-e1676641956742.jpg?fit=595%2C512&ssl=1&resize=525%2C300 1.5x"},"classes":[]},{"id":2616,"url":"https:\/\/domitec.ch\/?product=rampe-en-aluminium-sf","url_meta":{"origin":11360,"position":2},"title":"Rampe en aluminium SF","author":"Cyril Hug","date":"27 juillet 2022","format":false,"excerpt":"Rampe pliable en aluminium SF- Rampe en aluminium avec une surface antid\u00e9rapante et pliable dans le sens longitudinal","rel":"","context":"Article similaire","block_context":{"text":"Article similaire","link":""},"img":{"alt_text":"","src":"https:\/\/i0.wp.com\/domitec.ch\/wp-content\/uploads\/2022\/07\/Rampe-SF.jpg?fit=480%2C600&ssl=1&resize=350%2C200","width":350,"height":200},"classes":[]},{"id":11132,"url":"https:\/\/domitec.ch\/?product=fauteuil-roulant-electrique-p327-mini","url_meta":{"origin":11360,"position":3},"title":"Fauteuil roulant \u00e9lectrique P327 Mini","author":"Cyril Hug","date":"24 ao\u00fbt 2024","format":false,"excerpt":"Un fauteuil roulant \u00e9lectrique compact avec motorisation centrale Avec ses roues suspendues ce fauteuil confortable passe facilement des petits seuils","rel":"","context":"Article similaire","block_context":{"text":"Article similaire","link":""},"img":{"alt_text":"","src":"https:\/\/i0.wp.com\/domitec.ch\/wp-content\/uploads\/2024\/08\/P327minibl.png?fit=730%2C682&ssl=1&resize=350%2C200","width":350,"height":200,"srcset":"https:\/\/i0.wp.com\/domitec.ch\/wp-content\/uploads\/2024\/08\/P327minibl.png?fit=730%2C682&ssl=1&resize=350%2C200 1x, https:\/\/i0.wp.com\/domitec.ch\/wp-content\/uploads\/2024\/08\/P327minibl.png?fit=730%2C682&ssl=1&resize=525%2C300 1.5x, https:\/\/i0.wp.com\/domitec.ch\/wp-content\/uploads\/2024\/08\/P327minibl.png?fit=730%2C682&ssl=1&resize=700%2C400 2x"},"classes":[]},{"id":11139,"url":"https:\/\/domitec.ch\/?product=fauteuil-roulant-electrique-p327-mini-sl","url_meta":{"origin":11360,"position":4},"title":"Fauteuil roulant \u00e9lectrique P327 Mini-SL","author":"Cyril Hug","date":"24 ao\u00fbt 2024","format":false,"excerpt":"Un fauteuil roulant \u00e9lectrique compact avec motorisation centrale Avec ses roues suspendues ce fauteuil confortable passe facilement des petits seuils","rel":"","context":"Article similaire","block_context":{"text":"Article similaire","link":""},"img":{"alt_text":"","src":"https:\/\/i0.wp.com\/domitec.ch\/wp-content\/uploads\/2024\/08\/P327miniro.png?fit=725%2C702&ssl=1&resize=350%2C200","width":350,"height":200,"srcset":"https:\/\/i0.wp.com\/domitec.ch\/wp-content\/uploads\/2024\/08\/P327miniro.png?fit=725%2C702&ssl=1&resize=350%2C200 1x, https:\/\/i0.wp.com\/domitec.ch\/wp-content\/uploads\/2024\/08\/P327miniro.png?fit=725%2C702&ssl=1&resize=525%2C300 1.5x, https:\/\/i0.wp.com\/domitec.ch\/wp-content\/uploads\/2024\/08\/P327miniro.png?fit=725%2C702&ssl=1&resize=700%2C400 2x"},"classes":[]},{"id":7101,"url":"https:\/\/domitec.ch\/?product=fauteuil-roulant-electrique-neo-xxl","url_meta":{"origin":11360,"position":5},"title":"Fauteuil roulant \u00e9lectrique N\u00e9o XXL","author":"Cyril Hug","date":"24 mars 2023","format":false,"excerpt":"Fauteuil roulant \u00e9lectrique N\u00e9o XXL Le Neo offre beaucoup de confort en termes de comportement de conduite ainsi que d'utilisation et d'assise","rel":"","context":"Article similaire","block_context":{"text":"Article similaire","link":""},"img":{"alt_text":"","src":"https:\/\/i0.wp.com\/domitec.ch\/wp-content\/uploads\/2023\/03\/FRENeoXXL-1-e1679669572790.jpg?fit=388%2C447&ssl=1&resize=350%2C200","width":350,"height":200},"classes":[]}],"_links":{"self":[{"href":"https:\/\/domitec.ch\/index.php?rest_route=\/wp\/v2\/product\/11360","targetHints":{"allow":["GET"]}}],"collection":[{"href":"https:\/\/domitec.ch\/index.php?rest_route=\/wp\/v2\/product"}],"about":[{"href":"https:\/\/domitec.ch\/index.php?rest_route=\/wp\/v2\/types\/product"}],"wp:featuredmedia":[{"embeddable":true,"href":"https:\/\/domitec.ch\/index.php?rest_route=\/wp\/v2\/media\/11366"}],"wp:attachment":[{"href":"https:\/\/domitec.ch\/index.php?rest_route=%2Fwp%2Fv2%2Fmedia&parent=11360"}],"wp:term":[{"taxonomy":"product_brand","embeddable":true,"href":"https:\/\/domitec.ch\/index.php?rest_route=%2Fwp%2Fv2%2Fproduct_brand&post=11360"},{"taxonomy":"product_cat","embeddable":true,"href":"https:\/\/domitec.ch\/index.php?rest_route=%2Fwp%2Fv2%2Fproduct_cat&post=11360"},{"taxonomy":"product_tag","embeddable":true,"href":"https:\/\/domitec.ch\/index.php?rest_route=%2Fwp%2Fv2%2Fproduct_tag&post=11360"}],"curies":[{"name":"wp","href":"https:\/\/api.w.org\/{rel}","templated":true}]}}