{"id":11132,"date":"2024-08-24T17:09:38","date_gmt":"2024-08-24T15:09:38","guid":{"rendered":"https:\/\/domitec.ch\/?post_type=product&#038;p=11132"},"modified":"2025-05-27T09:20:34","modified_gmt":"2025-05-27T07:20:34","slug":"fauteuil-roulant-electrique-p327-mini","status":"publish","type":"product","link":"https:\/\/domitec.ch\/?product=fauteuil-roulant-electrique-p327-mini","title":{"rendered":"Fauteuil roulant \u00e9lectrique P327 Mini"},"content":{"rendered":"<p>Fauteuil \u00e9lectrique compact P327 Mini<br \/>\nLe fauteuil \u00e9lectrique est un excellent fauteuil d&rsquo;int\u00e9rieur et utilisable \u00e9galement \u00e0 l&rsquo;ext\u00e9rieur<br \/>\nIl est \u00e0 l\u2019aise tant \u00e0 l\u2019int\u00e9rieur qu\u2019\u00e0 l\u2019ext\u00e9rieur<br \/>\nExtr\u00eamement maniable gr\u00e2ce \u00e0 la traction centrale, passe facilement des petits seuils<br \/>\nEquip\u00e9 d&rsquo;un si\u00e8ge confort<br \/>\nBo\u00eetier de commande rabattable lat\u00e9ralement<br \/>\nCouleurs: noir\/rouge<\/p>\n<p>Longueur totale: 109 cm<br \/>\nLargeur totale: 63 cm<br \/>\nLargeur x profondeur d&rsquo;assise: 46 x 43 cm<br \/>\nHauteur d&rsquo;assise sol\/si\u00e8ge: 52 cm<br \/>\nPoids total: 81.2 kg<br \/>\nCharge max: 136 kg<br \/>\nBatteries : 2 x 34 Ah<br \/>\nRoues pivotantes: 150 x 50 mm<br \/>\nRoues motrices: 3.00 pouces x 4 mm<br \/>\nPneus pleins<br \/>\nDiam\u00e8tre braquage: 118 cm<br \/>\nGarde au sol: 5 cm<br \/>\nVitesse max: 6 km\/h<br \/>\nAutonomie env: 35 km<br \/>\nPente max. s\u00fbre: 6\u00b0<\/p>\n","protected":false},"excerpt":{"rendered":"<p>Un fauteuil roulant \u00e9lectrique compact avec motorisation centrale<br \/>\nAvec ses roues suspendues ce fauteuil confortable passe facilement des petits seuils<\/p>\n","protected":false},"featured_media":11135,"template":"","meta":{"_crdt_document":"","advanced_seo_description":"","jetpack_seo_html_title":"","jetpack_seo_noindex":false,"jetpack_post_was_ever_published":false,"jetpack_publicize_message":"","jetpack_publicize_feature_enabled":true,"jetpack_social_post_already_shared":true,"jetpack_social_options":{"image_generator_settings":{"template":"highway","default_image_id":0,"font":"","enabled":false},"version":2}},"product_brand":[],"product_cat":[6377],"product_tag":[],"class_list":{"0":"post-11132","1":"product","2":"type-product","3":"status-publish","4":"has-post-thumbnail","6":"product_cat-ac-fauteuils-roulants-electrique","7":"product_shipping_class-transporteur","9":"first","10":"instock","11":"taxable","12":"shipping-taxable","13":"purchasable","14":"product-type-variable"},"jetpack_publicize_connections":[],"jetpack_likes_enabled":false,"jetpack_sharing_enabled":false,"jetpack-related-posts":[{"id":11139,"url":"https:\/\/domitec.ch\/?product=fauteuil-roulant-electrique-p327-mini-sl","url_meta":{"origin":11132,"position":0},"title":"Fauteuil roulant \u00e9lectrique P327 Mini-SL","author":"Cyril Hug","date":"24 ao\u00fbt 2024","format":false,"excerpt":"Un fauteuil roulant \u00e9lectrique compact avec motorisation centrale Avec ses roues suspendues ce fauteuil confortable passe facilement des petits seuils","rel":"","context":"Article similaire","block_context":{"text":"Article similaire","link":""},"img":{"alt_text":"","src":"https:\/\/i0.wp.com\/domitec.ch\/wp-content\/uploads\/2024\/08\/P327miniro.png?fit=725%2C702&ssl=1&resize=350%2C200","width":350,"height":200,"srcset":"https:\/\/i0.wp.com\/domitec.ch\/wp-content\/uploads\/2024\/08\/P327miniro.png?fit=725%2C702&ssl=1&resize=350%2C200 1x, https:\/\/i0.wp.com\/domitec.ch\/wp-content\/uploads\/2024\/08\/P327miniro.png?fit=725%2C702&ssl=1&resize=525%2C300 1.5x, https:\/\/i0.wp.com\/domitec.ch\/wp-content\/uploads\/2024\/08\/P327miniro.png?fit=725%2C702&ssl=1&resize=700%2C400 2x"},"classes":[]},{"id":5414,"url":"https:\/\/domitec.ch\/?product=fauteuil-roulant-pyro-light-xl","url_meta":{"origin":11132,"position":1},"title":"Fauteuil roulant \u00e9lectrique Razoo","author":"Cyril Hug","date":"21 novembre 2022","format":false,"excerpt":"Fauteuil \u00e9lectrique simple et compact Il est un excellent fauteuil d\u2019int\u00e9rieur Ses dimensions compactes et un petit diam\u00e8tre de braquage en font un v\u00e9hicule extr\u00eamement maniable Facilement d\u00e9montable, il se transporte sans probl\u00e8me","rel":"","context":"Article similaire","block_context":{"text":"Article similaire","link":""},"img":{"alt_text":"","src":"https:\/\/i0.wp.com\/domitec.ch\/wp-content\/uploads\/2022\/11\/Rascal-Razoo.jpg?fit=543%2C567&ssl=1&resize=350%2C200","width":350,"height":200,"srcset":"https:\/\/i0.wp.com\/domitec.ch\/wp-content\/uploads\/2022\/11\/Rascal-Razoo.jpg?fit=543%2C567&ssl=1&resize=350%2C200 1x, https:\/\/i0.wp.com\/domitec.ch\/wp-content\/uploads\/2022\/11\/Rascal-Razoo.jpg?fit=543%2C567&ssl=1&resize=525%2C300 1.5x"},"classes":[]},{"id":5436,"url":"https:\/\/domitec.ch\/?product=fauteuil-roulant-electrique-rascal-mobility-320-compact","url_meta":{"origin":11132,"position":2},"title":"Fauteuil roulant \u00e9lectrique RUEBA","author":"Cyril Hug","date":"22 novembre 2022","format":false,"excerpt":"Fauteuil roulant \u00e9lectrique RUEBA Le fauteuil \u00e9lectrique RUEBA CT offre une conduite toute en douceur Il est votre alli\u00e9 id\u00e9al pour une utilisation en int\u00e9rieur comme en ext\u00e9rieur","rel":"","context":"Article similaire","block_context":{"text":"Article similaire","link":""},"img":{"alt_text":"","src":"https:\/\/i0.wp.com\/domitec.ch\/wp-content\/uploads\/2022\/11\/FRE-Rueba1.jpg?fit=540%2C564&ssl=1&resize=350%2C200","width":350,"height":200,"srcset":"https:\/\/i0.wp.com\/domitec.ch\/wp-content\/uploads\/2022\/11\/FRE-Rueba1.jpg?fit=540%2C564&ssl=1&resize=350%2C200 1x, https:\/\/i0.wp.com\/domitec.ch\/wp-content\/uploads\/2022\/11\/FRE-Rueba1.jpg?fit=540%2C564&ssl=1&resize=525%2C300 1.5x"},"classes":[]},{"id":7101,"url":"https:\/\/domitec.ch\/?product=fauteuil-roulant-electrique-neo-xxl","url_meta":{"origin":11132,"position":3},"title":"Fauteuil roulant \u00e9lectrique N\u00e9o XXL","author":"Cyril Hug","date":"24 mars 2023","format":false,"excerpt":"Fauteuil roulant \u00e9lectrique N\u00e9o XXL Le Neo offre beaucoup de confort en termes de comportement de conduite ainsi que d'utilisation et d'assise","rel":"","context":"Article similaire","block_context":{"text":"Article similaire","link":""},"img":{"alt_text":"","src":"https:\/\/i0.wp.com\/domitec.ch\/wp-content\/uploads\/2023\/03\/FRENeoXXL-1-e1679669572790.jpg?fit=388%2C447&ssl=1&resize=350%2C200","width":350,"height":200},"classes":[]},{"id":7091,"url":"https:\/\/domitec.ch\/?product=fauteuil-roulant-electrique-eltego","url_meta":{"origin":11132,"position":4},"title":"Fauteuil roulant \u00e9lectrique Eltego","author":"Cyril Hug","date":"24 mars 2023","format":false,"excerpt":"Fauteuil roulant \u00e9lectrique Eltego Compact et maniable \u00e0 l\u2019int\u00e9rieur, adapt\u00e9 \u00e0 une utilisation dans l\u2019environnement de vie imm\u00e9diat Autonomie de 25 km","rel":"","context":"Article similaire","block_context":{"text":"Article similaire","link":""},"img":{"alt_text":"","src":"https:\/\/i0.wp.com\/domitec.ch\/wp-content\/uploads\/2023\/03\/FREEltego-e1679663204729.jpg?fit=426%2C437&ssl=1&resize=350%2C200","width":350,"height":200},"classes":[]},{"id":7098,"url":"https:\/\/domitec.ch\/?product=fauteuil-roulant-electrique-taiga","url_meta":{"origin":11132,"position":5},"title":"Fauteuil roulant \u00e9lectrique Taiga","author":"Cyril Hug","date":"24 mars 2023","format":false,"excerpt":"Fauteuil roulant \u00e9lectrique Terra Le Terra est le fauteuil roulant \u00e9lectrique solide, \u00e9prouv\u00e9 dans la vie quotidienne Stable et maniable, il dispose d\u2019une vari\u00e9t\u00e9 d\u2019options de r\u00e9glage","rel":"","context":"Article similaire","block_context":{"text":"Article similaire","link":""},"img":{"alt_text":"","src":"https:\/\/i0.wp.com\/domitec.ch\/wp-content\/uploads\/2023\/03\/FRETaiga-e1679668435432.jpg?fit=408%2C440&ssl=1&resize=350%2C200","width":350,"height":200},"classes":[]}],"_links":{"self":[{"href":"https:\/\/domitec.ch\/index.php?rest_route=\/wp\/v2\/product\/11132","targetHints":{"allow":["GET"]}}],"collection":[{"href":"https:\/\/domitec.ch\/index.php?rest_route=\/wp\/v2\/product"}],"about":[{"href":"https:\/\/domitec.ch\/index.php?rest_route=\/wp\/v2\/types\/product"}],"wp:featuredmedia":[{"embeddable":true,"href":"https:\/\/domitec.ch\/index.php?rest_route=\/wp\/v2\/media\/11135"}],"wp:attachment":[{"href":"https:\/\/domitec.ch\/index.php?rest_route=%2Fwp%2Fv2%2Fmedia&parent=11132"}],"wp:term":[{"taxonomy":"product_brand","embeddable":true,"href":"https:\/\/domitec.ch\/index.php?rest_route=%2Fwp%2Fv2%2Fproduct_brand&post=11132"},{"taxonomy":"product_cat","embeddable":true,"href":"https:\/\/domitec.ch\/index.php?rest_route=%2Fwp%2Fv2%2Fproduct_cat&post=11132"},{"taxonomy":"product_tag","embeddable":true,"href":"https:\/\/domitec.ch\/index.php?rest_route=%2Fwp%2Fv2%2Fproduct_tag&post=11132"}],"curies":[{"name":"wp","href":"https:\/\/api.w.org\/{rel}","templated":true}]}}