{"id":10565,"date":"2024-02-23T14:25:53","date_gmt":"2024-02-23T13:25:53","guid":{"rendered":"https:\/\/domitec.ch\/?post_type=product&#038;p=10565"},"modified":"2025-05-27T09:23:56","modified_gmt":"2025-05-27T07:23:56","slug":"brosse-de-lavage","status":"publish","type":"product","link":"https:\/\/domitec.ch\/?product=brosse-de-lavage","title":{"rendered":"Brosse de lavage"},"content":{"rendered":"<p>Brosse de lavage avec deux ventouses<br \/>\nPeut \u00eatre fix\u00e9e au lavabo<br \/>\nPeut \u00eatre utilis\u00e9e avec une seule main<br \/>\nDimensions: env. 9 x 5 cm<\/p>\n","protected":false},"excerpt":{"rendered":"<p>Brosse de lavage avec deux ventouses<br \/>\nPeut \u00eatre fix\u00e9e au lavabo<br \/>\nPeut \u00eatre utilis\u00e9e avec une seule main<br \/>\nDimensions: env. 9 x 5 cm<\/p>\n","protected":false},"featured_media":10572,"template":"","meta":{"_crdt_document":"","advanced_seo_description":"","jetpack_seo_html_title":"","jetpack_seo_noindex":false,"jetpack_post_was_ever_published":false,"jetpack_publicize_message":"","jetpack_publicize_feature_enabled":true,"jetpack_social_post_already_shared":true,"jetpack_social_options":{"image_generator_settings":{"template":"highway","default_image_id":0,"font":"","enabled":false},"version":2}},"product_brand":[],"product_cat":[6389,6632],"product_tag":[],"class_list":{"0":"post-10565","1":"product","2":"type-product","3":"status-publish","4":"has-post-thumbnail","6":"product_cat-antiglisse","7":"product_cat-divers-b-salle-de-bain-et-toilettes","8":"product_shipping_class-poste-petit-paquet","10":"first","11":"instock","12":"taxable","13":"shipping-taxable","14":"purchasable","15":"product-type-simple"},"jetpack_publicize_connections":[],"jetpack_likes_enabled":false,"jetpack_sharing_enabled":false,"jetpack-related-posts":[{"id":8830,"url":"https:\/\/domitec.ch\/?product=brosse-pour-urinal","url_meta":{"origin":10565,"position":0},"title":"Brosse pour urinal","author":"Cyril Hug","date":"10 janvier 2024","format":false,"excerpt":"Brosse con\u00e7ue pour le nettoyage des urinaux et adapt\u00e9e aux urinaux pour hommes et pour femmes","rel":"","context":"Article similaire","block_context":{"text":"Article similaire","link":""},"img":{"alt_text":"","src":"https:\/\/i0.wp.com\/domitec.ch\/wp-content\/uploads\/2024\/01\/Brosse-pour-urinal-e1704902335854.jpg?fit=619%2C518&ssl=1&resize=350%2C200","width":350,"height":200,"srcset":"https:\/\/i0.wp.com\/domitec.ch\/wp-content\/uploads\/2024\/01\/Brosse-pour-urinal-e1704902335854.jpg?fit=619%2C518&ssl=1&resize=350%2C200 1x, https:\/\/i0.wp.com\/domitec.ch\/wp-content\/uploads\/2024\/01\/Brosse-pour-urinal-e1704902335854.jpg?fit=619%2C518&ssl=1&resize=525%2C300 1.5x"},"classes":[]},{"id":8091,"url":"https:\/\/domitec.ch\/?product=plateau-pour-lavage-des-cheveux","url_meta":{"origin":10565,"position":1},"title":"Plateau pour lavage des cheveux","author":"Cyril Hug","date":"10 juin 2023","format":false,"excerpt":"Plateau pour lavage des cheveux Le plateau est pos\u00e9 sur les \u00e9paules de l\u2019utilisateur L\u2019eau de rin\u00e7age est \u00e9vacu\u00e9e dans le lavabo","rel":"","context":"Article similaire","block_context":{"text":"Article similaire","link":""},"img":{"alt_text":"","src":"https:\/\/i0.wp.com\/domitec.ch\/wp-content\/uploads\/2023\/06\/Lavecheveux.jpg?fit=743%2C653&ssl=1&resize=350%2C200","width":350,"height":200,"srcset":"https:\/\/i0.wp.com\/domitec.ch\/wp-content\/uploads\/2023\/06\/Lavecheveux.jpg?fit=743%2C653&ssl=1&resize=350%2C200 1x, https:\/\/i0.wp.com\/domitec.ch\/wp-content\/uploads\/2023\/06\/Lavecheveux.jpg?fit=743%2C653&ssl=1&resize=525%2C300 1.5x, https:\/\/i0.wp.com\/domitec.ch\/wp-content\/uploads\/2023\/06\/Lavecheveux.jpg?fit=743%2C653&ssl=1&resize=700%2C400 2x"},"classes":[]},{"id":2761,"url":"https:\/\/domitec.ch\/?product=sissel-balancefit-pad","url_meta":{"origin":10565,"position":2},"title":"Sissel balancefit pad","author":"Cyril Hug","date":"1 ao\u00fbt 2022","format":false,"excerpt":"Sissel balancefit pad Aussi utilisable comme coussin d'assise Id\u00e9al pour le d\u00e9veloppement du sens de l\u2019\u00e9quilibre Entra\u00eenement de la coordination et des r\u00e9actions Entra\u00eenement \u00e0 la stabilit\u00e9 en \u00e9quilibre Exercices moteurs pour l\u2019entretien du sens de l\u2019\u00e9quilibre Convient pour l\u2019int\u00e9rieur, l\u2019ext\u00e9rieur et en milieu aquatique Avec rev\u00eatement antid\u00e9rapant Mat\u00e9riau: TPE\u2026","rel":"","context":"Article similaire","block_context":{"text":"Article similaire","link":""},"img":{"alt_text":"","src":"https:\/\/i0.wp.com\/domitec.ch\/wp-content\/uploads\/2022\/08\/Balancefitpad.jpg?fit=400%2C400&ssl=1&resize=350%2C200","width":350,"height":200},"classes":[]},{"id":3241,"url":"https:\/\/domitec.ch\/?product=ceinture-de-soutien-avec-poignees","url_meta":{"origin":10565,"position":3},"title":"Ceinture de soutien avec poign\u00e9es","author":"Cyril Hug","date":"29 ao\u00fbt 2022","format":false,"excerpt":"La ceinture de soutien Pour aider les soignants \u00e0 sortir les patients du lit, de la chaise ou du fauteuil roulant et \u00e0 parcourir de courtes distances avec eux. La ceinture de soutien peut \u00eatre utilis\u00e9e pour soutenir le patient pendant l\u2019entra\u00eenement \u00e0 la marche Existe en deux tailles: M\u2026","rel":"","context":"Article similaire","block_context":{"text":"Article similaire","link":""},"img":{"alt_text":"","src":"https:\/\/i0.wp.com\/domitec.ch\/wp-content\/uploads\/2022\/08\/Ceinture-de-transfert.jpg?fit=517%2C432&ssl=1&resize=350%2C200","width":350,"height":200},"classes":[]},{"id":2721,"url":"https:\/\/domitec.ch\/?product=rampe-rail-en-aluminium-perforees","url_meta":{"origin":10565,"position":4},"title":"rampe (rail) en aluminium perfor\u00e9es","author":"Cyril Hug","date":"30 juillet 2022","format":false,"excerpt":"rampe (rail) en aluminium perfor\u00e9es","rel":"","context":"Article similaire","block_context":{"text":"Article similaire","link":""},"img":{"alt_text":"","src":"https:\/\/i0.wp.com\/domitec.ch\/wp-content\/uploads\/2022\/07\/Rampe-rail.jpg?fit=918%2C543&ssl=1&resize=350%2C200","width":350,"height":200,"srcset":"https:\/\/i0.wp.com\/domitec.ch\/wp-content\/uploads\/2022\/07\/Rampe-rail.jpg?fit=918%2C543&ssl=1&resize=350%2C200 1x, https:\/\/i0.wp.com\/domitec.ch\/wp-content\/uploads\/2022\/07\/Rampe-rail.jpg?fit=918%2C543&ssl=1&resize=525%2C300 1.5x, https:\/\/i0.wp.com\/domitec.ch\/wp-content\/uploads\/2022\/07\/Rampe-rail.jpg?fit=918%2C543&ssl=1&resize=700%2C400 2x"},"classes":[]},{"id":7095,"url":"https:\/\/domitec.ch\/?product=fauteuil-roulant-electrique-terra","url_meta":{"origin":10565,"position":5},"title":"Fauteuil roulant \u00e9lectrique Terra","author":"Cyril Hug","date":"24 mars 2023","format":false,"excerpt":"Fauteuil roulant \u00e9lectrique Terra Le Terra est le fauteuil roulant \u00e9lectrique solide, \u00e9prouv\u00e9 dans la vie quotidienne Stable et maniable, il dispose d\u2019une vari\u00e9t\u00e9 d\u2019options de r\u00e9glage","rel":"","context":"Article similaire","block_context":{"text":"Article similaire","link":""},"img":{"alt_text":"","src":"https:\/\/i0.wp.com\/domitec.ch\/wp-content\/uploads\/2023\/03\/FRETerra-e1679663897125.jpg?fit=416%2C427&ssl=1&resize=350%2C200","width":350,"height":200},"classes":[]}],"_links":{"self":[{"href":"https:\/\/domitec.ch\/index.php?rest_route=\/wp\/v2\/product\/10565","targetHints":{"allow":["GET"]}}],"collection":[{"href":"https:\/\/domitec.ch\/index.php?rest_route=\/wp\/v2\/product"}],"about":[{"href":"https:\/\/domitec.ch\/index.php?rest_route=\/wp\/v2\/types\/product"}],"wp:featuredmedia":[{"embeddable":true,"href":"https:\/\/domitec.ch\/index.php?rest_route=\/wp\/v2\/media\/10572"}],"wp:attachment":[{"href":"https:\/\/domitec.ch\/index.php?rest_route=%2Fwp%2Fv2%2Fmedia&parent=10565"}],"wp:term":[{"taxonomy":"product_brand","embeddable":true,"href":"https:\/\/domitec.ch\/index.php?rest_route=%2Fwp%2Fv2%2Fproduct_brand&post=10565"},{"taxonomy":"product_cat","embeddable":true,"href":"https:\/\/domitec.ch\/index.php?rest_route=%2Fwp%2Fv2%2Fproduct_cat&post=10565"},{"taxonomy":"product_tag","embeddable":true,"href":"https:\/\/domitec.ch\/index.php?rest_route=%2Fwp%2Fv2%2Fproduct_tag&post=10565"}],"curies":[{"name":"wp","href":"https:\/\/api.w.org\/{rel}","templated":true}]}}