{"id":8932,"date":"2024-01-19T16:42:27","date_gmt":"2024-01-19T15:42:27","guid":{"rendered":"https:\/\/domitec.ch\/?page_id=8932"},"modified":"2025-03-17T14:13:09","modified_gmt":"2025-03-17T13:13:09","slug":"home-care","status":"publish","type":"page","link":"https:\/\/domitec.ch\/?page_id=8932","title":{"rendered":"Home-Care"},"content":{"rendered":"","protected":true},"excerpt":{"rendered":"","protected":true},"author":192030844,"featured_media":0,"parent":0,"menu_order":0,"comment_status":"closed","ping_status":"closed","template":"","meta":{"_crdt_document":"","advanced_seo_description":"","jetpack_seo_html_title":"","jetpack_seo_noindex":false,"jetpack_post_was_ever_published":false,"footnotes":""},"class_list":["post-8932","page","type-page","status-publish","post-password-required","hentry"],"jetpack_likes_enabled":false,"jetpack_sharing_enabled":false,"jetpack_shortlink":"https:\/\/wp.me\/Pe1OTa-2k4","jetpack-related-posts":[{"id":2,"url":"https:\/\/domitec.ch\/?page_id=2","url_meta":{"origin":8932,"position":0},"title":"Formulaire pour location","author":"Cyril Hug","date":"25 mai 2022","format":false,"excerpt":"Formulaire pour la location","rel":"","context":"Article similaire","block_context":{"text":"Article similaire","link":""},"img":{"alt_text":"","src":"","width":0,"height":0},"classes":[]},{"id":6960,"url":"https:\/\/domitec.ch\/?page_id=6960","url_meta":{"origin":8932,"position":1},"title":"Formulaire lits \u00e9lectriques","author":"Cyril Hug","date":"9 mars 2023","format":false,"excerpt":"Formulaire lits \u00e9lectriques","rel":"","context":"Article similaire","block_context":{"text":"Article similaire","link":""},"img":{"alt_text":"","src":"","width":0,"height":0},"classes":[]},{"id":1960,"url":"https:\/\/domitec.ch\/?page_id=1960","url_meta":{"origin":8932,"position":2},"title":"Location","author":"Cyril Hug","date":"13 juin 2022","format":false,"excerpt":"Location Tous nos articles de location ne sont pas encore pr\u00e9sent sur le site. Contactez nous pour plus d'informations","rel":"","context":"Article similaire","block_context":{"text":"Article similaire","link":""},"img":{"alt_text":"","src":"","width":0,"height":0},"classes":[]},{"id":10891,"url":"https:\/\/domitec.ch\/?page_id=10891","url_meta":{"origin":8932,"position":3},"title":"Formulaire Home-Care","author":"Cyril Hug","date":"9 juillet 2024","format":false,"excerpt":"Formulaire (Masculin est utilis\u00e9 pour ce formulaire) Num\u00e9ros d'urgences Ambulance 144 Police 117 Pompier 118 Rega 1414 Poison 145 Urgence EU 112","rel":"","context":"Article similaire","block_context":{"text":"Article similaire","link":""},"img":{"alt_text":"","src":"","width":0,"height":0},"classes":[]},{"id":48,"url":"https:\/\/domitec.ch\/?page_id=48","url_meta":{"origin":8932,"position":4},"title":"Contact","author":"Cyril Hug","date":"18 avril 2019","format":false,"excerpt":"Contact Domitec HugRue Francillon 302610 St-Imier info@domitec.ch 032 941 10 11 Ou nous trouver Vous ne pouvez pas vous d\u00e9placer ?Nous nous d\u00e9pla\u00e7ons volontiers chez vous Une question ? N'h\u00e9sitez pas \u00e0 nous poser une question par email, m\u00eame pour un simple renseignement Ou de nous appeler au 032 941\u2026","rel":"","context":"Article similaire","block_context":{"text":"Article similaire","link":""},"img":{"alt_text":"","src":"","width":0,"height":0},"classes":[]},{"id":15,"url":"https:\/\/domitec.ch\/?page_id=15","url_meta":{"origin":8932,"position":5},"title":"Occasions","author":"","date":"25 mai 2022","format":false,"excerpt":"Occasions Nous pouvons ajouter vos occasions. Appelez-nous pour plus de renseignements Occasion Rollator L\u00e9opard 62 249.00\u00a0CHF Comme neuf (Utilis\u00e9 1 semaine) Prix de vente neuf 339.00 francs - quantit\u00e9 de Occasion Rollator L\u00e9opard 62 + Ajouter au panier Occasion Rollator L\u00e9opard 62 249.00\u00a0CHF March\u00e9 de l'occasionAjouter au panierAper\u00e7u rapide Occasion\u2026","rel":"","context":"Article similaire","block_context":{"text":"Article similaire","link":""},"img":{"alt_text":"","src":"https:\/\/i0.wp.com\/domitec.ch\/wp-content\/uploads\/2022\/09\/Leopard-anthracite-100x100.jpg?resize=350%2C200&ssl=1","width":350,"height":200},"classes":[]}],"amp_enabled":true,"_links":{"self":[{"href":"https:\/\/domitec.ch\/index.php?rest_route=\/wp\/v2\/pages\/8932","targetHints":{"allow":["GET"]}}],"collection":[{"href":"https:\/\/domitec.ch\/index.php?rest_route=\/wp\/v2\/pages"}],"about":[{"href":"https:\/\/domitec.ch\/index.php?rest_route=\/wp\/v2\/types\/page"}],"author":[{"embeddable":true,"href":"https:\/\/domitec.ch\/index.php?rest_route=\/wp\/v2\/users\/192030844"}],"replies":[{"embeddable":true,"href":"https:\/\/domitec.ch\/index.php?rest_route=%2Fwp%2Fv2%2Fcomments&post=8932"}],"version-history":[{"count":100,"href":"https:\/\/domitec.ch\/index.php?rest_route=\/wp\/v2\/pages\/8932\/revisions"}],"predecessor-version":[{"id":11400,"href":"https:\/\/domitec.ch\/index.php?rest_route=\/wp\/v2\/pages\/8932\/revisions\/11400"}],"wp:attachment":[{"href":"https:\/\/domitec.ch\/index.php?rest_route=%2Fwp%2Fv2%2Fmedia&parent=8932"}],"curies":[{"name":"wp","href":"https:\/\/api.w.org\/{rel}","templated":true}]}}