{"id":1960,"date":"2022-06-13T09:52:55","date_gmt":"2022-06-13T07:52:55","guid":{"rendered":"https:\/\/domitec.ch\/?page_id=1960"},"modified":"2024-01-25T11:09:41","modified_gmt":"2024-01-25T10:09:41","slug":"location","status":"publish","type":"page","link":"https:\/\/domitec.ch\/?page_id=1960","title":{"rendered":"Location"},"content":{"rendered":"\t\t<div data-elementor-type=\"wp-page\" data-elementor-id=\"1960\" class=\"elementor elementor-1960\" data-elementor-post-type=\"page\">\n\t\t\t\t\t\t<section class=\"elementor-section elementor-top-section elementor-element elementor-element-e9b6707 elementor-section-boxed elementor-section-height-default elementor-section-height-default\" data-id=\"e9b6707\" data-element_type=\"section\" data-e-type=\"section\">\n\t\t\t\t\t\t<div class=\"elementor-container elementor-column-gap-default\">\n\t\t\t\t\t<div class=\"elementor-column elementor-col-100 elementor-top-column elementor-element elementor-element-723a36a\" data-id=\"723a36a\" data-element_type=\"column\" data-e-type=\"column\">\n\t\t\t<div class=\"elementor-widget-wrap elementor-element-populated\">\n\t\t\t\t\t\t<div class=\"elementor-element elementor-element-fded1e3 elementor-widget elementor-widget-heading\" data-id=\"fded1e3\" data-element_type=\"widget\" data-e-type=\"widget\" data-widget_type=\"heading.default\">\n\t\t\t\t<div class=\"elementor-widget-container\">\n\t\t\t\t\t<h2 class=\"elementor-heading-title elementor-size-xl\">Location<\/h2>\t\t\t\t<\/div>\n\t\t\t\t<\/div>\n\t\t\t\t\t<\/div>\n\t\t<\/div>\n\t\t\t\t\t<\/div>\n\t\t<\/section>\n\t\t\t\t<section class=\"elementor-section elementor-top-section elementor-element elementor-element-d7cb6c2 elementor-section-boxed elementor-section-height-default elementor-section-height-default\" data-id=\"d7cb6c2\" data-element_type=\"section\" data-e-type=\"section\">\n\t\t\t\t\t\t<div class=\"elementor-container elementor-column-gap-default\">\n\t\t\t\t\t<div class=\"elementor-column elementor-col-100 elementor-top-column elementor-element elementor-element-dd9209f\" data-id=\"dd9209f\" data-element_type=\"column\" data-e-type=\"column\">\n\t\t\t<div class=\"elementor-widget-wrap elementor-element-populated\">\n\t\t\t\t\t\t<div class=\"elementor-element elementor-element-52c475c elementor-widget elementor-widget-text-editor\" data-id=\"52c475c\" data-element_type=\"widget\" data-e-type=\"widget\" data-widget_type=\"text-editor.default\">\n\t\t\t\t<div class=\"elementor-widget-container\">\n\t\t\t\t\t\t\t\t\t<h3 style=\"text-align: center;\">Tous nos articles de location ne sont pas encore pr\u00e9sent sur le site. Contactez nous pour plus d&rsquo;informations<\/h3>\t\t\t\t\t\t\t\t<\/div>\n\t\t\t\t<\/div>\n\t\t\t\t\t<\/div>\n\t\t<\/div>\n\t\t\t\t\t<\/div>\n\t\t<\/section>\n\t\t\t\t<section class=\"elementor-section elementor-top-section elementor-element elementor-element-687bc89 elementor-section-boxed elementor-section-height-default elementor-section-height-default\" data-id=\"687bc89\" data-element_type=\"section\" data-e-type=\"section\">\n\t\t\t\t\t\t<div class=\"elementor-container elementor-column-gap-default\">\n\t\t\t\t\t<div class=\"elementor-column elementor-col-100 elementor-top-column elementor-element elementor-element-b0be451\" data-id=\"b0be451\" data-element_type=\"column\" data-e-type=\"column\">\n\t\t\t<div class=\"elementor-widget-wrap elementor-element-populated\">\n\t\t\t\t\t\t<div class=\"elementor-element elementor-element-241ee0f elementor-widget elementor-widget-spacer\" data-id=\"241ee0f\" data-element_type=\"widget\" data-e-type=\"widget\" data-widget_type=\"spacer.default\">\n\t\t\t\t<div class=\"elementor-widget-container\">\n\t\t\t\t\t\t\t<div class=\"elementor-spacer\">\n\t\t\t<div class=\"elementor-spacer-inner\"><\/div>\n\t\t<\/div>\n\t\t\t\t\t\t<\/div>\n\t\t\t\t<\/div>\n\t\t\t\t\t<\/div>\n\t\t<\/div>\n\t\t\t\t\t<\/div>\n\t\t<\/section>\n\t\t\t\t<section class=\"elementor-section elementor-top-section elementor-element elementor-element-fdd8621 elementor-section-boxed elementor-section-height-default elementor-section-height-default\" data-id=\"fdd8621\" data-element_type=\"section\" data-e-type=\"section\">\n\t\t\t\t\t\t<div class=\"elementor-container elementor-column-gap-default\">\n\t\t\t\t\t<div class=\"elementor-column elementor-col-100 elementor-top-column elementor-element elementor-element-4f193c5\" data-id=\"4f193c5\" data-element_type=\"column\" data-e-type=\"column\">\n\t\t\t<div class=\"elementor-widget-wrap elementor-element-populated\">\n\t\t\t\t\t\t<div class=\"elementor-element elementor-element-e5d5eae elementor-widget elementor-widget-etww-woo-categories\" data-id=\"e5d5eae\" data-element_type=\"widget\" data-e-type=\"widget\" data-widget_type=\"etww-woo-categories.default\">\n\t\t\t\t<div class=\"elementor-widget-container\">\n\t\t\t\t\t<div class=\"woocommerce columns-5\"><ul class=\"products columns-5\">\n<li class=\"product-category product first\">\n\t<a aria-label=\"Acc\u00e9der \u00e0 la cat\u00e9gorie de produits Pour la chambre\" href=\"https:\/\/domitec.ch\/?product_cat=ya-pour-la-chambre\"><img fetchpriority=\"high\" decoding=\"async\" src=\"https:\/\/i0.wp.com\/domitec.ch\/wp-content\/uploads\/2022\/06\/XPRESS_LOW_0.jpg?resize=300%2C300&#038;ssl=1\" alt=\"Pour la chambre\" width=\"300\" height=\"300\" srcset=\"https:\/\/i0.wp.com\/domitec.ch\/wp-content\/uploads\/2022\/06\/XPRESS_LOW_0.jpg?resize=150%2C150&amp;ssl=1 150w, https:\/\/i0.wp.com\/domitec.ch\/wp-content\/uploads\/2022\/06\/XPRESS_LOW_0.jpg?resize=400%2C400&amp;ssl=1 400w, https:\/\/i0.wp.com\/domitec.ch\/wp-content\/uploads\/2022\/06\/XPRESS_LOW_0.jpg?resize=200%2C200&amp;ssl=1 200w, https:\/\/i0.wp.com\/domitec.ch\/wp-content\/uploads\/2022\/06\/XPRESS_LOW_0.jpg?resize=300%2C300&amp;ssl=1 300w, https:\/\/i0.wp.com\/domitec.ch\/wp-content\/uploads\/2022\/06\/XPRESS_LOW_0.jpg?resize=100%2C100&amp;ssl=1 100w, https:\/\/i0.wp.com\/domitec.ch\/wp-content\/uploads\/2022\/06\/XPRESS_LOW_0.jpg?zoom=2&amp;resize=300%2C300&amp;ssl=1 600w\" sizes=\"(max-width: 300px) 100vw, 300px\" \/>\t\t<h2 class=\"woocommerce-loop-category__title\">\n\t\t\tPour la chambre <mark class=\"count\">(10)<\/mark>\t\t<\/h2>\n\t\t<\/a><\/li>\n<li class=\"product-category product\">\n\t<a aria-label=\"Acc\u00e9der \u00e0 la cat\u00e9gorie de produits Pour la salle de bain\" href=\"https:\/\/domitec.ch\/?product_cat=yb-pour-la-salle-de-bain\"><img decoding=\"async\" src=\"https:\/\/i0.wp.com\/domitec.ch\/wp-content\/uploads\/2022\/05\/salle-de-bain.jpg?resize=300%2C300&#038;ssl=1\" alt=\"Pour la salle de bain\" width=\"300\" height=\"300\" srcset=\"https:\/\/i0.wp.com\/domitec.ch\/wp-content\/uploads\/2022\/05\/salle-de-bain.jpg?resize=300%2C300&amp;ssl=1 300w, https:\/\/i0.wp.com\/domitec.ch\/wp-content\/uploads\/2022\/05\/salle-de-bain.jpg?zoom=2&amp;resize=300%2C300&amp;ssl=1 600w, https:\/\/i0.wp.com\/domitec.ch\/wp-content\/uploads\/2022\/05\/salle-de-bain.jpg?zoom=3&amp;resize=300%2C300&amp;ssl=1 900w\" sizes=\"(max-width: 300px) 100vw, 300px\" \/>\t\t<h2 class=\"woocommerce-loop-category__title\">\n\t\t\tPour la salle de bain <mark class=\"count\">(6)<\/mark>\t\t<\/h2>\n\t\t<\/a><\/li>\n<li class=\"product-category product\">\n\t<a aria-label=\"Acc\u00e9der \u00e0 la cat\u00e9gorie de produits Pour les soins \u00e0 domicile\" href=\"https:\/\/domitec.ch\/?product_cat=yc-pour-les-soins-a-domicile\"><img decoding=\"async\" src=\"https:\/\/i0.wp.com\/domitec.ch\/wp-content\/uploads\/2022\/06\/Sangles.jpg?resize=300%2C300&#038;ssl=1\" alt=\"Pour les soins \u00e0 domicile\" width=\"300\" height=\"300\" srcset=\"https:\/\/i0.wp.com\/domitec.ch\/wp-content\/uploads\/2022\/06\/Sangles.jpg?resize=150%2C150&amp;ssl=1 150w, https:\/\/i0.wp.com\/domitec.ch\/wp-content\/uploads\/2022\/06\/Sangles.jpg?resize=200%2C200&amp;ssl=1 200w, https:\/\/i0.wp.com\/domitec.ch\/wp-content\/uploads\/2022\/06\/Sangles.jpg?resize=300%2C300&amp;ssl=1 300w, https:\/\/i0.wp.com\/domitec.ch\/wp-content\/uploads\/2022\/06\/Sangles.jpg?resize=100%2C100&amp;ssl=1 100w\" sizes=\"(max-width: 300px) 100vw, 300px\" \/>\t\t<h2 class=\"woocommerce-loop-category__title\">\n\t\t\tPour les soins \u00e0 domicile <mark class=\"count\">(3)<\/mark>\t\t<\/h2>\n\t\t<\/a><\/li>\n<li class=\"product-category product\">\n\t<a aria-label=\"Acc\u00e9der \u00e0 la cat\u00e9gorie de produits Pour la mobilit\u00e9\" href=\"https:\/\/domitec.ch\/?product_cat=yd-pour-la-mobilite\"><img loading=\"lazy\" decoding=\"async\" src=\"https:\/\/i0.wp.com\/domitec.ch\/wp-content\/uploads\/2022\/09\/Impala.jpg?resize=300%2C300&#038;ssl=1\" alt=\"Pour la mobilit\u00e9\" width=\"300\" height=\"300\" srcset=\"https:\/\/i0.wp.com\/domitec.ch\/wp-content\/uploads\/2022\/09\/Impala.jpg?resize=150%2C150&amp;ssl=1 150w, https:\/\/i0.wp.com\/domitec.ch\/wp-content\/uploads\/2022\/09\/Impala.jpg?resize=400%2C400&amp;ssl=1 400w, https:\/\/i0.wp.com\/domitec.ch\/wp-content\/uploads\/2022\/09\/Impala.jpg?resize=200%2C200&amp;ssl=1 200w, https:\/\/i0.wp.com\/domitec.ch\/wp-content\/uploads\/2022\/09\/Impala.jpg?resize=300%2C300&amp;ssl=1 300w, https:\/\/i0.wp.com\/domitec.ch\/wp-content\/uploads\/2022\/09\/Impala.jpg?resize=100%2C100&amp;ssl=1 100w\" sizes=\"(max-width: 300px) 100vw, 300px\" \/>\t\t<h2 class=\"woocommerce-loop-category__title\">\n\t\t\tPour la mobilit\u00e9 <mark class=\"count\">(7)<\/mark>\t\t<\/h2>\n\t\t<\/a><\/li>\n<li class=\"product-category product last\">\n\t<a aria-label=\"Acc\u00e9der \u00e0 la cat\u00e9gorie de produits Pour le positionnement\" href=\"https:\/\/domitec.ch\/?product_cat=ye-pour-le-positionnement\"><img loading=\"lazy\" decoding=\"async\" src=\"https:\/\/i0.wp.com\/domitec.ch\/wp-content\/uploads\/2023\/01\/Attelle-position-.jpg?resize=300%2C300&#038;ssl=1\" alt=\"Pour le positionnement\" width=\"300\" height=\"300\" srcset=\"https:\/\/i0.wp.com\/domitec.ch\/wp-content\/uploads\/2023\/01\/Attelle-position-.jpg?resize=150%2C150&amp;ssl=1 150w, https:\/\/i0.wp.com\/domitec.ch\/wp-content\/uploads\/2023\/01\/Attelle-position-.jpg?resize=400%2C400&amp;ssl=1 400w, https:\/\/i0.wp.com\/domitec.ch\/wp-content\/uploads\/2023\/01\/Attelle-position-.jpg?resize=200%2C200&amp;ssl=1 200w, https:\/\/i0.wp.com\/domitec.ch\/wp-content\/uploads\/2023\/01\/Attelle-position-.jpg?resize=300%2C300&amp;ssl=1 300w, https:\/\/i0.wp.com\/domitec.ch\/wp-content\/uploads\/2023\/01\/Attelle-position-.jpg?resize=100%2C100&amp;ssl=1 100w, https:\/\/i0.wp.com\/domitec.ch\/wp-content\/uploads\/2023\/01\/Attelle-position-.jpg?zoom=2&amp;resize=300%2C300&amp;ssl=1 600w\" sizes=\"(max-width: 300px) 100vw, 300px\" \/>\t\t<h2 class=\"woocommerce-loop-category__title\">\n\t\t\tPour le positionnement <mark class=\"count\">(1)<\/mark>\t\t<\/h2>\n\t\t<\/a><\/li>\n<li class=\"product-category product first\">\n\t<a aria-label=\"Acc\u00e9der \u00e0 la cat\u00e9gorie de produits Pour la s\u00e9curit\u00e9\" href=\"https:\/\/domitec.ch\/?product_cat=yf-pour-la-securite\"><img loading=\"lazy\" decoding=\"async\" src=\"https:\/\/i0.wp.com\/domitec.ch\/wp-content\/uploads\/2022\/09\/la-nouvelle-ta72-generation1-3841102853-e1680077082191.jpg?resize=300%2C300&#038;ssl=1\" alt=\"Pour la s\u00e9curit\u00e9\" width=\"300\" height=\"300\" srcset=\"https:\/\/i0.wp.com\/domitec.ch\/wp-content\/uploads\/2022\/09\/la-nouvelle-ta72-generation1-3841102853-e1680077082191.jpg?resize=150%2C150&amp;ssl=1 150w, https:\/\/i0.wp.com\/domitec.ch\/wp-content\/uploads\/2022\/09\/la-nouvelle-ta72-generation1-3841102853-e1680077082191.jpg?resize=400%2C400&amp;ssl=1 400w, https:\/\/i0.wp.com\/domitec.ch\/wp-content\/uploads\/2022\/09\/la-nouvelle-ta72-generation1-3841102853-e1680077082191.jpg?resize=200%2C200&amp;ssl=1 200w, https:\/\/i0.wp.com\/domitec.ch\/wp-content\/uploads\/2022\/09\/la-nouvelle-ta72-generation1-3841102853-e1680077082191.jpg?resize=300%2C300&amp;ssl=1 300w, https:\/\/i0.wp.com\/domitec.ch\/wp-content\/uploads\/2022\/09\/la-nouvelle-ta72-generation1-3841102853-e1680077082191.jpg?resize=100%2C100&amp;ssl=1 100w, https:\/\/i0.wp.com\/domitec.ch\/wp-content\/uploads\/2022\/09\/la-nouvelle-ta72-generation1-3841102853-e1680077082191.jpg?zoom=2&amp;resize=300%2C300&amp;ssl=1 600w, https:\/\/i0.wp.com\/domitec.ch\/wp-content\/uploads\/2022\/09\/la-nouvelle-ta72-generation1-3841102853-e1680077082191.jpg?zoom=3&amp;resize=300%2C300&amp;ssl=1 900w\" sizes=\"(max-width: 300px) 100vw, 300px\" \/>\t\t<h2 class=\"woocommerce-loop-category__title\">\n\t\t\tPour la s\u00e9curit\u00e9 <mark class=\"count\">(1)<\/mark>\t\t<\/h2>\n\t\t<\/a><\/li>\n<\/ul>\n<\/div>\t\t\t\t<\/div>\n\t\t\t\t<\/div>\n\t\t\t\t\t<\/div>\n\t\t<\/div>\n\t\t\t\t\t<\/div>\n\t\t<\/section>\n\t\t\t\t<\/div>\n\t\t","protected":false},"excerpt":{"rendered":"<p>Location Tous nos articles de location ne sont pas encore pr\u00e9sent sur le site. Contactez nous pour plus d&rsquo;informations<\/p>\n","protected":false},"author":192030844,"featured_media":0,"parent":0,"menu_order":0,"comment_status":"closed","ping_status":"closed","template":"","meta":{"_crdt_document":"","advanced_seo_description":"","jetpack_seo_html_title":"","jetpack_seo_noindex":false,"jetpack_post_was_ever_published":false,"footnotes":""},"class_list":["post-1960","page","type-page","status-publish","hentry"],"jetpack_likes_enabled":false,"jetpack_sharing_enabled":false,"jetpack_shortlink":"https:\/\/wp.me\/Pe1OTa-vC","jetpack-related-posts":[{"id":6960,"url":"https:\/\/domitec.ch\/?page_id=6960","url_meta":{"origin":1960,"position":0},"title":"Formulaire lits \u00e9lectriques","author":"Cyril Hug","date":"9 mars 2023","format":false,"excerpt":"Formulaire lits \u00e9lectriques","rel":"","context":"Article similaire","block_context":{"text":"Article similaire","link":""},"img":{"alt_text":"","src":"","width":0,"height":0},"classes":[]},{"id":2,"url":"https:\/\/domitec.ch\/?page_id=2","url_meta":{"origin":1960,"position":1},"title":"Formulaire pour location","author":"Cyril Hug","date":"25 mai 2022","format":false,"excerpt":"Formulaire pour la location","rel":"","context":"Article similaire","block_context":{"text":"Article similaire","link":""},"img":{"alt_text":"","src":"","width":0,"height":0},"classes":[]},{"id":10891,"url":"https:\/\/domitec.ch\/?page_id=10891","url_meta":{"origin":1960,"position":2},"title":"Formulaire Home-Care","author":"Cyril Hug","date":"9 juillet 2024","format":false,"excerpt":"Formulaire (Masculin est utilis\u00e9 pour ce formulaire) Num\u00e9ros d'urgences Ambulance 144 Police 117 Pompier 118 Rega 1414 Poison 145 Urgence EU 112","rel":"","context":"Article similaire","block_context":{"text":"Article similaire","link":""},"img":{"alt_text":"","src":"","width":0,"height":0},"classes":[]},{"id":15,"url":"https:\/\/domitec.ch\/?page_id=15","url_meta":{"origin":1960,"position":3},"title":"Occasions","author":"","date":"25 mai 2022","format":false,"excerpt":"Occasions Nous pouvons ajouter vos occasions. Appelez-nous pour plus de renseignements Occasion Rollator L\u00e9opard 62 249.00\u00a0CHF Comme neuf (Utilis\u00e9 1 semaine) Prix de vente neuf 339.00 francs - quantit\u00e9 de Occasion Rollator L\u00e9opard 62 + Ajouter au panier Occasion Rollator L\u00e9opard 62 249.00\u00a0CHF March\u00e9 de l'occasionAjouter au panierAper\u00e7u rapide Occasion\u2026","rel":"","context":"Article similaire","block_context":{"text":"Article similaire","link":""},"img":{"alt_text":"","src":"https:\/\/i0.wp.com\/domitec.ch\/wp-content\/uploads\/2022\/09\/Leopard-anthracite-100x100.jpg?resize=350%2C200&ssl=1","width":350,"height":200},"classes":[]},{"id":48,"url":"https:\/\/domitec.ch\/?page_id=48","url_meta":{"origin":1960,"position":4},"title":"Contact","author":"Cyril Hug","date":"18 avril 2019","format":false,"excerpt":"Contact Domitec HugRue Francillon 302610 St-Imier info@domitec.ch 032 941 10 11 Ou nous trouver Vous ne pouvez pas vous d\u00e9placer ?Nous nous d\u00e9pla\u00e7ons volontiers chez vous Une question ? N'h\u00e9sitez pas \u00e0 nous poser une question par email, m\u00eame pour un simple renseignement Ou de nous appeler au 032 941\u2026","rel":"","context":"Article similaire","block_context":{"text":"Article similaire","link":""},"img":{"alt_text":"","src":"","width":0,"height":0},"classes":[]},{"id":53,"url":"https:\/\/domitec.ch\/?page_id=53","url_meta":{"origin":1960,"position":5},"title":"A propos de nous","author":"Cyril Hug","date":"18 avril 2019","format":false,"excerpt":"Bienvenue chez Domitec Hug Entreprise familiale du Jura Bernois, sp\u00e9cialis\u00e9e dans la vente et location de moyens auxiliaires.Notre objectif est de faciliter les gestes du quotidien des personnes ayant un handicap temporaire, d\u00e9finitif, les personnes du 3\u00e8me et 4\u00e8me \u00e2ge, les personnes aidantes par le biais d\u2019instruments leur permettant d\u2019all\u00e9ger\u2026","rel":"","context":"Article similaire","block_context":{"text":"Article similaire","link":""},"img":{"alt_text":"","src":"https:\/\/i0.wp.com\/domitec.ch\/wp-content\/uploads\/2022\/05\/Logo-avsai-300x197.jpg?resize=350%2C200&ssl=1","width":350,"height":200},"classes":[]}],"amp_enabled":true,"_links":{"self":[{"href":"https:\/\/domitec.ch\/index.php?rest_route=\/wp\/v2\/pages\/1960","targetHints":{"allow":["GET"]}}],"collection":[{"href":"https:\/\/domitec.ch\/index.php?rest_route=\/wp\/v2\/pages"}],"about":[{"href":"https:\/\/domitec.ch\/index.php?rest_route=\/wp\/v2\/types\/page"}],"author":[{"embeddable":true,"href":"https:\/\/domitec.ch\/index.php?rest_route=\/wp\/v2\/users\/192030844"}],"replies":[{"embeddable":true,"href":"https:\/\/domitec.ch\/index.php?rest_route=%2Fwp%2Fv2%2Fcomments&post=1960"}],"version-history":[{"count":80,"href":"https:\/\/domitec.ch\/index.php?rest_route=\/wp\/v2\/pages\/1960\/revisions"}],"predecessor-version":[{"id":9649,"href":"https:\/\/domitec.ch\/index.php?rest_route=\/wp\/v2\/pages\/1960\/revisions\/9649"}],"wp:attachment":[{"href":"https:\/\/domitec.ch\/index.php?rest_route=%2Fwp%2Fv2%2Fmedia&parent=1960"}],"curies":[{"name":"wp","href":"https:\/\/api.w.org\/{rel}","templated":true}]}}